{"id":6411,"date":"2025-03-09T23:18:09","date_gmt":"2025-03-09T23:18:09","guid":{"rendered":"https:\/\/baritech.com\/consultoria-en-telecomunicaciones\/"},"modified":"2025-10-28T01:40:04","modified_gmt":"2025-10-28T01:40:04","slug":"consultoria-en-telecomunicaciones","status":"publish","type":"page","link":"https:\/\/baritech.com\/es\/consultoria-en-telecomunicaciones\/","title":{"rendered":"Consultor\u00eda en Telecomunicaciones"},"content":{"rendered":"\t\t<div data-elementor-type=\"wp-page\" data-elementor-id=\"6411\" class=\"elementor elementor-6411 elementor-751\" data-elementor-post-type=\"page\">\n\t\t\t\t<div class=\"elementor-element elementor-element-099d6e5 e-flex e-con-boxed e-con e-parent\" data-id=\"099d6e5\" data-element_type=\"container\" data-e-type=\"container\">\n\t\t\t\t\t<div class=\"e-con-inner\">\n\t\t\t\t<div class=\"elementor-element elementor-element-08d413a elementor--h-position-left elementor--v-position-bottom elementor-arrows-position-inside elementor-pagination-position-inside elementor-widget elementor-widget-slides\" data-id=\"08d413a\" data-element_type=\"widget\" data-e-type=\"widget\" data-settings=\"{&quot;navigation&quot;:&quot;both&quot;,&quot;autoplay&quot;:&quot;yes&quot;,&quot;pause_on_hover&quot;:&quot;yes&quot;,&quot;pause_on_interaction&quot;:&quot;yes&quot;,&quot;autoplay_speed&quot;:5000,&quot;infinite&quot;:&quot;yes&quot;,&quot;transition&quot;:&quot;slide&quot;,&quot;transition_speed&quot;:500}\" data-widget_type=\"slides.default\">\n\t\t\t\t<div class=\"elementor-widget-container\">\n\t\t\t\t\t\t\t\t\t<div class=\"elementor-swiper\">\n\t\t\t\t\t<div class=\"elementor-slides-wrapper elementor-main-swiper swiper\" role=\"region\" aria-roledescription=\"carousel\" aria-label=\"Slides\" dir=\"ltr\" data-animation=\"fadeInUp\">\n\t\t\t\t<div class=\"swiper-wrapper elementor-slides\">\n\t\t\t\t\t\t\t\t\t\t<div class=\"elementor-repeater-item-f35418d swiper-slide\" role=\"group\" aria-roledescription=\"slide\"><div class=\"swiper-slide-bg elementor-ken-burns elementor-ken-burns--in\" role=\"img\" aria-label=\"Consultor\u00eda en Telecomunicaciones Servicios de Telecomunicaciones Servicios de Adquisici\u00f3n de IT Servicios de IT Administrados Servicios de IT Co-Administrados Cumplimiento como Servicio Soluciones Empresariales\"><\/div><div class=\"elementor-background-overlay\"><\/div><a class=\"swiper-slide-inner\" href=\"#elementor-action%3Aaction%3Dpopup%3Aopen%26settings%3DeyJpZCI6IjY4MDciLCJ0b2dnbGUiOmZhbHNlfQ%3D%3D\"><div class=\"swiper-slide-contents\"><div class=\"elementor-slide-heading\">Consultor\u00eda en Telecomunicaciones<\/div><div  class=\"elementor-button elementor-slide-button elementor-size-sm\">SOLICITE UNA CONSULTA GRATUITA<\/div><\/div><\/a><\/div>\t\t\t\t<\/div>\n\t\t\t\t\t\t\t<\/div>\n\t\t\t\t<\/div>\n\t\t\t\t\t\t\t\t<\/div>\n\t\t\t\t<\/div>\n\t\t\t\t\t<\/div>\n\t\t\t\t<\/div>\n\t\t<div class=\"elementor-element elementor-element-128045d e-flex e-con-boxed e-con e-parent\" data-id=\"128045d\" data-element_type=\"container\" data-e-type=\"container\">\n\t\t\t\t\t<div class=\"e-con-inner\">\n\t\t\t\t<div class=\"elementor-element elementor-element-dc0a8d0 elementor-widget elementor-widget-heading\" data-id=\"dc0a8d0\" data-element_type=\"widget\" data-e-type=\"widget\" data-widget_type=\"heading.default\">\n\t\t\t\t<div class=\"elementor-widget-container\">\n\t\t\t\t\t<h2 class=\"elementor-heading-title elementor-size-default\">Consultor\u00eda en Telecomunicaciones<br><br>Optimiza tus Comunicaciones, Maximiza tus Resultados<\/h2>\t\t\t\t<\/div>\n\t\t\t\t<\/div>\n\t\t\t\t<div class=\"elementor-element elementor-element-67afa67 elementor-widget elementor-widget-text-editor\" data-id=\"67afa67\" data-element_type=\"widget\" data-e-type=\"widget\" data-widget_type=\"text-editor.default\">\n\t\t\t\t<div class=\"elementor-widget-container\">\n\t\t\t\t\t\t\t\t\t<h4 style=\"color: #12bfe9; text-align: center;\" data-end=\"415\">Las comunicaciones de tu empresa son la base de tus operaciones,<br>\u00bfpero est\u00e1n funcionando al m\u00e1ximo de su potencial?<\/h4><p data-start=\"262\" data-end=\"691\"><br data-start=\"371\" data-end=\"374\">En Baritech, nuestros servicios de Consultor\u00eda en Telecomunicaciones ayudan a las organizaciones a optimizar, modernizar y hacer m\u00e1s eficiente su infraestructura de telecomunicaciones. Desde la reducci\u00f3n de costos hasta la mejora en confiabilidad y escalabilidad, brindamos la experiencia y el conocimiento necesarios para que tomes decisiones inteligentes y preparadas para el futuro. <\/p><p data-start=\"693\" data-end=\"988\">Ya sea que tu empresa est\u00e9 creciendo y necesite expandir sus capacidades de red, que seas una organizaci\u00f3n con m\u00faltiples sedes que requiere comunicaciones unificadas, o que busques reducir gastos en telecomunicaciones sin comprometer el rendimiento, nos aseguramos de que tu estrategia de comunicaciones se alinee con tus objetivos empresariales.<\/p>\t\t\t\t\t\t\t\t<\/div>\n\t\t\t\t<\/div>\n\t\t\t\t\t<\/div>\n\t\t\t\t<\/div>\n\t\t<div class=\"elementor-element elementor-element-11ada82 e-flex e-con-boxed e-con e-parent\" data-id=\"11ada82\" data-element_type=\"container\" data-e-type=\"container\" data-settings=\"{&quot;background_background&quot;:&quot;gradient&quot;}\">\n\t\t\t\t\t<div class=\"e-con-inner\">\n\t\t\t\t<div class=\"elementor-element elementor-element-95fa128 elementor-widget elementor-widget-heading\" data-id=\"95fa128\" data-element_type=\"widget\" data-e-type=\"widget\" data-widget_type=\"heading.default\">\n\t\t\t\t<div class=\"elementor-widget-container\">\n\t\t\t\t\t<h2 class=\"elementor-heading-title elementor-size-default\">Por qu\u00e9 las Empresas Eligen Nuestra Consultor\u00eda en Telecomunicaciones<\/h2>\t\t\t\t<\/div>\n\t\t\t\t<\/div>\n\t\t<div class=\"elementor-element elementor-element-4b5d041 e-grid e-con-full e-con e-child\" data-id=\"4b5d041\" data-element_type=\"container\" data-e-type=\"container\">\n\t\t\t\t<div class=\"elementor-element elementor-element-d8dd55d elementor-widget elementor-widget-text-editor\" data-id=\"d8dd55d\" data-element_type=\"widget\" data-e-type=\"widget\" data-widget_type=\"text-editor.default\">\n\t\t\t\t<div class=\"elementor-widget-container\">\n\t\t\t\t\t\t\t\t\t<p data-start=\"1053\" data-end=\"1194\"><strong data-start=\"1053\" data-end=\"1074\">\ud83d\udd37 Optimizaci\u00f3n de Costos<\/strong> \u2013 Identificamos gastos innecesarios, negociamos mejores contratos con proveedores y garantizamos que pagues solo por lo que realmente necesitas.<\/p>\n<p data-start=\"1197\" data-end=\"1306\"><strong data-start=\"1197\" data-end=\"1223\">\ud83d\udd37 Planificaci\u00f3n Tecnol\u00f3gica <\/strong>\u2013 Creamos una estrategia de telecomunicaciones con visi\u00f3n de futuro que fomenta el crecimiento y la innovaci\u00f3n..<\/p>\n<p data-start=\"1309\" data-end=\"1427\"><strong data-start=\"1309\" data-end=\"1342\">\ud83d\udd37 Selecci\u00f3n y Gesti\u00f3n de Proveedores<\/strong> \u2013 Comparamos y evaluamos proveedores de servicios para encontrar el socio ideal que se adapte a tus necesidades.<\/p>\n<p data-start=\"1430\" data-end=\"1530\"><strong data-start=\"1430\" data-end=\"1465\">\ud83d\udd37 Mejora del Rendimiento de la Red<\/strong> \u2013 Aumentamos la velocidad, estabilidad y cobertura en todas tus ubicaciones.<\/p>\n<p data-start=\"1533\" data-end=\"1674\"><strong data-start=\"1533\" data-end=\"1564\">\ud83d\udd37 Integraci\u00f3n con Sistemas de IT<\/strong> \u2013 Garantizamos que tu infraestructura de telecomunicaciones funcione sin interrupciones con tu red, sistemas de seguridad y herramientas de colaboraci\u00f3n.<\/p>\n<p data-start=\"1677\" data-end=\"1828\"><strong data-start=\"1677\" data-end=\"1713\">\ud83d\udd37 Soluciones de Comunicaciones Unificadas<\/strong>\u2013 Transici\u00f3n a plataformas integradas de voz, video y mensajer\u00eda que mejoran la productividad y el servicio al cliente.<\/p>\n<p data-start=\"1677\" data-end=\"1828\"><strong data-start=\"1831\" data-end=\"1860\">\ud83d\udd37 Escalabilidad y Flexibilidad <\/strong>\u2013 Preparamos tus sistemas de telecomunicaciones para adaptarse r\u00e1pidamente a cambios en la demanda, el personal y las tendencias tecnol\u00f3gicas.<\/p>\t\t\t\t\t\t\t\t<\/div>\n\t\t\t\t<\/div>\n\t\t\t\t<\/div>\n\t\t\t\t\t<\/div>\n\t\t\t\t<\/div>\n\t\t<div class=\"elementor-element elementor-element-1164779 e-flex e-con-boxed e-con e-parent\" data-id=\"1164779\" data-element_type=\"container\" data-e-type=\"container\">\n\t\t\t\t\t<div class=\"e-con-inner\">\n\t\t<div class=\"elementor-element elementor-element-fa946ba e-grid e-con-full e-con e-child\" data-id=\"fa946ba\" data-element_type=\"container\" data-e-type=\"container\">\n\t\t\t\t<div class=\"elementor-element elementor-element-5bbad21 elementor-widget elementor-widget-image\" data-id=\"5bbad21\" data-element_type=\"widget\" data-e-type=\"widget\" data-widget_type=\"image.default\">\n\t\t\t\t<div class=\"elementor-widget-container\">\n\t\t\t\t\t\t\t\t\t\t\t\t\t\t\t<img fetchpriority=\"high\" decoding=\"async\" width=\"762\" height=\"608\" src=\"https:\/\/baritech.com\/wp-content\/uploads\/2025\/08\/Telecom-Consulting-Telecom-Services-IT-Procurement-Services-Managed-IT-Services-Co-Managed-IT-Services-Compliance-as-a-Service-Business-Accounting.jpg\" class=\"attachment-large size-large wp-image-6413\" alt=\"\" srcset=\"https:\/\/baritech.com\/wp-content\/uploads\/2025\/08\/Telecom-Consulting-Telecom-Services-IT-Procurement-Services-Managed-IT-Services-Co-Managed-IT-Services-Compliance-as-a-Service-Business-Accounting.jpg 762w, https:\/\/baritech.com\/wp-content\/uploads\/2025\/08\/Telecom-Consulting-Telecom-Services-IT-Procurement-Services-Managed-IT-Services-Co-Managed-IT-Services-Compliance-as-a-Service-Business-Accounting-300x239.jpg 300w\" sizes=\"(max-width: 762px) 100vw, 762px\" \/>\t\t\t\t\t\t\t\t\t\t\t\t\t\t\t<\/div>\n\t\t\t\t<\/div>\n\t\t\t\t<div class=\"elementor-element elementor-element-26e1152 elementor-widget elementor-widget-text-editor\" data-id=\"26e1152\" data-element_type=\"widget\" data-e-type=\"widget\" data-widget_type=\"text-editor.default\">\n\t\t\t\t<div class=\"elementor-widget-container\">\n\t\t\t\t\t\t\t\t\t<h4 style=\"color: #12bfe9; text-align: center;\" data-end=\"415\"><data-start=\"348\" data-end=\"415\">Qu\u00e9 Incluyen Nuestros Servicios de Consultor\u00eda en Telecomunicaciones<\/h4>\n<p data-start=\"2028\" data-end=\"2133\"><strong data-start=\"2028\" data-end=\"2046\">\ud83d\udd37 Servicios de Voz<\/strong> \u2013 Soluciones de telefon\u00eda VoIP, SIP trunking y telefon\u00eda tradicional adaptadas a las necesidades de tu negocio.<\/p>\n<p data-start=\"2028\" data-end=\"2133\">\ud83d\udd37 Servicios de Voz \u2013 Soluciones de telefon\u00eda VoIP, SIP trunking y telefon\u00eda tradicional adaptadas a las necesidades de tu negocio.<br><\/p>\n<p data-start=\"2241\" data-end=\"2345\"><strong data-start=\"2241\" data-end=\"2268\">\ud83d\udd37 Planificaci\u00f3n de Infraestructura<\/strong> \u2013 Dise\u00f1o \u00f3ptimo de cableado, conmutaci\u00f3n y redes inal\u00e1mbricas para el mejor rendimiento.<\/p>\n<p data-start=\"2348\" data-end=\"2435\"><strong data-start=\"2348\" data-end=\"2388\">\ud83d\udd37 Sistemas de Comunicaci\u00f3n en la Nube y Alojamientos (Hosting)<\/strong> \u2013 Migraci\u00f3n, implementaci\u00f3n y gesti\u00f3n de sistemas basados en la nube.<br><\/p>\n<p data-start=\"2438\" data-end=\"2554\"><strong data-start=\"2438\" data-end=\"2463\">\ud83d\udd37 Seguridad y Cumplimiento<\/strong> \u2013 Garantizamos que tus comunicaciones cumplan con las normativas y regulaciones de la industria, adem\u00e1s de proteger tus datos.<\/p>\t\t\t\t\t\t\t\t<\/div>\n\t\t\t\t<\/div>\n\t\t\t\t<\/div>\n\t\t\t\t\t<\/div>\n\t\t\t\t<\/div>\n\t\t<div class=\"elementor-element elementor-element-2a18b1c e-flex e-con-boxed e-con e-parent\" data-id=\"2a18b1c\" data-element_type=\"container\" data-e-type=\"container\" data-settings=\"{&quot;background_background&quot;:&quot;gradient&quot;}\">\n\t\t\t\t\t<div class=\"e-con-inner\">\n\t\t\t\t<div class=\"elementor-element elementor-element-e577a18 elementor-widget elementor-widget-heading\" data-id=\"e577a18\" data-element_type=\"widget\" data-e-type=\"widget\" data-widget_type=\"heading.default\">\n\t\t\t\t<div class=\"elementor-widget-container\">\n\t\t\t\t\t<h2 class=\"elementor-heading-title elementor-size-default\">Tu Camino hacia una Mejor Comunicaci\u00f3n Comienza Aqu\u00ed<\/h2>\t\t\t\t<\/div>\n\t\t\t\t<\/div>\n\t\t\t\t<div class=\"elementor-element elementor-element-19d248e elementor-widget elementor-widget-text-editor\" data-id=\"19d248e\" data-element_type=\"widget\" data-e-type=\"widget\" data-widget_type=\"text-editor.default\">\n\t\t\t\t<div class=\"elementor-widget-container\">\n\t\t\t\t\t\t\t\t\t<p>La estrategia de telecomunicaciones adecuada puede reducir tus costos, mejorar el rendimiento de tu red y brindarle a tu equipo las herramientas necesarias para alcanzar el \u00e9xito. Con Baritech Telecom Consulting, obtienes un asesor de confianza que te guiar\u00e1 en cada paso del proceso \u2014desde la evaluaci\u00f3n de necesidades hasta la implementaci\u00f3n\u2014. <\/p><p><strong data-start=\"2910\" data-end=\"3045\">Cont\u00e1ctanos hoy para programar tu sesi\u00f3n de Consultor\u00eda en Telecomunicaciones y da el primer paso hacia comunicaciones m\u00e1s inteligentes y eficientes.<\/strong><\/p>\t\t\t\t\t\t\t\t<\/div>\n\t\t\t\t<\/div>\n\t\t\t\t\t<\/div>\n\t\t\t\t<\/div>\n\t\t<div class=\"elementor-element elementor-element-922a778 e-flex e-con-boxed e-con e-parent\" data-id=\"922a778\" data-element_type=\"container\" data-e-type=\"container\">\n\t\t\t\t\t<div class=\"e-con-inner\">\n\t\t\t\t<div class=\"elementor-element elementor-element-bda8cc7 elementor-align-center elementor-widget elementor-widget-button\" data-id=\"bda8cc7\" data-element_type=\"widget\" data-e-type=\"widget\" data-widget_type=\"button.default\">\n\t\t\t\t<div class=\"elementor-widget-container\">\n\t\t\t\t\t\t\t\t\t<div class=\"elementor-button-wrapper\">\n\t\t\t\t\t<a class=\"elementor-button elementor-button-link elementor-size-sm\" href=\"#elementor-action%3Aaction%3Dpopup%3Aopen%26settings%3DeyJpZCI6NjgwNywidG9nZ2xlIjpmYWxzZX0%3D\">\n\t\t\t\t\t\t<span class=\"elementor-button-content-wrapper\">\n\t\t\t\t\t\t\t\t\t<span class=\"elementor-button-text\">SOLICITE UNA CONSULTA GRATUITA<\/span>\n\t\t\t\t\t<\/span>\n\t\t\t\t\t<\/a>\n\t\t\t\t<\/div>\n\t\t\t\t\t\t\t\t<\/div>\n\t\t\t\t<\/div>\n\t\t\t\t<div class=\"elementor-element elementor-element-1bc9244 elementor-widget elementor-widget-spacer\" data-id=\"1bc9244\" data-element_type=\"widget\" data-e-type=\"widget\" data-widget_type=\"spacer.default\">\n\t\t\t\t<div class=\"elementor-widget-container\">\n\t\t\t\t\t\t\t<div class=\"elementor-spacer\">\n\t\t\t<div class=\"elementor-spacer-inner\"><\/div>\n\t\t<\/div>\n\t\t\t\t\t\t<\/div>\n\t\t\t\t<\/div>\n\t\t\t\t\t<\/div>\n\t\t\t\t<\/div>\n\t\t\t\t<\/div>\n\t\t","protected":false},"excerpt":{"rendered":"<p>Consultor\u00eda en TelecomunicacionesSOLICITE UNA CONSULTA GRATUITA Consultor\u00eda en Telecomunicaciones Optimiza tus Comunicaciones, Maximiza tus Resultados Las comunicaciones de tu empresa son la base de tus operaciones,\u00bfpero est\u00e1n funcionando al m\u00e1ximo de su potencial? En Baritech, nuestros servicios de Consultor\u00eda en Telecomunicaciones ayudan a las organizaciones a optimizar, modernizar y hacer m\u00e1s eficiente su infraestructura de [&hellip;]<\/p>\n","protected":false},"author":1,"featured_media":0,"parent":0,"menu_order":0,"comment_status":"closed","ping_status":"closed","template":"","meta":{"footnotes":""},"class_list":["post-6411","page","type-page","status-publish","hentry"],"yoast_head":"<!-- This site is optimized with the Yoast SEO plugin v27.0 - https:\/\/yoast.com\/product\/yoast-seo-wordpress\/ -->\n<title>Consultor\u00eda en Telecomunicaciones - Baritech<\/title>\n<meta name=\"robots\" content=\"index, follow, max-snippet:-1, max-image-preview:large, max-video-preview:-1\" \/>\n<link rel=\"canonical\" href=\"https:\/\/baritech.com\/es\/consultoria-en-telecomunicaciones\/\" \/>\n<meta property=\"og:locale\" content=\"es_ES\" \/>\n<meta property=\"og:type\" content=\"article\" \/>\n<meta property=\"og:title\" content=\"Consultor\u00eda en Telecomunicaciones - Baritech\" \/>\n<meta property=\"og:description\" content=\"Consultor\u00eda en TelecomunicacionesSOLICITE UNA CONSULTA GRATUITA Consultor\u00eda en Telecomunicaciones Optimiza tus Comunicaciones, Maximiza tus Resultados Las comunicaciones de tu empresa son la base de tus operaciones,\u00bfpero est\u00e1n funcionando al m\u00e1ximo de su potencial? En Baritech, nuestros servicios de Consultor\u00eda en Telecomunicaciones ayudan a las organizaciones a optimizar, modernizar y hacer m\u00e1s eficiente su infraestructura de [&hellip;]\" \/>\n<meta property=\"og:url\" content=\"https:\/\/baritech.com\/es\/consultoria-en-telecomunicaciones\/\" \/>\n<meta property=\"og:site_name\" content=\"Baritech\" \/>\n<meta property=\"article:publisher\" content=\"https:\/\/www.facebook.com\/baritech.la\/\" \/>\n<meta property=\"article:modified_time\" content=\"2025-10-28T01:40:04+00:00\" \/>\n<meta property=\"og:image\" content=\"https:\/\/baritech.com\/wp-content\/uploads\/2025\/08\/Telecom-Consulting-Telecom-Services-IT-Procurement-Services-Managed-IT-Services-Co-Managed-IT-Services-Compliance-as-a-Service-Business-Accounting.jpg\" \/>\n\t<meta property=\"og:image:width\" content=\"762\" \/>\n\t<meta property=\"og:image:height\" content=\"608\" \/>\n\t<meta property=\"og:image:type\" content=\"image\/jpeg\" \/>\n<meta name=\"twitter:card\" content=\"summary_large_image\" \/>\n<meta name=\"twitter:site\" content=\"@baritechinfo\" \/>\n<meta name=\"twitter:label1\" content=\"Tiempo de lectura\" \/>\n\t<meta name=\"twitter:data1\" content=\"3 minutos\" \/>\n<script type=\"application\/ld+json\" class=\"yoast-schema-graph\">{\"@context\":\"https:\/\/schema.org\",\"@graph\":[{\"@type\":\"WebPage\",\"@id\":\"https:\/\/baritech.com\/es\/consultoria-en-telecomunicaciones\/\",\"url\":\"https:\/\/baritech.com\/es\/consultoria-en-telecomunicaciones\/\",\"name\":\"Consultor\u00eda en Telecomunicaciones - Baritech\",\"isPartOf\":{\"@id\":\"https:\/\/baritech.com\/es\/#website\"},\"primaryImageOfPage\":{\"@id\":\"https:\/\/baritech.com\/es\/consultoria-en-telecomunicaciones\/#primaryimage\"},\"image\":{\"@id\":\"https:\/\/baritech.com\/es\/consultoria-en-telecomunicaciones\/#primaryimage\"},\"thumbnailUrl\":\"https:\/\/baritech.com\/wp-content\/uploads\/2025\/08\/Telecom-Consulting-Telecom-Services-IT-Procurement-Services-Managed-IT-Services-Co-Managed-IT-Services-Compliance-as-a-Service-Business-Accounting.jpg\",\"datePublished\":\"2025-03-09T23:18:09+00:00\",\"dateModified\":\"2025-10-28T01:40:04+00:00\",\"breadcrumb\":{\"@id\":\"https:\/\/baritech.com\/es\/consultoria-en-telecomunicaciones\/#breadcrumb\"},\"inLanguage\":\"es\",\"potentialAction\":[{\"@type\":\"ReadAction\",\"target\":[\"https:\/\/baritech.com\/es\/consultoria-en-telecomunicaciones\/\"]}]},{\"@type\":\"ImageObject\",\"inLanguage\":\"es\",\"@id\":\"https:\/\/baritech.com\/es\/consultoria-en-telecomunicaciones\/#primaryimage\",\"url\":\"https:\/\/baritech.com\/wp-content\/uploads\/2025\/08\/Telecom-Consulting-Telecom-Services-IT-Procurement-Services-Managed-IT-Services-Co-Managed-IT-Services-Compliance-as-a-Service-Business-Accounting.jpg\",\"contentUrl\":\"https:\/\/baritech.com\/wp-content\/uploads\/2025\/08\/Telecom-Consulting-Telecom-Services-IT-Procurement-Services-Managed-IT-Services-Co-Managed-IT-Services-Compliance-as-a-Service-Business-Accounting.jpg\"},{\"@type\":\"BreadcrumbList\",\"@id\":\"https:\/\/baritech.com\/es\/consultoria-en-telecomunicaciones\/#breadcrumb\",\"itemListElement\":[{\"@type\":\"ListItem\",\"position\":1,\"name\":\"Home\",\"item\":\"https:\/\/baritech.com\/es\/home-page\/\"},{\"@type\":\"ListItem\",\"position\":2,\"name\":\"Consultor\u00eda en Telecomunicaciones\"}]},{\"@type\":\"WebSite\",\"@id\":\"https:\/\/baritech.com\/es\/#website\",\"url\":\"https:\/\/baritech.com\/es\/\",\"name\":\"Baritech\",\"description\":\"We Manage Your IT, so You Can Manage Your Business\",\"publisher\":{\"@id\":\"https:\/\/baritech.com\/es\/#organization\"},\"potentialAction\":[{\"@type\":\"SearchAction\",\"target\":{\"@type\":\"EntryPoint\",\"urlTemplate\":\"https:\/\/baritech.com\/es\/?s={search_term_string}\"},\"query-input\":{\"@type\":\"PropertyValueSpecification\",\"valueRequired\":true,\"valueName\":\"search_term_string\"}}],\"inLanguage\":\"es\"},{\"@type\":\"Organization\",\"@id\":\"https:\/\/baritech.com\/es\/#organization\",\"name\":\"Baritech\",\"url\":\"https:\/\/baritech.com\/es\/\",\"logo\":{\"@type\":\"ImageObject\",\"inLanguage\":\"es\",\"@id\":\"https:\/\/baritech.com\/es\/#\/schema\/logo\/image\/\",\"url\":\"https:\/\/baritech.com\/wp-content\/uploads\/2025\/03\/BaritechLogo-300x59-1.png\",\"contentUrl\":\"https:\/\/baritech.com\/wp-content\/uploads\/2025\/03\/BaritechLogo-300x59-1.png\",\"width\":300,\"height\":59,\"caption\":\"Baritech\"},\"image\":{\"@id\":\"https:\/\/baritech.com\/es\/#\/schema\/logo\/image\/\"},\"sameAs\":[\"https:\/\/www.facebook.com\/baritech.la\/\",\"https:\/\/x.com\/baritechinfo\",\"https:\/\/www.linkedin.com\/company\/baritechmsp\",\"https:\/\/www.youtube.com\/@BaritechMSP\"]}]}<\/script>\n<!-- \/ Yoast SEO plugin. -->","yoast_head_json":{"title":"Consultor\u00eda en Telecomunicaciones - Baritech","robots":{"index":"index","follow":"follow","max-snippet":"max-snippet:-1","max-image-preview":"max-image-preview:large","max-video-preview":"max-video-preview:-1"},"canonical":"https:\/\/baritech.com\/es\/consultoria-en-telecomunicaciones\/","og_locale":"es_ES","og_type":"article","og_title":"Consultor\u00eda en Telecomunicaciones - Baritech","og_description":"Consultor\u00eda en TelecomunicacionesSOLICITE UNA CONSULTA GRATUITA Consultor\u00eda en Telecomunicaciones Optimiza tus Comunicaciones, Maximiza tus Resultados Las comunicaciones de tu empresa son la base de tus operaciones,\u00bfpero est\u00e1n funcionando al m\u00e1ximo de su potencial? En Baritech, nuestros servicios de Consultor\u00eda en Telecomunicaciones ayudan a las organizaciones a optimizar, modernizar y hacer m\u00e1s eficiente su infraestructura de [&hellip;]","og_url":"https:\/\/baritech.com\/es\/consultoria-en-telecomunicaciones\/","og_site_name":"Baritech","article_publisher":"https:\/\/www.facebook.com\/baritech.la\/","article_modified_time":"2025-10-28T01:40:04+00:00","og_image":[{"width":762,"height":608,"url":"https:\/\/baritech.com\/wp-content\/uploads\/2025\/08\/Telecom-Consulting-Telecom-Services-IT-Procurement-Services-Managed-IT-Services-Co-Managed-IT-Services-Compliance-as-a-Service-Business-Accounting.jpg","type":"image\/jpeg"}],"twitter_card":"summary_large_image","twitter_site":"@baritechinfo","twitter_misc":{"Tiempo de lectura":"3 minutos"},"schema":{"@context":"https:\/\/schema.org","@graph":[{"@type":"WebPage","@id":"https:\/\/baritech.com\/es\/consultoria-en-telecomunicaciones\/","url":"https:\/\/baritech.com\/es\/consultoria-en-telecomunicaciones\/","name":"Consultor\u00eda en Telecomunicaciones - Baritech","isPartOf":{"@id":"https:\/\/baritech.com\/es\/#website"},"primaryImageOfPage":{"@id":"https:\/\/baritech.com\/es\/consultoria-en-telecomunicaciones\/#primaryimage"},"image":{"@id":"https:\/\/baritech.com\/es\/consultoria-en-telecomunicaciones\/#primaryimage"},"thumbnailUrl":"https:\/\/baritech.com\/wp-content\/uploads\/2025\/08\/Telecom-Consulting-Telecom-Services-IT-Procurement-Services-Managed-IT-Services-Co-Managed-IT-Services-Compliance-as-a-Service-Business-Accounting.jpg","datePublished":"2025-03-09T23:18:09+00:00","dateModified":"2025-10-28T01:40:04+00:00","breadcrumb":{"@id":"https:\/\/baritech.com\/es\/consultoria-en-telecomunicaciones\/#breadcrumb"},"inLanguage":"es","potentialAction":[{"@type":"ReadAction","target":["https:\/\/baritech.com\/es\/consultoria-en-telecomunicaciones\/"]}]},{"@type":"ImageObject","inLanguage":"es","@id":"https:\/\/baritech.com\/es\/consultoria-en-telecomunicaciones\/#primaryimage","url":"https:\/\/baritech.com\/wp-content\/uploads\/2025\/08\/Telecom-Consulting-Telecom-Services-IT-Procurement-Services-Managed-IT-Services-Co-Managed-IT-Services-Compliance-as-a-Service-Business-Accounting.jpg","contentUrl":"https:\/\/baritech.com\/wp-content\/uploads\/2025\/08\/Telecom-Consulting-Telecom-Services-IT-Procurement-Services-Managed-IT-Services-Co-Managed-IT-Services-Compliance-as-a-Service-Business-Accounting.jpg"},{"@type":"BreadcrumbList","@id":"https:\/\/baritech.com\/es\/consultoria-en-telecomunicaciones\/#breadcrumb","itemListElement":[{"@type":"ListItem","position":1,"name":"Home","item":"https:\/\/baritech.com\/es\/home-page\/"},{"@type":"ListItem","position":2,"name":"Consultor\u00eda en Telecomunicaciones"}]},{"@type":"WebSite","@id":"https:\/\/baritech.com\/es\/#website","url":"https:\/\/baritech.com\/es\/","name":"Baritech","description":"We Manage Your IT, so You Can Manage Your Business","publisher":{"@id":"https:\/\/baritech.com\/es\/#organization"},"potentialAction":[{"@type":"SearchAction","target":{"@type":"EntryPoint","urlTemplate":"https:\/\/baritech.com\/es\/?s={search_term_string}"},"query-input":{"@type":"PropertyValueSpecification","valueRequired":true,"valueName":"search_term_string"}}],"inLanguage":"es"},{"@type":"Organization","@id":"https:\/\/baritech.com\/es\/#organization","name":"Baritech","url":"https:\/\/baritech.com\/es\/","logo":{"@type":"ImageObject","inLanguage":"es","@id":"https:\/\/baritech.com\/es\/#\/schema\/logo\/image\/","url":"https:\/\/baritech.com\/wp-content\/uploads\/2025\/03\/BaritechLogo-300x59-1.png","contentUrl":"https:\/\/baritech.com\/wp-content\/uploads\/2025\/03\/BaritechLogo-300x59-1.png","width":300,"height":59,"caption":"Baritech"},"image":{"@id":"https:\/\/baritech.com\/es\/#\/schema\/logo\/image\/"},"sameAs":["https:\/\/www.facebook.com\/baritech.la\/","https:\/\/x.com\/baritechinfo","https:\/\/www.linkedin.com\/company\/baritechmsp","https:\/\/www.youtube.com\/@BaritechMSP"]}]}},"_links":{"self":[{"href":"https:\/\/baritech.com\/es\/wp-json\/wp\/v2\/pages\/6411","targetHints":{"allow":["GET"]}}],"collection":[{"href":"https:\/\/baritech.com\/es\/wp-json\/wp\/v2\/pages"}],"about":[{"href":"https:\/\/baritech.com\/es\/wp-json\/wp\/v2\/types\/page"}],"author":[{"embeddable":true,"href":"https:\/\/baritech.com\/es\/wp-json\/wp\/v2\/users\/1"}],"replies":[{"embeddable":true,"href":"https:\/\/baritech.com\/es\/wp-json\/wp\/v2\/comments?post=6411"}],"version-history":[{"count":4,"href":"https:\/\/baritech.com\/es\/wp-json\/wp\/v2\/pages\/6411\/revisions"}],"predecessor-version":[{"id":7032,"href":"https:\/\/baritech.com\/es\/wp-json\/wp\/v2\/pages\/6411\/revisions\/7032"}],"wp:attachment":[{"href":"https:\/\/baritech.com\/es\/wp-json\/wp\/v2\/media?parent=6411"}],"curies":[{"name":"wp","href":"https:\/\/api.w.org\/{rel}","templated":true}]}}