{"id":6397,"date":"2025-04-11T21:47:20","date_gmt":"2025-04-11T21:47:20","guid":{"rendered":"https:\/\/baritech.com\/consultoria-para-organizaciones-sin-fines-de-lucro\/"},"modified":"2025-10-28T01:43:19","modified_gmt":"2025-10-28T01:43:19","slug":"consultoria-para-organizaciones-sin-fines-de-lucro","status":"publish","type":"page","link":"https:\/\/baritech.com\/es\/consultoria-para-organizaciones-sin-fines-de-lucro\/","title":{"rendered":"Consultor\u00eda para Organizaciones Sin Fines de Lucro"},"content":{"rendered":"\t\t<div data-elementor-type=\"wp-page\" data-elementor-id=\"6397\" class=\"elementor elementor-6397 elementor-919\" data-elementor-post-type=\"page\">\n\t\t\t\t<div class=\"elementor-element elementor-element-7c5ca05 e-flex e-con-boxed e-con e-parent\" data-id=\"7c5ca05\" data-element_type=\"container\" data-e-type=\"container\">\n\t\t\t\t\t<div class=\"e-con-inner\">\n\t\t\t\t<div class=\"elementor-element elementor-element-f5113a5 elementor--h-position-left elementor--v-position-bottom elementor-arrows-position-inside elementor-pagination-position-inside elementor-widget elementor-widget-slides\" data-id=\"f5113a5\" data-element_type=\"widget\" data-e-type=\"widget\" data-settings=\"{&quot;navigation&quot;:&quot;both&quot;,&quot;autoplay&quot;:&quot;yes&quot;,&quot;pause_on_hover&quot;:&quot;yes&quot;,&quot;pause_on_interaction&quot;:&quot;yes&quot;,&quot;autoplay_speed&quot;:5000,&quot;infinite&quot;:&quot;yes&quot;,&quot;transition&quot;:&quot;slide&quot;,&quot;transition_speed&quot;:500}\" data-widget_type=\"slides.default\">\n\t\t\t\t<div class=\"elementor-widget-container\">\n\t\t\t\t\t\t\t\t\t<div class=\"elementor-swiper\">\n\t\t\t\t\t<div class=\"elementor-slides-wrapper elementor-main-swiper swiper\" role=\"region\" aria-roledescription=\"carousel\" aria-label=\"Slides\" dir=\"ltr\" data-animation=\"fadeInUp\">\n\t\t\t\t<div class=\"swiper-wrapper elementor-slides\">\n\t\t\t\t\t\t\t\t\t\t<div class=\"elementor-repeater-item-55dd726 swiper-slide\" role=\"group\" aria-roledescription=\"slide\"><div class=\"swiper-slide-bg elementor-ken-burns elementor-ken-burns--in\" role=\"img\" aria-label=\"Consultor\u00eda para Organizaciones Sin Fines de Lucro Servicios de Telecomunicaciones Adquisici\u00f3n de IT Servicios de IT Gestionados Servicios de IT Co-Gestionados | Cumplimiento como Servicio Soluciones Empresariales\"><\/div><div class=\"elementor-background-overlay\"><\/div><a class=\"swiper-slide-inner\" href=\"#elementor-action%3Aaction%3Dpopup%3Aopen%26settings%3DeyJpZCI6IjY4MDciLCJ0b2dnbGUiOmZhbHNlfQ%3D%3D\"><div class=\"swiper-slide-contents\"><div class=\"elementor-slide-heading\">Consultor\u00eda para Organizaciones Sin Fines de Lucro<\/div><div  class=\"elementor-button elementor-slide-button elementor-size-sm\">SOLICITE UNA CONSULTA GRATUITA<\/div><\/div><\/a><\/div>\t\t\t\t<\/div>\n\t\t\t\t\t\t\t<\/div>\n\t\t\t\t<\/div>\n\t\t\t\t\t\t\t\t<\/div>\n\t\t\t\t<\/div>\n\t\t\t\t\t<\/div>\n\t\t\t\t<\/div>\n\t\t<div class=\"elementor-element elementor-element-506d5f8 e-flex e-con-boxed e-con e-parent\" data-id=\"506d5f8\" data-element_type=\"container\" data-e-type=\"container\">\n\t\t\t\t\t<div class=\"e-con-inner\">\n\t\t\t\t<div class=\"elementor-element elementor-element-f805586 elementor-widget elementor-widget-heading\" data-id=\"f805586\" data-element_type=\"widget\" data-e-type=\"widget\" data-widget_type=\"heading.default\">\n\t\t\t\t<div class=\"elementor-widget-container\">\n\t\t\t\t\t<h2 class=\"elementor-heading-title elementor-size-default\">Consultor\u00eda para Organizaciones Sin Fines de Lucro<br><br>Soluciones Tecnol\u00f3gicas que Impulsan su Misi\u00f3n<\/h2>\t\t\t\t<\/div>\n\t\t\t\t<\/div>\n\t\t\t\t<div class=\"elementor-element elementor-element-efdfe88 elementor-widget elementor-widget-text-editor\" data-id=\"efdfe88\" data-element_type=\"widget\" data-e-type=\"widget\" data-widget_type=\"text-editor.default\">\n\t\t\t\t<div class=\"elementor-widget-container\">\n\t\t\t\t\t\t\t\t\t<p data-start=\"310\" data-end=\"631\"><strong data-start=\"310\" data-end=\"406\">Su misi\u00f3n es generar impacto \u2014 la nuestra es asegurarnos de que la tecnolog\u00eda nunca se interponga en su camino.<\/strong> En Baritech, contamos con a\u00f1os de experiencia trabajando con organizaciones sin fines de lucro para ayudarlas a maximizar sus recursos, reducir costos y aprovechar la tecnolog\u00eda para una mayor eficiencia y alcance.<\/p><p data-start=\"633\" data-end=\"1064\">Entendemos que las organizaciones sin fines de lucro enfrentan desaf\u00edos \u00fanicos: presupuestos ajustados, necesidad de transparencia, compromiso con los donantes y una gesti\u00f3n segura de los datos. Nuestros servicios de consultor\u00eda para organizaciones sin fines de lucro abarcan desde soluciones de telecomunicaciones y IT hasta sistemas POS, vigilancia y configuraciones de audio\/video, asegurando que su organizaci\u00f3n cuente con las herramientas adecuadas para operar de manera eficiente, colaborar efectivamente y servir a su comunidad con confianza. <\/p>\t\t\t\t\t\t\t\t<\/div>\n\t\t\t\t<\/div>\n\t\t\t\t\t<\/div>\n\t\t\t\t<\/div>\n\t\t<div class=\"elementor-element elementor-element-72927d6 e-flex e-con-boxed e-con e-parent\" data-id=\"72927d6\" data-element_type=\"container\" data-e-type=\"container\" data-settings=\"{&quot;background_background&quot;:&quot;gradient&quot;}\">\n\t\t\t\t\t<div class=\"e-con-inner\">\n\t\t\t\t<div class=\"elementor-element elementor-element-9d13936 elementor-widget elementor-widget-heading\" data-id=\"9d13936\" data-element_type=\"widget\" data-e-type=\"widget\" data-widget_type=\"heading.default\">\n\t\t\t\t<div class=\"elementor-widget-container\">\n\t\t\t\t\t<h2 class=\"elementor-heading-title elementor-size-default\">C\u00f3mo Apoyamos a las Organizaciones Sin Fines de Lucro<\/h2>\t\t\t\t<\/div>\n\t\t\t\t<\/div>\n\t\t<div class=\"elementor-element elementor-element-5d1982b e-grid e-con-full e-con e-child\" data-id=\"5d1982b\" data-element_type=\"container\" data-e-type=\"container\">\n\t\t\t\t<div class=\"elementor-element elementor-element-fe6aeda elementor-widget elementor-widget-text-editor\" data-id=\"fe6aeda\" data-element_type=\"widget\" data-e-type=\"widget\" data-widget_type=\"text-editor.default\">\n\t\t\t\t<div class=\"elementor-widget-container\">\n\t\t\t\t\t\t\t\t\t<p data-start=\"1111\" data-end=\"1237\"><strong data-start=\"1111\" data-end=\"1137\">\ud83d\udd37 Soluciones de Telecomunicaciones y IT<\/strong> \u2013 Comunicaci\u00f3n rentable e infraestructura tecnol\u00f3gica adaptada a organizaciones con presupuestos limitados.<\/p><p data-start=\"1240\" data-end=\"1365\"><strong data-start=\"1240\" data-end=\"1274\">\ud83d\udd37 Servicios en la Nube y Acceso Remoto<\/strong> \u2013 Permiten que el personal y los voluntarios trabajen desde cualquier lugar, manteniendo los datos sensibles protegidos.<\/p><p data-start=\"1368\" data-end=\"1493\"><strong data-start=\"1368\" data-end=\"1397\">\ud83d\udd37 Procesamiento de POS y Donaciones<\/strong> \u2013 Sistemas de pago simplificados para eventos de recaudaci\u00f3n de fondos, cuotas de membres\u00eda y ventas de productos.<\/p><p data-start=\"1496\" data-end=\"1621\"><strong data-start=\"1496\" data-end=\"1531\">\ud83d\udd37 Sistemas de Vigilancia y Seguridad<\/strong> \u2013 Proteja sus instalaciones, personal y miembros de la comunidad con monitoreo de video confiable.<\/p><p data-start=\"1624\" data-end=\"1770\"><strong data-start=\"1624\" data-end=\"1649\">\ud83d\udd37 Sistemas de Audio y Video<\/strong>\u2013 Realice presentaciones impactantes, eventos comunitarios y programas de capacitaci\u00f3n con configuraciones audiovisuales de nivel profesional.<\/p><p data-start=\"1773\" data-end=\"1898\"><strong data-start=\"1773\" data-end=\"1806\">\ud83d\udd37 Subvenciones y Descuentos Tecnol\u00f3gicos<\/strong> \u2013 Asesoramiento sobre c\u00f3mo acceder a descuentos tecnol\u00f3gicos para organizaciones sin fines de lucro ofrecidos por los principales proveedores y plataformas.<\/p><p data-start=\"1901\" data-end=\"2006\"><strong data-start=\"1901\" data-end=\"1923\">\ud83d\udd37 Negociaci\u00f3n con Proveedores<\/strong> \u2013 Obtenga las mejores tarifas para servicios de telecomunicaciones y TI sin sacrificar la calidad.<\/p><p data-start=\"2009\" data-end=\"2130\"><strong data-start=\"2009\" data-end=\"2039\">\ud83d\udd37 Integraci\u00f3n y Optimizaci\u00f3n<\/strong> \u2013 Aseguramos que todos los sistemas trabajen juntos para ahorrar tiempo, reducir la complejidad y maximizar el impacto.<\/p>\t\t\t\t\t\t\t\t<\/div>\n\t\t\t\t<\/div>\n\t\t\t\t<\/div>\n\t\t\t\t\t<\/div>\n\t\t\t\t<\/div>\n\t\t<div class=\"elementor-element elementor-element-9ae03bb e-flex e-con-boxed e-con e-parent\" data-id=\"9ae03bb\" data-element_type=\"container\" data-e-type=\"container\">\n\t\t\t\t\t<div class=\"e-con-inner\">\n\t\t<div class=\"elementor-element elementor-element-4d7ec50 e-grid e-con-full e-con e-child\" data-id=\"4d7ec50\" data-element_type=\"container\" data-e-type=\"container\">\n\t\t\t\t<div class=\"elementor-element elementor-element-279b9df elementor-widget elementor-widget-image\" data-id=\"279b9df\" data-element_type=\"widget\" data-e-type=\"widget\" data-widget_type=\"image.default\">\n\t\t\t\t<div class=\"elementor-widget-container\">\n\t\t\t\t\t\t\t\t\t\t\t\t\t\t\t<img fetchpriority=\"high\" decoding=\"async\" width=\"800\" height=\"531\" src=\"https:\/\/baritech.com\/wp-content\/uploads\/2025\/08\/Non-Profit-Consulting-Telecom-Services-IT-Procurement-Services-Managed-IT-Services-Co-Managed-IT-Services-Compliance-as-a-Service-Business-3.jpg\" class=\"attachment-large size-large wp-image-6399\" alt=\"\" srcset=\"https:\/\/baritech.com\/wp-content\/uploads\/2025\/08\/Non-Profit-Consulting-Telecom-Services-IT-Procurement-Services-Managed-IT-Services-Co-Managed-IT-Services-Compliance-as-a-Service-Business-3.jpg 907w, https:\/\/baritech.com\/wp-content\/uploads\/2025\/08\/Non-Profit-Consulting-Telecom-Services-IT-Procurement-Services-Managed-IT-Services-Co-Managed-IT-Services-Compliance-as-a-Service-Business-3-300x199.jpg 300w, https:\/\/baritech.com\/wp-content\/uploads\/2025\/08\/Non-Profit-Consulting-Telecom-Services-IT-Procurement-Services-Managed-IT-Services-Co-Managed-IT-Services-Compliance-as-a-Service-Business-3-768x510.jpg 768w\" sizes=\"(max-width: 800px) 100vw, 800px\" \/>\t\t\t\t\t\t\t\t\t\t\t\t\t\t\t<\/div>\n\t\t\t\t<\/div>\n\t\t\t\t<div class=\"elementor-element elementor-element-0ab061a elementor-widget elementor-widget-text-editor\" data-id=\"0ab061a\" data-element_type=\"widget\" data-e-type=\"widget\" data-widget_type=\"text-editor.default\">\n\t\t\t\t<div class=\"elementor-widget-container\">\n\t\t\t\t\t\t\t\t\t<h4 style=\"color: #12bfe9; text-align: center;\" data-end=\"415\">Beneficios de Colaborar con Nosotros<\/h4><p data-start=\"2179\" data-end=\"2707\"><strong data-start=\"1111\" data-end=\"1137\">\ud83d\udd37 <\/strong><strong data-start=\"2181\" data-end=\"2227\">Experiencia Comprobada en el Sector Sin Fines de Lucro<\/strong> \u2013 Entendemos sus desaf\u00edos operativos, de cumplimiento y de financiamiento.<\/p><p data-start=\"2179\" data-end=\"2707\"><strong data-start=\"2302\" data-end=\"2331\">\ud83d\udd37 Soluciones Econ\u00f3micas<\/strong> \u2013 Obtenga tecnolog\u00eda de nivel empresarial sin los costos de una gran empresa.<\/p><p data-start=\"2179\" data-end=\"2707\"><strong data-start=\"2402\" data-end=\"2425\">\ud83d\udd37 Mayor Eficiencia<\/strong> \u2013 Optimizamos sus operaciones para que pueda enfocarse en su misi\u00f3n, no en los problemas de IT.<\/p><p data-start=\"2179\" data-end=\"2707\"><strong data-start=\"2503\" data-end=\"2537\">\ud83d\udd37 Seguridad y Cumplimiento Mejorados<\/strong> \u2013 Proteja los datos de los donantes y miembros mientras cumple con los est\u00e1ndares de la industria.<\/p><p data-start=\"2179\" data-end=\"2707\"><strong data-start=\"2608\" data-end=\"2631\">\ud83d\udd37 Tecnolog\u00eda Escalable<\/strong> \u2013 Soluciones que crecen con su organizaci\u00f3n y se adaptan a sus necesidades en evoluci\u00f3n.<\/p>\t\t\t\t\t\t\t\t<\/div>\n\t\t\t\t<\/div>\n\t\t\t\t<\/div>\n\t\t\t\t\t<\/div>\n\t\t\t\t<\/div>\n\t\t<div class=\"elementor-element elementor-element-2e8bae5 e-flex e-con-boxed e-con e-parent\" data-id=\"2e8bae5\" data-element_type=\"container\" data-e-type=\"container\" data-settings=\"{&quot;background_background&quot;:&quot;gradient&quot;}\">\n\t\t\t\t\t<div class=\"e-con-inner\">\n\t\t\t\t<div class=\"elementor-element elementor-element-2576acb elementor-widget elementor-widget-heading\" data-id=\"2576acb\" data-element_type=\"widget\" data-e-type=\"widget\" data-widget_type=\"heading.default\">\n\t\t\t\t<div class=\"elementor-widget-container\">\n\t\t\t\t\t<h2 class=\"elementor-heading-title elementor-size-default\">Impulse su Misi\u00f3n con el Socio Tecnol\u00f3gico Adecuado<\/h2>\t\t\t\t<\/div>\n\t\t\t\t<\/div>\n\t\t\t\t<div class=\"elementor-element elementor-element-e9407b8 elementor-widget elementor-widget-text-editor\" data-id=\"e9407b8\" data-element_type=\"widget\" data-e-type=\"widget\" data-widget_type=\"text-editor.default\">\n\t\t\t\t<div class=\"elementor-widget-container\">\n\t\t\t\t\t\t\t\t\t<p>En Baritech, creemos que toda organizaci\u00f3n sin fines de lucro merece acceso a tecnolog\u00eda segura, confiable y eficiente, sin importar el presupuesto. Perm\u00edtanos ayudarle a crear una estrategia tecnol\u00f3gica que respalde su misi\u00f3n y maximice su impacto. <\/p><p><strong data-start=\"3025\" data-end=\"3175\">Cont\u00e1ctenos hoy <\/strong>mismo para programar su sesi\u00f3n de Consultor\u00eda para Organizaciones Sin Fines de Lucro y descubra c\u00f3mo podemos ayudarle a servir mejor a su comunidad \u2014de manera m\u00e1s r\u00e1pida, inteligente y eficiente.<\/p>\t\t\t\t\t\t\t\t<\/div>\n\t\t\t\t<\/div>\n\t\t\t\t\t<\/div>\n\t\t\t\t<\/div>\n\t\t<div class=\"elementor-element elementor-element-5254584 e-flex e-con-boxed e-con e-parent\" data-id=\"5254584\" data-element_type=\"container\" data-e-type=\"container\">\n\t\t\t\t\t<div class=\"e-con-inner\">\n\t\t\t\t<div class=\"elementor-element elementor-element-7e7679e elementor-align-center elementor-widget elementor-widget-button\" data-id=\"7e7679e\" data-element_type=\"widget\" data-e-type=\"widget\" data-widget_type=\"button.default\">\n\t\t\t\t<div class=\"elementor-widget-container\">\n\t\t\t\t\t\t\t\t\t<div class=\"elementor-button-wrapper\">\n\t\t\t\t\t<a class=\"elementor-button elementor-button-link elementor-size-sm\" href=\"#elementor-action%3Aaction%3Dpopup%3Aopen%26settings%3DeyJpZCI6NjgwNywidG9nZ2xlIjpmYWxzZX0%3D\">\n\t\t\t\t\t\t<span class=\"elementor-button-content-wrapper\">\n\t\t\t\t\t\t\t\t\t<span class=\"elementor-button-text\">SOLICITE UNA CONSULTA GRATUITA<\/span>\n\t\t\t\t\t<\/span>\n\t\t\t\t\t<\/a>\n\t\t\t\t<\/div>\n\t\t\t\t\t\t\t\t<\/div>\n\t\t\t\t<\/div>\n\t\t\t\t<div class=\"elementor-element elementor-element-13a572b elementor-widget elementor-widget-spacer\" data-id=\"13a572b\" data-element_type=\"widget\" data-e-type=\"widget\" data-widget_type=\"spacer.default\">\n\t\t\t\t<div class=\"elementor-widget-container\">\n\t\t\t\t\t\t\t<div class=\"elementor-spacer\">\n\t\t\t<div class=\"elementor-spacer-inner\"><\/div>\n\t\t<\/div>\n\t\t\t\t\t\t<\/div>\n\t\t\t\t<\/div>\n\t\t\t\t\t<\/div>\n\t\t\t\t<\/div>\n\t\t\t\t<\/div>\n\t\t","protected":false},"excerpt":{"rendered":"<p>Consultor\u00eda para Organizaciones Sin Fines de LucroSOLICITE UNA CONSULTA GRATUITA Consultor\u00eda para Organizaciones Sin Fines de Lucro Soluciones Tecnol\u00f3gicas que Impulsan su Misi\u00f3n Su misi\u00f3n es generar impacto \u2014 la nuestra es asegurarnos de que la tecnolog\u00eda nunca se interponga en su camino. En Baritech, contamos con a\u00f1os de experiencia trabajando con organizaciones sin fines [&hellip;]<\/p>\n","protected":false},"author":1,"featured_media":0,"parent":0,"menu_order":0,"comment_status":"closed","ping_status":"closed","template":"","meta":{"footnotes":""},"class_list":["post-6397","page","type-page","status-publish","hentry"],"yoast_head":"<!-- This site is optimized with the Yoast SEO plugin v27.0 - https:\/\/yoast.com\/product\/yoast-seo-wordpress\/ -->\n<title>Consultor\u00eda para Organizaciones Sin Fines de Lucro - Baritech<\/title>\n<meta name=\"robots\" content=\"index, follow, max-snippet:-1, max-image-preview:large, max-video-preview:-1\" \/>\n<link rel=\"canonical\" href=\"https:\/\/baritech.com\/es\/consultoria-para-organizaciones-sin-fines-de-lucro\/\" \/>\n<meta property=\"og:locale\" content=\"es_ES\" \/>\n<meta property=\"og:type\" content=\"article\" \/>\n<meta property=\"og:title\" content=\"Consultor\u00eda para Organizaciones Sin Fines de Lucro - Baritech\" \/>\n<meta property=\"og:description\" content=\"Consultor\u00eda para Organizaciones Sin Fines de LucroSOLICITE UNA CONSULTA GRATUITA Consultor\u00eda para Organizaciones Sin Fines de Lucro Soluciones Tecnol\u00f3gicas que Impulsan su Misi\u00f3n Su misi\u00f3n es generar impacto \u2014 la nuestra es asegurarnos de que la tecnolog\u00eda nunca se interponga en su camino. En Baritech, contamos con a\u00f1os de experiencia trabajando con organizaciones sin fines [&hellip;]\" \/>\n<meta property=\"og:url\" content=\"https:\/\/baritech.com\/es\/consultoria-para-organizaciones-sin-fines-de-lucro\/\" \/>\n<meta property=\"og:site_name\" content=\"Baritech\" \/>\n<meta property=\"article:publisher\" content=\"https:\/\/www.facebook.com\/baritech.la\/\" \/>\n<meta property=\"article:modified_time\" content=\"2025-10-28T01:43:19+00:00\" \/>\n<meta property=\"og:image\" content=\"https:\/\/baritech.com\/wp-content\/uploads\/2025\/08\/Non-Profit-Consulting-Telecom-Services-IT-Procurement-Services-Managed-IT-Services-Co-Managed-IT-Services-Compliance-as-a-Service-Business-3.jpg\" \/>\n\t<meta property=\"og:image:width\" content=\"907\" \/>\n\t<meta property=\"og:image:height\" content=\"602\" \/>\n\t<meta property=\"og:image:type\" content=\"image\/jpeg\" \/>\n<meta name=\"twitter:card\" content=\"summary_large_image\" \/>\n<meta name=\"twitter:site\" content=\"@baritechinfo\" \/>\n<meta name=\"twitter:label1\" content=\"Tiempo de lectura\" \/>\n\t<meta name=\"twitter:data1\" content=\"3 minutos\" \/>\n<script type=\"application\/ld+json\" class=\"yoast-schema-graph\">{\"@context\":\"https:\/\/schema.org\",\"@graph\":[{\"@type\":\"WebPage\",\"@id\":\"https:\/\/baritech.com\/es\/consultoria-para-organizaciones-sin-fines-de-lucro\/\",\"url\":\"https:\/\/baritech.com\/es\/consultoria-para-organizaciones-sin-fines-de-lucro\/\",\"name\":\"Consultor\u00eda para Organizaciones Sin Fines de Lucro - Baritech\",\"isPartOf\":{\"@id\":\"https:\/\/baritech.com\/es\/#website\"},\"primaryImageOfPage\":{\"@id\":\"https:\/\/baritech.com\/es\/consultoria-para-organizaciones-sin-fines-de-lucro\/#primaryimage\"},\"image\":{\"@id\":\"https:\/\/baritech.com\/es\/consultoria-para-organizaciones-sin-fines-de-lucro\/#primaryimage\"},\"thumbnailUrl\":\"https:\/\/baritech.com\/wp-content\/uploads\/2025\/08\/Non-Profit-Consulting-Telecom-Services-IT-Procurement-Services-Managed-IT-Services-Co-Managed-IT-Services-Compliance-as-a-Service-Business-3.jpg\",\"datePublished\":\"2025-04-11T21:47:20+00:00\",\"dateModified\":\"2025-10-28T01:43:19+00:00\",\"breadcrumb\":{\"@id\":\"https:\/\/baritech.com\/es\/consultoria-para-organizaciones-sin-fines-de-lucro\/#breadcrumb\"},\"inLanguage\":\"es\",\"potentialAction\":[{\"@type\":\"ReadAction\",\"target\":[\"https:\/\/baritech.com\/es\/consultoria-para-organizaciones-sin-fines-de-lucro\/\"]}]},{\"@type\":\"ImageObject\",\"inLanguage\":\"es\",\"@id\":\"https:\/\/baritech.com\/es\/consultoria-para-organizaciones-sin-fines-de-lucro\/#primaryimage\",\"url\":\"https:\/\/baritech.com\/wp-content\/uploads\/2025\/08\/Non-Profit-Consulting-Telecom-Services-IT-Procurement-Services-Managed-IT-Services-Co-Managed-IT-Services-Compliance-as-a-Service-Business-3.jpg\",\"contentUrl\":\"https:\/\/baritech.com\/wp-content\/uploads\/2025\/08\/Non-Profit-Consulting-Telecom-Services-IT-Procurement-Services-Managed-IT-Services-Co-Managed-IT-Services-Compliance-as-a-Service-Business-3.jpg\"},{\"@type\":\"BreadcrumbList\",\"@id\":\"https:\/\/baritech.com\/es\/consultoria-para-organizaciones-sin-fines-de-lucro\/#breadcrumb\",\"itemListElement\":[{\"@type\":\"ListItem\",\"position\":1,\"name\":\"Home\",\"item\":\"https:\/\/baritech.com\/es\/home-page\/\"},{\"@type\":\"ListItem\",\"position\":2,\"name\":\"Consultor\u00eda para Organizaciones Sin Fines de Lucro\"}]},{\"@type\":\"WebSite\",\"@id\":\"https:\/\/baritech.com\/es\/#website\",\"url\":\"https:\/\/baritech.com\/es\/\",\"name\":\"Baritech\",\"description\":\"We Manage Your IT, so You Can Manage Your Business\",\"publisher\":{\"@id\":\"https:\/\/baritech.com\/es\/#organization\"},\"potentialAction\":[{\"@type\":\"SearchAction\",\"target\":{\"@type\":\"EntryPoint\",\"urlTemplate\":\"https:\/\/baritech.com\/es\/?s={search_term_string}\"},\"query-input\":{\"@type\":\"PropertyValueSpecification\",\"valueRequired\":true,\"valueName\":\"search_term_string\"}}],\"inLanguage\":\"es\"},{\"@type\":\"Organization\",\"@id\":\"https:\/\/baritech.com\/es\/#organization\",\"name\":\"Baritech\",\"url\":\"https:\/\/baritech.com\/es\/\",\"logo\":{\"@type\":\"ImageObject\",\"inLanguage\":\"es\",\"@id\":\"https:\/\/baritech.com\/es\/#\/schema\/logo\/image\/\",\"url\":\"https:\/\/baritech.com\/wp-content\/uploads\/2025\/03\/BaritechLogo-300x59-1.png\",\"contentUrl\":\"https:\/\/baritech.com\/wp-content\/uploads\/2025\/03\/BaritechLogo-300x59-1.png\",\"width\":300,\"height\":59,\"caption\":\"Baritech\"},\"image\":{\"@id\":\"https:\/\/baritech.com\/es\/#\/schema\/logo\/image\/\"},\"sameAs\":[\"https:\/\/www.facebook.com\/baritech.la\/\",\"https:\/\/x.com\/baritechinfo\",\"https:\/\/www.linkedin.com\/company\/baritechmsp\",\"https:\/\/www.youtube.com\/@BaritechMSP\"]}]}<\/script>\n<!-- \/ Yoast SEO plugin. -->","yoast_head_json":{"title":"Consultor\u00eda para Organizaciones Sin Fines de Lucro - Baritech","robots":{"index":"index","follow":"follow","max-snippet":"max-snippet:-1","max-image-preview":"max-image-preview:large","max-video-preview":"max-video-preview:-1"},"canonical":"https:\/\/baritech.com\/es\/consultoria-para-organizaciones-sin-fines-de-lucro\/","og_locale":"es_ES","og_type":"article","og_title":"Consultor\u00eda para Organizaciones Sin Fines de Lucro - Baritech","og_description":"Consultor\u00eda para Organizaciones Sin Fines de LucroSOLICITE UNA CONSULTA GRATUITA Consultor\u00eda para Organizaciones Sin Fines de Lucro Soluciones Tecnol\u00f3gicas que Impulsan su Misi\u00f3n Su misi\u00f3n es generar impacto \u2014 la nuestra es asegurarnos de que la tecnolog\u00eda nunca se interponga en su camino. En Baritech, contamos con a\u00f1os de experiencia trabajando con organizaciones sin fines [&hellip;]","og_url":"https:\/\/baritech.com\/es\/consultoria-para-organizaciones-sin-fines-de-lucro\/","og_site_name":"Baritech","article_publisher":"https:\/\/www.facebook.com\/baritech.la\/","article_modified_time":"2025-10-28T01:43:19+00:00","og_image":[{"width":907,"height":602,"url":"https:\/\/baritech.com\/wp-content\/uploads\/2025\/08\/Non-Profit-Consulting-Telecom-Services-IT-Procurement-Services-Managed-IT-Services-Co-Managed-IT-Services-Compliance-as-a-Service-Business-3.jpg","type":"image\/jpeg"}],"twitter_card":"summary_large_image","twitter_site":"@baritechinfo","twitter_misc":{"Tiempo de lectura":"3 minutos"},"schema":{"@context":"https:\/\/schema.org","@graph":[{"@type":"WebPage","@id":"https:\/\/baritech.com\/es\/consultoria-para-organizaciones-sin-fines-de-lucro\/","url":"https:\/\/baritech.com\/es\/consultoria-para-organizaciones-sin-fines-de-lucro\/","name":"Consultor\u00eda para Organizaciones Sin Fines de Lucro - Baritech","isPartOf":{"@id":"https:\/\/baritech.com\/es\/#website"},"primaryImageOfPage":{"@id":"https:\/\/baritech.com\/es\/consultoria-para-organizaciones-sin-fines-de-lucro\/#primaryimage"},"image":{"@id":"https:\/\/baritech.com\/es\/consultoria-para-organizaciones-sin-fines-de-lucro\/#primaryimage"},"thumbnailUrl":"https:\/\/baritech.com\/wp-content\/uploads\/2025\/08\/Non-Profit-Consulting-Telecom-Services-IT-Procurement-Services-Managed-IT-Services-Co-Managed-IT-Services-Compliance-as-a-Service-Business-3.jpg","datePublished":"2025-04-11T21:47:20+00:00","dateModified":"2025-10-28T01:43:19+00:00","breadcrumb":{"@id":"https:\/\/baritech.com\/es\/consultoria-para-organizaciones-sin-fines-de-lucro\/#breadcrumb"},"inLanguage":"es","potentialAction":[{"@type":"ReadAction","target":["https:\/\/baritech.com\/es\/consultoria-para-organizaciones-sin-fines-de-lucro\/"]}]},{"@type":"ImageObject","inLanguage":"es","@id":"https:\/\/baritech.com\/es\/consultoria-para-organizaciones-sin-fines-de-lucro\/#primaryimage","url":"https:\/\/baritech.com\/wp-content\/uploads\/2025\/08\/Non-Profit-Consulting-Telecom-Services-IT-Procurement-Services-Managed-IT-Services-Co-Managed-IT-Services-Compliance-as-a-Service-Business-3.jpg","contentUrl":"https:\/\/baritech.com\/wp-content\/uploads\/2025\/08\/Non-Profit-Consulting-Telecom-Services-IT-Procurement-Services-Managed-IT-Services-Co-Managed-IT-Services-Compliance-as-a-Service-Business-3.jpg"},{"@type":"BreadcrumbList","@id":"https:\/\/baritech.com\/es\/consultoria-para-organizaciones-sin-fines-de-lucro\/#breadcrumb","itemListElement":[{"@type":"ListItem","position":1,"name":"Home","item":"https:\/\/baritech.com\/es\/home-page\/"},{"@type":"ListItem","position":2,"name":"Consultor\u00eda para Organizaciones Sin Fines de Lucro"}]},{"@type":"WebSite","@id":"https:\/\/baritech.com\/es\/#website","url":"https:\/\/baritech.com\/es\/","name":"Baritech","description":"We Manage Your IT, so You Can Manage Your Business","publisher":{"@id":"https:\/\/baritech.com\/es\/#organization"},"potentialAction":[{"@type":"SearchAction","target":{"@type":"EntryPoint","urlTemplate":"https:\/\/baritech.com\/es\/?s={search_term_string}"},"query-input":{"@type":"PropertyValueSpecification","valueRequired":true,"valueName":"search_term_string"}}],"inLanguage":"es"},{"@type":"Organization","@id":"https:\/\/baritech.com\/es\/#organization","name":"Baritech","url":"https:\/\/baritech.com\/es\/","logo":{"@type":"ImageObject","inLanguage":"es","@id":"https:\/\/baritech.com\/es\/#\/schema\/logo\/image\/","url":"https:\/\/baritech.com\/wp-content\/uploads\/2025\/03\/BaritechLogo-300x59-1.png","contentUrl":"https:\/\/baritech.com\/wp-content\/uploads\/2025\/03\/BaritechLogo-300x59-1.png","width":300,"height":59,"caption":"Baritech"},"image":{"@id":"https:\/\/baritech.com\/es\/#\/schema\/logo\/image\/"},"sameAs":["https:\/\/www.facebook.com\/baritech.la\/","https:\/\/x.com\/baritechinfo","https:\/\/www.linkedin.com\/company\/baritechmsp","https:\/\/www.youtube.com\/@BaritechMSP"]}]}},"_links":{"self":[{"href":"https:\/\/baritech.com\/es\/wp-json\/wp\/v2\/pages\/6397","targetHints":{"allow":["GET"]}}],"collection":[{"href":"https:\/\/baritech.com\/es\/wp-json\/wp\/v2\/pages"}],"about":[{"href":"https:\/\/baritech.com\/es\/wp-json\/wp\/v2\/types\/page"}],"author":[{"embeddable":true,"href":"https:\/\/baritech.com\/es\/wp-json\/wp\/v2\/users\/1"}],"replies":[{"embeddable":true,"href":"https:\/\/baritech.com\/es\/wp-json\/wp\/v2\/comments?post=6397"}],"version-history":[{"count":4,"href":"https:\/\/baritech.com\/es\/wp-json\/wp\/v2\/pages\/6397\/revisions"}],"predecessor-version":[{"id":7040,"href":"https:\/\/baritech.com\/es\/wp-json\/wp\/v2\/pages\/6397\/revisions\/7040"}],"wp:attachment":[{"href":"https:\/\/baritech.com\/es\/wp-json\/wp\/v2\/media?parent=6397"}],"curies":[{"name":"wp","href":"https:\/\/api.w.org\/{rel}","templated":true}]}}