{"id":6380,"date":"2025-04-11T21:46:51","date_gmt":"2025-04-11T21:46:51","guid":{"rendered":"https:\/\/baritech.com\/consultoria-tecnologica-para-el-sector-minorista\/"},"modified":"2025-10-28T01:42:01","modified_gmt":"2025-10-28T01:42:01","slug":"consultoria-tecnologica-para-el-sector-minorista","status":"publish","type":"page","link":"https:\/\/baritech.com\/es\/consultoria-tecnologica-para-el-sector-minorista\/","title":{"rendered":"Consultor\u00eda Tecnol\u00f3gica para el Sector Minorista"},"content":{"rendered":"\t\t<div data-elementor-type=\"wp-page\" data-elementor-id=\"6380\" class=\"elementor elementor-6380 elementor-917\" data-elementor-post-type=\"page\">\n\t\t\t\t<div class=\"elementor-element elementor-element-ea8e970 e-flex e-con-boxed e-con e-parent\" data-id=\"ea8e970\" data-element_type=\"container\" data-e-type=\"container\">\n\t\t\t\t\t<div class=\"e-con-inner\">\n\t\t\t\t<div class=\"elementor-element elementor-element-687ed3c elementor--h-position-right elementor--v-position-bottom elementor-arrows-position-inside elementor-pagination-position-inside elementor-widget elementor-widget-slides\" data-id=\"687ed3c\" data-element_type=\"widget\" data-e-type=\"widget\" data-settings=\"{&quot;navigation&quot;:&quot;both&quot;,&quot;autoplay&quot;:&quot;yes&quot;,&quot;pause_on_hover&quot;:&quot;yes&quot;,&quot;pause_on_interaction&quot;:&quot;yes&quot;,&quot;autoplay_speed&quot;:5000,&quot;infinite&quot;:&quot;yes&quot;,&quot;transition&quot;:&quot;slide&quot;,&quot;transition_speed&quot;:500}\" data-widget_type=\"slides.default\">\n\t\t\t\t<div class=\"elementor-widget-container\">\n\t\t\t\t\t\t\t\t\t<div class=\"elementor-swiper\">\n\t\t\t\t\t<div class=\"elementor-slides-wrapper elementor-main-swiper swiper\" role=\"region\" aria-roledescription=\"carousel\" aria-label=\"Slides\" dir=\"ltr\" data-animation=\"fadeInUp\">\n\t\t\t\t<div class=\"swiper-wrapper elementor-slides\">\n\t\t\t\t\t\t\t\t\t\t<div class=\"elementor-repeater-item-25c8f25 swiper-slide\" role=\"group\" aria-roledescription=\"slide\"><div class=\"swiper-slide-bg\" role=\"img\" aria-label=\"Consultor\u00eda Minorista Servicios de Telecomunicaciones Servicios de Adquisici\u00f3n de IT Servicios de IT Gestionados Servicios de IT Co-Manejados Cumplimiento como Servicio Negocios Tiendas Restaurantes\"><\/div><div class=\"elementor-background-overlay\"><\/div><a class=\"swiper-slide-inner\" href=\"#elementor-action%3Aaction%3Dpopup%3Aopen%26settings%3DeyJpZCI6IjY4MDciLCJ0b2dnbGUiOmZhbHNlfQ%3D%3D\"><div class=\"swiper-slide-contents\"><div class=\"elementor-slide-heading\">Consultor\u00eda Tecnol\u00f3gica para el Sector Minorista<\/div><div  class=\"elementor-button elementor-slide-button elementor-size-sm\">SOLICITE UNA CONSULTA GRATUITA<\/div><\/div><\/a><\/div>\t\t\t\t<\/div>\n\t\t\t\t\t\t\t<\/div>\n\t\t\t\t<\/div>\n\t\t\t\t\t\t\t\t<\/div>\n\t\t\t\t<\/div>\n\t\t\t\t\t<\/div>\n\t\t\t\t<\/div>\n\t\t<div class=\"elementor-element elementor-element-6988062 e-flex e-con-boxed e-con e-parent\" data-id=\"6988062\" data-element_type=\"container\" data-e-type=\"container\">\n\t\t\t\t\t<div class=\"e-con-inner\">\n\t\t\t\t<div class=\"elementor-element elementor-element-8b4342e elementor-widget elementor-widget-heading\" data-id=\"8b4342e\" data-element_type=\"widget\" data-e-type=\"widget\" data-widget_type=\"heading.default\">\n\t\t\t\t<div class=\"elementor-widget-container\">\n\t\t\t\t\t<h2 class=\"elementor-heading-title elementor-size-default\">Consultor\u00eda Tecnol\u00f3gica para el Sector Minorista<br>\n  <br>Tecnolog\u00eda que Impulsa las Ventas y la Experiencia del Cliente\n<\/h2>\t\t\t\t<\/div>\n\t\t\t\t<\/div>\n\t\t\t\t<div class=\"elementor-element elementor-element-7899dea elementor-widget elementor-widget-text-editor\" data-id=\"7899dea\" data-element_type=\"widget\" data-e-type=\"widget\" data-widget_type=\"text-editor.default\">\n\t\t\t\t<div class=\"elementor-widget-container\">\n\t\t\t\t\t\t\t\t\t<p data-start=\"348\" data-end=\"717\">En el comercio minorista, cada segundo cuenta \u2014 desde la velocidad en el proceso de pago hasta la claridad de los anuncios en tienda y la confiabilidad de sus sistemas de seguridad. En Baritech, nuestros servicios de Consultor\u00eda Tecnol\u00f3gica para el Sector Minorista ayudan a las empresas del sector retail a dise\u00f1ar, integrar y optimizar su tecnolog\u00eda para mejorar la eficiencia, reducir costos y ofrecer una mejor experiencia al cliente.<\/p><p data-start=\"719\" data-end=\"1102\">Analizamos todo su entorno tecnol\u00f3gico \u2014 servicios de telecomunicaciones y TI, sistemas POS, soluciones de vigilancia y configuraciones de audio\/video \u2014 para garantizar que todos trabajen juntos de manera fluida. Ya sea que est\u00e9 abriendo una nueva tienda, actualizando una ubicaci\u00f3n existente o ampliando una cadena de comercios, le proporcionamos la orientaci\u00f3n estrat\u00e9gica para seleccionar los sistemas, proveedores y configuraciones m\u00e1s adecuados para sus necesidades. <\/p>\t\t\t\t\t\t\t\t<\/div>\n\t\t\t\t<\/div>\n\t\t\t\t\t<\/div>\n\t\t\t\t<\/div>\n\t\t<div class=\"elementor-element elementor-element-4204ae0 e-flex e-con-boxed e-con e-parent\" data-id=\"4204ae0\" data-element_type=\"container\" data-e-type=\"container\" data-settings=\"{&quot;background_background&quot;:&quot;gradient&quot;}\">\n\t\t\t\t\t<div class=\"e-con-inner\">\n\t\t\t\t<div class=\"elementor-element elementor-element-b8e3bc1 elementor-widget elementor-widget-heading\" data-id=\"b8e3bc1\" data-element_type=\"widget\" data-e-type=\"widget\" data-widget_type=\"heading.default\">\n\t\t\t\t<div class=\"elementor-widget-container\">\n\t\t\t\t\t<h2 class=\"elementor-heading-title elementor-size-default\">Nuestra Experiencia en Consultor\u00eda Tecnol\u00f3gica para el Retail<\/h2>\t\t\t\t<\/div>\n\t\t\t\t<\/div>\n\t\t<div class=\"elementor-element elementor-element-0ee02ad e-grid e-con-full e-con e-child\" data-id=\"0ee02ad\" data-element_type=\"container\" data-e-type=\"container\">\n\t\t\t\t<div class=\"elementor-element elementor-element-9828b83 elementor-widget elementor-widget-text-editor\" data-id=\"9828b83\" data-element_type=\"widget\" data-e-type=\"widget\" data-widget_type=\"text-editor.default\">\n\t\t\t\t<div class=\"elementor-widget-container\">\n\t\t\t\t\t\t\t\t\t<p data-start=\"1159\" data-end=\"1278\"><strong data-start=\"1159\" data-end=\"1184\">\ud83d\udd37Servicios de TI y Telecomunicaciones<\/strong>\u2013 Conectividad confiable, r\u00e1pida y segura para comunicaciones, transacciones y operaciones.<\/p><p data-start=\"1281\" data-end=\"1430\"><strong data-start=\"1281\" data-end=\"1296\">\ud83d\udd37 Sistemas POS <\/strong>\u2013Recomendaci\u00f3n, adquisici\u00f3n e implementaci\u00f3n de plataformas de punto de venta que ofrecen velocidad, seguridad y capacidades avanzadas de informes.<\/p><p data-start=\"1433\" data-end=\"1565\"><strong data-start=\"1433\" data-end=\"1459\">\ud83d\udd37Soluciones de Vigilancia<\/strong> \u2013 Sistemas de c\u00e1maras de alta definici\u00f3n con almacenamiento seguro y monitoreo remoto para proteger los activos y al personal.<\/p><p data-start=\"1568\" data-end=\"1727\"><strong data-start=\"1568\" data-end=\"1593\">\ud83d\udd37 Sistemas de Audio y Video<\/strong> \u2013 Distribuci\u00f3n de audio n\u00edtido y pantallas visuales de alta calidad para promociones, anuncios o experiencias ambientales dentro de la tienda.<\/p><p data-start=\"1730\" data-end=\"1859\"><strong data-start=\"1730\" data-end=\"1756\">\ud83d\udd37 Infraestructura de Red<\/strong> \u2013 CCCableado, Wi-Fi y sistemas de respaldo que garantizan operaciones fluidas en todos los dispositivos y servicios.<\/p><p data-start=\"1862\" data-end=\"1969\"><strong data-start=\"1862\" data-end=\"1896\">\ud83d\udd37 Selecci\u00f3n y Negociaci\u00f3n con Proveedores<\/strong> \u2013 Le ayudamos a elegir los mejores proveedores a las tarifas m\u00e1s competitivas.<\/p><p data-start=\"1862\" data-end=\"1969\"><strong data-start=\"1972\" data-end=\"2002\">\ud83d\udd37 Integraci\u00f3n y Optimizaci\u00f3n<\/strong> \u2013 Aseguramos que todos sus sistemas trabajen de forma conjunta para optimizar las operaciones y mejorar la atenci\u00f3n al cliente.<\/p>\t\t\t\t\t\t\t\t<\/div>\n\t\t\t\t<\/div>\n\t\t\t\t<\/div>\n\t\t\t\t\t<\/div>\n\t\t\t\t<\/div>\n\t\t<div class=\"elementor-element elementor-element-0ad110a e-flex e-con-boxed e-con e-parent\" data-id=\"0ad110a\" data-element_type=\"container\" data-e-type=\"container\">\n\t\t\t\t\t<div class=\"e-con-inner\">\n\t\t<div class=\"elementor-element elementor-element-661dc75 e-grid e-con-full e-con e-child\" data-id=\"661dc75\" data-element_type=\"container\" data-e-type=\"container\">\n\t\t\t\t<div class=\"elementor-element elementor-element-a06077f elementor-widget elementor-widget-image\" data-id=\"a06077f\" data-element_type=\"widget\" data-e-type=\"widget\" data-widget_type=\"image.default\">\n\t\t\t\t<div class=\"elementor-widget-container\">\n\t\t\t\t\t\t\t\t\t\t\t\t\t\t\t<img fetchpriority=\"high\" decoding=\"async\" width=\"800\" height=\"584\" src=\"https:\/\/baritech.com\/wp-content\/uploads\/2025\/08\/Retail-Consulting-Telecom-Services-IT-Procurement-Services-Managed-IT-Services-Co-Managed-IT-Services-Compliance-as-a-Service-Business-Stores-Restaurant-2.jpg\" class=\"attachment-large size-large wp-image-6382\" alt=\"\" srcset=\"https:\/\/baritech.com\/wp-content\/uploads\/2025\/08\/Retail-Consulting-Telecom-Services-IT-Procurement-Services-Managed-IT-Services-Co-Managed-IT-Services-Compliance-as-a-Service-Business-Stores-Restaurant-2.jpg 833w, https:\/\/baritech.com\/wp-content\/uploads\/2025\/08\/Retail-Consulting-Telecom-Services-IT-Procurement-Services-Managed-IT-Services-Co-Managed-IT-Services-Compliance-as-a-Service-Business-Stores-Restaurant-2-300x219.jpg 300w, https:\/\/baritech.com\/wp-content\/uploads\/2025\/08\/Retail-Consulting-Telecom-Services-IT-Procurement-Services-Managed-IT-Services-Co-Managed-IT-Services-Compliance-as-a-Service-Business-Stores-Restaurant-2-768x561.jpg 768w\" sizes=\"(max-width: 800px) 100vw, 800px\" \/>\t\t\t\t\t\t\t\t\t\t\t\t\t\t\t<\/div>\n\t\t\t\t<\/div>\n\t\t\t\t<div class=\"elementor-element elementor-element-7bb56d4 elementor-widget elementor-widget-text-editor\" data-id=\"7bb56d4\" data-element_type=\"widget\" data-e-type=\"widget\" data-widget_type=\"text-editor.default\">\n\t\t\t\t<div class=\"elementor-widget-container\">\n\t\t\t\t\t\t\t\t\t<h4 style=\"color: #12bfe9; text-align: center;\" data-start=\"829\" data-end=\"850\">Por Qu\u00e9 los Comerciantes Eligen Nuestros Servicios de Consultor\u00eda<\/h4><p data-start=\"2167\" data-end=\"2744\"><strong data-start=\"2169\" data-end=\"2191\">\ud83d\udd37 Soluciones Personalizadas<\/strong> \u2013 Adaptamos cada recomendaci\u00f3n seg\u00fan el dise\u00f1o de su tienda, el flujo de clientes y los objetivos de su negocio.<\/p><p data-start=\"2167\" data-end=\"2744\">\ud83d\udd37 <strong data-start=\"2295\" data-end=\"2314\">Eficiencia en Costos<\/strong> \u2013 Identificamos y eliminamos desperdicios, negociamos mejores condiciones con proveedores e invertimos solo en lo que realmente aporta valor.<\/p><p data-start=\"2167\" data-end=\"2744\"><strong data-start=\"2422\" data-end=\"2449\">\ud83d\udd37 Tecnolog\u00eda Preparada para el Futuro<\/strong> \u2013 Soluciones que crecen junto con su negocio y se adaptan a las necesidades cambiantes del mercado.<\/p><p data-start=\"2167\" data-end=\"2744\"><strong data-start=\"2531\" data-end=\"2553\">\ud83d\udd37 Sopore Integral (de Principio a Fin)<\/strong> \u2013 Desde el dise\u00f1o y selecci\u00f3n de proveedores hasta la instalaci\u00f3n y la optimizaci\u00f3n continua.<\/p><p data-start=\"2167\" data-end=\"2744\"><strong data-start=\"2635\" data-end=\"2664\">\ud83d\udd37 Experiencia en la Industria Minorista<\/strong> \u2013 Entendemos los desaf\u00edos \u00fanicos que enfrentan los minoristas y sabemos c\u00f3mo resolverlos.<\/p>\t\t\t\t\t\t\t\t<\/div>\n\t\t\t\t<\/div>\n\t\t\t\t<\/div>\n\t\t\t\t\t<\/div>\n\t\t\t\t<\/div>\n\t\t<div class=\"elementor-element elementor-element-8dec1f8 e-flex e-con-boxed e-con e-parent\" data-id=\"8dec1f8\" data-element_type=\"container\" data-e-type=\"container\" data-settings=\"{&quot;background_background&quot;:&quot;gradient&quot;}\">\n\t\t\t\t\t<div class=\"e-con-inner\">\n\t\t\t\t<div class=\"elementor-element elementor-element-8a20da5 elementor-widget elementor-widget-heading\" data-id=\"8a20da5\" data-element_type=\"widget\" data-e-type=\"widget\" data-widget_type=\"heading.default\">\n\t\t\t\t<div class=\"elementor-widget-container\">\n\t\t\t\t\t<h2 class=\"elementor-heading-title elementor-size-default\">Transforme la Tecnolog\u00eda de su Negocio Minorista Hoy<\/h2>\t\t\t\t<\/div>\n\t\t\t\t<\/div>\n\t\t\t\t<div class=\"elementor-element elementor-element-58f2e7e elementor-widget elementor-widget-text-editor\" data-id=\"58f2e7e\" data-element_type=\"widget\" data-e-type=\"widget\" data-widget_type=\"text-editor.default\">\n\t\t\t\t<div class=\"elementor-widget-container\">\n\t\t\t\t\t\t\t\t\t<p>La tecnolog\u00eda de su tienda debe hacer m\u00e1s que solo funcionar: debe ayudarle a vender m\u00e1s, atender mejor a sus clientes y mantener las operaciones en marcha sin interrupciones. Con los servicios de Consultor\u00eda Tecnol\u00f3gica para el Retail de Baritech, obtiene un socio que sabe c\u00f3mo integrar telecomunicaciones, TI, sistemas POS, vigilancia y sistemas de audio\/video en un entorno tecnol\u00f3gico minorista fluido y potente. <\/p><p><strong data-start=\"3172\" data-end=\"3274\">Cont\u00e1ctenos hoy<\/strong> para programar su consulta y comenzar a construir una tienda m\u00e1s inteligente y mejor conectada.<\/p>\t\t\t\t\t\t\t\t<\/div>\n\t\t\t\t<\/div>\n\t\t\t\t\t<\/div>\n\t\t\t\t<\/div>\n\t\t<div class=\"elementor-element elementor-element-edf4f44 e-flex e-con-boxed e-con e-parent\" data-id=\"edf4f44\" data-element_type=\"container\" data-e-type=\"container\">\n\t\t\t\t\t<div class=\"e-con-inner\">\n\t\t\t\t<div class=\"elementor-element elementor-element-bdb4cc8 elementor-align-center elementor-widget elementor-widget-button\" data-id=\"bdb4cc8\" data-element_type=\"widget\" data-e-type=\"widget\" data-widget_type=\"button.default\">\n\t\t\t\t<div class=\"elementor-widget-container\">\n\t\t\t\t\t\t\t\t\t<div class=\"elementor-button-wrapper\">\n\t\t\t\t\t<a class=\"elementor-button elementor-button-link elementor-size-sm\" href=\"#elementor-action%3Aaction%3Dpopup%3Aopen%26settings%3DeyJpZCI6NjgwNywidG9nZ2xlIjpmYWxzZX0%3D\">\n\t\t\t\t\t\t<span class=\"elementor-button-content-wrapper\">\n\t\t\t\t\t\t\t\t\t<span class=\"elementor-button-text\">SOLICITE UNA CONSULTA GRATUITA<\/span>\n\t\t\t\t\t<\/span>\n\t\t\t\t\t<\/a>\n\t\t\t\t<\/div>\n\t\t\t\t\t\t\t\t<\/div>\n\t\t\t\t<\/div>\n\t\t\t\t<div class=\"elementor-element elementor-element-31a85f8 elementor-widget elementor-widget-spacer\" data-id=\"31a85f8\" data-element_type=\"widget\" data-e-type=\"widget\" data-widget_type=\"spacer.default\">\n\t\t\t\t<div class=\"elementor-widget-container\">\n\t\t\t\t\t\t\t<div class=\"elementor-spacer\">\n\t\t\t<div class=\"elementor-spacer-inner\"><\/div>\n\t\t<\/div>\n\t\t\t\t\t\t<\/div>\n\t\t\t\t<\/div>\n\t\t\t\t\t<\/div>\n\t\t\t\t<\/div>\n\t\t\t\t<\/div>\n\t\t","protected":false},"excerpt":{"rendered":"<p>Consultor\u00eda Tecnol\u00f3gica para el Sector MinoristaSOLICITE UNA CONSULTA GRATUITA Consultor\u00eda Tecnol\u00f3gica para el Sector Minorista Tecnolog\u00eda que Impulsa las Ventas y la Experiencia del Cliente En el comercio minorista, cada segundo cuenta \u2014 desde la velocidad en el proceso de pago hasta la claridad de los anuncios en tienda y la confiabilidad de sus sistemas [&hellip;]<\/p>\n","protected":false},"author":1,"featured_media":0,"parent":0,"menu_order":0,"comment_status":"closed","ping_status":"closed","template":"","meta":{"footnotes":""},"class_list":["post-6380","page","type-page","status-publish","hentry"],"yoast_head":"<!-- This site is optimized with the Yoast SEO plugin v27.0 - https:\/\/yoast.com\/product\/yoast-seo-wordpress\/ -->\n<title>Consultor\u00eda Tecnol\u00f3gica para el Sector Minorista - Baritech<\/title>\n<meta name=\"robots\" content=\"index, follow, max-snippet:-1, max-image-preview:large, max-video-preview:-1\" \/>\n<link rel=\"canonical\" href=\"https:\/\/baritech.com\/es\/consultoria-tecnologica-para-el-sector-minorista\/\" \/>\n<meta property=\"og:locale\" content=\"es_ES\" \/>\n<meta property=\"og:type\" content=\"article\" \/>\n<meta property=\"og:title\" content=\"Consultor\u00eda Tecnol\u00f3gica para el Sector Minorista - Baritech\" \/>\n<meta property=\"og:description\" content=\"Consultor\u00eda Tecnol\u00f3gica para el Sector MinoristaSOLICITE UNA CONSULTA GRATUITA Consultor\u00eda Tecnol\u00f3gica para el Sector Minorista Tecnolog\u00eda que Impulsa las Ventas y la Experiencia del Cliente En el comercio minorista, cada segundo cuenta \u2014 desde la velocidad en el proceso de pago hasta la claridad de los anuncios en tienda y la confiabilidad de sus sistemas [&hellip;]\" \/>\n<meta property=\"og:url\" content=\"https:\/\/baritech.com\/es\/consultoria-tecnologica-para-el-sector-minorista\/\" \/>\n<meta property=\"og:site_name\" content=\"Baritech\" \/>\n<meta property=\"article:publisher\" content=\"https:\/\/www.facebook.com\/baritech.la\/\" \/>\n<meta property=\"article:modified_time\" content=\"2025-10-28T01:42:01+00:00\" \/>\n<meta property=\"og:image\" content=\"https:\/\/baritech.com\/wp-content\/uploads\/2025\/08\/Retail-Consulting-Telecom-Services-IT-Procurement-Services-Managed-IT-Services-Co-Managed-IT-Services-Compliance-as-a-Service-Business-Stores-Restaurant-2.jpg\" \/>\n\t<meta property=\"og:image:width\" content=\"833\" \/>\n\t<meta property=\"og:image:height\" content=\"608\" \/>\n\t<meta property=\"og:image:type\" content=\"image\/jpeg\" \/>\n<meta name=\"twitter:card\" content=\"summary_large_image\" \/>\n<meta name=\"twitter:site\" content=\"@baritechinfo\" \/>\n<meta name=\"twitter:label1\" content=\"Tiempo de lectura\" \/>\n\t<meta name=\"twitter:data1\" content=\"3 minutos\" \/>\n<script type=\"application\/ld+json\" class=\"yoast-schema-graph\">{\"@context\":\"https:\/\/schema.org\",\"@graph\":[{\"@type\":\"WebPage\",\"@id\":\"https:\/\/baritech.com\/es\/consultoria-tecnologica-para-el-sector-minorista\/\",\"url\":\"https:\/\/baritech.com\/es\/consultoria-tecnologica-para-el-sector-minorista\/\",\"name\":\"Consultor\u00eda Tecnol\u00f3gica para el Sector Minorista - Baritech\",\"isPartOf\":{\"@id\":\"https:\/\/baritech.com\/es\/#website\"},\"primaryImageOfPage\":{\"@id\":\"https:\/\/baritech.com\/es\/consultoria-tecnologica-para-el-sector-minorista\/#primaryimage\"},\"image\":{\"@id\":\"https:\/\/baritech.com\/es\/consultoria-tecnologica-para-el-sector-minorista\/#primaryimage\"},\"thumbnailUrl\":\"https:\/\/baritech.com\/wp-content\/uploads\/2025\/08\/Retail-Consulting-Telecom-Services-IT-Procurement-Services-Managed-IT-Services-Co-Managed-IT-Services-Compliance-as-a-Service-Business-Stores-Restaurant-2.jpg\",\"datePublished\":\"2025-04-11T21:46:51+00:00\",\"dateModified\":\"2025-10-28T01:42:01+00:00\",\"breadcrumb\":{\"@id\":\"https:\/\/baritech.com\/es\/consultoria-tecnologica-para-el-sector-minorista\/#breadcrumb\"},\"inLanguage\":\"es\",\"potentialAction\":[{\"@type\":\"ReadAction\",\"target\":[\"https:\/\/baritech.com\/es\/consultoria-tecnologica-para-el-sector-minorista\/\"]}]},{\"@type\":\"ImageObject\",\"inLanguage\":\"es\",\"@id\":\"https:\/\/baritech.com\/es\/consultoria-tecnologica-para-el-sector-minorista\/#primaryimage\",\"url\":\"https:\/\/baritech.com\/wp-content\/uploads\/2025\/08\/Retail-Consulting-Telecom-Services-IT-Procurement-Services-Managed-IT-Services-Co-Managed-IT-Services-Compliance-as-a-Service-Business-Stores-Restaurant-2.jpg\",\"contentUrl\":\"https:\/\/baritech.com\/wp-content\/uploads\/2025\/08\/Retail-Consulting-Telecom-Services-IT-Procurement-Services-Managed-IT-Services-Co-Managed-IT-Services-Compliance-as-a-Service-Business-Stores-Restaurant-2.jpg\"},{\"@type\":\"BreadcrumbList\",\"@id\":\"https:\/\/baritech.com\/es\/consultoria-tecnologica-para-el-sector-minorista\/#breadcrumb\",\"itemListElement\":[{\"@type\":\"ListItem\",\"position\":1,\"name\":\"Home\",\"item\":\"https:\/\/baritech.com\/es\/home-page\/\"},{\"@type\":\"ListItem\",\"position\":2,\"name\":\"Consultor\u00eda Tecnol\u00f3gica para el Sector Minorista\"}]},{\"@type\":\"WebSite\",\"@id\":\"https:\/\/baritech.com\/es\/#website\",\"url\":\"https:\/\/baritech.com\/es\/\",\"name\":\"Baritech\",\"description\":\"We Manage Your IT, so You Can Manage Your Business\",\"publisher\":{\"@id\":\"https:\/\/baritech.com\/es\/#organization\"},\"potentialAction\":[{\"@type\":\"SearchAction\",\"target\":{\"@type\":\"EntryPoint\",\"urlTemplate\":\"https:\/\/baritech.com\/es\/?s={search_term_string}\"},\"query-input\":{\"@type\":\"PropertyValueSpecification\",\"valueRequired\":true,\"valueName\":\"search_term_string\"}}],\"inLanguage\":\"es\"},{\"@type\":\"Organization\",\"@id\":\"https:\/\/baritech.com\/es\/#organization\",\"name\":\"Baritech\",\"url\":\"https:\/\/baritech.com\/es\/\",\"logo\":{\"@type\":\"ImageObject\",\"inLanguage\":\"es\",\"@id\":\"https:\/\/baritech.com\/es\/#\/schema\/logo\/image\/\",\"url\":\"https:\/\/baritech.com\/wp-content\/uploads\/2025\/03\/BaritechLogo-300x59-1.png\",\"contentUrl\":\"https:\/\/baritech.com\/wp-content\/uploads\/2025\/03\/BaritechLogo-300x59-1.png\",\"width\":300,\"height\":59,\"caption\":\"Baritech\"},\"image\":{\"@id\":\"https:\/\/baritech.com\/es\/#\/schema\/logo\/image\/\"},\"sameAs\":[\"https:\/\/www.facebook.com\/baritech.la\/\",\"https:\/\/x.com\/baritechinfo\",\"https:\/\/www.linkedin.com\/company\/baritechmsp\",\"https:\/\/www.youtube.com\/@BaritechMSP\"]}]}<\/script>\n<!-- \/ Yoast SEO plugin. -->","yoast_head_json":{"title":"Consultor\u00eda Tecnol\u00f3gica para el Sector Minorista - Baritech","robots":{"index":"index","follow":"follow","max-snippet":"max-snippet:-1","max-image-preview":"max-image-preview:large","max-video-preview":"max-video-preview:-1"},"canonical":"https:\/\/baritech.com\/es\/consultoria-tecnologica-para-el-sector-minorista\/","og_locale":"es_ES","og_type":"article","og_title":"Consultor\u00eda Tecnol\u00f3gica para el Sector Minorista - Baritech","og_description":"Consultor\u00eda Tecnol\u00f3gica para el Sector MinoristaSOLICITE UNA CONSULTA GRATUITA Consultor\u00eda Tecnol\u00f3gica para el Sector Minorista Tecnolog\u00eda que Impulsa las Ventas y la Experiencia del Cliente En el comercio minorista, cada segundo cuenta \u2014 desde la velocidad en el proceso de pago hasta la claridad de los anuncios en tienda y la confiabilidad de sus sistemas [&hellip;]","og_url":"https:\/\/baritech.com\/es\/consultoria-tecnologica-para-el-sector-minorista\/","og_site_name":"Baritech","article_publisher":"https:\/\/www.facebook.com\/baritech.la\/","article_modified_time":"2025-10-28T01:42:01+00:00","og_image":[{"width":833,"height":608,"url":"https:\/\/baritech.com\/wp-content\/uploads\/2025\/08\/Retail-Consulting-Telecom-Services-IT-Procurement-Services-Managed-IT-Services-Co-Managed-IT-Services-Compliance-as-a-Service-Business-Stores-Restaurant-2.jpg","type":"image\/jpeg"}],"twitter_card":"summary_large_image","twitter_site":"@baritechinfo","twitter_misc":{"Tiempo de lectura":"3 minutos"},"schema":{"@context":"https:\/\/schema.org","@graph":[{"@type":"WebPage","@id":"https:\/\/baritech.com\/es\/consultoria-tecnologica-para-el-sector-minorista\/","url":"https:\/\/baritech.com\/es\/consultoria-tecnologica-para-el-sector-minorista\/","name":"Consultor\u00eda Tecnol\u00f3gica para el Sector Minorista - Baritech","isPartOf":{"@id":"https:\/\/baritech.com\/es\/#website"},"primaryImageOfPage":{"@id":"https:\/\/baritech.com\/es\/consultoria-tecnologica-para-el-sector-minorista\/#primaryimage"},"image":{"@id":"https:\/\/baritech.com\/es\/consultoria-tecnologica-para-el-sector-minorista\/#primaryimage"},"thumbnailUrl":"https:\/\/baritech.com\/wp-content\/uploads\/2025\/08\/Retail-Consulting-Telecom-Services-IT-Procurement-Services-Managed-IT-Services-Co-Managed-IT-Services-Compliance-as-a-Service-Business-Stores-Restaurant-2.jpg","datePublished":"2025-04-11T21:46:51+00:00","dateModified":"2025-10-28T01:42:01+00:00","breadcrumb":{"@id":"https:\/\/baritech.com\/es\/consultoria-tecnologica-para-el-sector-minorista\/#breadcrumb"},"inLanguage":"es","potentialAction":[{"@type":"ReadAction","target":["https:\/\/baritech.com\/es\/consultoria-tecnologica-para-el-sector-minorista\/"]}]},{"@type":"ImageObject","inLanguage":"es","@id":"https:\/\/baritech.com\/es\/consultoria-tecnologica-para-el-sector-minorista\/#primaryimage","url":"https:\/\/baritech.com\/wp-content\/uploads\/2025\/08\/Retail-Consulting-Telecom-Services-IT-Procurement-Services-Managed-IT-Services-Co-Managed-IT-Services-Compliance-as-a-Service-Business-Stores-Restaurant-2.jpg","contentUrl":"https:\/\/baritech.com\/wp-content\/uploads\/2025\/08\/Retail-Consulting-Telecom-Services-IT-Procurement-Services-Managed-IT-Services-Co-Managed-IT-Services-Compliance-as-a-Service-Business-Stores-Restaurant-2.jpg"},{"@type":"BreadcrumbList","@id":"https:\/\/baritech.com\/es\/consultoria-tecnologica-para-el-sector-minorista\/#breadcrumb","itemListElement":[{"@type":"ListItem","position":1,"name":"Home","item":"https:\/\/baritech.com\/es\/home-page\/"},{"@type":"ListItem","position":2,"name":"Consultor\u00eda Tecnol\u00f3gica para el Sector Minorista"}]},{"@type":"WebSite","@id":"https:\/\/baritech.com\/es\/#website","url":"https:\/\/baritech.com\/es\/","name":"Baritech","description":"We Manage Your IT, so You Can Manage Your Business","publisher":{"@id":"https:\/\/baritech.com\/es\/#organization"},"potentialAction":[{"@type":"SearchAction","target":{"@type":"EntryPoint","urlTemplate":"https:\/\/baritech.com\/es\/?s={search_term_string}"},"query-input":{"@type":"PropertyValueSpecification","valueRequired":true,"valueName":"search_term_string"}}],"inLanguage":"es"},{"@type":"Organization","@id":"https:\/\/baritech.com\/es\/#organization","name":"Baritech","url":"https:\/\/baritech.com\/es\/","logo":{"@type":"ImageObject","inLanguage":"es","@id":"https:\/\/baritech.com\/es\/#\/schema\/logo\/image\/","url":"https:\/\/baritech.com\/wp-content\/uploads\/2025\/03\/BaritechLogo-300x59-1.png","contentUrl":"https:\/\/baritech.com\/wp-content\/uploads\/2025\/03\/BaritechLogo-300x59-1.png","width":300,"height":59,"caption":"Baritech"},"image":{"@id":"https:\/\/baritech.com\/es\/#\/schema\/logo\/image\/"},"sameAs":["https:\/\/www.facebook.com\/baritech.la\/","https:\/\/x.com\/baritechinfo","https:\/\/www.linkedin.com\/company\/baritechmsp","https:\/\/www.youtube.com\/@BaritechMSP"]}]}},"_links":{"self":[{"href":"https:\/\/baritech.com\/es\/wp-json\/wp\/v2\/pages\/6380","targetHints":{"allow":["GET"]}}],"collection":[{"href":"https:\/\/baritech.com\/es\/wp-json\/wp\/v2\/pages"}],"about":[{"href":"https:\/\/baritech.com\/es\/wp-json\/wp\/v2\/types\/page"}],"author":[{"embeddable":true,"href":"https:\/\/baritech.com\/es\/wp-json\/wp\/v2\/users\/1"}],"replies":[{"embeddable":true,"href":"https:\/\/baritech.com\/es\/wp-json\/wp\/v2\/comments?post=6380"}],"version-history":[{"count":4,"href":"https:\/\/baritech.com\/es\/wp-json\/wp\/v2\/pages\/6380\/revisions"}],"predecessor-version":[{"id":7036,"href":"https:\/\/baritech.com\/es\/wp-json\/wp\/v2\/pages\/6380\/revisions\/7036"}],"wp:attachment":[{"href":"https:\/\/baritech.com\/es\/wp-json\/wp\/v2\/media?parent=6380"}],"curies":[{"name":"wp","href":"https:\/\/api.w.org\/{rel}","templated":true}]}}