{"id":6375,"date":"2025-04-10T17:34:10","date_gmt":"2025-04-10T17:34:10","guid":{"rendered":"https:\/\/baritech.com\/comercio-minorista\/"},"modified":"2025-10-28T01:26:25","modified_gmt":"2025-10-28T01:26:25","slug":"comercio-minorista","status":"publish","type":"page","link":"https:\/\/baritech.com\/es\/comercio-minorista\/","title":{"rendered":"Comercio Minorista"},"content":{"rendered":"\t\t<div data-elementor-type=\"wp-page\" data-elementor-id=\"6375\" class=\"elementor elementor-6375 elementor-898\" data-elementor-post-type=\"page\">\n\t\t\t\t<div class=\"elementor-element elementor-element-c1914f0 e-flex e-con-boxed e-con e-parent\" data-id=\"c1914f0\" data-element_type=\"container\" data-e-type=\"container\">\n\t\t\t\t\t<div class=\"e-con-inner\">\n\t\t\t\t<div class=\"elementor-element elementor-element-62fd557 elementor--h-position-center elementor--v-position-middle elementor-arrows-position-inside elementor-pagination-position-inside elementor-widget elementor-widget-slides\" data-id=\"62fd557\" data-element_type=\"widget\" data-e-type=\"widget\" data-settings=\"{&quot;navigation&quot;:&quot;both&quot;,&quot;autoplay&quot;:&quot;yes&quot;,&quot;pause_on_hover&quot;:&quot;yes&quot;,&quot;pause_on_interaction&quot;:&quot;yes&quot;,&quot;autoplay_speed&quot;:5000,&quot;infinite&quot;:&quot;yes&quot;,&quot;transition&quot;:&quot;slide&quot;,&quot;transition_speed&quot;:500}\" data-widget_type=\"slides.default\">\n\t\t\t\t<div class=\"elementor-widget-container\">\n\t\t\t\t\t\t\t\t\t<div class=\"elementor-swiper\">\n\t\t\t\t\t<div class=\"elementor-slides-wrapper elementor-main-swiper swiper\" role=\"region\" aria-roledescription=\"carousel\" aria-label=\"Slides\" dir=\"ltr\" data-animation=\"fadeInUp\">\n\t\t\t\t<div class=\"swiper-wrapper elementor-slides\">\n\t\t\t\t\t\t\t\t\t\t<div class=\"elementor-repeater-item-ecf0d3a swiper-slide\" role=\"group\" aria-roledescription=\"slide\"><div class=\"swiper-slide-bg elementor-ken-burns elementor-ken-burns--in\" role=\"img\" aria-label=\"Soluciones de IT Servicios de Telecomunicaciones Tiendas Minoristas Centros Comerciales Servicios de Salud Doctores Farmacias Enfermeros Hospitales Educaci\u00f3n Industrias Contabilidad Impuestos, Servicios de IT\"><\/div><div class=\"elementor-background-overlay\"><\/div><a class=\"swiper-slide-inner\" href=\"#elementor-action%3Aaction%3Dpopup%3Aopen%26settings%3DeyJpZCI6IjY4MDciLCJ0b2dnbGUiOmZhbHNlfQ%3D%3D\"><div class=\"swiper-slide-contents\"><div class=\"elementor-slide-heading\">Comercio Minorista<\/div><div  class=\"elementor-button elementor-slide-button elementor-size-sm\">SOLICITE UNA CONSULTA GRATUITA<\/div><\/div><\/a><\/div>\t\t\t\t<\/div>\n\t\t\t\t\t\t\t<\/div>\n\t\t\t\t<\/div>\n\t\t\t\t\t\t\t\t<\/div>\n\t\t\t\t<\/div>\n\t\t\t\t\t<\/div>\n\t\t\t\t<\/div>\n\t\t<div class=\"elementor-element elementor-element-465f138 e-flex e-con-boxed e-con e-parent\" data-id=\"465f138\" data-element_type=\"container\" data-e-type=\"container\">\n\t\t\t\t\t<div class=\"e-con-inner\">\n\t\t\t\t<div class=\"elementor-element elementor-element-12173d8 elementor-widget elementor-widget-heading\" data-id=\"12173d8\" data-element_type=\"widget\" data-e-type=\"widget\" data-widget_type=\"heading.default\">\n\t\t\t\t<div class=\"elementor-widget-container\">\n\t\t\t\t\t<h2 class=\"elementor-heading-title elementor-size-default\">Soluciones Tecnol\u00f3gicas para el Comercio Minorista, que lo Mantienen Vendiendo<\/h2>\t\t\t\t<\/div>\n\t\t\t\t<\/div>\n\t\t\t\t<div class=\"elementor-element elementor-element-98dbe77 elementor-widget elementor-widget-text-editor\" data-id=\"98dbe77\" data-element_type=\"widget\" data-e-type=\"widget\" data-widget_type=\"text-editor.default\">\n\t\t\t\t<div class=\"elementor-widget-container\">\n\t\t\t\t\t\t\t\t\t<h4 style=\"color: #12bfe9; text-align: center;\" data-start=\"829\" data-end=\"850\"><data-start=\"833\" data-end=\"850\">Tecnolog\u00eda confiable. Operaciones sin interrupciones. Clientes satisfechos.  <\/h4>\n<p data-start=\"293\" data-end=\"738\">En el comercio minorista, cada segundo cuenta \u2014 ya sea al procesar una venta, asegurar su tienda o actualizar pantallas digitales. Por eso ofrecemos soluciones especializadas en Telecomunicaciones y TI dise\u00f1adas espec\u00edficamente para negocios minoristas.<br>Ya sea que administre una boutique, tienda de conveniencia, farmacia o una cadena con m\u00faltiples ubicaciones, nuestro equipo comprende el entorno del comercio minorista y ofrece soluciones que mantienen sus operaciones funcionando sin problemas y a sus clientes regresando.  <\/p>\t\t\t\t\t\t\t\t<\/div>\n\t\t\t\t<\/div>\n\t\t\t\t\t<\/div>\n\t\t\t\t<\/div>\n\t\t<div class=\"elementor-element elementor-element-daaaad4 e-flex e-con-boxed e-con e-parent\" data-id=\"daaaad4\" data-element_type=\"container\" data-e-type=\"container\" data-settings=\"{&quot;background_background&quot;:&quot;gradient&quot;}\">\n\t\t\t\t\t<div class=\"e-con-inner\">\n\t\t\t\t<div class=\"elementor-element elementor-element-68d5459 elementor-widget elementor-widget-heading\" data-id=\"68d5459\" data-element_type=\"widget\" data-e-type=\"widget\" data-widget_type=\"heading.default\">\n\t\t\t\t<div class=\"elementor-widget-container\">\n\t\t\t\t\t<h2 class=\"elementor-heading-title elementor-size-default\">Lo que Ofrecemos para Negocios Minoristas<\/h2>\t\t\t\t<\/div>\n\t\t\t\t<\/div>\n\t\t<div class=\"elementor-element elementor-element-f0013be e-grid e-con-full e-con e-child\" data-id=\"f0013be\" data-element_type=\"container\" data-e-type=\"container\">\n\t\t\t\t<div class=\"elementor-element elementor-element-42ceaf2 elementor-widget elementor-widget-text-editor\" data-id=\"42ceaf2\" data-element_type=\"widget\" data-e-type=\"widget\" data-widget_type=\"text-editor.default\">\n\t\t\t\t<div class=\"elementor-widget-container\">\n\t\t\t\t\t\t\t\t\t<h5 style=\"color: #12bfe9; text-align: center;\" data-start=\"829\" data-end=\"850\"><data-start=\"833\" data-end=\"850\">Internet de Alta Velocidad y Conexi\u00f3n de Respaldo o Redundancia<\/h5>\nOpciones confiables de banda ancha, fibra e internet inal\u00e1mbrico para garantizar que nunca est\u00e9 desconectado \u2014 incluso durante interrupciones.\t\t\t\t\t\t\t\t<\/div>\n\t\t\t\t<\/div>\n\t\t\t\t<div class=\"elementor-element elementor-element-8b23ee8 elementor-widget elementor-widget-text-editor\" data-id=\"8b23ee8\" data-element_type=\"widget\" data-e-type=\"widget\" data-widget_type=\"text-editor.default\">\n\t\t\t\t<div class=\"elementor-widget-container\">\n\t\t\t\t\t\t\t\t\t<h5 style=\"color: #12bfe9; text-align: center;\" data-start=\"829\" data-end=\"850\"><data-start=\"833\" data-end=\"850\">Sistemas Telef\u00f3nicos VoIPs<\/h5><br>Sistemas telef\u00f3nicos flexibles y escalables para escritorios de atenci\u00f3n al cliente, oficinas o configuraciones de m\u00faltiples ubicaciones.\t\t\t\t\t\t\t\t<\/div>\n\t\t\t\t<\/div>\n\t\t\t\t<div class=\"elementor-element elementor-element-66b09a1 elementor-widget elementor-widget-text-editor\" data-id=\"66b09a1\" data-element_type=\"widget\" data-e-type=\"widget\" data-widget_type=\"text-editor.default\">\n\t\t\t\t<div class=\"elementor-widget-container\">\n\t\t\t\t\t\t\t\t\t<h5 style=\"color: #12bfe9; text-align: center;\" data-start=\"829\" data-end=\"850\"><data-start=\"833\" data-end=\"850\">Soporte para Redes de Punto de Venta (POS)<\/h5><br>Mantenemos sus sistemas de punto de venta conectados y protegidos para minimizar el tiempo de inactividad y maximizar las transacciones.\t\t\t\t\t\t\t\t<\/div>\n\t\t\t\t<\/div>\n\t\t\t\t<div class=\"elementor-element elementor-element-9051ff3 elementor-widget elementor-widget-text-editor\" data-id=\"9051ff3\" data-element_type=\"widget\" data-e-type=\"widget\" data-widget_type=\"text-editor.default\">\n\t\t\t\t<div class=\"elementor-widget-container\">\n\t\t\t\t\t\t\t\t\t<h5 style=\"color: #12bfe9; text-align: center;\" data-start=\"829\" data-end=\"850\"><data-start=\"833\" data-end=\"850\">Sistemas de Vigilancia<\/h5><br>C\u00e1maras interiores y exteriores para la prevenci\u00f3n de robos, monitoreo de empleados y seguridad de los clientes.\t\t\t\t\t\t\t\t<\/div>\n\t\t\t\t<\/div>\n\t\t\t\t<div class=\"elementor-element elementor-element-3bb5c86 elementor-widget elementor-widget-text-editor\" data-id=\"3bb5c86\" data-element_type=\"widget\" data-e-type=\"widget\" data-widget_type=\"text-editor.default\">\n\t\t\t\t<div class=\"elementor-widget-container\">\n\t\t\t\t\t\t\t\t\t<h5 style=\"color: #12bfe9; text-align: center;\" data-start=\"829\" data-end=\"850\"><data-start=\"833\" data-end=\"850\">Soluciones de Audio y Video<\/h5>\nDesde sistemas de m\u00fasica ambiental hasta se\u00f1alizaci\u00f3n digital y pantallas promocionales: mejoramos la experiencia de compra.\t\t\t\t\t\t\t\t<\/div>\n\t\t\t\t<\/div>\n\t\t\t\t<div class=\"elementor-element elementor-element-7b8de66 elementor-widget elementor-widget-text-editor\" data-id=\"7b8de66\" data-element_type=\"widget\" data-e-type=\"widget\" data-widget_type=\"text-editor.default\">\n\t\t\t\t<div class=\"elementor-widget-container\">\n\t\t\t\t\t\t\t\t\t<h5 style=\"color: #12bfe9; text-align: center;\" data-start=\"829\" data-end=\"850\"><data-start=\"833\" data-end=\"850\">Cableado Estructurado e Infraestructurat<\/h5>\nInstalaciones de cableado limpias y confiables para toda su tecnolog\u00eda, desde cajas registradoras hasta sistemas administrativos.\t\t\t\t\t\t\t\t<\/div>\n\t\t\t\t<\/div>\n\t\t\t\t<div class=\"elementor-element elementor-element-386ca82 elementor-widget elementor-widget-text-editor\" data-id=\"386ca82\" data-element_type=\"widget\" data-e-type=\"widget\" data-widget_type=\"text-editor.default\">\n\t\t\t\t<div class=\"elementor-widget-container\">\n\t\t\t\t\t\t\t\t\t<h5 style=\"color: #12bfe9; text-align: center;\" data-start=\"829\" data-end=\"850\"><data-start=\"833\" data-end=\"850\">Servicios de IT Manejados<\/h5>\nSoporte completo o co-manejado adaptado a las necesidades de su tienda, para que nunca enfrente problemas tecnol\u00f3gicos solo.\t\t\t\t\t\t\t\t<\/div>\n\t\t\t\t<\/div>\n\t\t\t\t<div class=\"elementor-element elementor-element-2560f3d elementor-widget elementor-widget-text-editor\" data-id=\"2560f3d\" data-element_type=\"widget\" data-e-type=\"widget\" data-widget_type=\"text-editor.default\">\n\t\t\t\t<div class=\"elementor-widget-container\">\n\t\t\t\t\t\t\t\t\t<h5 style=\"color: #12bfe9; text-align: center;\" data-start=\"829\" data-end=\"850\"><data-start=\"833\" data-end=\"850\">Gesti\u00f3n T\u00e9cnica de Proyectos<\/h5><br>Asegure que sus proyectos de IT y telecomunicaciones se completen a tiempo, dentro del presupuesto y alineados con sus objetivos comerciales.\t\t\t\t\t\t\t\t<\/div>\n\t\t\t\t<\/div>\n\t\t\t\t<\/div>\n\t\t\t\t\t<\/div>\n\t\t\t\t<\/div>\n\t\t<div class=\"elementor-element elementor-element-2a4ff5b e-flex e-con-boxed e-con e-parent\" data-id=\"2a4ff5b\" data-element_type=\"container\" data-e-type=\"container\">\n\t\t\t\t\t<div class=\"e-con-inner\">\n\t\t\t\t<div class=\"elementor-element elementor-element-6d330a2 elementor-widget elementor-widget-heading\" data-id=\"6d330a2\" data-element_type=\"widget\" data-e-type=\"widget\" data-widget_type=\"heading.default\">\n\t\t\t\t<div class=\"elementor-widget-container\">\n\t\t\t\t\t<h2 class=\"elementor-heading-title elementor-size-default\">Entendemos los Desaf\u00edos del Comercio Minorista<\/h2>\t\t\t\t<\/div>\n\t\t\t\t<\/div>\n\t\t<div class=\"elementor-element elementor-element-1e9385a e-grid e-con-full e-con e-child\" data-id=\"1e9385a\" data-element_type=\"container\" data-e-type=\"container\">\n\t\t\t\t<div class=\"elementor-element elementor-element-72bb172 elementor-widget elementor-widget-text-editor\" data-id=\"72bb172\" data-element_type=\"widget\" data-e-type=\"widget\" data-widget_type=\"text-editor.default\">\n\t\t\t\t<div class=\"elementor-widget-container\">\n\t\t\t\t\t\t\t\t\t<p>\ud83d\uded2 <strong data-start=\"1947\" data-end=\"1978\">Internet lento o poco confiable <\/strong>nterrumpe las transacciones con tarjetas, la sincronizaci\u00f3n del inventario y la atenci\u00f3n al cliente.<\/p><p>\ud83d\udcc9 Ca\u00eddas en el sistema POS pueden significar p\u00e9rdida de ingresos en cuesti\u00f3n de segundos.<\/p><p>\ud83d\udd10 <strong data-start=\"2109\" data-end=\"2127\">Riesgos de seguridad<\/strong> amenazan los datos de los clientes y la mercanc\u00eda.<\/p><p>\ud83d\udd0a <strong data-start=\"2173\" data-end=\"2215\">Falta de ambiente o de interacci\u00f3n digital <\/strong>limita la retenci\u00f3n de clientes y la imagen de marca.<\/p><p><strong data-start=\"2264\" data-end=\"2293\">Los sistemas tecnol\u00f3gicos desconectados<\/strong> hacen que la gesti\u00f3n de la tienda sea m\u00e1s complicada de lo que deber\u00eda ser.<\/p>\t\t\t\t\t\t\t\t<\/div>\n\t\t\t\t<\/div>\n\t\t\t\t<\/div>\n\t\t\t\t\t<\/div>\n\t\t\t\t<\/div>\n\t\t<div class=\"elementor-element elementor-element-bdd2a39 e-flex e-con-boxed e-con e-parent\" data-id=\"bdd2a39\" data-element_type=\"container\" data-e-type=\"container\" data-settings=\"{&quot;background_background&quot;:&quot;gradient&quot;}\">\n\t\t\t\t\t<div class=\"e-con-inner\">\n\t\t\t\t<div class=\"elementor-element elementor-element-b4f178b elementor-widget elementor-widget-heading\" data-id=\"b4f178b\" data-element_type=\"widget\" data-e-type=\"widget\" data-widget_type=\"heading.default\">\n\t\t\t\t<div class=\"elementor-widget-container\">\n\t\t\t\t\t<h2 class=\"elementor-heading-title elementor-size-default\">Impulsemos Su Tienda con Tecnolog\u00eda Inteligente<\/h2>\t\t\t\t<\/div>\n\t\t\t\t<\/div>\n\t\t\t\t<div class=\"elementor-element elementor-element-d5e635a elementor-widget elementor-widget-text-editor\" data-id=\"d5e635a\" data-element_type=\"widget\" data-e-type=\"widget\" data-widget_type=\"text-editor.default\">\n\t\t\t\t<div class=\"elementor-widget-container\">\n\t\t\t\t\t\t\t\t\t<p>Su negocio minorista no puede permitirse fallas tecnol\u00f3gicas \u2014 y con nuestras soluciones personalizadas, no tiene por qu\u00e9 hacerlo. Ya sea que necesite mejorar su conectividad, instalar nuevas pantallas, asegurar su tienda o recibir soporte t\u00e9cnico experto, estamos aqu\u00ed para ayudarle. <\/p><p><strong data-start=\"2646\" data-end=\"2741\">Cont\u00e1ctenos hoy <\/strong>para una consulta gratuita y descubra soluciones adaptadas a las necesidades de su negocio. <\/p>\t\t\t\t\t\t\t\t<\/div>\n\t\t\t\t<\/div>\n\t\t\t\t\t<\/div>\n\t\t\t\t<\/div>\n\t\t<div class=\"elementor-element elementor-element-d654ef7 e-flex e-con-boxed e-con e-parent\" data-id=\"d654ef7\" data-element_type=\"container\" data-e-type=\"container\">\n\t\t\t\t\t<div class=\"e-con-inner\">\n\t\t\t\t<div class=\"elementor-element elementor-element-b6e03e2 elementor-align-center elementor-widget elementor-widget-button\" data-id=\"b6e03e2\" data-element_type=\"widget\" data-e-type=\"widget\" data-widget_type=\"button.default\">\n\t\t\t\t<div class=\"elementor-widget-container\">\n\t\t\t\t\t\t\t\t\t<div class=\"elementor-button-wrapper\">\n\t\t\t\t\t<a class=\"elementor-button elementor-button-link elementor-size-sm\" href=\"#elementor-action%3Aaction%3Dpopup%3Aopen%26settings%3DeyJpZCI6NjgwNywidG9nZ2xlIjpmYWxzZX0%3D\">\n\t\t\t\t\t\t<span class=\"elementor-button-content-wrapper\">\n\t\t\t\t\t\t\t\t\t<span class=\"elementor-button-text\">SOLICITE UNA CONSULTA GRATUITA<\/span>\n\t\t\t\t\t<\/span>\n\t\t\t\t\t<\/a>\n\t\t\t\t<\/div>\n\t\t\t\t\t\t\t\t<\/div>\n\t\t\t\t<\/div>\n\t\t\t\t<div class=\"elementor-element elementor-element-76e540b elementor-widget elementor-widget-spacer\" data-id=\"76e540b\" data-element_type=\"widget\" data-e-type=\"widget\" data-widget_type=\"spacer.default\">\n\t\t\t\t<div class=\"elementor-widget-container\">\n\t\t\t\t\t\t\t<div class=\"elementor-spacer\">\n\t\t\t<div class=\"elementor-spacer-inner\"><\/div>\n\t\t<\/div>\n\t\t\t\t\t\t<\/div>\n\t\t\t\t<\/div>\n\t\t\t\t\t<\/div>\n\t\t\t\t<\/div>\n\t\t\t\t<\/div>\n\t\t","protected":false},"excerpt":{"rendered":"<p>Comercio MinoristaSOLICITE UNA CONSULTA GRATUITA Soluciones Tecnol\u00f3gicas para el Comercio Minorista, que lo Mantienen Vendiendo Tecnolog\u00eda confiable. Operaciones sin interrupciones. Clientes satisfechos. En el comercio minorista, cada segundo cuenta \u2014 ya sea al procesar una venta, asegurar su tienda o actualizar pantallas digitales. Por eso ofrecemos soluciones especializadas en Telecomunicaciones y TI dise\u00f1adas espec\u00edficamente para [&hellip;]<\/p>\n","protected":false},"author":1,"featured_media":0,"parent":0,"menu_order":0,"comment_status":"closed","ping_status":"closed","template":"","meta":{"footnotes":""},"class_list":["post-6375","page","type-page","status-publish","hentry"],"yoast_head":"<!-- This site is optimized with the Yoast SEO plugin v27.0 - https:\/\/yoast.com\/product\/yoast-seo-wordpress\/ -->\n<title>Comercio Minorista - Baritech<\/title>\n<meta name=\"robots\" content=\"index, follow, max-snippet:-1, max-image-preview:large, max-video-preview:-1\" \/>\n<link rel=\"canonical\" href=\"https:\/\/baritech.com\/es\/comercio-minorista\/\" \/>\n<meta property=\"og:locale\" content=\"es_ES\" \/>\n<meta property=\"og:type\" content=\"article\" \/>\n<meta property=\"og:title\" content=\"Comercio Minorista - Baritech\" \/>\n<meta property=\"og:description\" content=\"Comercio MinoristaSOLICITE UNA CONSULTA GRATUITA Soluciones Tecnol\u00f3gicas para el Comercio Minorista, que lo Mantienen Vendiendo Tecnolog\u00eda confiable. Operaciones sin interrupciones. Clientes satisfechos. En el comercio minorista, cada segundo cuenta \u2014 ya sea al procesar una venta, asegurar su tienda o actualizar pantallas digitales. Por eso ofrecemos soluciones especializadas en Telecomunicaciones y TI dise\u00f1adas espec\u00edficamente para [&hellip;]\" \/>\n<meta property=\"og:url\" content=\"https:\/\/baritech.com\/es\/comercio-minorista\/\" \/>\n<meta property=\"og:site_name\" content=\"Baritech\" \/>\n<meta property=\"article:publisher\" content=\"https:\/\/www.facebook.com\/baritech.la\/\" \/>\n<meta property=\"article:modified_time\" content=\"2025-10-28T01:26:25+00:00\" \/>\n<meta name=\"twitter:card\" content=\"summary_large_image\" \/>\n<meta name=\"twitter:site\" content=\"@baritechinfo\" \/>\n<meta name=\"twitter:label1\" content=\"Tiempo de lectura\" \/>\n\t<meta name=\"twitter:data1\" content=\"2 minutos\" \/>\n<script type=\"application\/ld+json\" class=\"yoast-schema-graph\">{\"@context\":\"https:\/\/schema.org\",\"@graph\":[{\"@type\":\"WebPage\",\"@id\":\"https:\/\/baritech.com\/es\/comercio-minorista\/\",\"url\":\"https:\/\/baritech.com\/es\/comercio-minorista\/\",\"name\":\"Comercio Minorista - Baritech\",\"isPartOf\":{\"@id\":\"https:\/\/baritech.com\/es\/#website\"},\"datePublished\":\"2025-04-10T17:34:10+00:00\",\"dateModified\":\"2025-10-28T01:26:25+00:00\",\"breadcrumb\":{\"@id\":\"https:\/\/baritech.com\/es\/comercio-minorista\/#breadcrumb\"},\"inLanguage\":\"es\",\"potentialAction\":[{\"@type\":\"ReadAction\",\"target\":[\"https:\/\/baritech.com\/es\/comercio-minorista\/\"]}]},{\"@type\":\"BreadcrumbList\",\"@id\":\"https:\/\/baritech.com\/es\/comercio-minorista\/#breadcrumb\",\"itemListElement\":[{\"@type\":\"ListItem\",\"position\":1,\"name\":\"Home\",\"item\":\"https:\/\/baritech.com\/es\/home-page\/\"},{\"@type\":\"ListItem\",\"position\":2,\"name\":\"Comercio Minorista\"}]},{\"@type\":\"WebSite\",\"@id\":\"https:\/\/baritech.com\/es\/#website\",\"url\":\"https:\/\/baritech.com\/es\/\",\"name\":\"Baritech\",\"description\":\"We Manage Your IT, so You Can Manage Your Business\",\"publisher\":{\"@id\":\"https:\/\/baritech.com\/es\/#organization\"},\"potentialAction\":[{\"@type\":\"SearchAction\",\"target\":{\"@type\":\"EntryPoint\",\"urlTemplate\":\"https:\/\/baritech.com\/es\/?s={search_term_string}\"},\"query-input\":{\"@type\":\"PropertyValueSpecification\",\"valueRequired\":true,\"valueName\":\"search_term_string\"}}],\"inLanguage\":\"es\"},{\"@type\":\"Organization\",\"@id\":\"https:\/\/baritech.com\/es\/#organization\",\"name\":\"Baritech\",\"url\":\"https:\/\/baritech.com\/es\/\",\"logo\":{\"@type\":\"ImageObject\",\"inLanguage\":\"es\",\"@id\":\"https:\/\/baritech.com\/es\/#\/schema\/logo\/image\/\",\"url\":\"https:\/\/baritech.com\/wp-content\/uploads\/2025\/03\/BaritechLogo-300x59-1.png\",\"contentUrl\":\"https:\/\/baritech.com\/wp-content\/uploads\/2025\/03\/BaritechLogo-300x59-1.png\",\"width\":300,\"height\":59,\"caption\":\"Baritech\"},\"image\":{\"@id\":\"https:\/\/baritech.com\/es\/#\/schema\/logo\/image\/\"},\"sameAs\":[\"https:\/\/www.facebook.com\/baritech.la\/\",\"https:\/\/x.com\/baritechinfo\",\"https:\/\/www.linkedin.com\/company\/baritechmsp\",\"https:\/\/www.youtube.com\/@BaritechMSP\"]}]}<\/script>\n<!-- \/ Yoast SEO plugin. -->","yoast_head_json":{"title":"Comercio Minorista - Baritech","robots":{"index":"index","follow":"follow","max-snippet":"max-snippet:-1","max-image-preview":"max-image-preview:large","max-video-preview":"max-video-preview:-1"},"canonical":"https:\/\/baritech.com\/es\/comercio-minorista\/","og_locale":"es_ES","og_type":"article","og_title":"Comercio Minorista - Baritech","og_description":"Comercio MinoristaSOLICITE UNA CONSULTA GRATUITA Soluciones Tecnol\u00f3gicas para el Comercio Minorista, que lo Mantienen Vendiendo Tecnolog\u00eda confiable. Operaciones sin interrupciones. Clientes satisfechos. En el comercio minorista, cada segundo cuenta \u2014 ya sea al procesar una venta, asegurar su tienda o actualizar pantallas digitales. Por eso ofrecemos soluciones especializadas en Telecomunicaciones y TI dise\u00f1adas espec\u00edficamente para [&hellip;]","og_url":"https:\/\/baritech.com\/es\/comercio-minorista\/","og_site_name":"Baritech","article_publisher":"https:\/\/www.facebook.com\/baritech.la\/","article_modified_time":"2025-10-28T01:26:25+00:00","twitter_card":"summary_large_image","twitter_site":"@baritechinfo","twitter_misc":{"Tiempo de lectura":"2 minutos"},"schema":{"@context":"https:\/\/schema.org","@graph":[{"@type":"WebPage","@id":"https:\/\/baritech.com\/es\/comercio-minorista\/","url":"https:\/\/baritech.com\/es\/comercio-minorista\/","name":"Comercio Minorista - Baritech","isPartOf":{"@id":"https:\/\/baritech.com\/es\/#website"},"datePublished":"2025-04-10T17:34:10+00:00","dateModified":"2025-10-28T01:26:25+00:00","breadcrumb":{"@id":"https:\/\/baritech.com\/es\/comercio-minorista\/#breadcrumb"},"inLanguage":"es","potentialAction":[{"@type":"ReadAction","target":["https:\/\/baritech.com\/es\/comercio-minorista\/"]}]},{"@type":"BreadcrumbList","@id":"https:\/\/baritech.com\/es\/comercio-minorista\/#breadcrumb","itemListElement":[{"@type":"ListItem","position":1,"name":"Home","item":"https:\/\/baritech.com\/es\/home-page\/"},{"@type":"ListItem","position":2,"name":"Comercio Minorista"}]},{"@type":"WebSite","@id":"https:\/\/baritech.com\/es\/#website","url":"https:\/\/baritech.com\/es\/","name":"Baritech","description":"We Manage Your IT, so You Can Manage Your Business","publisher":{"@id":"https:\/\/baritech.com\/es\/#organization"},"potentialAction":[{"@type":"SearchAction","target":{"@type":"EntryPoint","urlTemplate":"https:\/\/baritech.com\/es\/?s={search_term_string}"},"query-input":{"@type":"PropertyValueSpecification","valueRequired":true,"valueName":"search_term_string"}}],"inLanguage":"es"},{"@type":"Organization","@id":"https:\/\/baritech.com\/es\/#organization","name":"Baritech","url":"https:\/\/baritech.com\/es\/","logo":{"@type":"ImageObject","inLanguage":"es","@id":"https:\/\/baritech.com\/es\/#\/schema\/logo\/image\/","url":"https:\/\/baritech.com\/wp-content\/uploads\/2025\/03\/BaritechLogo-300x59-1.png","contentUrl":"https:\/\/baritech.com\/wp-content\/uploads\/2025\/03\/BaritechLogo-300x59-1.png","width":300,"height":59,"caption":"Baritech"},"image":{"@id":"https:\/\/baritech.com\/es\/#\/schema\/logo\/image\/"},"sameAs":["https:\/\/www.facebook.com\/baritech.la\/","https:\/\/x.com\/baritechinfo","https:\/\/www.linkedin.com\/company\/baritechmsp","https:\/\/www.youtube.com\/@BaritechMSP"]}]}},"_links":{"self":[{"href":"https:\/\/baritech.com\/es\/wp-json\/wp\/v2\/pages\/6375","targetHints":{"allow":["GET"]}}],"collection":[{"href":"https:\/\/baritech.com\/es\/wp-json\/wp\/v2\/pages"}],"about":[{"href":"https:\/\/baritech.com\/es\/wp-json\/wp\/v2\/types\/page"}],"author":[{"embeddable":true,"href":"https:\/\/baritech.com\/es\/wp-json\/wp\/v2\/users\/1"}],"replies":[{"embeddable":true,"href":"https:\/\/baritech.com\/es\/wp-json\/wp\/v2\/comments?post=6375"}],"version-history":[{"count":5,"href":"https:\/\/baritech.com\/es\/wp-json\/wp\/v2\/pages\/6375\/revisions"}],"predecessor-version":[{"id":7000,"href":"https:\/\/baritech.com\/es\/wp-json\/wp\/v2\/pages\/6375\/revisions\/7000"}],"wp:attachment":[{"href":"https:\/\/baritech.com\/es\/wp-json\/wp\/v2\/media?parent=6375"}],"curies":[{"name":"wp","href":"https:\/\/api.w.org\/{rel}","templated":true}]}}