{"id":6370,"date":"2025-04-10T17:34:43","date_gmt":"2025-04-10T17:34:43","guid":{"rendered":"https:\/\/baritech.com\/organizaciones-sin-fines-de-lucro\/"},"modified":"2025-10-28T01:28:44","modified_gmt":"2025-10-28T01:28:44","slug":"organizaciones-sin-fines-de-lucro","status":"publish","type":"page","link":"https:\/\/baritech.com\/es\/organizaciones-sin-fines-de-lucro\/","title":{"rendered":"Organizaciones sin Fines de Lucro"},"content":{"rendered":"\t\t<div data-elementor-type=\"wp-page\" data-elementor-id=\"6370\" class=\"elementor elementor-6370 elementor-900\" data-elementor-post-type=\"page\">\n\t\t\t\t<div class=\"elementor-element elementor-element-ca8aaca e-flex e-con-boxed e-con e-parent\" data-id=\"ca8aaca\" data-element_type=\"container\" data-e-type=\"container\">\n\t\t\t\t\t<div class=\"e-con-inner\">\n\t\t\t\t<div class=\"elementor-element elementor-element-cfbe62f elementor--v-position-bottom elementor--h-position-center elementor-arrows-position-inside elementor-pagination-position-inside elementor-widget elementor-widget-slides\" data-id=\"cfbe62f\" data-element_type=\"widget\" data-e-type=\"widget\" data-settings=\"{&quot;navigation&quot;:&quot;both&quot;,&quot;autoplay&quot;:&quot;yes&quot;,&quot;pause_on_hover&quot;:&quot;yes&quot;,&quot;pause_on_interaction&quot;:&quot;yes&quot;,&quot;autoplay_speed&quot;:5000,&quot;infinite&quot;:&quot;yes&quot;,&quot;transition&quot;:&quot;slide&quot;,&quot;transition_speed&quot;:500}\" data-widget_type=\"slides.default\">\n\t\t\t\t<div class=\"elementor-widget-container\">\n\t\t\t\t\t\t\t\t\t<div class=\"elementor-swiper\">\n\t\t\t\t\t<div class=\"elementor-slides-wrapper elementor-main-swiper swiper\" role=\"region\" aria-roledescription=\"carousel\" aria-label=\"Slides\" dir=\"ltr\" data-animation=\"fadeInUp\">\n\t\t\t\t<div class=\"swiper-wrapper elementor-slides\">\n\t\t\t\t\t\t\t\t\t\t<div class=\"elementor-repeater-item-aa9a9fc swiper-slide\" role=\"group\" aria-roledescription=\"slide\"><div class=\"swiper-slide-bg\" role=\"img\" aria-label=\"Soluciones de IT Servicios de Telecomunicaciones Organizaciones sin Fines de Lucro Firmas de Abogados Contabilidad Impuestos Finanzas Soluciones de IT Servicios en la Nube Cumplimiento HIPA\"><\/div><div class=\"elementor-background-overlay\"><\/div><a class=\"swiper-slide-inner\" href=\"#elementor-action%3Aaction%3Dpopup%3Aopen%26settings%3DeyJpZCI6IjY4MDciLCJ0b2dnbGUiOmZhbHNlfQ%3D%3D\"><div class=\"swiper-slide-contents\"><div class=\"elementor-slide-heading\">Organizaciones sin Fines de Lucro<\/div><div  class=\"elementor-button elementor-slide-button elementor-size-sm\">SOLICITE UNA CONSULTA GRATUITA<\/div><\/div><\/a><\/div>\t\t\t\t<\/div>\n\t\t\t\t\t\t\t<\/div>\n\t\t\t\t<\/div>\n\t\t\t\t\t\t\t\t<\/div>\n\t\t\t\t<\/div>\n\t\t\t\t\t<\/div>\n\t\t\t\t<\/div>\n\t\t<div class=\"elementor-element elementor-element-278298f e-flex e-con-boxed e-con e-parent\" data-id=\"278298f\" data-element_type=\"container\" data-e-type=\"container\">\n\t\t\t\t\t<div class=\"e-con-inner\">\n\t\t\t\t<div class=\"elementor-element elementor-element-b11b1e1 elementor-widget elementor-widget-heading\" data-id=\"b11b1e1\" data-element_type=\"widget\" data-e-type=\"widget\" data-widget_type=\"heading.default\">\n\t\t\t\t<div class=\"elementor-widget-container\">\n\t\t\t\t\t<h2 class=\"elementor-heading-title elementor-size-default\">Empoderando a las Organizaciones sin Fines de Lucro con Tecnolog\u00eda Inteligente y Asequible<\/h2>\t\t\t\t<\/div>\n\t\t\t\t<\/div>\n\t\t\t\t<div class=\"elementor-element elementor-element-20cdab6 elementor-widget elementor-widget-text-editor\" data-id=\"20cdab6\" data-element_type=\"widget\" data-e-type=\"widget\" data-widget_type=\"text-editor.default\">\n\t\t\t\t<div class=\"elementor-widget-container\">\n\t\t\t\t\t\t\t\t\t<h4 style=\"color: #12bfe9;\" data-start=\"829\" data-end=\"850\">Tecnolog\u00eda que apoya su misi\u00f3n \u2014 sin agotar su presupuesto<\/h4><p data-start=\"272\" data-end=\"789\">En Baritech, entendemos que las organizaciones sin fines de lucro operan con recursos limitados, pero realizan un trabajo de gran importancia. Por eso, ofrecemos soluciones personalizadas de TI y telecomunicaciones adaptadas a las necesidades de las organizaciones sin fines de lucro, con un fuerte enfoque en subvenciones, descuentos de proveedores y estrategias de ahorro de costos. Ya sea que dirija una peque\u00f1a fundaci\u00f3n, una organizaci\u00f3n basada en la fe o una instituci\u00f3n nacional, nuestro equipo le ayudar\u00e1 a aprovechar la tecnolog\u00eda adecuada para impulsar el impacto y la eficiencia, manteni\u00e9ndose dentro de su presupuesto.  <\/p>\t\t\t\t\t\t\t\t<\/div>\n\t\t\t\t<\/div>\n\t\t\t\t\t<\/div>\n\t\t\t\t<\/div>\n\t\t<div class=\"elementor-element elementor-element-fab7cb1 e-flex e-con-boxed e-con e-parent\" data-id=\"fab7cb1\" data-element_type=\"container\" data-e-type=\"container\" data-settings=\"{&quot;background_background&quot;:&quot;gradient&quot;}\">\n\t\t\t\t\t<div class=\"e-con-inner\">\n\t\t\t\t<div class=\"elementor-element elementor-element-cbfb473 elementor-widget elementor-widget-heading\" data-id=\"cbfb473\" data-element_type=\"widget\" data-e-type=\"widget\" data-widget_type=\"heading.default\">\n\t\t\t\t<div class=\"elementor-widget-container\">\n\t\t\t\t\t<h2 class=\"elementor-heading-title elementor-size-default\">Lo que Ofrecemos para Organizaciones sin Fines de Lucro<\/h2>\t\t\t\t<\/div>\n\t\t\t\t<\/div>\n\t\t<div class=\"elementor-element elementor-element-48f09b2 e-grid e-con-full e-con e-child\" data-id=\"48f09b2\" data-element_type=\"container\" data-e-type=\"container\">\n\t\t\t\t<div class=\"elementor-element elementor-element-18b0ff1 elementor-widget elementor-widget-text-editor\" data-id=\"18b0ff1\" data-element_type=\"widget\" data-e-type=\"widget\" data-widget_type=\"text-editor.default\">\n\t\t\t\t<div class=\"elementor-widget-container\">\n\t\t\t\t\t\t\t\t\t<h5 style=\"color: #12bfe9;\" data-start=\"829\" data-end=\"850\"><data-start=\"833\" data-end=\"850\">Estrategia y Consultor\u00eda en IT<\/h5><br>Alineamos su tecnolog\u00eda con su misi\u00f3n, ayud\u00e1ndole a crecer de forma sostenible y segura.\t\t\t\t\t\t\t\t<\/div>\n\t\t\t\t<\/div>\n\t\t\t\t<div class=\"elementor-element elementor-element-f990a15 elementor-widget elementor-widget-text-editor\" data-id=\"f990a15\" data-element_type=\"widget\" data-e-type=\"widget\" data-widget_type=\"text-editor.default\">\n\t\t\t\t<div class=\"elementor-widget-container\">\n\t\t\t\t\t\t\t\t\t<h5 style=\"color: #12bfe9;\" data-start=\"829\" data-end=\"850\"><data-start=\"833\" data-end=\"850\">Servicios de TI Manejados<\/h5><br>Soporte externo o co-gestionado para garantizar que sus sistemas sean seguros, est\u00e9n actualizados y funcionen de manera eficiente.\t\t\t\t\t\t\t\t<\/div>\n\t\t\t\t<\/div>\n\t\t\t\t<div class=\"elementor-element elementor-element-358c727 elementor-widget elementor-widget-text-editor\" data-id=\"358c727\" data-element_type=\"widget\" data-e-type=\"widget\" data-widget_type=\"text-editor.default\">\n\t\t\t\t<div class=\"elementor-widget-container\">\n\t\t\t\t\t\t\t\t\t<h5 style=\"color: #12bfe9;\" data-start=\"829\" data-end=\"850\"><data-start=\"833\" data-end=\"850\">Ciberseguridad y Cumplimiento de Normativas<\/h5><br>Proteja los datos de sus donantes, los registros confidenciales y su reputaci\u00f3n con seguridad en capas y orientaci\u00f3n regulatoria.\t\t\t\t\t\t\t\t<\/div>\n\t\t\t\t<\/div>\n\t\t\t\t<div class=\"elementor-element elementor-element-60a9f35 elementor-widget elementor-widget-text-editor\" data-id=\"60a9f35\" data-element_type=\"widget\" data-e-type=\"widget\" data-widget_type=\"text-editor.default\">\n\t\t\t\t<div class=\"elementor-widget-container\">\n\t\t\t\t\t\t\t\t\t<h5 style=\"color: #12bfe9;\" data-start=\"829\" data-end=\"850\"><data-start=\"833\" data-end=\"850\">Servicios en la Nube y Copias de Seguridad<\/h5><br>Trabaje de forma segura desde cualquier lugar y aseg\u00farese de que sus datos est\u00e9n siempre protegidos con copias de seguridad autom\u00e1ticas en la nube.\t\t\t\t\t\t\t\t<\/div>\n\t\t\t\t<\/div>\n\t\t\t\t<div class=\"elementor-element elementor-element-bc10885 elementor-widget elementor-widget-text-editor\" data-id=\"bc10885\" data-element_type=\"widget\" data-e-type=\"widget\" data-widget_type=\"text-editor.default\">\n\t\t\t\t<div class=\"elementor-widget-container\">\n\t\t\t\t\t\t\t\t\t<h5 style=\"color: #12bfe9;\" data-start=\"829\" data-end=\"850\"><data-start=\"833\" data-end=\"850\">Sistemas Telef\u00f3nicos VoIP<\/h5>\nAhorre en comunicaciones con sistemas telef\u00f3nicos flexibles que admiten trabajo remoto y colaboraci\u00f3n virtual.\t\t\t\t\t\t\t\t<\/div>\n\t\t\t\t<\/div>\n\t\t\t\t<div class=\"elementor-element elementor-element-bd59b42 elementor-widget elementor-widget-text-editor\" data-id=\"bd59b42\" data-element_type=\"widget\" data-e-type=\"widget\" data-widget_type=\"text-editor.default\">\n\t\t\t\t<div class=\"elementor-widget-container\">\n\t\t\t\t\t\t\t\t\t<h5 style=\"color: #12bfe9;\" data-end=\"850\"><data-start=\"833\" data-end=\"850\">Internet y Conexi\u00f3n Inal\u00e1mbrica de Respaldo o Redundancia<\/h5><br>Garantice la conectividad incluso en situaciones de emergencia, para que sus operaciones y alcance contin\u00faen sin interrupciones.\t\t\t\t\t\t\t\t<\/div>\n\t\t\t\t<\/div>\n\t\t\t\t<div class=\"elementor-element elementor-element-ea4a4b9 elementor-widget elementor-widget-text-editor\" data-id=\"ea4a4b9\" data-element_type=\"widget\" data-e-type=\"widget\" data-widget_type=\"text-editor.default\">\n\t\t\t\t<div class=\"elementor-widget-container\">\n\t\t\t\t\t\t\t\t\t<h5 style=\"color: #12bfe9;\" data-start=\"829\" data-end=\"850\"><data-start=\"833\" data-end=\"850\">Cableado y Cableado Estructurado<\/h5>\nInstalaciones de cableado estructurado limpias, organizadas y preparadas para el futuro, optimizadas para computadoras, tel\u00e9fonos, impresoras y dispositivos de red.\t\t\t\t\t\t\t\t<\/div>\n\t\t\t\t<\/div>\n\t\t\t\t<div class=\"elementor-element elementor-element-42ad9dd elementor-widget elementor-widget-text-editor\" data-id=\"42ad9dd\" data-element_type=\"widget\" data-e-type=\"widget\" data-widget_type=\"text-editor.default\">\n\t\t\t\t<div class=\"elementor-widget-container\">\n\t\t\t\t\t\t\t\t\t<h5 style=\"color: #12bfe9;\" data-start=\"829\" data-end=\"850\"><data-start=\"833\" data-end=\"850\">Audio\/Video y Vigilancia<\/h5><br>Equ\u00edpese con pantallas confiables, sistemas de sonido y seguridad para oficinas, centros comunitarios y espacios de culto.\t\t\t\t\t\t\t\t<\/div>\n\t\t\t\t<\/div>\n\t\t\t\t<\/div>\n\t\t\t\t\t<\/div>\n\t\t\t\t<\/div>\n\t\t<div class=\"elementor-element elementor-element-e098f8c e-flex e-con-boxed e-con e-parent\" data-id=\"e098f8c\" data-element_type=\"container\" data-e-type=\"container\">\n\t\t\t\t\t<div class=\"e-con-inner\">\n\t\t\t\t<div class=\"elementor-element elementor-element-345a766 elementor-widget elementor-widget-heading\" data-id=\"345a766\" data-element_type=\"widget\" data-e-type=\"widget\" data-widget_type=\"heading.default\">\n\t\t\t\t<div class=\"elementor-widget-container\">\n\t\t\t\t\t<h2 class=\"elementor-heading-title elementor-size-default\">Le Ayudamos a Hacer M\u00e1s con Menos<\/h2>\t\t\t\t<\/div>\n\t\t\t\t<\/div>\n\t\t<div class=\"elementor-element elementor-element-77ded44 e-grid e-con-full e-con e-child\" data-id=\"77ded44\" data-element_type=\"container\" data-e-type=\"container\">\n\t\t\t\t<div class=\"elementor-element elementor-element-83e5ffe elementor-widget elementor-widget-text-editor\" data-id=\"83e5ffe\" data-element_type=\"widget\" data-e-type=\"widget\" data-widget_type=\"text-editor.default\">\n\t\t\t\t<div class=\"elementor-widget-container\">\n\t\t\t\t\t\t\t\t\t<p>\ud83d\udcb8 <strong data-start=\"1960\" data-end=\"1999\">Descuentos de Proveedores y Subvenciones de Licencias<\/strong> \u2013 Le ayudamos a acceder a descuentos de Microsoft, Google, Zoom y m\u00e1s, para que ahorre donde m\u00e1s importa.<\/p><p>\u2699\ufe0f <strong data-start=\"2106\" data-end=\"2137\">Tecnolog\u00eda Obsoleta o Fragmentada<\/strong> \u2013 Muchas organizaciones sin fines de lucro enfrentan sistemas envejecidos y recursos internos limitados. Le ofrecemos actualizaciones y soporte rentables. <\/p><p>\ud83d\udd10 <strong data-start=\"2273\" data-end=\"2298\">Seguridad y Cumplimiento de Normativas<\/strong> \u2013 Las regulaciones de privacidad de datos (como HIPAA o leyes de privacidad de donantes) requieren orientaci\u00f3n experta \u2014 nosotros lo respaldamos.<\/p><p>\ud83d\udc65 <strong data-start=\"2415\" data-end=\"2448\">Colaboraci\u00f3n Remota e H\u00edbrida<\/strong> \u2013 Permita que su equipo y voluntarios trabajen desde cualquier lugar de manera segura y eficiente.<\/p>\t\t\t\t\t\t\t\t<\/div>\n\t\t\t\t<\/div>\n\t\t\t\t<\/div>\n\t\t\t\t\t<\/div>\n\t\t\t\t<\/div>\n\t\t<div class=\"elementor-element elementor-element-9ab29de e-flex e-con-boxed e-con e-parent\" data-id=\"9ab29de\" data-element_type=\"container\" data-e-type=\"container\" data-settings=\"{&quot;background_background&quot;:&quot;gradient&quot;}\">\n\t\t\t\t\t<div class=\"e-con-inner\">\n\t\t\t\t<div class=\"elementor-element elementor-element-d56d758 elementor-widget elementor-widget-heading\" data-id=\"d56d758\" data-element_type=\"widget\" data-e-type=\"widget\" data-widget_type=\"heading.default\">\n\t\t\t\t<div class=\"elementor-widget-container\">\n\t\t\t\t\t<h2 class=\"elementor-heading-title elementor-size-default\">D\u00e9jenos Ayudarle a Enfocarse en Su Misi\u00f3n \u2014 No en la Tecnolog\u00eda<\/h2>\t\t\t\t<\/div>\n\t\t\t\t<\/div>\n\t\t\t\t<div class=\"elementor-element elementor-element-92a1495 elementor-widget elementor-widget-text-editor\" data-id=\"92a1495\" data-element_type=\"widget\" data-e-type=\"widget\" data-widget_type=\"text-editor.default\">\n\t\t\t\t<div class=\"elementor-widget-container\">\n\t\t\t\t\t\t\t\t\t<p>Nos apasiona apoyar a las organizaciones que marcan la diferencia. Perm\u00edtanos ayudarle a maximizar su tecnolog\u00eda, reducir sus costos y amplificar su impacto. <\/p><p><strong data-start=\"2768\" data-end=\"2897\">Cont\u00e1ctenos hoy<\/strong> para conversar y explorar nuestros servicios, y descubrir c\u00f3mo podemos apoyar su misi\u00f3n.<\/p>\t\t\t\t\t\t\t\t<\/div>\n\t\t\t\t<\/div>\n\t\t\t\t\t<\/div>\n\t\t\t\t<\/div>\n\t\t<div class=\"elementor-element elementor-element-e1e47d0 e-flex e-con-boxed e-con e-parent\" data-id=\"e1e47d0\" data-element_type=\"container\" data-e-type=\"container\">\n\t\t\t\t\t<div class=\"e-con-inner\">\n\t\t\t\t<div class=\"elementor-element elementor-element-80f1b37 elementor-align-center elementor-widget elementor-widget-button\" data-id=\"80f1b37\" data-element_type=\"widget\" data-e-type=\"widget\" data-widget_type=\"button.default\">\n\t\t\t\t<div class=\"elementor-widget-container\">\n\t\t\t\t\t\t\t\t\t<div class=\"elementor-button-wrapper\">\n\t\t\t\t\t<a class=\"elementor-button elementor-button-link elementor-size-sm\" href=\"#elementor-action%3Aaction%3Dpopup%3Aopen%26settings%3DeyJpZCI6NjgwNywidG9nZ2xlIjpmYWxzZX0%3D\">\n\t\t\t\t\t\t<span class=\"elementor-button-content-wrapper\">\n\t\t\t\t\t\t\t\t\t<span class=\"elementor-button-text\">SOLICITE UNA CONSULTA GRATUITA<\/span>\n\t\t\t\t\t<\/span>\n\t\t\t\t\t<\/a>\n\t\t\t\t<\/div>\n\t\t\t\t\t\t\t\t<\/div>\n\t\t\t\t<\/div>\n\t\t\t\t<div class=\"elementor-element elementor-element-a0530e6 elementor-widget elementor-widget-spacer\" data-id=\"a0530e6\" data-element_type=\"widget\" data-e-type=\"widget\" data-widget_type=\"spacer.default\">\n\t\t\t\t<div class=\"elementor-widget-container\">\n\t\t\t\t\t\t\t<div class=\"elementor-spacer\">\n\t\t\t<div class=\"elementor-spacer-inner\"><\/div>\n\t\t<\/div>\n\t\t\t\t\t\t<\/div>\n\t\t\t\t<\/div>\n\t\t\t\t\t<\/div>\n\t\t\t\t<\/div>\n\t\t\t\t<\/div>\n\t\t","protected":false},"excerpt":{"rendered":"<p>Organizaciones sin Fines de LucroSOLICITE UNA CONSULTA GRATUITA Empoderando a las Organizaciones sin Fines de Lucro con Tecnolog\u00eda Inteligente y Asequible Tecnolog\u00eda que apoya su misi\u00f3n \u2014 sin agotar su presupuesto En Baritech, entendemos que las organizaciones sin fines de lucro operan con recursos limitados, pero realizan un trabajo de gran importancia. Por eso, ofrecemos [&hellip;]<\/p>\n","protected":false},"author":1,"featured_media":0,"parent":0,"menu_order":0,"comment_status":"closed","ping_status":"closed","template":"","meta":{"footnotes":""},"class_list":["post-6370","page","type-page","status-publish","hentry"],"yoast_head":"<!-- This site is optimized with the Yoast SEO plugin v27.0 - https:\/\/yoast.com\/product\/yoast-seo-wordpress\/ -->\n<title>Organizaciones sin Fines de Lucro - Baritech<\/title>\n<meta name=\"robots\" content=\"index, follow, max-snippet:-1, max-image-preview:large, max-video-preview:-1\" \/>\n<link rel=\"canonical\" href=\"https:\/\/baritech.com\/es\/organizaciones-sin-fines-de-lucro\/\" \/>\n<meta property=\"og:locale\" content=\"es_ES\" \/>\n<meta property=\"og:type\" content=\"article\" \/>\n<meta property=\"og:title\" content=\"Organizaciones sin Fines de Lucro - Baritech\" \/>\n<meta property=\"og:description\" content=\"Organizaciones sin Fines de LucroSOLICITE UNA CONSULTA GRATUITA Empoderando a las Organizaciones sin Fines de Lucro con Tecnolog\u00eda Inteligente y Asequible Tecnolog\u00eda que apoya su misi\u00f3n \u2014 sin agotar su presupuesto En Baritech, entendemos que las organizaciones sin fines de lucro operan con recursos limitados, pero realizan un trabajo de gran importancia. Por eso, ofrecemos [&hellip;]\" \/>\n<meta property=\"og:url\" content=\"https:\/\/baritech.com\/es\/organizaciones-sin-fines-de-lucro\/\" \/>\n<meta property=\"og:site_name\" content=\"Baritech\" \/>\n<meta property=\"article:publisher\" content=\"https:\/\/www.facebook.com\/baritech.la\/\" \/>\n<meta property=\"article:modified_time\" content=\"2025-10-28T01:28:44+00:00\" \/>\n<meta name=\"twitter:card\" content=\"summary_large_image\" \/>\n<meta name=\"twitter:site\" content=\"@baritechinfo\" \/>\n<meta name=\"twitter:label1\" content=\"Tiempo de lectura\" \/>\n\t<meta name=\"twitter:data1\" content=\"3 minutos\" \/>\n<script type=\"application\/ld+json\" class=\"yoast-schema-graph\">{\"@context\":\"https:\/\/schema.org\",\"@graph\":[{\"@type\":\"WebPage\",\"@id\":\"https:\/\/baritech.com\/es\/organizaciones-sin-fines-de-lucro\/\",\"url\":\"https:\/\/baritech.com\/es\/organizaciones-sin-fines-de-lucro\/\",\"name\":\"Organizaciones sin Fines de Lucro - Baritech\",\"isPartOf\":{\"@id\":\"https:\/\/baritech.com\/es\/#website\"},\"datePublished\":\"2025-04-10T17:34:43+00:00\",\"dateModified\":\"2025-10-28T01:28:44+00:00\",\"breadcrumb\":{\"@id\":\"https:\/\/baritech.com\/es\/organizaciones-sin-fines-de-lucro\/#breadcrumb\"},\"inLanguage\":\"es\",\"potentialAction\":[{\"@type\":\"ReadAction\",\"target\":[\"https:\/\/baritech.com\/es\/organizaciones-sin-fines-de-lucro\/\"]}]},{\"@type\":\"BreadcrumbList\",\"@id\":\"https:\/\/baritech.com\/es\/organizaciones-sin-fines-de-lucro\/#breadcrumb\",\"itemListElement\":[{\"@type\":\"ListItem\",\"position\":1,\"name\":\"Home\",\"item\":\"https:\/\/baritech.com\/es\/home-page\/\"},{\"@type\":\"ListItem\",\"position\":2,\"name\":\"Organizaciones sin Fines de Lucro\"}]},{\"@type\":\"WebSite\",\"@id\":\"https:\/\/baritech.com\/es\/#website\",\"url\":\"https:\/\/baritech.com\/es\/\",\"name\":\"Baritech\",\"description\":\"We Manage Your IT, so You Can Manage Your Business\",\"publisher\":{\"@id\":\"https:\/\/baritech.com\/es\/#organization\"},\"potentialAction\":[{\"@type\":\"SearchAction\",\"target\":{\"@type\":\"EntryPoint\",\"urlTemplate\":\"https:\/\/baritech.com\/es\/?s={search_term_string}\"},\"query-input\":{\"@type\":\"PropertyValueSpecification\",\"valueRequired\":true,\"valueName\":\"search_term_string\"}}],\"inLanguage\":\"es\"},{\"@type\":\"Organization\",\"@id\":\"https:\/\/baritech.com\/es\/#organization\",\"name\":\"Baritech\",\"url\":\"https:\/\/baritech.com\/es\/\",\"logo\":{\"@type\":\"ImageObject\",\"inLanguage\":\"es\",\"@id\":\"https:\/\/baritech.com\/es\/#\/schema\/logo\/image\/\",\"url\":\"https:\/\/baritech.com\/wp-content\/uploads\/2025\/03\/BaritechLogo-300x59-1.png\",\"contentUrl\":\"https:\/\/baritech.com\/wp-content\/uploads\/2025\/03\/BaritechLogo-300x59-1.png\",\"width\":300,\"height\":59,\"caption\":\"Baritech\"},\"image\":{\"@id\":\"https:\/\/baritech.com\/es\/#\/schema\/logo\/image\/\"},\"sameAs\":[\"https:\/\/www.facebook.com\/baritech.la\/\",\"https:\/\/x.com\/baritechinfo\",\"https:\/\/www.linkedin.com\/company\/baritechmsp\",\"https:\/\/www.youtube.com\/@BaritechMSP\"]}]}<\/script>\n<!-- \/ Yoast SEO plugin. -->","yoast_head_json":{"title":"Organizaciones sin Fines de Lucro - Baritech","robots":{"index":"index","follow":"follow","max-snippet":"max-snippet:-1","max-image-preview":"max-image-preview:large","max-video-preview":"max-video-preview:-1"},"canonical":"https:\/\/baritech.com\/es\/organizaciones-sin-fines-de-lucro\/","og_locale":"es_ES","og_type":"article","og_title":"Organizaciones sin Fines de Lucro - Baritech","og_description":"Organizaciones sin Fines de LucroSOLICITE UNA CONSULTA GRATUITA Empoderando a las Organizaciones sin Fines de Lucro con Tecnolog\u00eda Inteligente y Asequible Tecnolog\u00eda que apoya su misi\u00f3n \u2014 sin agotar su presupuesto En Baritech, entendemos que las organizaciones sin fines de lucro operan con recursos limitados, pero realizan un trabajo de gran importancia. Por eso, ofrecemos [&hellip;]","og_url":"https:\/\/baritech.com\/es\/organizaciones-sin-fines-de-lucro\/","og_site_name":"Baritech","article_publisher":"https:\/\/www.facebook.com\/baritech.la\/","article_modified_time":"2025-10-28T01:28:44+00:00","twitter_card":"summary_large_image","twitter_site":"@baritechinfo","twitter_misc":{"Tiempo de lectura":"3 minutos"},"schema":{"@context":"https:\/\/schema.org","@graph":[{"@type":"WebPage","@id":"https:\/\/baritech.com\/es\/organizaciones-sin-fines-de-lucro\/","url":"https:\/\/baritech.com\/es\/organizaciones-sin-fines-de-lucro\/","name":"Organizaciones sin Fines de Lucro - Baritech","isPartOf":{"@id":"https:\/\/baritech.com\/es\/#website"},"datePublished":"2025-04-10T17:34:43+00:00","dateModified":"2025-10-28T01:28:44+00:00","breadcrumb":{"@id":"https:\/\/baritech.com\/es\/organizaciones-sin-fines-de-lucro\/#breadcrumb"},"inLanguage":"es","potentialAction":[{"@type":"ReadAction","target":["https:\/\/baritech.com\/es\/organizaciones-sin-fines-de-lucro\/"]}]},{"@type":"BreadcrumbList","@id":"https:\/\/baritech.com\/es\/organizaciones-sin-fines-de-lucro\/#breadcrumb","itemListElement":[{"@type":"ListItem","position":1,"name":"Home","item":"https:\/\/baritech.com\/es\/home-page\/"},{"@type":"ListItem","position":2,"name":"Organizaciones sin Fines de Lucro"}]},{"@type":"WebSite","@id":"https:\/\/baritech.com\/es\/#website","url":"https:\/\/baritech.com\/es\/","name":"Baritech","description":"We Manage Your IT, so You Can Manage Your Business","publisher":{"@id":"https:\/\/baritech.com\/es\/#organization"},"potentialAction":[{"@type":"SearchAction","target":{"@type":"EntryPoint","urlTemplate":"https:\/\/baritech.com\/es\/?s={search_term_string}"},"query-input":{"@type":"PropertyValueSpecification","valueRequired":true,"valueName":"search_term_string"}}],"inLanguage":"es"},{"@type":"Organization","@id":"https:\/\/baritech.com\/es\/#organization","name":"Baritech","url":"https:\/\/baritech.com\/es\/","logo":{"@type":"ImageObject","inLanguage":"es","@id":"https:\/\/baritech.com\/es\/#\/schema\/logo\/image\/","url":"https:\/\/baritech.com\/wp-content\/uploads\/2025\/03\/BaritechLogo-300x59-1.png","contentUrl":"https:\/\/baritech.com\/wp-content\/uploads\/2025\/03\/BaritechLogo-300x59-1.png","width":300,"height":59,"caption":"Baritech"},"image":{"@id":"https:\/\/baritech.com\/es\/#\/schema\/logo\/image\/"},"sameAs":["https:\/\/www.facebook.com\/baritech.la\/","https:\/\/x.com\/baritechinfo","https:\/\/www.linkedin.com\/company\/baritechmsp","https:\/\/www.youtube.com\/@BaritechMSP"]}]}},"_links":{"self":[{"href":"https:\/\/baritech.com\/es\/wp-json\/wp\/v2\/pages\/6370","targetHints":{"allow":["GET"]}}],"collection":[{"href":"https:\/\/baritech.com\/es\/wp-json\/wp\/v2\/pages"}],"about":[{"href":"https:\/\/baritech.com\/es\/wp-json\/wp\/v2\/types\/page"}],"author":[{"embeddable":true,"href":"https:\/\/baritech.com\/es\/wp-json\/wp\/v2\/users\/1"}],"replies":[{"embeddable":true,"href":"https:\/\/baritech.com\/es\/wp-json\/wp\/v2\/comments?post=6370"}],"version-history":[{"count":5,"href":"https:\/\/baritech.com\/es\/wp-json\/wp\/v2\/pages\/6370\/revisions"}],"predecessor-version":[{"id":7004,"href":"https:\/\/baritech.com\/es\/wp-json\/wp\/v2\/pages\/6370\/revisions\/7004"}],"wp:attachment":[{"href":"https:\/\/baritech.com\/es\/wp-json\/wp\/v2\/media?parent=6370"}],"curies":[{"name":"wp","href":"https:\/\/api.w.org\/{rel}","templated":true}]}}