{"id":6365,"date":"2025-04-10T17:32:27","date_gmt":"2025-04-10T17:32:27","guid":{"rendered":"https:\/\/baritech.com\/firmas-de-abogados\/"},"modified":"2025-10-28T01:19:51","modified_gmt":"2025-10-28T01:19:51","slug":"firmas-de-abogados","status":"publish","type":"page","link":"https:\/\/baritech.com\/es\/firmas-de-abogados\/","title":{"rendered":"Firmas de Abogados"},"content":{"rendered":"\t\t<div data-elementor-type=\"wp-page\" data-elementor-id=\"6365\" class=\"elementor elementor-6365 elementor-894\" data-elementor-post-type=\"page\">\n\t\t\t\t<div class=\"elementor-element elementor-element-a6eacba e-flex e-con-boxed e-con e-parent\" data-id=\"a6eacba\" data-element_type=\"container\" data-e-type=\"container\">\n\t\t\t\t\t<div class=\"e-con-inner\">\n\t\t\t\t<div class=\"elementor-element elementor-element-43f47b7 elementor--v-position-bottom elementor--h-position-center elementor-arrows-position-inside elementor-pagination-position-inside elementor-widget elementor-widget-slides\" data-id=\"43f47b7\" data-element_type=\"widget\" data-e-type=\"widget\" data-settings=\"{&quot;navigation&quot;:&quot;both&quot;,&quot;autoplay&quot;:&quot;yes&quot;,&quot;pause_on_hover&quot;:&quot;yes&quot;,&quot;pause_on_interaction&quot;:&quot;yes&quot;,&quot;autoplay_speed&quot;:5000,&quot;infinite&quot;:&quot;yes&quot;,&quot;transition&quot;:&quot;slide&quot;,&quot;transition_speed&quot;:500}\" data-widget_type=\"slides.default\">\n\t\t\t\t<div class=\"elementor-widget-container\">\n\t\t\t\t\t\t\t\t\t<div class=\"elementor-swiper\">\n\t\t\t\t\t<div class=\"elementor-slides-wrapper elementor-main-swiper swiper\" role=\"region\" aria-roledescription=\"carousel\" aria-label=\"Slides\" dir=\"ltr\" data-animation=\"fadeInUp\">\n\t\t\t\t<div class=\"swiper-wrapper elementor-slides\">\n\t\t\t\t\t\t\t\t\t\t<div class=\"elementor-repeater-item-0ed99cc swiper-slide\" role=\"group\" aria-roledescription=\"slide\"><div class=\"swiper-slide-bg elementor-ken-burns elementor-ken-burns--in\" role=\"img\" aria-label=\"Soluciones de IT Servicios de Telecomunicaciones Firmas de Abogados Abogados Contabilidad Finanzas Soluciones de IT Servicios en la Nube Cumplimiento HIPA\"><\/div><div class=\"elementor-background-overlay\"><\/div><a class=\"swiper-slide-inner\" href=\"#elementor-action%3Aaction%3Dpopup%3Aopen%26settings%3DeyJpZCI6IjY4MDciLCJ0b2dnbGUiOmZhbHNlfQ%3D%3D\"><div class=\"swiper-slide-contents\"><div class=\"elementor-slide-heading\">Firmas de Abogados<\/div><div  class=\"elementor-button elementor-slide-button elementor-size-sm\">SOLICITA UNA CONSULTA GRATUITA<\/div><\/div><\/a><\/div>\t\t\t\t<\/div>\n\t\t\t\t\t\t\t<\/div>\n\t\t\t\t<\/div>\n\t\t\t\t\t\t\t\t<\/div>\n\t\t\t\t<\/div>\n\t\t\t\t\t<\/div>\n\t\t\t\t<\/div>\n\t\t<div class=\"elementor-element elementor-element-e331eeb e-flex e-con-boxed e-con e-parent\" data-id=\"e331eeb\" data-element_type=\"container\" data-e-type=\"container\">\n\t\t\t\t\t<div class=\"e-con-inner\">\n\t\t\t\t<div class=\"elementor-element elementor-element-3032bfa elementor-widget elementor-widget-heading\" data-id=\"3032bfa\" data-element_type=\"widget\" data-e-type=\"widget\" data-widget_type=\"heading.default\">\n\t\t\t\t<div class=\"elementor-widget-container\">\n\t\t\t\t\t<h2 class=\"elementor-heading-title elementor-size-default\">Soluciones de IT y Telecomunicaciones para Firmas de Abogados<\/h2>\t\t\t\t<\/div>\n\t\t\t\t<\/div>\n\t\t\t\t<div class=\"elementor-element elementor-element-bb3a616 elementor-widget elementor-widget-text-editor\" data-id=\"bb3a616\" data-element_type=\"widget\" data-e-type=\"widget\" data-widget_type=\"text-editor.default\">\n\t\t\t\t<div class=\"elementor-widget-container\">\n\t\t\t\t\t\t\t\t\t<h5 style=\"color: #12bfe9; text-align: center;\" data-start=\"829\" data-end=\"850\">&lt;&gt;Tecnolog\u00eda segura y confiable que mantiene su pr\u00e1ctica enfocada en ganar casos.<\/h5><p data-start=\"294\" data-end=\"600\">Los profesionales legales manejan informaci\u00f3n sensible, plazos estrictos y crecientes exigencias de cumplimiento normativo. En Baritech, nos especializamos en ayudar a las firmas de abogados a operar de manera fluida, segura y eficiente a trav\u00e9s de soluciones personalizadas de TI y telecomunicaciones que respaldan sus operaciones diarias y sus objetivos a largo plazo. <\/p>\t\t\t\t\t\t\t\t<\/div>\n\t\t\t\t<\/div>\n\t\t\t\t\t<\/div>\n\t\t\t\t<\/div>\n\t\t<div class=\"elementor-element elementor-element-bbb37df e-flex e-con-boxed e-con e-parent\" data-id=\"bbb37df\" data-element_type=\"container\" data-e-type=\"container\" data-settings=\"{&quot;background_background&quot;:&quot;gradient&quot;}\">\n\t\t\t\t\t<div class=\"e-con-inner\">\n\t\t\t\t<div class=\"elementor-element elementor-element-7f9c064 elementor-widget elementor-widget-heading\" data-id=\"7f9c064\" data-element_type=\"widget\" data-e-type=\"widget\" data-widget_type=\"heading.default\">\n\t\t\t\t<div class=\"elementor-widget-container\">\n\t\t\t\t\t<h2 class=\"elementor-heading-title elementor-size-default\">Lo Que Ofrecemos para Firmas de Abogados<\/h2>\t\t\t\t<\/div>\n\t\t\t\t<\/div>\n\t\t<div class=\"elementor-element elementor-element-5d32e37 e-grid e-con-full e-con e-child\" data-id=\"5d32e37\" data-element_type=\"container\" data-e-type=\"container\">\n\t\t\t\t<div class=\"elementor-element elementor-element-fc17d92 elementor-widget elementor-widget-text-editor\" data-id=\"fc17d92\" data-element_type=\"widget\" data-e-type=\"widget\" data-widget_type=\"text-editor.default\">\n\t\t\t\t<div class=\"elementor-widget-container\">\n\t\t\t\t\t\t\t\t\t<h5 style=\"color: #12bfe9;\" data-start=\"829\" data-end=\"850\"><data-start=\"833\" data-end=\"850\">Servicios de TI Gestionados<\/h5><br>Monitoreo, mantenimiento y soporte continuo para mantener sus sistemas r\u00e1pidos, confiables y seguros.\t\t\t\t\t\t\t\t<\/div>\n\t\t\t\t<\/div>\n\t\t\t\t<div class=\"elementor-element elementor-element-16c6ae6 elementor-widget elementor-widget-text-editor\" data-id=\"16c6ae6\" data-element_type=\"widget\" data-e-type=\"widget\" data-widget_type=\"text-editor.default\">\n\t\t\t\t<div class=\"elementor-widget-container\">\n\t\t\t\t\t\t\t\t\t<h5 style=\"color: #12bfe9;\" data-start=\"829\" data-end=\"850\"><data-start=\"833\" data-end=\"850\">Ciberseguridad y Cumplimiento de Normativas<\/h5><br>Proteja la informaci\u00f3n confidencial de sus clientes y mantenga el cumplimiento con normativas como ABA, HIPAA, GDPR y otras regulaciones.\t\t\t\t\t\t\t\t<\/div>\n\t\t\t\t<\/div>\n\t\t\t\t<div class=\"elementor-element elementor-element-aa1f8da elementor-widget elementor-widget-text-editor\" data-id=\"aa1f8da\" data-element_type=\"widget\" data-e-type=\"widget\" data-widget_type=\"text-editor.default\">\n\t\t\t\t<div class=\"elementor-widget-container\">\n\t\t\t\t\t\t\t\t\t<h5 style=\"color: #12bfe9;\" data-start=\"829\" data-end=\"850\"><data-start=\"833\" data-end=\"850\">Servicios Telef\u00f3nicos VoIP<\/h5><br>Sistemas telef\u00f3nicos profesionales con seguimiento de llamadas, correo de voz a correo electr\u00f3nico, acceso remoto y total confidencialidad.\t\t\t\t\t\t\t\t<\/div>\n\t\t\t\t<\/div>\n\t\t\t\t<div class=\"elementor-element elementor-element-68b55e5 elementor-widget elementor-widget-text-editor\" data-id=\"68b55e5\" data-element_type=\"widget\" data-e-type=\"widget\" data-widget_type=\"text-editor.default\">\n\t\t\t\t<div class=\"elementor-widget-container\">\n\t\t\t\t\t\t\t\t\t<h5 style=\"color: #12bfe9;\" data-start=\"829\" data-end=\"850\"><data-start=\"833\" data-end=\"850\">Internet de Alta Velocidad y Conectividad de Respaldo o Redundancia<\/h5>\nInternet confiable para asegurar que nunca pierda un plazo debido a interrupciones del servicio.\t\t\t\t\t\t\t\t<\/div>\n\t\t\t\t<\/div>\n\t\t\t\t<div class=\"elementor-element elementor-element-94a76db elementor-widget elementor-widget-text-editor\" data-id=\"94a76db\" data-element_type=\"widget\" data-e-type=\"widget\" data-widget_type=\"text-editor.default\">\n\t\t\t\t<div class=\"elementor-widget-container\">\n\t\t\t\t\t\t\t\t\t<h5 style=\"color: #12bfe9;\" data-start=\"829\" data-end=\"850\"><data-start=\"833\" data-end=\"850\">Servicios en la Nube y Copias de Seguridad<\/h5>\nAcceso seguro a documentos desde cualquier lugar, con respaldo cifrado y protecci\u00f3n ante desastres.\t\t\t\t\t\t\t\t<\/div>\n\t\t\t\t<\/div>\n\t\t\t\t<div class=\"elementor-element elementor-element-df1ab25 elementor-widget elementor-widget-text-editor\" data-id=\"df1ab25\" data-element_type=\"widget\" data-e-type=\"widget\" data-widget_type=\"text-editor.default\">\n\t\t\t\t<div class=\"elementor-widget-container\">\n\t\t\t\t\t\t\t\t\t<h5 style=\"color: #12bfe9;\" data-start=\"829\" data-end=\"850\"><data-start=\"833\" data-end=\"850\">Cableado de Infraestructura y Configuraci\u00f3n Tecnol\u00f3gica de Oficina<\/h5><br>Organizaci\u00f3n de salas de telecomunicaciones, conectividad de estaciones de trabajo y configuraciones de audio\/video para salas de conferencias.\t\t\t\t\t\t\t\t<\/div>\n\t\t\t\t<\/div>\n\t\t\t\t<\/div>\n\t\t\t\t\t<\/div>\n\t\t\t\t<\/div>\n\t\t<div class=\"elementor-element elementor-element-63ad19b e-flex e-con-boxed e-con e-parent\" data-id=\"63ad19b\" data-element_type=\"container\" data-e-type=\"container\">\n\t\t\t\t\t<div class=\"e-con-inner\">\n\t\t<div class=\"elementor-element elementor-element-f6d08c0 e-grid e-con-full e-con e-child\" data-id=\"f6d08c0\" data-element_type=\"container\" data-e-type=\"container\">\n\t\t\t\t<div class=\"elementor-element elementor-element-223007f elementor-widget elementor-widget-text-editor\" data-id=\"223007f\" data-element_type=\"widget\" data-e-type=\"widget\" data-widget_type=\"text-editor.default\">\n\t\t\t\t<div class=\"elementor-widget-container\">\n\t\t\t\t\t\t\t\t\t<h5 style=\"color: #12bfe9;\" data-start=\"829\" data-end=\"850\"><data-start=\"833\" data-end=\"850\">Adquisici\u00f3n de Tecnolog\u00eda (IT Procurement)<\/h5><br>Obtenga el software legal, los dispositivos y las herramientas adecuadas \u2014 verificadas, seleccionadas y desplegadas por expertos.\t\t\t\t\t\t\t\t<\/div>\n\t\t\t\t<\/div>\n\t\t\t\t<\/div>\n\t\t\t\t\t<\/div>\n\t\t\t\t<\/div>\n\t\t<div class=\"elementor-element elementor-element-1b6dc55 e-flex e-con-boxed e-con e-parent\" data-id=\"1b6dc55\" data-element_type=\"container\" data-e-type=\"container\">\n\t\t\t\t\t<div class=\"e-con-inner\">\n\t\t\t\t<div class=\"elementor-element elementor-element-27b1053 elementor-widget elementor-widget-heading\" data-id=\"27b1053\" data-element_type=\"widget\" data-e-type=\"widget\" data-widget_type=\"heading.default\">\n\t\t\t\t<div class=\"elementor-widget-container\">\n\t\t\t\t\t<h2 class=\"elementor-heading-title elementor-size-default\">Resolviendo los Problemas Comunes de las Firmas de Abogados<\/h2>\t\t\t\t<\/div>\n\t\t\t\t<\/div>\n\t\t<div class=\"elementor-element elementor-element-6f26ef9 e-grid e-con-full e-con e-child\" data-id=\"6f26ef9\" data-element_type=\"container\" data-e-type=\"container\">\n\t\t\t\t<div class=\"elementor-element elementor-element-43361bb elementor-widget elementor-widget-text-editor\" data-id=\"43361bb\" data-element_type=\"widget\" data-e-type=\"widget\" data-widget_type=\"text-editor.default\">\n\t\t\t\t<div class=\"elementor-widget-container\">\n\t\t\t\t\t\t\t\t\t<p>\u2696\ufe0f <strong data-start=\"1618\" data-end=\"1654\">Violaciones de Datos y Riesgos de Cumplimiento<\/strong> \u2013 Protegemos los archivos confidenciales de casos y las comunicaciones de los clientes con protocolos de seguridad de nivel militar.<br data-start=\"1754\" data-end=\"1757\"><br>\ud83d\udcc1 <strong data-start=\"1760\" data-end=\"1796\">Falta de Acceso Remoto a Archivos<\/strong> \u2013 Nuestros sistemas en la nube permiten compartir y colaborar en archivos de forma segura sin comprometer la confidencialidad.<br data-start=\"1898\" data-end=\"1901\"><br>\ud83d\udcde <strong data-start=\"1904\" data-end=\"1938\">Sistemas de Comunicaci\u00f3n Obsoletos<\/strong> \u2013 Actual\u00edcese a sistemas telef\u00f3nicos VoIP flexibles y rastreables que funcionen desde cualquier dispositivo y en cualquier lugar.<br data-start=\"2027\" data-end=\"2030\"><br>\u23f3 Interrupciones y Tiempos de Inactividad \u2013 Reducimos al m\u00ednimo las interrupciones y fallas t\u00e9cnicas para que su equipo legal se mantenga productivo y cumpla con los plazos establecidos.<br data-start=\"2161\" data-end=\"2164\"><br>\ud83e\uddd1\u200d\ud83d\udcbc Falta de un Equipo Interno de IT \u2013 Ya sea que trabaje por cuenta propia o en una firma mediana, podemos actuar como su departamento de TI externo o brindar soporte a su equipo actual.<\/p>\t\t\t\t\t\t\t\t<\/div>\n\t\t\t\t<\/div>\n\t\t\t\t<\/div>\n\t\t\t\t\t<\/div>\n\t\t\t\t<\/div>\n\t\t<div class=\"elementor-element elementor-element-68b85e7 e-flex e-con-boxed e-con e-parent\" data-id=\"68b85e7\" data-element_type=\"container\" data-e-type=\"container\" data-settings=\"{&quot;background_background&quot;:&quot;gradient&quot;}\">\n\t\t\t\t\t<div class=\"e-con-inner\">\n\t\t\t\t<div class=\"elementor-element elementor-element-5c8837f elementor-widget elementor-widget-heading\" data-id=\"5c8837f\" data-element_type=\"widget\" data-e-type=\"widget\" data-widget_type=\"heading.default\">\n\t\t\t\t<div class=\"elementor-widget-container\">\n\t\t\t\t\t<h2 class=\"elementor-heading-title elementor-size-default\">Construyamos una Estrategia Tecnol\u00f3gica que Proteja su Negocio<\/h2>\t\t\t\t<\/div>\n\t\t\t\t<\/div>\n\t\t\t\t<div class=\"elementor-element elementor-element-3fb76ce elementor-widget elementor-widget-text-editor\" data-id=\"3fb76ce\" data-element_type=\"widget\" data-e-type=\"widget\" data-widget_type=\"text-editor.default\">\n\t\t\t\t<div class=\"elementor-widget-container\">\n\t\t\t\t\t\t\t\t\t<p>No permita que los sistemas obsoletos o las amenazas cibern\u00e9ticas comprometan su trabajo legal. Con nuestro apoyo, obtendr\u00e1 tranquilidad sabiendo que su tecnolog\u00eda es confiable, cumple con las normativas y est\u00e1 alineada con las necesidades de su pr\u00e1ctica. <\/p><p><strong data-start=\"2614\" data-end=\"2739\">Cont\u00e1ctenos hoy <\/strong>para una consulta gratuita y descubra nuestros servicios para firmas de abogados adaptados a su empresa.<\/p>\t\t\t\t\t\t\t\t<\/div>\n\t\t\t\t<\/div>\n\t\t\t\t\t<\/div>\n\t\t\t\t<\/div>\n\t\t<div class=\"elementor-element elementor-element-4d3854b e-flex e-con-boxed e-con e-parent\" data-id=\"4d3854b\" data-element_type=\"container\" data-e-type=\"container\">\n\t\t\t\t\t<div class=\"e-con-inner\">\n\t\t\t\t<div class=\"elementor-element elementor-element-002024e elementor-align-center elementor-widget elementor-widget-button\" data-id=\"002024e\" data-element_type=\"widget\" data-e-type=\"widget\" data-widget_type=\"button.default\">\n\t\t\t\t<div class=\"elementor-widget-container\">\n\t\t\t\t\t\t\t\t\t<div class=\"elementor-button-wrapper\">\n\t\t\t\t\t<a class=\"elementor-button elementor-button-link elementor-size-sm\" href=\"#elementor-action%3Aaction%3Dpopup%3Aopen%26settings%3DeyJpZCI6NjgwNywidG9nZ2xlIjpmYWxzZX0%3D\">\n\t\t\t\t\t\t<span class=\"elementor-button-content-wrapper\">\n\t\t\t\t\t\t\t\t\t<span class=\"elementor-button-text\">SOLICITE UNA CONSULTA GRATUITA<\/span>\n\t\t\t\t\t<\/span>\n\t\t\t\t\t<\/a>\n\t\t\t\t<\/div>\n\t\t\t\t\t\t\t\t<\/div>\n\t\t\t\t<\/div>\n\t\t\t\t<div class=\"elementor-element elementor-element-807aa55 elementor-widget elementor-widget-spacer\" data-id=\"807aa55\" data-element_type=\"widget\" data-e-type=\"widget\" data-widget_type=\"spacer.default\">\n\t\t\t\t<div class=\"elementor-widget-container\">\n\t\t\t\t\t\t\t<div class=\"elementor-spacer\">\n\t\t\t<div class=\"elementor-spacer-inner\"><\/div>\n\t\t<\/div>\n\t\t\t\t\t\t<\/div>\n\t\t\t\t<\/div>\n\t\t\t\t\t<\/div>\n\t\t\t\t<\/div>\n\t\t\t\t<\/div>\n\t\t","protected":false},"excerpt":{"rendered":"<p>Firmas de AbogadosSOLICITA UNA CONSULTA GRATUITA Soluciones de IT y Telecomunicaciones para Firmas de Abogados &lt;&gt;Tecnolog\u00eda segura y confiable que mantiene su pr\u00e1ctica enfocada en ganar casos. Los profesionales legales manejan informaci\u00f3n sensible, plazos estrictos y crecientes exigencias de cumplimiento normativo. En Baritech, nos especializamos en ayudar a las firmas de abogados a operar de [&hellip;]<\/p>\n","protected":false},"author":1,"featured_media":0,"parent":0,"menu_order":0,"comment_status":"closed","ping_status":"closed","template":"","meta":{"footnotes":""},"class_list":["post-6365","page","type-page","status-publish","hentry"],"yoast_head":"<!-- This site is optimized with the Yoast SEO plugin v27.0 - https:\/\/yoast.com\/product\/yoast-seo-wordpress\/ -->\n<title>Firmas de Abogados - Baritech<\/title>\n<meta name=\"robots\" content=\"index, follow, max-snippet:-1, max-image-preview:large, max-video-preview:-1\" \/>\n<link rel=\"canonical\" href=\"https:\/\/baritech.com\/es\/firmas-de-abogados\/\" \/>\n<meta property=\"og:locale\" content=\"es_ES\" \/>\n<meta property=\"og:type\" content=\"article\" \/>\n<meta property=\"og:title\" content=\"Firmas de Abogados - Baritech\" \/>\n<meta property=\"og:description\" content=\"Firmas de AbogadosSOLICITA UNA CONSULTA GRATUITA Soluciones de IT y Telecomunicaciones para Firmas de Abogados &lt;&gt;Tecnolog\u00eda segura y confiable que mantiene su pr\u00e1ctica enfocada en ganar casos. Los profesionales legales manejan informaci\u00f3n sensible, plazos estrictos y crecientes exigencias de cumplimiento normativo. En Baritech, nos especializamos en ayudar a las firmas de abogados a operar de [&hellip;]\" \/>\n<meta property=\"og:url\" content=\"https:\/\/baritech.com\/es\/firmas-de-abogados\/\" \/>\n<meta property=\"og:site_name\" content=\"Baritech\" \/>\n<meta property=\"article:publisher\" content=\"https:\/\/www.facebook.com\/baritech.la\/\" \/>\n<meta property=\"article:modified_time\" content=\"2025-10-28T01:19:51+00:00\" \/>\n<meta name=\"twitter:card\" content=\"summary_large_image\" \/>\n<meta name=\"twitter:site\" content=\"@baritechinfo\" \/>\n<meta name=\"twitter:label1\" content=\"Tiempo de lectura\" \/>\n\t<meta name=\"twitter:data1\" content=\"2 minutos\" \/>\n<script type=\"application\/ld+json\" class=\"yoast-schema-graph\">{\"@context\":\"https:\/\/schema.org\",\"@graph\":[{\"@type\":\"WebPage\",\"@id\":\"https:\/\/baritech.com\/es\/firmas-de-abogados\/\",\"url\":\"https:\/\/baritech.com\/es\/firmas-de-abogados\/\",\"name\":\"Firmas de Abogados - Baritech\",\"isPartOf\":{\"@id\":\"https:\/\/baritech.com\/es\/#website\"},\"datePublished\":\"2025-04-10T17:32:27+00:00\",\"dateModified\":\"2025-10-28T01:19:51+00:00\",\"breadcrumb\":{\"@id\":\"https:\/\/baritech.com\/es\/firmas-de-abogados\/#breadcrumb\"},\"inLanguage\":\"es\",\"potentialAction\":[{\"@type\":\"ReadAction\",\"target\":[\"https:\/\/baritech.com\/es\/firmas-de-abogados\/\"]}]},{\"@type\":\"BreadcrumbList\",\"@id\":\"https:\/\/baritech.com\/es\/firmas-de-abogados\/#breadcrumb\",\"itemListElement\":[{\"@type\":\"ListItem\",\"position\":1,\"name\":\"Home\",\"item\":\"https:\/\/baritech.com\/es\/home-page\/\"},{\"@type\":\"ListItem\",\"position\":2,\"name\":\"Firmas de Abogados\"}]},{\"@type\":\"WebSite\",\"@id\":\"https:\/\/baritech.com\/es\/#website\",\"url\":\"https:\/\/baritech.com\/es\/\",\"name\":\"Baritech\",\"description\":\"We Manage Your IT, so You Can Manage Your Business\",\"publisher\":{\"@id\":\"https:\/\/baritech.com\/es\/#organization\"},\"potentialAction\":[{\"@type\":\"SearchAction\",\"target\":{\"@type\":\"EntryPoint\",\"urlTemplate\":\"https:\/\/baritech.com\/es\/?s={search_term_string}\"},\"query-input\":{\"@type\":\"PropertyValueSpecification\",\"valueRequired\":true,\"valueName\":\"search_term_string\"}}],\"inLanguage\":\"es\"},{\"@type\":\"Organization\",\"@id\":\"https:\/\/baritech.com\/es\/#organization\",\"name\":\"Baritech\",\"url\":\"https:\/\/baritech.com\/es\/\",\"logo\":{\"@type\":\"ImageObject\",\"inLanguage\":\"es\",\"@id\":\"https:\/\/baritech.com\/es\/#\/schema\/logo\/image\/\",\"url\":\"https:\/\/baritech.com\/wp-content\/uploads\/2025\/03\/BaritechLogo-300x59-1.png\",\"contentUrl\":\"https:\/\/baritech.com\/wp-content\/uploads\/2025\/03\/BaritechLogo-300x59-1.png\",\"width\":300,\"height\":59,\"caption\":\"Baritech\"},\"image\":{\"@id\":\"https:\/\/baritech.com\/es\/#\/schema\/logo\/image\/\"},\"sameAs\":[\"https:\/\/www.facebook.com\/baritech.la\/\",\"https:\/\/x.com\/baritechinfo\",\"https:\/\/www.linkedin.com\/company\/baritechmsp\",\"https:\/\/www.youtube.com\/@BaritechMSP\"]}]}<\/script>\n<!-- \/ Yoast SEO plugin. -->","yoast_head_json":{"title":"Firmas de Abogados - Baritech","robots":{"index":"index","follow":"follow","max-snippet":"max-snippet:-1","max-image-preview":"max-image-preview:large","max-video-preview":"max-video-preview:-1"},"canonical":"https:\/\/baritech.com\/es\/firmas-de-abogados\/","og_locale":"es_ES","og_type":"article","og_title":"Firmas de Abogados - Baritech","og_description":"Firmas de AbogadosSOLICITA UNA CONSULTA GRATUITA Soluciones de IT y Telecomunicaciones para Firmas de Abogados &lt;&gt;Tecnolog\u00eda segura y confiable que mantiene su pr\u00e1ctica enfocada en ganar casos. Los profesionales legales manejan informaci\u00f3n sensible, plazos estrictos y crecientes exigencias de cumplimiento normativo. En Baritech, nos especializamos en ayudar a las firmas de abogados a operar de [&hellip;]","og_url":"https:\/\/baritech.com\/es\/firmas-de-abogados\/","og_site_name":"Baritech","article_publisher":"https:\/\/www.facebook.com\/baritech.la\/","article_modified_time":"2025-10-28T01:19:51+00:00","twitter_card":"summary_large_image","twitter_site":"@baritechinfo","twitter_misc":{"Tiempo de lectura":"2 minutos"},"schema":{"@context":"https:\/\/schema.org","@graph":[{"@type":"WebPage","@id":"https:\/\/baritech.com\/es\/firmas-de-abogados\/","url":"https:\/\/baritech.com\/es\/firmas-de-abogados\/","name":"Firmas de Abogados - Baritech","isPartOf":{"@id":"https:\/\/baritech.com\/es\/#website"},"datePublished":"2025-04-10T17:32:27+00:00","dateModified":"2025-10-28T01:19:51+00:00","breadcrumb":{"@id":"https:\/\/baritech.com\/es\/firmas-de-abogados\/#breadcrumb"},"inLanguage":"es","potentialAction":[{"@type":"ReadAction","target":["https:\/\/baritech.com\/es\/firmas-de-abogados\/"]}]},{"@type":"BreadcrumbList","@id":"https:\/\/baritech.com\/es\/firmas-de-abogados\/#breadcrumb","itemListElement":[{"@type":"ListItem","position":1,"name":"Home","item":"https:\/\/baritech.com\/es\/home-page\/"},{"@type":"ListItem","position":2,"name":"Firmas de Abogados"}]},{"@type":"WebSite","@id":"https:\/\/baritech.com\/es\/#website","url":"https:\/\/baritech.com\/es\/","name":"Baritech","description":"We Manage Your IT, so You Can Manage Your Business","publisher":{"@id":"https:\/\/baritech.com\/es\/#organization"},"potentialAction":[{"@type":"SearchAction","target":{"@type":"EntryPoint","urlTemplate":"https:\/\/baritech.com\/es\/?s={search_term_string}"},"query-input":{"@type":"PropertyValueSpecification","valueRequired":true,"valueName":"search_term_string"}}],"inLanguage":"es"},{"@type":"Organization","@id":"https:\/\/baritech.com\/es\/#organization","name":"Baritech","url":"https:\/\/baritech.com\/es\/","logo":{"@type":"ImageObject","inLanguage":"es","@id":"https:\/\/baritech.com\/es\/#\/schema\/logo\/image\/","url":"https:\/\/baritech.com\/wp-content\/uploads\/2025\/03\/BaritechLogo-300x59-1.png","contentUrl":"https:\/\/baritech.com\/wp-content\/uploads\/2025\/03\/BaritechLogo-300x59-1.png","width":300,"height":59,"caption":"Baritech"},"image":{"@id":"https:\/\/baritech.com\/es\/#\/schema\/logo\/image\/"},"sameAs":["https:\/\/www.facebook.com\/baritech.la\/","https:\/\/x.com\/baritechinfo","https:\/\/www.linkedin.com\/company\/baritechmsp","https:\/\/www.youtube.com\/@BaritechMSP"]}]}},"_links":{"self":[{"href":"https:\/\/baritech.com\/es\/wp-json\/wp\/v2\/pages\/6365","targetHints":{"allow":["GET"]}}],"collection":[{"href":"https:\/\/baritech.com\/es\/wp-json\/wp\/v2\/pages"}],"about":[{"href":"https:\/\/baritech.com\/es\/wp-json\/wp\/v2\/types\/page"}],"author":[{"embeddable":true,"href":"https:\/\/baritech.com\/es\/wp-json\/wp\/v2\/users\/1"}],"replies":[{"embeddable":true,"href":"https:\/\/baritech.com\/es\/wp-json\/wp\/v2\/comments?post=6365"}],"version-history":[{"count":5,"href":"https:\/\/baritech.com\/es\/wp-json\/wp\/v2\/pages\/6365\/revisions"}],"predecessor-version":[{"id":6992,"href":"https:\/\/baritech.com\/es\/wp-json\/wp\/v2\/pages\/6365\/revisions\/6992"}],"wp:attachment":[{"href":"https:\/\/baritech.com\/es\/wp-json\/wp\/v2\/media?parent=6365"}],"curies":[{"name":"wp","href":"https:\/\/api.w.org\/{rel}","templated":true}]}}