{"id":6356,"date":"2025-08-10T19:37:25","date_gmt":"2025-08-10T19:37:25","guid":{"rendered":"https:\/\/baritech.com\/infraestructura-como-servicio-iaas\/"},"modified":"2025-10-28T00:42:43","modified_gmt":"2025-10-28T00:42:43","slug":"infraestructura-como-servicio-iaas","status":"publish","type":"page","link":"https:\/\/baritech.com\/es\/infraestructura-como-servicio-iaas\/","title":{"rendered":"Infraestructura como Servicio (IaaS)"},"content":{"rendered":"\t\t<div data-elementor-type=\"wp-page\" data-elementor-id=\"6356\" class=\"elementor elementor-6356 elementor-4680\" data-elementor-post-type=\"page\">\n\t\t\t\t<div class=\"elementor-element elementor-element-df19664 e-flex e-con-boxed e-con e-parent\" data-id=\"df19664\" data-element_type=\"container\" data-e-type=\"container\">\n\t\t\t\t\t<div class=\"e-con-inner\">\n\t\t\t\t<div class=\"elementor-element elementor-element-dc7decc elementor--h-position-right elementor--v-position-bottom elementor-arrows-position-inside elementor-pagination-position-inside elementor-widget elementor-widget-slides\" data-id=\"dc7decc\" data-element_type=\"widget\" data-e-type=\"widget\" data-settings=\"{&quot;navigation&quot;:&quot;both&quot;,&quot;autoplay&quot;:&quot;yes&quot;,&quot;pause_on_hover&quot;:&quot;yes&quot;,&quot;pause_on_interaction&quot;:&quot;yes&quot;,&quot;autoplay_speed&quot;:5000,&quot;infinite&quot;:&quot;yes&quot;,&quot;transition&quot;:&quot;slide&quot;,&quot;transition_speed&quot;:500}\" data-widget_type=\"slides.default\">\n\t\t\t\t<div class=\"elementor-widget-container\">\n\t\t\t\t\t\t\t\t\t<div class=\"elementor-swiper\">\n\t\t\t\t\t<div class=\"elementor-slides-wrapper elementor-main-swiper swiper\" role=\"region\" aria-roledescription=\"carousel\" aria-label=\"Slides\" dir=\"ltr\" data-animation=\"fadeInUp\">\n\t\t\t\t<div class=\"swiper-wrapper elementor-slides\">\n\t\t\t\t\t\t\t\t\t\t<div class=\"elementor-repeater-item-5053edd swiper-slide\" role=\"group\" aria-roledescription=\"slide\"><div class=\"swiper-slide-bg elementor-ken-burns elementor-ken-burns--in\" role=\"img\" aria-label=\"Infraestructura como Servicio Servicios en la Nube Servicios de IT Soluciones de IT\"><\/div><a class=\"swiper-slide-inner\" href=\"#elementor-action%3Aaction%3Dpopup%3Aopen%26settings%3DeyJpZCI6IjY4MDciLCJ0b2dnbGUiOmZhbHNlfQ%3D%3D\"><div class=\"swiper-slide-contents\"><div class=\"elementor-slide-heading\">Infraestructura como Servicio (IaaS)<\/div><div  class=\"elementor-button elementor-slide-button elementor-size-sm\">SOLICITE UNA CONSULTA GRATUITA<\/div><\/div><\/a><\/div>\t\t\t\t<\/div>\n\t\t\t\t\t\t\t<\/div>\n\t\t\t\t<\/div>\n\t\t\t\t\t\t\t\t<\/div>\n\t\t\t\t<\/div>\n\t\t\t\t\t<\/div>\n\t\t\t\t<\/div>\n\t\t<div class=\"elementor-element elementor-element-a1b991e e-flex e-con-boxed e-con e-parent\" data-id=\"a1b991e\" data-element_type=\"container\" data-e-type=\"container\">\n\t\t\t\t\t<div class=\"e-con-inner\">\n\t\t<div class=\"elementor-element elementor-element-8efd047 e-con-full e-flex e-con e-child\" data-id=\"8efd047\" data-element_type=\"container\" data-e-type=\"container\">\n\t\t\t\t<div class=\"elementor-element elementor-element-747663d elementor-widget elementor-widget-heading\" data-id=\"747663d\" data-element_type=\"widget\" data-e-type=\"widget\" data-widget_type=\"heading.default\">\n\t\t\t\t<div class=\"elementor-widget-container\">\n\t\t\t\t\t<h2 class=\"elementor-heading-title elementor-size-default\">Infraestructura como Servicio (IaaS)<br>\n  <br>Infraestructura de IT flexible, escalable y rentable\n<\/h2>\t\t\t\t<\/div>\n\t\t\t\t<\/div>\n\t\t\t\t<div class=\"elementor-element elementor-element-4a81a90 elementor-widget elementor-widget-text-editor\" data-id=\"4a81a90\" data-element_type=\"widget\" data-e-type=\"widget\" data-widget_type=\"text-editor.default\">\n\t\t\t\t<div class=\"elementor-widget-container\">\n\t\t\t\t\t\t\t\t\t<p data-start=\"230\" data-end=\"528\">Deje de preocuparse por el costoso hardware, las actualizaciones complejas y los tiempos de inactividad impredecibles. Con la Infraestructura como Servicio (IaaS) de Baritech, puede acceder a recursos inform\u00e1ticos de nivel empresarial \u2014servidores, almacenamiento y redes\u2014 todo entregado a trav\u00e9s de la nube y adaptado a las necesidades de su negocio. <\/p><p data-start=\"530\" data-end=\"887\">Nuestras soluciones de IaaS le permiten escalar su infraestructura al instante, pagando solo por los recursos que utiliza. Ya sea que ejecute aplicaciones, aloje sitios web, administre bases de datos o brinde soporte a equipos remotos, nuestra infraestructura basada en la nube le ofrece la potencia, velocidad y seguridad que sus operaciones requieren, sin la carga de mantener equipos f\u00edsicos. <\/p>\t\t\t\t\t\t\t\t<\/div>\n\t\t\t\t<\/div>\n\t\t\t\t<\/div>\n\t\t\t\t\t<\/div>\n\t\t\t\t<\/div>\n\t\t<div class=\"elementor-element elementor-element-9fec406 e-flex e-con-boxed e-con e-parent\" data-id=\"9fec406\" data-element_type=\"container\" data-e-type=\"container\" data-settings=\"{&quot;background_background&quot;:&quot;gradient&quot;}\">\n\t\t\t\t\t<div class=\"e-con-inner\">\n\t\t\t\t<div class=\"elementor-element elementor-element-5f1049b elementor-widget elementor-widget-heading\" data-id=\"5f1049b\" data-element_type=\"widget\" data-e-type=\"widget\" data-widget_type=\"heading.default\">\n\t\t\t\t<div class=\"elementor-widget-container\">\n\t\t\t\t\t<h2 class=\"elementor-heading-title elementor-size-default\">\u00bfPor qu\u00e9 elegir IaaS de BARITECH?<\/h2>\t\t\t\t<\/div>\n\t\t\t\t<\/div>\n\t\t<div class=\"elementor-element elementor-element-8da8487 e-grid e-con-full e-con e-child\" data-id=\"8da8487\" data-element_type=\"container\" data-e-type=\"container\">\n\t\t\t\t<div class=\"elementor-element elementor-element-a83a06c elementor-widget elementor-widget-text-editor\" data-id=\"a83a06c\" data-element_type=\"widget\" data-e-type=\"widget\" data-widget_type=\"text-editor.default\">\n\t\t\t\t<div class=\"elementor-widget-container\">\n\t\t\t\t\t\t\t\t\t<p>\ud83d\udd37 <strong data-start=\"938\" data-end=\"963\">Escalabilidad bajo demanda<\/strong> \u2013 Aumente o disminuya la capacidad de c\u00f3mputo, almacenamiento y ancho de banda al instante para adaptarse a la carga de trabajo de su negocio.<\/p><p>\ud83d\udd37 <strong data-start=\"1075\" data-end=\"1091\">Ahorro de costos<\/strong> \u2013 Elimine los grandes gastos de capital en servidores y equipos de red; pague solo por lo que necesita.<\/p><p>\ud83d\udd37 <strong data-start=\"1197\" data-end=\"1218\">Seguridad mejorada<\/strong> \u2013 Protecci\u00f3n de datos a nivel empresarial con cifrado, firewalls y cumplimiento con normas como HIPAA, NIST y GDPR.<\/p><p>\ud83d\udd37 <strong data-start=\"1345\" data-end=\"1368\">Continuidad del Negocio<\/strong> \u2013 Opciones de alojamiento georredundante y recuperaci\u00f3n ante desastres para garantizar el m\u00e1ximo tiempo de actividad.<\/p><p>\ud83d\udd37 <strong data-start=\"1454\" data-end=\"1474\">Implementaci\u00f3n R\u00e1pida<\/strong> \u2013 Inicie servidores virtuales y recursos en minutos, no en semanas.<\/p><p>\ud83d\udd37 Monitoreo y Soporte 24\/7 \u2013 Gesti\u00f3n proactiva para mantener su infraestructura segura y optimizada.<\/p>\t\t\t\t\t\t\t\t<\/div>\n\t\t\t\t<\/div>\n\t\t\t\t<\/div>\n\t\t\t\t\t<\/div>\n\t\t\t\t<\/div>\n\t\t<div class=\"elementor-element elementor-element-9a5b44b e-flex e-con-boxed e-con e-parent\" data-id=\"9a5b44b\" data-element_type=\"container\" data-e-type=\"container\">\n\t\t\t\t\t<div class=\"e-con-inner\">\n\t\t<div class=\"elementor-element elementor-element-94de5a3 e-grid e-con-full e-con e-child\" data-id=\"94de5a3\" data-element_type=\"container\" data-e-type=\"container\">\n\t\t\t\t<div class=\"elementor-element elementor-element-178cf86 elementor-widget elementor-widget-image\" data-id=\"178cf86\" data-element_type=\"widget\" data-e-type=\"widget\" data-widget_type=\"image.default\">\n\t\t\t\t<div class=\"elementor-widget-container\">\n\t\t\t\t\t\t\t\t\t\t\t\t\t\t\t<img fetchpriority=\"high\" decoding=\"async\" width=\"800\" height=\"494\" src=\"https:\/\/baritech.com\/wp-content\/uploads\/2025\/08\/Infrastructure-as-a-Service-Cloud-Services-IT-Services-IT-Solutions-Backup-Services-IT-Procurement.jpg\" class=\"attachment-large size-large wp-image-5757\" alt=\"\" srcset=\"https:\/\/baritech.com\/wp-content\/uploads\/2025\/08\/Infrastructure-as-a-Service-Cloud-Services-IT-Services-IT-Solutions-Backup-Services-IT-Procurement.jpg 955w, https:\/\/baritech.com\/wp-content\/uploads\/2025\/08\/Infrastructure-as-a-Service-Cloud-Services-IT-Services-IT-Solutions-Backup-Services-IT-Procurement-300x185.jpg 300w, https:\/\/baritech.com\/wp-content\/uploads\/2025\/08\/Infrastructure-as-a-Service-Cloud-Services-IT-Services-IT-Solutions-Backup-Services-IT-Procurement-768x474.jpg 768w\" sizes=\"(max-width: 800px) 100vw, 800px\" \/>\t\t\t\t\t\t\t\t\t\t\t\t\t\t\t<\/div>\n\t\t\t\t<\/div>\n\t\t\t\t<div class=\"elementor-element elementor-element-eb68e82 elementor-widget elementor-widget-text-editor\" data-id=\"eb68e82\" data-element_type=\"widget\" data-e-type=\"widget\" data-widget_type=\"text-editor.default\">\n\t\t\t\t<div class=\"elementor-widget-container\">\n\t\t\t\t\t\t\t\t\t<h4 style=\"color: #12bfe9;\" data-start=\"829\" data-end=\"850\"><data-start=\"833\" data-end=\"850\">Casos de Uso Ideales para IaaS<\/h4>\n<p data-start=\"1691\" data-end=\"1744\">\ud83d\udd37 Alojamiento de aplicaciones y bases de datos cr\u00edticas para el negocio<\/p>\n<p data-start=\"1747\" data-end=\"1817\">\ud83d\udd37 Ejecuci\u00f3n de entornos de desarrollo y prueba sin necesidad de comprar hardware<\/p>\n<p data-start=\"1820\" data-end=\"1887\">\ud83d\udd37 Soporte para equipos de trabajo remotos con infraestructura segura y escalable<\/p>\n<p data-start=\"1890\" data-end=\"1965\">\ud83d\udd37Expansi\u00f3n r\u00e1pida de las capacidades de IT durante picos estacionales o proyectos espec\u00edficos<\/p>\n<p data-start=\"1968\" data-end=\"2035\">\ud83d\udd37 Implementaci\u00f3n de estrategias de recuperaci\u00f3n ante desastres y continuidad del negocio<\/p>\t\t\t\t\t\t\t\t<\/div>\n\t\t\t\t<\/div>\n\t\t\t\t<\/div>\n\t\t\t\t\t<\/div>\n\t\t\t\t<\/div>\n\t\t<div class=\"elementor-element elementor-element-c4f58f5 e-flex e-con-boxed e-con e-parent\" data-id=\"c4f58f5\" data-element_type=\"container\" data-e-type=\"container\" data-settings=\"{&quot;background_background&quot;:&quot;gradient&quot;}\">\n\t\t\t\t\t<div class=\"e-con-inner\">\n\t\t\t\t<div class=\"elementor-element elementor-element-e63b504 elementor-widget elementor-widget-heading\" data-id=\"e63b504\" data-element_type=\"widget\" data-e-type=\"widget\" data-widget_type=\"heading.default\">\n\t\t\t\t<div class=\"elementor-widget-container\">\n\t\t\t\t\t<h2 class=\"elementor-heading-title elementor-size-default\">Potencie su Negocio con la Nube<\/h2>\t\t\t\t<\/div>\n\t\t\t\t<\/div>\n\t\t\t\t<div class=\"elementor-element elementor-element-d1ba18e elementor-widget elementor-widget-text-editor\" data-id=\"d1ba18e\" data-element_type=\"widget\" data-e-type=\"widget\" data-widget_type=\"text-editor.default\">\n\t\t\t\t<div class=\"elementor-widget-container\">\n\t\t\t\t\t\t\t\t\t<p data-start=\"2042\" data-end=\"2263\">Con Baritech IaaS, obtiene la flexibilidad para innovar m\u00e1s r\u00e1pido, escalar de manera m\u00e1s inteligente y operar con mayor eficiencia, manteniendo sus costos predecibles y sus sistemas seguros.<\/p><p data-start=\"2265\" data-end=\"2439\">Cont\u00e1ctenos para explorar todo nuestro portafolio de Servicios en la Nube y descubra c\u00f3mo nuestra Infraestructura como Servicio (IaaS) puede transformar las operaciones de su negocio.<\/p>\t\t\t\t\t\t\t\t<\/div>\n\t\t\t\t<\/div>\n\t\t\t\t\t<\/div>\n\t\t\t\t<\/div>\n\t\t<div class=\"elementor-element elementor-element-cc53ddb e-flex e-con-boxed e-con e-parent\" data-id=\"cc53ddb\" data-element_type=\"container\" data-e-type=\"container\">\n\t\t\t\t\t<div class=\"e-con-inner\">\n\t\t\t\t<div class=\"elementor-element elementor-element-7cadaad elementor-align-center elementor-widget elementor-widget-button\" data-id=\"7cadaad\" data-element_type=\"widget\" data-e-type=\"widget\" data-widget_type=\"button.default\">\n\t\t\t\t<div class=\"elementor-widget-container\">\n\t\t\t\t\t\t\t\t\t<div class=\"elementor-button-wrapper\">\n\t\t\t\t\t<a class=\"elementor-button elementor-button-link elementor-size-sm\" href=\"#elementor-action%3Aaction%3Dpopup%3Aopen%26settings%3DeyJpZCI6NjgwNywidG9nZ2xlIjpmYWxzZX0%3D\">\n\t\t\t\t\t\t<span class=\"elementor-button-content-wrapper\">\n\t\t\t\t\t\t\t\t\t<span class=\"elementor-button-text\">SOLICITE UNA CONSULTA GRATUITA<\/span>\n\t\t\t\t\t<\/span>\n\t\t\t\t\t<\/a>\n\t\t\t\t<\/div>\n\t\t\t\t\t\t\t\t<\/div>\n\t\t\t\t<\/div>\n\t\t\t\t<div class=\"elementor-element elementor-element-105d6fa elementor-widget elementor-widget-spacer\" data-id=\"105d6fa\" data-element_type=\"widget\" data-e-type=\"widget\" data-widget_type=\"spacer.default\">\n\t\t\t\t<div class=\"elementor-widget-container\">\n\t\t\t\t\t\t\t<div class=\"elementor-spacer\">\n\t\t\t<div class=\"elementor-spacer-inner\"><\/div>\n\t\t<\/div>\n\t\t\t\t\t\t<\/div>\n\t\t\t\t<\/div>\n\t\t\t\t\t<\/div>\n\t\t\t\t<\/div>\n\t\t\t\t<\/div>\n\t\t","protected":false},"excerpt":{"rendered":"<p>Infraestructura como Servicio (IaaS)SOLICITE UNA CONSULTA GRATUITA Infraestructura como Servicio (IaaS) Infraestructura de IT flexible, escalable y rentable Deje de preocuparse por el costoso hardware, las actualizaciones complejas y los tiempos de inactividad impredecibles. Con la Infraestructura como Servicio (IaaS) de Baritech, puede acceder a recursos inform\u00e1ticos de nivel empresarial \u2014servidores, almacenamiento y redes\u2014 todo [&hellip;]<\/p>\n","protected":false},"author":1,"featured_media":0,"parent":0,"menu_order":0,"comment_status":"closed","ping_status":"closed","template":"","meta":{"footnotes":""},"class_list":["post-6356","page","type-page","status-publish","hentry"],"yoast_head":"<!-- This site is optimized with the Yoast SEO plugin v27.0 - https:\/\/yoast.com\/product\/yoast-seo-wordpress\/ -->\n<title>Infraestructura como Servicio (IaaS) - Baritech<\/title>\n<meta name=\"robots\" content=\"index, follow, max-snippet:-1, max-image-preview:large, max-video-preview:-1\" \/>\n<link rel=\"canonical\" href=\"https:\/\/baritech.com\/es\/infraestructura-como-servicio-iaas\/\" \/>\n<meta property=\"og:locale\" content=\"es_ES\" \/>\n<meta property=\"og:type\" content=\"article\" \/>\n<meta property=\"og:title\" content=\"Infraestructura como Servicio (IaaS) - Baritech\" \/>\n<meta property=\"og:description\" content=\"Infraestructura como Servicio (IaaS)SOLICITE UNA CONSULTA GRATUITA Infraestructura como Servicio (IaaS) Infraestructura de IT flexible, escalable y rentable Deje de preocuparse por el costoso hardware, las actualizaciones complejas y los tiempos de inactividad impredecibles. Con la Infraestructura como Servicio (IaaS) de Baritech, puede acceder a recursos inform\u00e1ticos de nivel empresarial \u2014servidores, almacenamiento y redes\u2014 todo [&hellip;]\" \/>\n<meta property=\"og:url\" content=\"https:\/\/baritech.com\/es\/infraestructura-como-servicio-iaas\/\" \/>\n<meta property=\"og:site_name\" content=\"Baritech\" \/>\n<meta property=\"article:publisher\" content=\"https:\/\/www.facebook.com\/baritech.la\/\" \/>\n<meta property=\"article:modified_time\" content=\"2025-10-28T00:42:43+00:00\" \/>\n<meta property=\"og:image\" content=\"https:\/\/baritech.com\/wp-content\/uploads\/2025\/08\/Infrastructure-as-a-Service-Cloud-Services-IT-Services-IT-Solutions-Backup-Services-IT-Procurement.jpg\" \/>\n\t<meta property=\"og:image:width\" content=\"955\" \/>\n\t<meta property=\"og:image:height\" content=\"590\" \/>\n\t<meta property=\"og:image:type\" content=\"image\/jpeg\" \/>\n<meta name=\"twitter:card\" content=\"summary_large_image\" \/>\n<meta name=\"twitter:site\" content=\"@baritechinfo\" \/>\n<meta name=\"twitter:label1\" content=\"Tiempo de lectura\" \/>\n\t<meta name=\"twitter:data1\" content=\"2 minutos\" \/>\n<script type=\"application\/ld+json\" class=\"yoast-schema-graph\">{\"@context\":\"https:\/\/schema.org\",\"@graph\":[{\"@type\":\"WebPage\",\"@id\":\"https:\/\/baritech.com\/es\/infraestructura-como-servicio-iaas\/\",\"url\":\"https:\/\/baritech.com\/es\/infraestructura-como-servicio-iaas\/\",\"name\":\"Infraestructura como Servicio (IaaS) - Baritech\",\"isPartOf\":{\"@id\":\"https:\/\/baritech.com\/es\/#website\"},\"primaryImageOfPage\":{\"@id\":\"https:\/\/baritech.com\/es\/infraestructura-como-servicio-iaas\/#primaryimage\"},\"image\":{\"@id\":\"https:\/\/baritech.com\/es\/infraestructura-como-servicio-iaas\/#primaryimage\"},\"thumbnailUrl\":\"https:\/\/baritech.com\/wp-content\/uploads\/2025\/08\/Infrastructure-as-a-Service-Cloud-Services-IT-Services-IT-Solutions-Backup-Services-IT-Procurement.jpg\",\"datePublished\":\"2025-08-10T19:37:25+00:00\",\"dateModified\":\"2025-10-28T00:42:43+00:00\",\"breadcrumb\":{\"@id\":\"https:\/\/baritech.com\/es\/infraestructura-como-servicio-iaas\/#breadcrumb\"},\"inLanguage\":\"es\",\"potentialAction\":[{\"@type\":\"ReadAction\",\"target\":[\"https:\/\/baritech.com\/es\/infraestructura-como-servicio-iaas\/\"]}]},{\"@type\":\"ImageObject\",\"inLanguage\":\"es\",\"@id\":\"https:\/\/baritech.com\/es\/infraestructura-como-servicio-iaas\/#primaryimage\",\"url\":\"https:\/\/baritech.com\/wp-content\/uploads\/2025\/08\/Infrastructure-as-a-Service-Cloud-Services-IT-Services-IT-Solutions-Backup-Services-IT-Procurement.jpg\",\"contentUrl\":\"https:\/\/baritech.com\/wp-content\/uploads\/2025\/08\/Infrastructure-as-a-Service-Cloud-Services-IT-Services-IT-Solutions-Backup-Services-IT-Procurement.jpg\"},{\"@type\":\"BreadcrumbList\",\"@id\":\"https:\/\/baritech.com\/es\/infraestructura-como-servicio-iaas\/#breadcrumb\",\"itemListElement\":[{\"@type\":\"ListItem\",\"position\":1,\"name\":\"Home\",\"item\":\"https:\/\/baritech.com\/es\/home-page\/\"},{\"@type\":\"ListItem\",\"position\":2,\"name\":\"Infraestructura como Servicio (IaaS)\"}]},{\"@type\":\"WebSite\",\"@id\":\"https:\/\/baritech.com\/es\/#website\",\"url\":\"https:\/\/baritech.com\/es\/\",\"name\":\"Baritech\",\"description\":\"We Manage Your IT, so You Can Manage Your Business\",\"publisher\":{\"@id\":\"https:\/\/baritech.com\/es\/#organization\"},\"potentialAction\":[{\"@type\":\"SearchAction\",\"target\":{\"@type\":\"EntryPoint\",\"urlTemplate\":\"https:\/\/baritech.com\/es\/?s={search_term_string}\"},\"query-input\":{\"@type\":\"PropertyValueSpecification\",\"valueRequired\":true,\"valueName\":\"search_term_string\"}}],\"inLanguage\":\"es\"},{\"@type\":\"Organization\",\"@id\":\"https:\/\/baritech.com\/es\/#organization\",\"name\":\"Baritech\",\"url\":\"https:\/\/baritech.com\/es\/\",\"logo\":{\"@type\":\"ImageObject\",\"inLanguage\":\"es\",\"@id\":\"https:\/\/baritech.com\/es\/#\/schema\/logo\/image\/\",\"url\":\"https:\/\/baritech.com\/wp-content\/uploads\/2025\/03\/BaritechLogo-300x59-1.png\",\"contentUrl\":\"https:\/\/baritech.com\/wp-content\/uploads\/2025\/03\/BaritechLogo-300x59-1.png\",\"width\":300,\"height\":59,\"caption\":\"Baritech\"},\"image\":{\"@id\":\"https:\/\/baritech.com\/es\/#\/schema\/logo\/image\/\"},\"sameAs\":[\"https:\/\/www.facebook.com\/baritech.la\/\",\"https:\/\/x.com\/baritechinfo\",\"https:\/\/www.linkedin.com\/company\/baritechmsp\",\"https:\/\/www.youtube.com\/@BaritechMSP\"]}]}<\/script>\n<!-- \/ Yoast SEO plugin. -->","yoast_head_json":{"title":"Infraestructura como Servicio (IaaS) - Baritech","robots":{"index":"index","follow":"follow","max-snippet":"max-snippet:-1","max-image-preview":"max-image-preview:large","max-video-preview":"max-video-preview:-1"},"canonical":"https:\/\/baritech.com\/es\/infraestructura-como-servicio-iaas\/","og_locale":"es_ES","og_type":"article","og_title":"Infraestructura como Servicio (IaaS) - Baritech","og_description":"Infraestructura como Servicio (IaaS)SOLICITE UNA CONSULTA GRATUITA Infraestructura como Servicio (IaaS) Infraestructura de IT flexible, escalable y rentable Deje de preocuparse por el costoso hardware, las actualizaciones complejas y los tiempos de inactividad impredecibles. Con la Infraestructura como Servicio (IaaS) de Baritech, puede acceder a recursos inform\u00e1ticos de nivel empresarial \u2014servidores, almacenamiento y redes\u2014 todo [&hellip;]","og_url":"https:\/\/baritech.com\/es\/infraestructura-como-servicio-iaas\/","og_site_name":"Baritech","article_publisher":"https:\/\/www.facebook.com\/baritech.la\/","article_modified_time":"2025-10-28T00:42:43+00:00","og_image":[{"width":955,"height":590,"url":"https:\/\/baritech.com\/wp-content\/uploads\/2025\/08\/Infrastructure-as-a-Service-Cloud-Services-IT-Services-IT-Solutions-Backup-Services-IT-Procurement.jpg","type":"image\/jpeg"}],"twitter_card":"summary_large_image","twitter_site":"@baritechinfo","twitter_misc":{"Tiempo de lectura":"2 minutos"},"schema":{"@context":"https:\/\/schema.org","@graph":[{"@type":"WebPage","@id":"https:\/\/baritech.com\/es\/infraestructura-como-servicio-iaas\/","url":"https:\/\/baritech.com\/es\/infraestructura-como-servicio-iaas\/","name":"Infraestructura como Servicio (IaaS) - Baritech","isPartOf":{"@id":"https:\/\/baritech.com\/es\/#website"},"primaryImageOfPage":{"@id":"https:\/\/baritech.com\/es\/infraestructura-como-servicio-iaas\/#primaryimage"},"image":{"@id":"https:\/\/baritech.com\/es\/infraestructura-como-servicio-iaas\/#primaryimage"},"thumbnailUrl":"https:\/\/baritech.com\/wp-content\/uploads\/2025\/08\/Infrastructure-as-a-Service-Cloud-Services-IT-Services-IT-Solutions-Backup-Services-IT-Procurement.jpg","datePublished":"2025-08-10T19:37:25+00:00","dateModified":"2025-10-28T00:42:43+00:00","breadcrumb":{"@id":"https:\/\/baritech.com\/es\/infraestructura-como-servicio-iaas\/#breadcrumb"},"inLanguage":"es","potentialAction":[{"@type":"ReadAction","target":["https:\/\/baritech.com\/es\/infraestructura-como-servicio-iaas\/"]}]},{"@type":"ImageObject","inLanguage":"es","@id":"https:\/\/baritech.com\/es\/infraestructura-como-servicio-iaas\/#primaryimage","url":"https:\/\/baritech.com\/wp-content\/uploads\/2025\/08\/Infrastructure-as-a-Service-Cloud-Services-IT-Services-IT-Solutions-Backup-Services-IT-Procurement.jpg","contentUrl":"https:\/\/baritech.com\/wp-content\/uploads\/2025\/08\/Infrastructure-as-a-Service-Cloud-Services-IT-Services-IT-Solutions-Backup-Services-IT-Procurement.jpg"},{"@type":"BreadcrumbList","@id":"https:\/\/baritech.com\/es\/infraestructura-como-servicio-iaas\/#breadcrumb","itemListElement":[{"@type":"ListItem","position":1,"name":"Home","item":"https:\/\/baritech.com\/es\/home-page\/"},{"@type":"ListItem","position":2,"name":"Infraestructura como Servicio (IaaS)"}]},{"@type":"WebSite","@id":"https:\/\/baritech.com\/es\/#website","url":"https:\/\/baritech.com\/es\/","name":"Baritech","description":"We Manage Your IT, so You Can Manage Your Business","publisher":{"@id":"https:\/\/baritech.com\/es\/#organization"},"potentialAction":[{"@type":"SearchAction","target":{"@type":"EntryPoint","urlTemplate":"https:\/\/baritech.com\/es\/?s={search_term_string}"},"query-input":{"@type":"PropertyValueSpecification","valueRequired":true,"valueName":"search_term_string"}}],"inLanguage":"es"},{"@type":"Organization","@id":"https:\/\/baritech.com\/es\/#organization","name":"Baritech","url":"https:\/\/baritech.com\/es\/","logo":{"@type":"ImageObject","inLanguage":"es","@id":"https:\/\/baritech.com\/es\/#\/schema\/logo\/image\/","url":"https:\/\/baritech.com\/wp-content\/uploads\/2025\/03\/BaritechLogo-300x59-1.png","contentUrl":"https:\/\/baritech.com\/wp-content\/uploads\/2025\/03\/BaritechLogo-300x59-1.png","width":300,"height":59,"caption":"Baritech"},"image":{"@id":"https:\/\/baritech.com\/es\/#\/schema\/logo\/image\/"},"sameAs":["https:\/\/www.facebook.com\/baritech.la\/","https:\/\/x.com\/baritechinfo","https:\/\/www.linkedin.com\/company\/baritechmsp","https:\/\/www.youtube.com\/@BaritechMSP"]}]}},"_links":{"self":[{"href":"https:\/\/baritech.com\/es\/wp-json\/wp\/v2\/pages\/6356","targetHints":{"allow":["GET"]}}],"collection":[{"href":"https:\/\/baritech.com\/es\/wp-json\/wp\/v2\/pages"}],"about":[{"href":"https:\/\/baritech.com\/es\/wp-json\/wp\/v2\/types\/page"}],"author":[{"embeddable":true,"href":"https:\/\/baritech.com\/es\/wp-json\/wp\/v2\/users\/1"}],"replies":[{"embeddable":true,"href":"https:\/\/baritech.com\/es\/wp-json\/wp\/v2\/comments?post=6356"}],"version-history":[{"count":3,"href":"https:\/\/baritech.com\/es\/wp-json\/wp\/v2\/pages\/6356\/revisions"}],"predecessor-version":[{"id":6951,"href":"https:\/\/baritech.com\/es\/wp-json\/wp\/v2\/pages\/6356\/revisions\/6951"}],"wp:attachment":[{"href":"https:\/\/baritech.com\/es\/wp-json\/wp\/v2\/media?parent=6356"}],"curies":[{"name":"wp","href":"https:\/\/api.w.org\/{rel}","templated":true}]}}