{"id":6348,"date":"2025-04-10T17:28:56","date_gmt":"2025-04-10T17:28:56","guid":{"rendered":"https:\/\/baritech.com\/contabilidad-finanzas-impuestos-y-companias-de-seguros\/"},"modified":"2025-10-28T00:56:14","modified_gmt":"2025-10-28T00:56:14","slug":"contabilidad-finanzas-impuestos-y-companias-de-seguros","status":"publish","type":"page","link":"https:\/\/baritech.com\/es\/contabilidad-finanzas-impuestos-y-companias-de-seguros\/","title":{"rendered":"Contabilidad, Finanzas, Impuestos y Oficinas de Seguros"},"content":{"rendered":"\t\t<div data-elementor-type=\"wp-page\" data-elementor-id=\"6348\" class=\"elementor elementor-6348 elementor-886\" data-elementor-post-type=\"page\">\n\t\t\t\t<div class=\"elementor-element elementor-element-88a964c e-flex e-con-boxed e-con e-parent\" data-id=\"88a964c\" data-element_type=\"container\" data-e-type=\"container\">\n\t\t\t\t\t<div class=\"e-con-inner\">\n\t\t\t\t<div class=\"elementor-element elementor-element-80b266d elementor--v-position-bottom elementor--h-position-center elementor-arrows-position-inside elementor-pagination-position-inside elementor-widget elementor-widget-slides\" data-id=\"80b266d\" data-element_type=\"widget\" data-e-type=\"widget\" data-settings=\"{&quot;navigation&quot;:&quot;both&quot;,&quot;autoplay&quot;:&quot;yes&quot;,&quot;pause_on_hover&quot;:&quot;yes&quot;,&quot;pause_on_interaction&quot;:&quot;yes&quot;,&quot;autoplay_speed&quot;:5000,&quot;infinite&quot;:&quot;yes&quot;,&quot;transition&quot;:&quot;slide&quot;,&quot;transition_speed&quot;:500}\" data-widget_type=\"slides.default\">\n\t\t\t\t<div class=\"elementor-widget-container\">\n\t\t\t\t\t\t\t\t\t<div class=\"elementor-swiper\">\n\t\t\t\t\t<div class=\"elementor-slides-wrapper elementor-main-swiper swiper\" role=\"region\" aria-roledescription=\"carousel\" aria-label=\"Slides\" dir=\"ltr\" data-animation=\"fadeInUp\">\n\t\t\t\t<div class=\"swiper-wrapper elementor-slides\">\n\t\t\t\t\t\t\t\t\t\t<div class=\"elementor-repeater-item-4c80f48 swiper-slide\" role=\"group\" aria-roledescription=\"slide\"><div class=\"swiper-slide-bg elementor-ken-burns elementor-ken-burns--in\" role=\"img\" aria-label=\"Soluciones de IT Servicios de Telecomunicaciones Contabilidad Impuestos Finanzas Servicios en la Nube Cumplimiento HIPAA\"><\/div><div class=\"elementor-background-overlay\"><\/div><a class=\"swiper-slide-inner\" href=\"#elementor-action%3Aaction%3Dpopup%3Aopen%26settings%3DeyJpZCI6IjY4MDciLCJ0b2dnbGUiOmZhbHNlfQ%3D%3D\"><div class=\"swiper-slide-contents\"><div class=\"elementor-slide-heading\">Contabilidad, Finanzas, Impuestos y Compa\u00f1\u00edas de Seguros<\/div><div  class=\"elementor-button elementor-slide-button elementor-size-sm\">SOLICITE UNA CONSULTA GRATUITA<\/div><\/div><\/a><\/div>\t\t\t\t<\/div>\n\t\t\t\t\t\t\t<\/div>\n\t\t\t\t<\/div>\n\t\t\t\t\t\t\t\t<\/div>\n\t\t\t\t<\/div>\n\t\t\t\t\t<\/div>\n\t\t\t\t<\/div>\n\t\t<div class=\"elementor-element elementor-element-edceb9a e-flex e-con-boxed e-con e-parent\" data-id=\"edceb9a\" data-element_type=\"container\" data-e-type=\"container\">\n\t\t\t\t\t<div class=\"e-con-inner\">\n\t\t\t\t<div class=\"elementor-element elementor-element-a71e8de elementor-widget elementor-widget-heading\" data-id=\"a71e8de\" data-element_type=\"widget\" data-e-type=\"widget\" data-widget_type=\"heading.default\">\n\t\t\t\t<div class=\"elementor-widget-container\">\n\t\t\t\t\t<h2 class=\"elementor-heading-title elementor-size-default\">Soluciones Tecnol\u00f3gicas para<br><br>Profesionales de Contabilidad, Finanzas y Seguros<\/h2>\t\t\t\t<\/div>\n\t\t\t\t<\/div>\n\t\t\t\t<div class=\"elementor-element elementor-element-452fde6 elementor-widget elementor-widget-text-editor\" data-id=\"452fde6\" data-element_type=\"widget\" data-e-type=\"widget\" data-widget_type=\"text-editor.default\">\n\t\t\t\t<div class=\"elementor-widget-container\">\n\t\t\t\t\t\t\t\t\t<h4 style=\"color: #12bfe9; text-align: center;\" data-start=\"829\" data-end=\"850\"><data-start=\"833\" data-end=\"850\">Seguridad. Cumplimiento. Confiabilidad. Exactamente lo que sus clientes esperan de usted \u2014 y lo que usted debe esperar de su socio tecnol\u00f3gico.   <\/h4>\n<p data-start=\"422\" data-end=\"910\">Nos especializamos en ofrecer soluciones personalizadas de IT y telecomunicaciones para firmas contables, profesionales de impuestos, asesores financieros y oficinas de seguros. Estas industrias dependen de datos seguros, comunicaci\u00f3n fluida y acceso ininterrumpido a los sistemas \u2014 y eso es exactamente lo que ofrecemos. Ya sea que seas un profesional independiente o administres una firma con m\u00faltiples ubicaciones, nuestros servicios est\u00e1n dise\u00f1ados para respaldar tus obligaciones de cumplimiento, las expectativas de tus clientes y tus flujos de trabajo diarios.<\/p>\t\t\t\t\t\t\t\t<\/div>\n\t\t\t\t<\/div>\n\t\t\t\t\t<\/div>\n\t\t\t\t<\/div>\n\t\t<div class=\"elementor-element elementor-element-afee2fb e-flex e-con-boxed e-con e-parent\" data-id=\"afee2fb\" data-element_type=\"container\" data-e-type=\"container\" data-settings=\"{&quot;background_background&quot;:&quot;gradient&quot;}\">\n\t\t\t\t\t<div class=\"e-con-inner\">\n\t\t\t\t<div class=\"elementor-element elementor-element-a2243e9 elementor-widget elementor-widget-heading\" data-id=\"a2243e9\" data-element_type=\"widget\" data-e-type=\"widget\" data-widget_type=\"heading.default\">\n\t\t\t\t<div class=\"elementor-widget-container\">\n\t\t\t\t\t<h2 class=\"elementor-heading-title elementor-size-default\">Lo que Ofrecemos para su Negocio<\/h2>\t\t\t\t<\/div>\n\t\t\t\t<\/div>\n\t\t<div class=\"elementor-element elementor-element-3a2fb8e e-grid e-con-full e-con e-child\" data-id=\"3a2fb8e\" data-element_type=\"container\" data-e-type=\"container\">\n\t\t\t\t<div class=\"elementor-element elementor-element-fe16ae0 elementor-widget elementor-widget-text-editor\" data-id=\"fe16ae0\" data-element_type=\"widget\" data-e-type=\"widget\" data-widget_type=\"text-editor.default\">\n\t\t\t\t<div class=\"elementor-widget-container\">\n\t\t\t\t\t\t\t\t\t<h5 style=\"color: #12bfe9;\" data-start=\"829\" data-end=\"850\"><data-start=\"833\" data-end=\"850\">Servicios de IT Manejados<\/h5><br>Monitoreo, soporte y mantenimiento 24\/7 para mantener sus sistemas seguros y siempre disponibles.\t\t\t\t\t\t\t\t<\/div>\n\t\t\t\t<\/div>\n\t\t\t\t<div class=\"elementor-element elementor-element-088f189 elementor-widget elementor-widget-text-editor\" data-id=\"088f189\" data-element_type=\"widget\" data-e-type=\"widget\" data-widget_type=\"text-editor.default\">\n\t\t\t\t<div class=\"elementor-widget-container\">\n\t\t\t\t\t\t\t\t\t<h5 style=\"color: #12bfe9;\" data-start=\"829\" data-end=\"850\"><data-start=\"833\" data-end=\"850\">Ciberseguridad y Cumplimiento de Normativas<\/h5><br>Cumpla con estrictas regulaciones de privacidad de datos (GLBA, FINRA, normas del IRS, etc.) mediante firewalls, cifrado, autenticaci\u00f3n multifactor (MFA), evaluaciones de riesgo y copias de seguridad seguras.\t\t\t\t\t\t\t\t<\/div>\n\t\t\t\t<\/div>\n\t\t\t\t<div class=\"elementor-element elementor-element-c3bf8da elementor-widget elementor-widget-text-editor\" data-id=\"c3bf8da\" data-element_type=\"widget\" data-e-type=\"widget\" data-widget_type=\"text-editor.default\">\n\t\t\t\t<div class=\"elementor-widget-container\">\n\t\t\t\t\t\t\t\t\t<h5 style=\"color: #12bfe9;\" data-start=\"829\" data-end=\"850\"><data-start=\"833\" data-end=\"850\">Servicios en la Nube<\/h5>\nAcceda de forma segura a documentos y aplicaciones confidenciales desde cualquier lugar \u2014 ideal para equipos h\u00edbridos y remotos.\t\t\t\t\t\t\t\t<\/div>\n\t\t\t\t<\/div>\n\t\t\t\t<div class=\"elementor-element elementor-element-436e988 elementor-widget elementor-widget-text-editor\" data-id=\"436e988\" data-element_type=\"widget\" data-e-type=\"widget\" data-widget_type=\"text-editor.default\">\n\t\t\t\t<div class=\"elementor-widget-container\">\n\t\t\t\t\t\t\t\t\t<h5 style=\"color: #12bfe9;\">El Costo de No Contar con Cumplimiento como Servicio<\/h5><p>Sin un cumplimiento s\u00f3lido<\/p>\t\t\t\t\t\t\t\t<\/div>\n\t\t\t\t<\/div>\n\t\t\t\t<div class=\"elementor-element elementor-element-4d9c032 elementor-widget elementor-widget-text-editor\" data-id=\"4d9c032\" data-element_type=\"widget\" data-e-type=\"widget\" data-widget_type=\"text-editor.default\">\n\t\t\t\t<div class=\"elementor-widget-container\">\n\t\t\t\t\t\t\t\t\t<h5 style=\"color: #12bfe9;\" data-start=\"829\" data-end=\"850\"><data-start=\"833\" data-end=\"850\">Sistemas Telef\u00f3nicos VoIP<\/h5>Herramientas de comunicaci\u00f3n profesionales y confiables con grabaci\u00f3n de llamadas, acceso m\u00f3vil y escalabilidad.\t\t\t\t\t\t\t\t<\/div>\n\t\t\t\t<\/div>\n\t\t\t\t<div class=\"elementor-element elementor-element-b5c533f elementor-widget elementor-widget-text-editor\" data-id=\"b5c533f\" data-element_type=\"widget\" data-e-type=\"widget\" data-widget_type=\"text-editor.default\">\n\t\t\t\t<div class=\"elementor-widget-container\">\n\t\t\t\t\t\t\t\t\t<h5 style=\"color: #12bfe9;\" data-start=\"829\" data-end=\"850\"><data-start=\"833\" data-end=\"850\">Infraestructura Al\u00e1mbrica e Inal\u00e1mbrica<\/h5><br>Cableado organizado y de alto rendimiento, junto con conectividad para estaciones de trabajo, impresoras y dispositivos de red.\t\t\t\t\t\t\t\t<\/div>\n\t\t\t\t<\/div>\n\t\t\t\t<\/div>\n\t\t\t\t\t<\/div>\n\t\t\t\t<\/div>\n\t\t<div class=\"elementor-element elementor-element-01e39e0 e-flex e-con-boxed e-con e-parent\" data-id=\"01e39e0\" data-element_type=\"container\" data-e-type=\"container\">\n\t\t\t\t\t<div class=\"e-con-inner\">\n\t\t<div class=\"elementor-element elementor-element-7de8499 e-con-full e-flex e-con e-child\" data-id=\"7de8499\" data-element_type=\"container\" data-e-type=\"container\">\n\t\t<div class=\"elementor-element elementor-element-b67aca5 e-grid e-con-full e-con e-child\" data-id=\"b67aca5\" data-element_type=\"container\" data-e-type=\"container\">\n\t\t\t\t<div class=\"elementor-element elementor-element-a8c7e1c elementor-widget elementor-widget-text-editor\" data-id=\"a8c7e1c\" data-element_type=\"widget\" data-e-type=\"widget\" data-widget_type=\"text-editor.default\">\n\t\t\t\t<div class=\"elementor-widget-container\">\n\t\t\t\t\t\t\t\t\t<h5 style=\"color: #12bfe9;\" data-start=\"829\" data-end=\"850\"><data-start=\"833\" data-end=\"850\">Vigilancia y Seguridad F\u00edsica<\/h5>Proteja su oficina con sistemas de vigilancia inteligentes y control de acceso seguro.\t\t\t\t\t\t\t\t<\/div>\n\t\t\t\t<\/div>\n\t\t\t\t<div class=\"elementor-element elementor-element-ee31aea elementor-widget elementor-widget-text-editor\" data-id=\"ee31aea\" data-element_type=\"widget\" data-e-type=\"widget\" data-widget_type=\"text-editor.default\">\n\t\t\t\t<div class=\"elementor-widget-container\">\n\t\t\t\t\t\t\t\t\t<h5 style=\"color: #12bfe9;\" data-start=\"829\" data-end=\"850\"><data-start=\"833\" data-end=\"850\">Soporte y asesoria para conseguir Proveedores y Softwarert<\/h5>\nBrindamos asistencia con plataformas espec\u00edficas de la industria como QuickBooks, Drake, ProSeries, Applied, Vertafore y m\u00e1s..\t\t\t\t\t\t\t\t<\/div>\n\t\t\t\t<\/div>\n\t\t\t\t<\/div>\n\t\t\t\t<\/div>\n\t\t\t\t<div class=\"elementor-element elementor-element-0e06ca2 elementor-widget elementor-widget-heading\" data-id=\"0e06ca2\" data-element_type=\"widget\" data-e-type=\"widget\" data-widget_type=\"heading.default\">\n\t\t\t\t<div class=\"elementor-widget-container\">\n\t\t\t\t\t<h2 class=\"elementor-heading-title elementor-size-default\">Solucionamos los Desaf\u00edos M\u00e1s Comunes en su Industria<\/h2>\t\t\t\t<\/div>\n\t\t\t\t<\/div>\n\t\t<div class=\"elementor-element elementor-element-e31814f e-grid e-con-full e-con e-child\" data-id=\"e31814f\" data-element_type=\"container\" data-e-type=\"container\">\n\t\t\t\t<div class=\"elementor-element elementor-element-7f9a6b2 elementor-widget elementor-widget-text-editor\" data-id=\"7f9a6b2\" data-element_type=\"widget\" data-e-type=\"widget\" data-widget_type=\"text-editor.default\">\n\t\t\t\t<div class=\"elementor-widget-container\">\n\t\t\t\t\t\t\t\t\t<p>\ud83d\udccc <strong data-start=\"2019\" data-end=\"2061\">Tiempo de inactividad = P\u00e9rdida de ingresos y productividad<\/strong> \u2013 Incluso una hora sin conexi\u00f3n durante la temporada de impuestos o el per\u00edodo de inscripci\u00f3n abierta puede costar miles.<br> <br> <br> Minimizamos el tiempo de inactividad y prevenimos los problemas de forma proactiva.<br> <br> <br><br data-start=\"2195\" data-end=\"2198\"><br>\ud83d\udccc <strong data-start=\"2201\" data-end=\"2238\">Ciberseguridad y Riesgos de Filtraci\u00f3n de Datos<\/strong> \u2013 Los datos confidenciales de los clientes hacen que su firma sea un objetivo prioritario para los ciberdelincuentes. Nuestra protecci\u00f3n por capas defiende su negocio y su reputaci\u00f3n.<br data-start=\"2353\" data-end=\"2356\"><br>\ud83d\udccc <strong data-start=\"2359\" data-end=\"2382\">Presi\u00f3n por Cumplimiento de Normativas<\/strong> \u2013 Los constantes cambios en las regulaciones de seguridad de datos pueden resultar abrumadores. Le ayudamos a mantenerse en cumplimiento sin estr\u00e9s.<br data-start=\"2500\" data-end=\"2503\"><br>\ud83d\udccc <strong data-start=\"2506\" data-end=\"2536\">Sistemas y Herramientas Desconectadas<\/strong> \u2013 Unificamos sus comunicaciones, red y herramientas tecnol\u00f3gicas para mejorar la eficiencia y reducir la frustraci\u00f3n.<br data-start=\"2638\" data-end=\"2641\"><br>\ud83d\udccc <strong data-start=\"2644\" data-end=\"2677\">Recursos Internos de TI Limitados<\/strong> \u2013 Ya sea que necesite un proveedor de servicios gestionados (MSP) completo o soporte co-gestionado, cubrimos las brechas para que pueda enfocarse en sus clientes.<\/p>\t\t\t\t\t\t\t\t<\/div>\n\t\t\t\t<\/div>\n\t\t\t\t<\/div>\n\t\t\t\t\t<\/div>\n\t\t\t\t<\/div>\n\t\t<div class=\"elementor-element elementor-element-aec31af e-flex e-con-boxed e-con e-parent\" data-id=\"aec31af\" data-element_type=\"container\" data-e-type=\"container\" data-settings=\"{&quot;background_background&quot;:&quot;gradient&quot;}\">\n\t\t\t\t\t<div class=\"e-con-inner\">\n\t\t\t\t<div class=\"elementor-element elementor-element-35c8b56 elementor-widget elementor-widget-heading\" data-id=\"35c8b56\" data-element_type=\"widget\" data-e-type=\"widget\" data-widget_type=\"heading.default\">\n\t\t\t\t<div class=\"elementor-widget-container\">\n\t\t\t\t\t<h2 class=\"elementor-heading-title elementor-size-default\">Le ayudamos a trabajar de manera m\u00e1s inteligente, no m\u00e1s dura.<\/h2>\t\t\t\t<\/div>\n\t\t\t\t<\/div>\n\t\t\t\t<div class=\"elementor-element elementor-element-05b419b elementor-widget elementor-widget-text-editor\" data-id=\"05b419b\" data-element_type=\"widget\" data-e-type=\"widget\" data-widget_type=\"text-editor.default\">\n\t\t\t\t<div class=\"elementor-widget-container\">\n\t\t\t\t\t\t\t\t\t<p>Sus clientes conf\u00edan en usted para proteger sus finanzas \u2014 perm\u00edtanos ayudarle a proteger su negocio. Desde acceso seguro a la nube hasta cumplimiento y soporte de TI completos, ofrecemos soluciones que ayudan a su empresa a prosperar en un mundo digital.<\/p><p>Cont\u00e1ctenos para conocer nuestros servicios especializados o solicite hoy una consulta gratuita adaptada a las necesidades \u00fanicas de su empresa.<\/p>\t\t\t\t\t\t\t\t<\/div>\n\t\t\t\t<\/div>\n\t\t\t\t\t<\/div>\n\t\t\t\t<\/div>\n\t\t<div class=\"elementor-element elementor-element-3b1c50d e-flex e-con-boxed e-con e-parent\" data-id=\"3b1c50d\" data-element_type=\"container\" data-e-type=\"container\">\n\t\t\t\t\t<div class=\"e-con-inner\">\n\t\t\t\t<div class=\"elementor-element elementor-element-540431d elementor-align-center elementor-widget elementor-widget-button\" data-id=\"540431d\" data-element_type=\"widget\" data-e-type=\"widget\" data-widget_type=\"button.default\">\n\t\t\t\t<div class=\"elementor-widget-container\">\n\t\t\t\t\t\t\t\t\t<div class=\"elementor-button-wrapper\">\n\t\t\t\t\t<a class=\"elementor-button elementor-button-link elementor-size-sm\" href=\"#elementor-action%3Aaction%3Dpopup%3Aopen%26settings%3DeyJpZCI6NjgwNywidG9nZ2xlIjpmYWxzZX0%3D\">\n\t\t\t\t\t\t<span class=\"elementor-button-content-wrapper\">\n\t\t\t\t\t\t\t\t\t<span class=\"elementor-button-text\">SOLICITE UNA CONSULTA GRATUITA<\/span>\n\t\t\t\t\t<\/span>\n\t\t\t\t\t<\/a>\n\t\t\t\t<\/div>\n\t\t\t\t\t\t\t\t<\/div>\n\t\t\t\t<\/div>\n\t\t\t\t<div class=\"elementor-element elementor-element-cd8394c elementor-widget elementor-widget-spacer\" data-id=\"cd8394c\" data-element_type=\"widget\" data-e-type=\"widget\" data-widget_type=\"spacer.default\">\n\t\t\t\t<div class=\"elementor-widget-container\">\n\t\t\t\t\t\t\t<div class=\"elementor-spacer\">\n\t\t\t<div class=\"elementor-spacer-inner\"><\/div>\n\t\t<\/div>\n\t\t\t\t\t\t<\/div>\n\t\t\t\t<\/div>\n\t\t\t\t\t<\/div>\n\t\t\t\t<\/div>\n\t\t\t\t<\/div>\n\t\t","protected":false},"excerpt":{"rendered":"<p>Contabilidad, Finanzas, Impuestos y Compa\u00f1\u00edas de SegurosSOLICITE UNA CONSULTA GRATUITA Soluciones Tecnol\u00f3gicas para Profesionales de Contabilidad, Finanzas y Seguros Seguridad. Cumplimiento. Confiabilidad. Exactamente lo que sus clientes esperan de usted \u2014 y lo que usted debe esperar de su socio tecnol\u00f3gico. Nos especializamos en ofrecer soluciones personalizadas de IT y telecomunicaciones para firmas contables, profesionales [&hellip;]<\/p>\n","protected":false},"author":1,"featured_media":0,"parent":0,"menu_order":0,"comment_status":"closed","ping_status":"closed","template":"","meta":{"footnotes":""},"class_list":["post-6348","page","type-page","status-publish","hentry"],"yoast_head":"<!-- This site is optimized with the Yoast SEO plugin v27.0 - https:\/\/yoast.com\/product\/yoast-seo-wordpress\/ -->\n<title>Contabilidad, Finanzas, Impuestos y Oficinas de Seguros - Baritech<\/title>\n<meta name=\"robots\" content=\"index, follow, max-snippet:-1, max-image-preview:large, max-video-preview:-1\" \/>\n<link rel=\"canonical\" href=\"https:\/\/baritech.com\/es\/contabilidad-finanzas-impuestos-y-companias-de-seguros\/\" \/>\n<meta property=\"og:locale\" content=\"es_ES\" \/>\n<meta property=\"og:type\" content=\"article\" \/>\n<meta property=\"og:title\" content=\"Contabilidad, Finanzas, Impuestos y Oficinas de Seguros - Baritech\" \/>\n<meta property=\"og:description\" content=\"Contabilidad, Finanzas, Impuestos y Compa\u00f1\u00edas de SegurosSOLICITE UNA CONSULTA GRATUITA Soluciones Tecnol\u00f3gicas para Profesionales de Contabilidad, Finanzas y Seguros Seguridad. Cumplimiento. Confiabilidad. Exactamente lo que sus clientes esperan de usted \u2014 y lo que usted debe esperar de su socio tecnol\u00f3gico. Nos especializamos en ofrecer soluciones personalizadas de IT y telecomunicaciones para firmas contables, profesionales [&hellip;]\" \/>\n<meta property=\"og:url\" content=\"https:\/\/baritech.com\/es\/contabilidad-finanzas-impuestos-y-companias-de-seguros\/\" \/>\n<meta property=\"og:site_name\" content=\"Baritech\" \/>\n<meta property=\"article:publisher\" content=\"https:\/\/www.facebook.com\/baritech.la\/\" \/>\n<meta property=\"article:modified_time\" content=\"2025-10-28T00:56:14+00:00\" \/>\n<meta name=\"twitter:card\" content=\"summary_large_image\" \/>\n<meta name=\"twitter:site\" content=\"@baritechinfo\" \/>\n<meta name=\"twitter:label1\" content=\"Tiempo de lectura\" \/>\n\t<meta name=\"twitter:data1\" content=\"3 minutos\" \/>\n<script type=\"application\/ld+json\" class=\"yoast-schema-graph\">{\"@context\":\"https:\/\/schema.org\",\"@graph\":[{\"@type\":\"WebPage\",\"@id\":\"https:\/\/baritech.com\/es\/contabilidad-finanzas-impuestos-y-companias-de-seguros\/\",\"url\":\"https:\/\/baritech.com\/es\/contabilidad-finanzas-impuestos-y-companias-de-seguros\/\",\"name\":\"Contabilidad, Finanzas, Impuestos y Oficinas de Seguros - Baritech\",\"isPartOf\":{\"@id\":\"https:\/\/baritech.com\/es\/#website\"},\"datePublished\":\"2025-04-10T17:28:56+00:00\",\"dateModified\":\"2025-10-28T00:56:14+00:00\",\"breadcrumb\":{\"@id\":\"https:\/\/baritech.com\/es\/contabilidad-finanzas-impuestos-y-companias-de-seguros\/#breadcrumb\"},\"inLanguage\":\"es\",\"potentialAction\":[{\"@type\":\"ReadAction\",\"target\":[\"https:\/\/baritech.com\/es\/contabilidad-finanzas-impuestos-y-companias-de-seguros\/\"]}]},{\"@type\":\"BreadcrumbList\",\"@id\":\"https:\/\/baritech.com\/es\/contabilidad-finanzas-impuestos-y-companias-de-seguros\/#breadcrumb\",\"itemListElement\":[{\"@type\":\"ListItem\",\"position\":1,\"name\":\"Home\",\"item\":\"https:\/\/baritech.com\/es\/home-page\/\"},{\"@type\":\"ListItem\",\"position\":2,\"name\":\"Contabilidad, Finanzas, Impuestos y Oficinas de Seguros\"}]},{\"@type\":\"WebSite\",\"@id\":\"https:\/\/baritech.com\/es\/#website\",\"url\":\"https:\/\/baritech.com\/es\/\",\"name\":\"Baritech\",\"description\":\"We Manage Your IT, so You Can Manage Your Business\",\"publisher\":{\"@id\":\"https:\/\/baritech.com\/es\/#organization\"},\"potentialAction\":[{\"@type\":\"SearchAction\",\"target\":{\"@type\":\"EntryPoint\",\"urlTemplate\":\"https:\/\/baritech.com\/es\/?s={search_term_string}\"},\"query-input\":{\"@type\":\"PropertyValueSpecification\",\"valueRequired\":true,\"valueName\":\"search_term_string\"}}],\"inLanguage\":\"es\"},{\"@type\":\"Organization\",\"@id\":\"https:\/\/baritech.com\/es\/#organization\",\"name\":\"Baritech\",\"url\":\"https:\/\/baritech.com\/es\/\",\"logo\":{\"@type\":\"ImageObject\",\"inLanguage\":\"es\",\"@id\":\"https:\/\/baritech.com\/es\/#\/schema\/logo\/image\/\",\"url\":\"https:\/\/baritech.com\/wp-content\/uploads\/2025\/03\/BaritechLogo-300x59-1.png\",\"contentUrl\":\"https:\/\/baritech.com\/wp-content\/uploads\/2025\/03\/BaritechLogo-300x59-1.png\",\"width\":300,\"height\":59,\"caption\":\"Baritech\"},\"image\":{\"@id\":\"https:\/\/baritech.com\/es\/#\/schema\/logo\/image\/\"},\"sameAs\":[\"https:\/\/www.facebook.com\/baritech.la\/\",\"https:\/\/x.com\/baritechinfo\",\"https:\/\/www.linkedin.com\/company\/baritechmsp\",\"https:\/\/www.youtube.com\/@BaritechMSP\"]}]}<\/script>\n<!-- \/ Yoast SEO plugin. -->","yoast_head_json":{"title":"Contabilidad, Finanzas, Impuestos y Oficinas de Seguros - Baritech","robots":{"index":"index","follow":"follow","max-snippet":"max-snippet:-1","max-image-preview":"max-image-preview:large","max-video-preview":"max-video-preview:-1"},"canonical":"https:\/\/baritech.com\/es\/contabilidad-finanzas-impuestos-y-companias-de-seguros\/","og_locale":"es_ES","og_type":"article","og_title":"Contabilidad, Finanzas, Impuestos y Oficinas de Seguros - Baritech","og_description":"Contabilidad, Finanzas, Impuestos y Compa\u00f1\u00edas de SegurosSOLICITE UNA CONSULTA GRATUITA Soluciones Tecnol\u00f3gicas para Profesionales de Contabilidad, Finanzas y Seguros Seguridad. Cumplimiento. Confiabilidad. Exactamente lo que sus clientes esperan de usted \u2014 y lo que usted debe esperar de su socio tecnol\u00f3gico. Nos especializamos en ofrecer soluciones personalizadas de IT y telecomunicaciones para firmas contables, profesionales [&hellip;]","og_url":"https:\/\/baritech.com\/es\/contabilidad-finanzas-impuestos-y-companias-de-seguros\/","og_site_name":"Baritech","article_publisher":"https:\/\/www.facebook.com\/baritech.la\/","article_modified_time":"2025-10-28T00:56:14+00:00","twitter_card":"summary_large_image","twitter_site":"@baritechinfo","twitter_misc":{"Tiempo de lectura":"3 minutos"},"schema":{"@context":"https:\/\/schema.org","@graph":[{"@type":"WebPage","@id":"https:\/\/baritech.com\/es\/contabilidad-finanzas-impuestos-y-companias-de-seguros\/","url":"https:\/\/baritech.com\/es\/contabilidad-finanzas-impuestos-y-companias-de-seguros\/","name":"Contabilidad, Finanzas, Impuestos y Oficinas de Seguros - Baritech","isPartOf":{"@id":"https:\/\/baritech.com\/es\/#website"},"datePublished":"2025-04-10T17:28:56+00:00","dateModified":"2025-10-28T00:56:14+00:00","breadcrumb":{"@id":"https:\/\/baritech.com\/es\/contabilidad-finanzas-impuestos-y-companias-de-seguros\/#breadcrumb"},"inLanguage":"es","potentialAction":[{"@type":"ReadAction","target":["https:\/\/baritech.com\/es\/contabilidad-finanzas-impuestos-y-companias-de-seguros\/"]}]},{"@type":"BreadcrumbList","@id":"https:\/\/baritech.com\/es\/contabilidad-finanzas-impuestos-y-companias-de-seguros\/#breadcrumb","itemListElement":[{"@type":"ListItem","position":1,"name":"Home","item":"https:\/\/baritech.com\/es\/home-page\/"},{"@type":"ListItem","position":2,"name":"Contabilidad, Finanzas, Impuestos y Oficinas de Seguros"}]},{"@type":"WebSite","@id":"https:\/\/baritech.com\/es\/#website","url":"https:\/\/baritech.com\/es\/","name":"Baritech","description":"We Manage Your IT, so You Can Manage Your Business","publisher":{"@id":"https:\/\/baritech.com\/es\/#organization"},"potentialAction":[{"@type":"SearchAction","target":{"@type":"EntryPoint","urlTemplate":"https:\/\/baritech.com\/es\/?s={search_term_string}"},"query-input":{"@type":"PropertyValueSpecification","valueRequired":true,"valueName":"search_term_string"}}],"inLanguage":"es"},{"@type":"Organization","@id":"https:\/\/baritech.com\/es\/#organization","name":"Baritech","url":"https:\/\/baritech.com\/es\/","logo":{"@type":"ImageObject","inLanguage":"es","@id":"https:\/\/baritech.com\/es\/#\/schema\/logo\/image\/","url":"https:\/\/baritech.com\/wp-content\/uploads\/2025\/03\/BaritechLogo-300x59-1.png","contentUrl":"https:\/\/baritech.com\/wp-content\/uploads\/2025\/03\/BaritechLogo-300x59-1.png","width":300,"height":59,"caption":"Baritech"},"image":{"@id":"https:\/\/baritech.com\/es\/#\/schema\/logo\/image\/"},"sameAs":["https:\/\/www.facebook.com\/baritech.la\/","https:\/\/x.com\/baritechinfo","https:\/\/www.linkedin.com\/company\/baritechmsp","https:\/\/www.youtube.com\/@BaritechMSP"]}]}},"_links":{"self":[{"href":"https:\/\/baritech.com\/es\/wp-json\/wp\/v2\/pages\/6348","targetHints":{"allow":["GET"]}}],"collection":[{"href":"https:\/\/baritech.com\/es\/wp-json\/wp\/v2\/pages"}],"about":[{"href":"https:\/\/baritech.com\/es\/wp-json\/wp\/v2\/types\/page"}],"author":[{"embeddable":true,"href":"https:\/\/baritech.com\/es\/wp-json\/wp\/v2\/users\/1"}],"replies":[{"embeddable":true,"href":"https:\/\/baritech.com\/es\/wp-json\/wp\/v2\/comments?post=6348"}],"version-history":[{"count":8,"href":"https:\/\/baritech.com\/es\/wp-json\/wp\/v2\/pages\/6348\/revisions"}],"predecessor-version":[{"id":6976,"href":"https:\/\/baritech.com\/es\/wp-json\/wp\/v2\/pages\/6348\/revisions\/6976"}],"wp:attachment":[{"href":"https:\/\/baritech.com\/es\/wp-json\/wp\/v2\/media?parent=6348"}],"curies":[{"name":"wp","href":"https:\/\/api.w.org\/{rel}","templated":true}]}}