{"id":6335,"date":"2025-04-10T17:31:46","date_gmt":"2025-04-10T17:31:46","guid":{"rendered":"https:\/\/baritech.com\/construccion-y-arquitectura\/"},"modified":"2025-10-22T01:51:43","modified_gmt":"2025-10-22T01:51:43","slug":"construccion-y-arquitectura","status":"publish","type":"page","link":"https:\/\/baritech.com\/es\/construccion-y-arquitectura\/","title":{"rendered":"Construcci\u00f3n y Arquitectura"},"content":{"rendered":"\t\t<div data-elementor-type=\"wp-page\" data-elementor-id=\"6335\" class=\"elementor elementor-6335 elementor-892\" data-elementor-post-type=\"page\">\n\t\t\t\t<div class=\"elementor-element elementor-element-40da6df e-flex e-con-boxed e-con e-parent\" data-id=\"40da6df\" data-element_type=\"container\" data-e-type=\"container\">\n\t\t\t\t\t<div class=\"e-con-inner\">\n\t\t\t\t<div class=\"elementor-element elementor-element-fa737e7 elementor--h-position-center elementor--v-position-middle elementor-arrows-position-inside elementor-pagination-position-inside elementor-widget elementor-widget-slides\" data-id=\"fa737e7\" data-element_type=\"widget\" data-e-type=\"widget\" data-settings=\"{&quot;navigation&quot;:&quot;both&quot;,&quot;autoplay&quot;:&quot;yes&quot;,&quot;pause_on_hover&quot;:&quot;yes&quot;,&quot;pause_on_interaction&quot;:&quot;yes&quot;,&quot;autoplay_speed&quot;:5000,&quot;infinite&quot;:&quot;yes&quot;,&quot;transition&quot;:&quot;slide&quot;,&quot;transition_speed&quot;:500}\" data-widget_type=\"slides.default\">\n\t\t\t\t<div class=\"elementor-widget-container\">\n\t\t\t\t\t\t\t\t\t<div class=\"elementor-swiper\">\n\t\t\t\t\t<div class=\"elementor-slides-wrapper elementor-main-swiper swiper\" role=\"region\" aria-roledescription=\"carousel\" aria-label=\"Slides\" dir=\"ltr\" data-animation=\"fadeInUp\">\n\t\t\t\t<div class=\"swiper-wrapper elementor-slides\">\n\t\t\t\t\t\t\t\t\t\t<div class=\"elementor-repeater-item-d016e41 swiper-slide\" role=\"group\" aria-roledescription=\"slide\"><div class=\"swiper-slide-bg elementor-ken-burns elementor-ken-burns--in\" role=\"img\" aria-label=\"IT Solutions Construction Architecture Telecom Services Cybersecurity Backup Storage Disaster Recovery\"><\/div><div class=\"elementor-background-overlay\"><\/div><div class=\"swiper-slide-inner\" ><div class=\"swiper-slide-contents\"><div class=\"elementor-slide-heading\">Construcci\u00f3n y Arquitectura<\/div><div  class=\"elementor-button elementor-slide-button elementor-size-sm\">SOLICITE UNA CONSULTA GRATUITA<\/div><\/div><\/div><\/div>\t\t\t\t<\/div>\n\t\t\t\t\t\t\t<\/div>\n\t\t\t\t<\/div>\n\t\t\t\t\t\t\t\t<\/div>\n\t\t\t\t<\/div>\n\t\t\t\t\t<\/div>\n\t\t\t\t<\/div>\n\t\t<div class=\"elementor-element elementor-element-72d8436 e-flex e-con-boxed e-con e-parent\" data-id=\"72d8436\" data-element_type=\"container\" data-e-type=\"container\">\n\t\t\t\t\t<div class=\"e-con-inner\">\n\t\t\t\t<div class=\"elementor-element elementor-element-f3b93ae elementor-widget elementor-widget-heading\" data-id=\"f3b93ae\" data-element_type=\"widget\" data-e-type=\"widget\" data-widget_type=\"heading.default\">\n\t\t\t\t<div class=\"elementor-widget-container\">\n\t\t\t\t\t<h2 class=\"elementor-heading-title elementor-size-default\">Soluciones Tecnol\u00f3gicas para Empresas de Construcci\u00f3n y Arquitectura<\/h2>\t\t\t\t<\/div>\n\t\t\t\t<\/div>\n\t\t\t\t<div class=\"elementor-element elementor-element-a19b895 elementor-widget elementor-widget-text-editor\" data-id=\"a19b895\" data-element_type=\"widget\" data-e-type=\"widget\" data-widget_type=\"text-editor.default\">\n\t\t\t\t<div class=\"elementor-widget-container\">\n\t\t\t\t\t\t\t\t\t<h4 style=\"color: #12bfe9; text-align: center;\" data-start=\"829\" data-end=\"850\"><data-start=\"833\" data-end=\"850\">Impulsamos sus proyectos con tecnolog\u00eda confiable, comunicaciones seguras y conectividad en sitio que trabaja tan duro como usted<\/h4>\n<p data-start=\"401\" data-end=\"930\">IEn el sector de la construcci\u00f3n y la arquitectura, el tiempo lo es todo, y cada minuto de inactividad o falta de comunicaci\u00f3n puede retrasar un proyecto y generarle p\u00e9rdidas.<br>Nos especializamos en ofrecer soluciones de TI y telecomunicaciones confiables, seguras y escalables, dise\u00f1adas para operaciones en campo, estudios de dise\u00f1o y equipos de proyectos en m\u00faltiples ubicaciones.<br>Ya sea que est\u00e9 elaborando planos, gestionando licitaciones, coordinando con subcontratistas o trabajando desde obras remotas, nos aseguramos de que su tecnolog\u00eda se mantenga al ritmo de su flujo de trabajo.  <\/p>\t\t\t\t\t\t\t\t<\/div>\n\t\t\t\t<\/div>\n\t\t\t\t\t<\/div>\n\t\t\t\t<\/div>\n\t\t<div class=\"elementor-element elementor-element-b8882d3 e-flex e-con-boxed e-con e-parent\" data-id=\"b8882d3\" data-element_type=\"container\" data-e-type=\"container\" data-settings=\"{&quot;background_background&quot;:&quot;gradient&quot;}\">\n\t\t\t\t\t<div class=\"e-con-inner\">\n\t\t\t\t<div class=\"elementor-element elementor-element-9f8373d elementor-widget elementor-widget-heading\" data-id=\"9f8373d\" data-element_type=\"widget\" data-e-type=\"widget\" data-widget_type=\"heading.default\">\n\t\t\t\t<div class=\"elementor-widget-container\">\n\t\t\t\t\t<h2 class=\"elementor-heading-title elementor-size-default\">Lo que Ofrecemos para Profesionales de la Construcci\u00f3n y la Arquitectura<\/h2>\t\t\t\t<\/div>\n\t\t\t\t<\/div>\n\t\t<div class=\"elementor-element elementor-element-3262442 e-grid e-con-full e-con e-child\" data-id=\"3262442\" data-element_type=\"container\" data-e-type=\"container\">\n\t\t\t\t<div class=\"elementor-element elementor-element-e94d043 elementor-widget elementor-widget-text-editor\" data-id=\"e94d043\" data-element_type=\"widget\" data-e-type=\"widget\" data-widget_type=\"text-editor.default\">\n\t\t\t\t<div class=\"elementor-widget-container\">\n\t\t\t\t\t\t\t\t\t<h5 style=\"color: #12bfe9;\" data-start=\"829\" data-end=\"850\"><data-start=\"833\" data-end=\"850\">Internet y Conectividad con Redundancia Autom\u00e1tica (Failover Inal\u00e1mbrico)<\/h5><br>Mantenga sus obras y oficinas conectadas mediante banda ancha, redes 5G o soluciones de respaldo satelital.\t\t\t\t\t\t\t\t<\/div>\n\t\t\t\t<\/div>\n\t\t\t\t<div class=\"elementor-element elementor-element-e862f68 elementor-widget elementor-widget-text-editor\" data-id=\"e862f68\" data-element_type=\"widget\" data-e-type=\"widget\" data-widget_type=\"text-editor.default\">\n\t\t\t\t<div class=\"elementor-widget-container\">\n\t\t\t\t\t\t\t\t\t<h5 style=\"color: #12bfe9;\" data-start=\"829\" data-end=\"850\"><data-start=\"833\" data-end=\"850\">Sistemas Telef\u00f3nicos VoIP<\/h5><br>Comunicaciones fluidas entre oficinas, obras y equipos m\u00f3viles, con sistemas telef\u00f3nicos escalables y acceso desde softphones.\t\t\t\t\t\t\t\t<\/div>\n\t\t\t\t<\/div>\n\t\t\t\t<div class=\"elementor-element elementor-element-1d04214 elementor-widget elementor-widget-text-editor\" data-id=\"1d04214\" data-element_type=\"widget\" data-e-type=\"widget\" data-widget_type=\"text-editor.default\">\n\t\t\t\t<div class=\"elementor-widget-container\">\n\t\t\t\t\t\t\t\t\t<h5 style=\"color: #12bfe9;\" data-start=\"829\" data-end=\"850\"><data-start=\"833\" data-end=\"850\">Servicios en la Nube y Uso Compartido de Archivos<\/h5><br>Acceda de forma segura a archivos de dise\u00f1o y documentos de proyectos desde cualquier lugar, con control de versiones y copias de seguridad.\t\t\t\t\t\t\t\t<\/div>\n\t\t\t\t<\/div>\n\t\t\t\t<div class=\"elementor-element elementor-element-6aa76e9 elementor-widget elementor-widget-text-editor\" data-id=\"6aa76e9\" data-element_type=\"widget\" data-e-type=\"widget\" data-widget_type=\"text-editor.default\">\n\t\t\t\t<div class=\"elementor-widget-container\">\n\t\t\t\t\t\t\t\t\t<h5 style=\"color: #12bfe9;\" data-start=\"829\" data-end=\"850\"><data-start=\"833\" data-end=\"850\">Ciberseguridad y Cumplimiento de Normativas<\/h5><br>Proteja planos, contratos y datos confidenciales de clientes contra brechas de seguridad mediante firewalls, protecci\u00f3n de endpoints y capacitaci\u00f3n de empleados.\t\t\t\t\t\t\t\t<\/div>\n\t\t\t\t<\/div>\n\t\t\t\t<div class=\"elementor-element elementor-element-058079d elementor-widget elementor-widget-text-editor\" data-id=\"058079d\" data-element_type=\"widget\" data-e-type=\"widget\" data-widget_type=\"text-editor.default\">\n\t\t\t\t<div class=\"elementor-widget-container\">\n\t\t\t\t\t\t\t\t\t<h5 style=\"color: #12bfe9;\" data-start=\"829\" data-end=\"850\"><data-start=\"833\" data-end=\"850\">Cableado Estructurado y Despliegue de Tecnolog\u00eda M\u00f3vil <\/h5><br>Cableado estructurado, configuraci\u00f3n de redes m\u00f3viles y Wi-Fi para oficinas, remolques o sitios temporales\t\t\t\t\t\t\t\t<\/div>\n\t\t\t\t<\/div>\n\t\t\t\t<div class=\"elementor-element elementor-element-7d7d9e8 elementor-widget elementor-widget-text-editor\" data-id=\"7d7d9e8\" data-element_type=\"widget\" data-e-type=\"widget\" data-widget_type=\"text-editor.default\">\n\t\t\t\t<div class=\"elementor-widget-container\">\n\t\t\t\t\t\t\t\t\t<h5 style=\"color: #12bfe9;\" data-start=\"829\" data-end=\"850\"><data-start=\"833\" data-end=\"850\">Vigilancia y Monitoreo de Sitios<\/h5><br>Proteja equipos, personal y proyectos con c\u00e1maras de seguridad inteligentes, visualizaci\u00f3n remota y control de acceso.\t\t\t\t\t\t\t\t<\/div>\n\t\t\t\t<\/div>\n\t\t\t\t<\/div>\n\t\t\t\t\t<\/div>\n\t\t\t\t<\/div>\n\t\t<div class=\"elementor-element elementor-element-3c46f81 e-flex e-con-boxed e-con e-parent\" data-id=\"3c46f81\" data-element_type=\"container\" data-e-type=\"container\">\n\t\t\t\t\t<div class=\"e-con-inner\">\n\t\t<div class=\"elementor-element elementor-element-4234b6e e-grid e-con-full e-con e-child\" data-id=\"4234b6e\" data-element_type=\"container\" data-e-type=\"container\">\n\t\t\t\t<div class=\"elementor-element elementor-element-1662032 elementor-widget elementor-widget-text-editor\" data-id=\"1662032\" data-element_type=\"widget\" data-e-type=\"widget\" data-widget_type=\"text-editor.default\">\n\t\t\t\t<div class=\"elementor-widget-container\">\n\t\t\t\t\t\t\t\t\t<h5 style=\"color: #12bfe9;\" data-start=\"829\" data-end=\"850\"><data-start=\"833\" data-end=\"850\">Adquisici\u00f3n de Tecnolog\u00eda y Soporte de Proyectos <\/h5><br>Le ayudamos a seleccionar las herramientas y el software adecuados para CAD, BIM, estimaciones, control de tiempos y m\u00e1s..\t\t\t\t\t\t\t\t<\/div>\n\t\t\t\t<\/div>\n\t\t\t\t<\/div>\n\t\t\t\t\t<\/div>\n\t\t\t\t<\/div>\n\t\t<div class=\"elementor-element elementor-element-3336909 e-flex e-con-boxed e-con e-parent\" data-id=\"3336909\" data-element_type=\"container\" data-e-type=\"container\">\n\t\t\t\t\t<div class=\"e-con-inner\">\n\t\t\t\t<div class=\"elementor-element elementor-element-6492daa elementor-widget elementor-widget-heading\" data-id=\"6492daa\" data-element_type=\"widget\" data-e-type=\"widget\" data-widget_type=\"heading.default\">\n\t\t\t\t<div class=\"elementor-widget-container\">\n\t\t\t\t\t<h2 class=\"elementor-heading-title elementor-size-default\">Resolvemos los Desaf\u00edos Tecnol\u00f3gicos que Enfrentan las Empresas de Construcci\u00f3n y Arquitectura<\/h2>\t\t\t\t<\/div>\n\t\t\t\t<\/div>\n\t\t<div class=\"elementor-element elementor-element-25a8b21 e-grid e-con-full e-con e-child\" data-id=\"25a8b21\" data-element_type=\"container\" data-e-type=\"container\">\n\t\t\t\t<div class=\"elementor-element elementor-element-24e901c elementor-widget elementor-widget-text-editor\" data-id=\"24e901c\" data-element_type=\"widget\" data-e-type=\"widget\" data-widget_type=\"text-editor.default\">\n\t\t\t\t<div class=\"elementor-widget-container\">\n\t\t\t\t\t\t\t\t\t<p>\ud83c\udfd7\ufe0f <strong data-start=\"2142\" data-end=\"2180\">Internet Inconsistente en los Sitios de Trabajo \u2013 Ofrecemos conectividad r\u00e1pida y estable, incluso en ubicaciones temporales o rurales.<\/strong><br data-start=\"2257\" data-end=\"2260\"><br>\ud83d\udcc1 <strong data-start=\"2263\" data-end=\"2293\">Acceso Lento a Archivos Grandes \u2013 Diga adi\u00f3s a la lentitud al abrir planos, modelos 3D o renderizados.<\/strong><br data-start=\"2364\" data-end=\"2367\"><br>\ud83d\udd12 <strong data-start=\"2370\" data-end=\"2392\">Brechas en la Seguridad de Datos \u2013 Protegemos informaci\u00f3n sensible, ya sean archivos de dise\u00f1o, contratos de clientes o datos financieros.<\/strong><br data-start=\"2492\" data-end=\"2495\"><br>\ud83d\udcde Herramientas de Comunicaci\u00f3n Fragmentadas \u2013 Unificamos tel\u00e9fonos, dispositivos y plataformas para mantener a los equipos conectados y eficientes.<br data-start=\"2613\" data-end=\"2616\"><br>\ud83d\udee0\ufe0f <strong data-start=\"2620\" data-end=\"2651\">\u00bfNo tiene un departamento de IT interno? No hay problema.<\/strong> \u2013 Ya sea que su empresa est\u00e9 creciendo o buscando optimizarse, actuamos como su equipo de TI completo o co-administrado.<\/p>\t\t\t\t\t\t\t\t<\/div>\n\t\t\t\t<\/div>\n\t\t\t\t<\/div>\n\t\t\t\t\t<\/div>\n\t\t\t\t<\/div>\n\t\t<div class=\"elementor-element elementor-element-730c38d e-flex e-con-boxed e-con e-parent\" data-id=\"730c38d\" data-element_type=\"container\" data-e-type=\"container\" data-settings=\"{&quot;background_background&quot;:&quot;gradient&quot;}\">\n\t\t\t\t\t<div class=\"e-con-inner\">\n\t\t\t\t<div class=\"elementor-element elementor-element-c0d036c elementor-widget elementor-widget-heading\" data-id=\"c0d036c\" data-element_type=\"widget\" data-e-type=\"widget\" data-widget_type=\"heading.default\">\n\t\t\t\t<div class=\"elementor-widget-container\">\n\t\t\t\t\t<h2 class=\"elementor-heading-title elementor-size-default\">Construyamos algo m\u00e1s eficiente, juntos<\/h2>\t\t\t\t<\/div>\n\t\t\t\t<\/div>\n\t\t\t\t<div class=\"elementor-element elementor-element-9717eaf elementor-widget elementor-widget-text-editor\" data-id=\"9717eaf\" data-element_type=\"widget\" data-e-type=\"widget\" data-widget_type=\"text-editor.default\">\n\t\t\t\t<div class=\"elementor-widget-container\">\n\t\t\t\t\t\t\t\t\t<p data-start=\"2791\" data-end=\"3100\">Su trabajo se basa en la precisi\u00f3n, el rendimiento y el cumplimiento de los plazos. El nuestro tambi\u00e9n. Perm\u00edtanos encargarnos de su tecnolog\u00eda para que usted pueda enfocarse en sus dise\u00f1os, plazos y entregas.<\/p><p data-start=\"2791\" data-end=\"3100\"><strong data-start=\"2963\" data-end=\"3100\">Cont\u00e1ctenos para una consulta gratuita y descubra nuestra lista completa de servicios personalizados seg\u00fan las necesidades de su empresa.<\/strong><\/p>\t\t\t\t\t\t\t\t<\/div>\n\t\t\t\t<\/div>\n\t\t\t\t\t<\/div>\n\t\t\t\t<\/div>\n\t\t<div class=\"elementor-element elementor-element-d23ebeb e-flex e-con-boxed e-con e-parent\" data-id=\"d23ebeb\" data-element_type=\"container\" data-e-type=\"container\">\n\t\t\t\t\t<div class=\"e-con-inner\">\n\t\t\t\t<div class=\"elementor-element elementor-element-02cc576 elementor-align-center elementor-widget elementor-widget-button\" data-id=\"02cc576\" data-element_type=\"widget\" data-e-type=\"widget\" data-widget_type=\"button.default\">\n\t\t\t\t<div class=\"elementor-widget-container\">\n\t\t\t\t\t\t\t\t\t<div class=\"elementor-button-wrapper\">\n\t\t\t\t\t<a class=\"elementor-button elementor-button-link elementor-size-sm\" href=\"#\">\n\t\t\t\t\t\t<span class=\"elementor-button-content-wrapper\">\n\t\t\t\t\t\t\t\t\t<span class=\"elementor-button-text\">SOLICITE UNA CONSULTA GRATUITA<\/span>\n\t\t\t\t\t<\/span>\n\t\t\t\t\t<\/a>\n\t\t\t\t<\/div>\n\t\t\t\t\t\t\t\t<\/div>\n\t\t\t\t<\/div>\n\t\t\t\t<div class=\"elementor-element elementor-element-4680298 elementor-widget elementor-widget-spacer\" data-id=\"4680298\" data-element_type=\"widget\" data-e-type=\"widget\" data-widget_type=\"spacer.default\">\n\t\t\t\t<div class=\"elementor-widget-container\">\n\t\t\t\t\t\t\t<div class=\"elementor-spacer\">\n\t\t\t<div class=\"elementor-spacer-inner\"><\/div>\n\t\t<\/div>\n\t\t\t\t\t\t<\/div>\n\t\t\t\t<\/div>\n\t\t\t\t\t<\/div>\n\t\t\t\t<\/div>\n\t\t\t\t<\/div>\n\t\t","protected":false},"excerpt":{"rendered":"<p>Construcci\u00f3n y ArquitecturaSOLICITE UNA CONSULTA GRATUITA Soluciones Tecnol\u00f3gicas para Empresas de Construcci\u00f3n y Arquitectura Impulsamos sus proyectos con tecnolog\u00eda confiable, comunicaciones seguras y conectividad en sitio que trabaja tan duro como usted IEn el sector de la construcci\u00f3n y la arquitectura, el tiempo lo es todo, y cada minuto de inactividad o falta de comunicaci\u00f3n [&hellip;]<\/p>\n","protected":false},"author":1,"featured_media":0,"parent":0,"menu_order":0,"comment_status":"closed","ping_status":"closed","template":"","meta":{"footnotes":""},"class_list":["post-6335","page","type-page","status-publish","hentry"],"yoast_head":"<!-- This site is optimized with the Yoast SEO plugin v27.0 - https:\/\/yoast.com\/product\/yoast-seo-wordpress\/ -->\n<title>Construcci\u00f3n y Arquitectura - Baritech<\/title>\n<meta name=\"robots\" content=\"index, follow, max-snippet:-1, max-image-preview:large, max-video-preview:-1\" \/>\n<link rel=\"canonical\" href=\"https:\/\/baritech.com\/es\/construccion-y-arquitectura\/\" \/>\n<meta property=\"og:locale\" content=\"es_ES\" \/>\n<meta property=\"og:type\" content=\"article\" \/>\n<meta property=\"og:title\" content=\"Construcci\u00f3n y Arquitectura - Baritech\" \/>\n<meta property=\"og:description\" content=\"Construcci\u00f3n y ArquitecturaSOLICITE UNA CONSULTA GRATUITA Soluciones Tecnol\u00f3gicas para Empresas de Construcci\u00f3n y Arquitectura Impulsamos sus proyectos con tecnolog\u00eda confiable, comunicaciones seguras y conectividad en sitio que trabaja tan duro como usted IEn el sector de la construcci\u00f3n y la arquitectura, el tiempo lo es todo, y cada minuto de inactividad o falta de comunicaci\u00f3n [&hellip;]\" \/>\n<meta property=\"og:url\" content=\"https:\/\/baritech.com\/es\/construccion-y-arquitectura\/\" \/>\n<meta property=\"og:site_name\" content=\"Baritech\" \/>\n<meta property=\"article:publisher\" content=\"https:\/\/www.facebook.com\/baritech.la\/\" \/>\n<meta property=\"article:modified_time\" content=\"2025-10-22T01:51:43+00:00\" \/>\n<meta name=\"twitter:card\" content=\"summary_large_image\" \/>\n<meta name=\"twitter:site\" content=\"@baritechinfo\" \/>\n<meta name=\"twitter:label1\" content=\"Tiempo de lectura\" \/>\n\t<meta name=\"twitter:data1\" content=\"3 minutos\" \/>\n<script type=\"application\/ld+json\" class=\"yoast-schema-graph\">{\"@context\":\"https:\/\/schema.org\",\"@graph\":[{\"@type\":\"WebPage\",\"@id\":\"https:\/\/baritech.com\/es\/construccion-y-arquitectura\/\",\"url\":\"https:\/\/baritech.com\/es\/construccion-y-arquitectura\/\",\"name\":\"Construcci\u00f3n y Arquitectura - Baritech\",\"isPartOf\":{\"@id\":\"https:\/\/baritech.com\/es\/#website\"},\"datePublished\":\"2025-04-10T17:31:46+00:00\",\"dateModified\":\"2025-10-22T01:51:43+00:00\",\"breadcrumb\":{\"@id\":\"https:\/\/baritech.com\/es\/construccion-y-arquitectura\/#breadcrumb\"},\"inLanguage\":\"es\",\"potentialAction\":[{\"@type\":\"ReadAction\",\"target\":[\"https:\/\/baritech.com\/es\/construccion-y-arquitectura\/\"]}]},{\"@type\":\"BreadcrumbList\",\"@id\":\"https:\/\/baritech.com\/es\/construccion-y-arquitectura\/#breadcrumb\",\"itemListElement\":[{\"@type\":\"ListItem\",\"position\":1,\"name\":\"Home\",\"item\":\"https:\/\/baritech.com\/es\/home-page\/\"},{\"@type\":\"ListItem\",\"position\":2,\"name\":\"Construcci\u00f3n y Arquitectura\"}]},{\"@type\":\"WebSite\",\"@id\":\"https:\/\/baritech.com\/es\/#website\",\"url\":\"https:\/\/baritech.com\/es\/\",\"name\":\"Baritech\",\"description\":\"We Manage Your IT, so You Can Manage Your Business\",\"publisher\":{\"@id\":\"https:\/\/baritech.com\/es\/#organization\"},\"potentialAction\":[{\"@type\":\"SearchAction\",\"target\":{\"@type\":\"EntryPoint\",\"urlTemplate\":\"https:\/\/baritech.com\/es\/?s={search_term_string}\"},\"query-input\":{\"@type\":\"PropertyValueSpecification\",\"valueRequired\":true,\"valueName\":\"search_term_string\"}}],\"inLanguage\":\"es\"},{\"@type\":\"Organization\",\"@id\":\"https:\/\/baritech.com\/es\/#organization\",\"name\":\"Baritech\",\"url\":\"https:\/\/baritech.com\/es\/\",\"logo\":{\"@type\":\"ImageObject\",\"inLanguage\":\"es\",\"@id\":\"https:\/\/baritech.com\/es\/#\/schema\/logo\/image\/\",\"url\":\"https:\/\/baritech.com\/wp-content\/uploads\/2025\/03\/BaritechLogo-300x59-1.png\",\"contentUrl\":\"https:\/\/baritech.com\/wp-content\/uploads\/2025\/03\/BaritechLogo-300x59-1.png\",\"width\":300,\"height\":59,\"caption\":\"Baritech\"},\"image\":{\"@id\":\"https:\/\/baritech.com\/es\/#\/schema\/logo\/image\/\"},\"sameAs\":[\"https:\/\/www.facebook.com\/baritech.la\/\",\"https:\/\/x.com\/baritechinfo\",\"https:\/\/www.linkedin.com\/company\/baritechmsp\",\"https:\/\/www.youtube.com\/@BaritechMSP\"]}]}<\/script>\n<!-- \/ Yoast SEO plugin. -->","yoast_head_json":{"title":"Construcci\u00f3n y Arquitectura - Baritech","robots":{"index":"index","follow":"follow","max-snippet":"max-snippet:-1","max-image-preview":"max-image-preview:large","max-video-preview":"max-video-preview:-1"},"canonical":"https:\/\/baritech.com\/es\/construccion-y-arquitectura\/","og_locale":"es_ES","og_type":"article","og_title":"Construcci\u00f3n y Arquitectura - Baritech","og_description":"Construcci\u00f3n y ArquitecturaSOLICITE UNA CONSULTA GRATUITA Soluciones Tecnol\u00f3gicas para Empresas de Construcci\u00f3n y Arquitectura Impulsamos sus proyectos con tecnolog\u00eda confiable, comunicaciones seguras y conectividad en sitio que trabaja tan duro como usted IEn el sector de la construcci\u00f3n y la arquitectura, el tiempo lo es todo, y cada minuto de inactividad o falta de comunicaci\u00f3n [&hellip;]","og_url":"https:\/\/baritech.com\/es\/construccion-y-arquitectura\/","og_site_name":"Baritech","article_publisher":"https:\/\/www.facebook.com\/baritech.la\/","article_modified_time":"2025-10-22T01:51:43+00:00","twitter_card":"summary_large_image","twitter_site":"@baritechinfo","twitter_misc":{"Tiempo de lectura":"3 minutos"},"schema":{"@context":"https:\/\/schema.org","@graph":[{"@type":"WebPage","@id":"https:\/\/baritech.com\/es\/construccion-y-arquitectura\/","url":"https:\/\/baritech.com\/es\/construccion-y-arquitectura\/","name":"Construcci\u00f3n y Arquitectura - Baritech","isPartOf":{"@id":"https:\/\/baritech.com\/es\/#website"},"datePublished":"2025-04-10T17:31:46+00:00","dateModified":"2025-10-22T01:51:43+00:00","breadcrumb":{"@id":"https:\/\/baritech.com\/es\/construccion-y-arquitectura\/#breadcrumb"},"inLanguage":"es","potentialAction":[{"@type":"ReadAction","target":["https:\/\/baritech.com\/es\/construccion-y-arquitectura\/"]}]},{"@type":"BreadcrumbList","@id":"https:\/\/baritech.com\/es\/construccion-y-arquitectura\/#breadcrumb","itemListElement":[{"@type":"ListItem","position":1,"name":"Home","item":"https:\/\/baritech.com\/es\/home-page\/"},{"@type":"ListItem","position":2,"name":"Construcci\u00f3n y Arquitectura"}]},{"@type":"WebSite","@id":"https:\/\/baritech.com\/es\/#website","url":"https:\/\/baritech.com\/es\/","name":"Baritech","description":"We Manage Your IT, so You Can Manage Your Business","publisher":{"@id":"https:\/\/baritech.com\/es\/#organization"},"potentialAction":[{"@type":"SearchAction","target":{"@type":"EntryPoint","urlTemplate":"https:\/\/baritech.com\/es\/?s={search_term_string}"},"query-input":{"@type":"PropertyValueSpecification","valueRequired":true,"valueName":"search_term_string"}}],"inLanguage":"es"},{"@type":"Organization","@id":"https:\/\/baritech.com\/es\/#organization","name":"Baritech","url":"https:\/\/baritech.com\/es\/","logo":{"@type":"ImageObject","inLanguage":"es","@id":"https:\/\/baritech.com\/es\/#\/schema\/logo\/image\/","url":"https:\/\/baritech.com\/wp-content\/uploads\/2025\/03\/BaritechLogo-300x59-1.png","contentUrl":"https:\/\/baritech.com\/wp-content\/uploads\/2025\/03\/BaritechLogo-300x59-1.png","width":300,"height":59,"caption":"Baritech"},"image":{"@id":"https:\/\/baritech.com\/es\/#\/schema\/logo\/image\/"},"sameAs":["https:\/\/www.facebook.com\/baritech.la\/","https:\/\/x.com\/baritechinfo","https:\/\/www.linkedin.com\/company\/baritechmsp","https:\/\/www.youtube.com\/@BaritechMSP"]}]}},"_links":{"self":[{"href":"https:\/\/baritech.com\/es\/wp-json\/wp\/v2\/pages\/6335","targetHints":{"allow":["GET"]}}],"collection":[{"href":"https:\/\/baritech.com\/es\/wp-json\/wp\/v2\/pages"}],"about":[{"href":"https:\/\/baritech.com\/es\/wp-json\/wp\/v2\/types\/page"}],"author":[{"embeddable":true,"href":"https:\/\/baritech.com\/es\/wp-json\/wp\/v2\/users\/1"}],"replies":[{"embeddable":true,"href":"https:\/\/baritech.com\/es\/wp-json\/wp\/v2\/comments?post=6335"}],"version-history":[{"count":3,"href":"https:\/\/baritech.com\/es\/wp-json\/wp\/v2\/pages\/6335\/revisions"}],"predecessor-version":[{"id":6662,"href":"https:\/\/baritech.com\/es\/wp-json\/wp\/v2\/pages\/6335\/revisions\/6662"}],"wp:attachment":[{"href":"https:\/\/baritech.com\/es\/wp-json\/wp\/v2\/media?parent=6335"}],"curies":[{"name":"wp","href":"https:\/\/api.w.org\/{rel}","templated":true}]}}