{"id":6332,"date":"2025-08-08T15:56:36","date_gmt":"2025-08-08T15:56:36","guid":{"rendered":"https:\/\/baritech.com\/automatizacion-empresarial-personalizada\/"},"modified":"2025-10-28T00:33:24","modified_gmt":"2025-10-28T00:33:24","slug":"automatizacion-empresarial-personalizada","status":"publish","type":"page","link":"https:\/\/baritech.com\/es\/automatizacion-empresarial-personalizada\/","title":{"rendered":"Automatizaci\u00f3n Empresarial Personalizada"},"content":{"rendered":"\t\t<div data-elementor-type=\"wp-page\" data-elementor-id=\"6332\" class=\"elementor elementor-6332 elementor-4236\" data-elementor-post-type=\"page\">\n\t\t\t\t<div class=\"elementor-element elementor-element-695b95c e-flex e-con-boxed e-con e-parent\" data-id=\"695b95c\" data-element_type=\"container\" data-e-type=\"container\">\n\t\t\t\t\t<div class=\"e-con-inner\">\n\t\t\t\t<div class=\"elementor-element elementor-element-46cdf4e elementor--h-position-left elementor--v-position-middle elementor-arrows-position-inside elementor-pagination-position-inside elementor-widget elementor-widget-slides\" data-id=\"46cdf4e\" data-element_type=\"widget\" data-e-type=\"widget\" data-settings=\"{&quot;navigation&quot;:&quot;both&quot;,&quot;autoplay&quot;:&quot;yes&quot;,&quot;pause_on_hover&quot;:&quot;yes&quot;,&quot;pause_on_interaction&quot;:&quot;yes&quot;,&quot;autoplay_speed&quot;:5000,&quot;infinite&quot;:&quot;yes&quot;,&quot;transition&quot;:&quot;slide&quot;,&quot;transition_speed&quot;:500}\" data-widget_type=\"slides.default\">\n\t\t\t\t<div class=\"elementor-widget-container\">\n\t\t\t\t\t\t\t\t\t<div class=\"elementor-swiper\">\n\t\t\t\t\t<div class=\"elementor-slides-wrapper elementor-main-swiper swiper\" role=\"region\" aria-roledescription=\"carousel\" aria-label=\"Slides\" dir=\"ltr\" data-animation=\"fadeInUp\">\n\t\t\t\t<div class=\"swiper-wrapper elementor-slides\">\n\t\t\t\t\t\t\t\t\t\t<div class=\"elementor-repeater-item-18b04fc swiper-slide\" role=\"group\" aria-roledescription=\"slide\"><div class=\"swiper-slide-bg\" role=\"img\" aria-label=\"Automatizaci\u00f3n Empresarial Servicios de IT Personalizados Adquisici\u00f3n de IT Soluciones Empresariales\"><\/div><div class=\"elementor-background-overlay\"><\/div><a class=\"swiper-slide-inner\" href=\"#elementor-action%3Aaction%3Dpopup%3Aopen%26settings%3DeyJpZCI6IjY4MDciLCJ0b2dnbGUiOmZhbHNlfQ%3D%3D\"><div class=\"swiper-slide-contents\"><div class=\"elementor-slide-heading\">Automatizaci\u00f3n Empresarial Personalizada<\/div><div  class=\"elementor-button elementor-slide-button elementor-size-sm\">SOLICITE UNA CONSULTA GRATUITA<\/div><\/div><\/a><\/div>\t\t\t\t<\/div>\n\t\t\t\t\t\t\t<\/div>\n\t\t\t\t<\/div>\n\t\t\t\t\t\t\t\t<\/div>\n\t\t\t\t<\/div>\n\t\t\t\t\t<\/div>\n\t\t\t\t<\/div>\n\t\t<div class=\"elementor-element elementor-element-850ee58 e-flex e-con-boxed e-con e-parent\" data-id=\"850ee58\" data-element_type=\"container\" data-e-type=\"container\">\n\t\t\t\t\t<div class=\"e-con-inner\">\n\t\t\t\t<div class=\"elementor-element elementor-element-a155d5d elementor-widget elementor-widget-heading\" data-id=\"a155d5d\" data-element_type=\"widget\" data-e-type=\"widget\" data-widget_type=\"heading.default\">\n\t\t\t\t<div class=\"elementor-widget-container\">\n\t\t\t\t\t<h2 class=\"elementor-heading-title elementor-size-default\">Automatizaci\u00f3n Empresarial Personalizada<\/h2>\t\t\t\t<\/div>\n\t\t\t\t<\/div>\n\t\t\t\t<div class=\"elementor-element elementor-element-cc707c8 elementor-widget elementor-widget-text-editor\" data-id=\"cc707c8\" data-element_type=\"widget\" data-e-type=\"widget\" data-widget_type=\"text-editor.default\">\n\t\t\t\t<div class=\"elementor-widget-container\">\n\t\t\t\t\t\t\t\t\t<h4 style=\"color: #12bfe9; text-align: center;\" data-end=\"415\">Impulse la eficiencia, reduzca costos y acelere el crecimiento \u2014 soluciones dise\u00f1adas para el \u00e9xito de su negocio.<\/h4><p data-start=\"366\" data-end=\"784\">\u00bfSu empresa se ve frenada por tareas manuales repetitivas, procesos lentos u oportunidades perdidas?<br>Desde la entrada interminable de datos hasta los seguimientos retrasados a clientes, los cuellos de botella operativos reducen la productividad y limitan el crecimiento.<br>En Baritech, nos especializamos en soluciones de automatizaci\u00f3n a medida que optimizan sus flujos de trabajo, mejoran los tiempos de respuesta y ayudan a su equipo a enfocarse en lo que realmente importa: generar resultados.  <\/p>\t\t\t\t\t\t\t\t<\/div>\n\t\t\t\t<\/div>\n\t\t\t\t\t<\/div>\n\t\t\t\t<\/div>\n\t\t<div class=\"elementor-element elementor-element-aca2550 e-flex e-con-boxed e-con e-parent\" data-id=\"aca2550\" data-element_type=\"container\" data-e-type=\"container\" data-settings=\"{&quot;background_background&quot;:&quot;gradient&quot;}\">\n\t\t\t\t\t<div class=\"e-con-inner\">\n\t\t\t\t<div class=\"elementor-element elementor-element-090bdbd elementor-widget elementor-widget-heading\" data-id=\"090bdbd\" data-element_type=\"widget\" data-e-type=\"widget\" data-widget_type=\"heading.default\">\n\t\t\t\t<div class=\"elementor-widget-container\">\n\t\t\t\t\t<h2 class=\"elementor-heading-title elementor-size-default\">Supere los Cuellos de Botella de su Negocio<\/h2>\t\t\t\t<\/div>\n\t\t\t\t<\/div>\n\t\t\t\t<div class=\"elementor-element elementor-element-70aa0f8 elementor-widget elementor-widget-text-editor\" data-id=\"70aa0f8\" data-element_type=\"widget\" data-e-type=\"widget\" data-widget_type=\"text-editor.default\">\n\t\t\t\t<div class=\"elementor-widget-container\">\n\t\t\t\t\t\t\t\t\t<h4 style=\"color: #12bfe9; text-align: center;\" data-end=\"415\"><data-start=\"348\" data-end=\"415\">Identificamos y eliminamos los principales obst\u00e1culos que lo est\u00e1n ralentizando, tales como:<\/h4>\t\t\t\t\t\t\t\t<\/div>\n\t\t\t\t<\/div>\n\t\t<div class=\"elementor-element elementor-element-7be6bef e-grid e-con-full e-con e-child\" data-id=\"7be6bef\" data-element_type=\"container\" data-e-type=\"container\">\n\t\t\t\t<div class=\"elementor-element elementor-element-7893f34 elementor-widget elementor-widget-text-editor\" data-id=\"7893f34\" data-element_type=\"widget\" data-e-type=\"widget\" data-widget_type=\"text-editor.default\">\n\t\t\t\t<div class=\"elementor-widget-container\">\n\t\t\t\t\t\t\t\t\t<p data-start=\"906\" data-end=\"946\">Horas perdidas en tareas administrativas repetitivas.<\/p><p data-start=\"949\" data-end=\"988\">P\u00e9rdida de ventas por seguimiento lento de clientes potenciales.<\/p><p data-start=\"991\" data-end=\"1038\">Equipos de soporte saturados y respuestas demoradas.<\/p><p data-start=\"1041\" data-end=\"1095\">Crecimiento estancado causado por ineficiencias operativas<\/p>\t\t\t\t\t\t\t\t<\/div>\n\t\t\t\t<\/div>\n\t\t\t\t<\/div>\n\t\t\t\t\t<\/div>\n\t\t\t\t<\/div>\n\t\t<div class=\"elementor-element elementor-element-bcd86dd e-flex e-con-boxed e-con e-parent\" data-id=\"bcd86dd\" data-element_type=\"container\" data-e-type=\"container\">\n\t\t\t\t\t<div class=\"e-con-inner\">\n\t\t\t\t<div class=\"elementor-element elementor-element-a909e4f elementor-widget elementor-widget-heading\" data-id=\"a909e4f\" data-element_type=\"widget\" data-e-type=\"widget\" data-widget_type=\"heading.default\">\n\t\t\t\t<div class=\"elementor-widget-container\">\n\t\t\t\t\t<h2 class=\"elementor-heading-title elementor-size-default\">Nuestras Soluciones de Automatizaci\u00f3n Incluyen<\/h2>\t\t\t\t<\/div>\n\t\t\t\t<\/div>\n\t\t<div class=\"elementor-element elementor-element-ecb747e e-grid e-con-full e-con e-child\" data-id=\"ecb747e\" data-element_type=\"container\" data-e-type=\"container\">\n\t\t\t\t<div class=\"elementor-element elementor-element-4ab27e5 elementor-widget elementor-widget-text-editor\" data-id=\"4ab27e5\" data-element_type=\"widget\" data-e-type=\"widget\" data-widget_type=\"text-editor.default\">\n\t\t\t\t<div class=\"elementor-widget-container\">\n\t\t\t\t\t\t\t\t\t<h5 style=\"color: #12bfe9;\" data-start=\"829\" data-end=\"850\"><data-start=\"833\" data-end=\"850\">Automatizaci\u00f3n de Procesos Empresariales (BPA)<\/h5><br>Reemplace el trabajo manual repetitivo (ingreso de datos, facturaci\u00f3n, reportes) con herramientas RPA inteligentes y eficientes.\t\t\t\t\t\t\t\t<\/div>\n\t\t\t\t<\/div>\n\t\t\t\t<div class=\"elementor-element elementor-element-c150fe7 elementor-widget elementor-widget-text-editor\" data-id=\"c150fe7\" data-element_type=\"widget\" data-e-type=\"widget\" data-widget_type=\"text-editor.default\">\n\t\t\t\t<div class=\"elementor-widget-container\">\n\t\t\t\t\t\t\t\t\t<h5 style=\"color: #12bfe9;\" data-start=\"829\" data-end=\"850\"><data-start=\"833\" data-end=\"850\">Atenci\u00f3n al Cliente Impulsada por IA<\/h5>\nSoluciones de chatbot y asistentes virtuales 24\/7 para aumentar la satisfacci\u00f3n y reducir los tiempos de espera.\t\t\t\t\t\t\t\t<\/div>\n\t\t\t\t<\/div>\n\t\t\t\t<div class=\"elementor-element elementor-element-9e51a2d elementor-widget elementor-widget-text-editor\" data-id=\"9e51a2d\" data-element_type=\"widget\" data-e-type=\"widget\" data-widget_type=\"text-editor.default\">\n\t\t\t\t<div class=\"elementor-widget-container\">\n\t\t\t\t\t\t\t\t\t<h5 style=\"color: #12bfe9;\" data-start=\"829\" data-end=\"850\"><data-start=\"833\" data-end=\"850\">Automatizaci\u00f3n de Ventas y Marketing<\/h5><br>Campa\u00f1as impulsadas por inteligencia artificial, seguimiento de clientes potenciales y optimizaci\u00f3n de embudos de conversi\u00f3n para captar m\u00e1s negocio r\u00e1pidamente.\t\t\t\t\t\t\t\t<\/div>\n\t\t\t\t<\/div>\n\t\t\t\t<div class=\"elementor-element elementor-element-c3846b5 elementor-widget elementor-widget-text-editor\" data-id=\"c3846b5\" data-element_type=\"widget\" data-e-type=\"widget\" data-widget_type=\"text-editor.default\">\n\t\t\t\t<div class=\"elementor-widget-container\">\n\t\t\t\t\t\t\t\t\t<h5 style=\"color: #12bfe9;\" data-start=\"829\" data-end=\"850\"><data-start=\"833\" data-end=\"850\">Integraci\u00f3n Personalizada de IA<\/h5><br>Desde an\u00e1lisis predictivo hasta motores de recomendaci\u00f3n, adaptamos las soluciones de IA a sus necesidades espec\u00edficas.\t\t\t\t\t\t\t\t<\/div>\n\t\t\t\t<\/div>\n\t\t\t\t<div class=\"elementor-element elementor-element-7087125 elementor-widget elementor-widget-text-editor\" data-id=\"7087125\" data-element_type=\"widget\" data-e-type=\"widget\" data-widget_type=\"text-editor.default\">\n\t\t\t\t<div class=\"elementor-widget-container\">\n\t\t\t\t\t\t\t\t\t<h5 style=\"color: #12bfe9;\" data-start=\"829\" data-end=\"850\"><data-start=\"833\" data-end=\"850\">Consultor\u00eda de Flujos de Trabajo y Reingenier\u00eda de Procesos<\/h5>\nMapeamos, optimizamos y reestructuramos operaciones para lograr la m\u00e1xima eficiencia.\t\t\t\t\t\t\t\t<\/div>\n\t\t\t\t<\/div>\n\t\t\t\t<div class=\"elementor-element elementor-element-3674fa1 elementor-widget elementor-widget-text-editor\" data-id=\"3674fa1\" data-element_type=\"widget\" data-e-type=\"widget\" data-widget_type=\"text-editor.default\">\n\t\t\t\t<div class=\"elementor-widget-container\">\n\t\t\t\t\t\t\t\t\t<h5 style=\"color: #12bfe9;\" data-start=\"829\" data-end=\"850\"><data-start=\"833\" data-end=\"850\">Soporte y Capacitaci\u00f3n Continua<\/h5><br>Monitoreo constante, capacitaci\u00f3n del personal y optimizaci\u00f3n para resultados sostenibles.\t\t\t\t\t\t\t\t<\/div>\n\t\t\t\t<\/div>\n\t\t\t\t<\/div>\n\t\t\t\t<div class=\"elementor-element elementor-element-1463aa1 elementor-widget elementor-widget-text-editor\" data-id=\"1463aa1\" data-element_type=\"widget\" data-e-type=\"widget\" data-widget_type=\"text-editor.default\">\n\t\t\t\t<div class=\"elementor-widget-container\">\n\t\t\t\t\t\t\t\t\tCon nuestra experiencia en telecomunicaciones y soluciones de TI, garantizamos que cada sistema de automatizaci\u00f3n se integre perfectamente con su infraestructura existente, incluidos sus sistemas de comunicaci\u00f3n, puntos de venta (POS) y herramientas de interacci\u00f3n con clientes.\t\t\t\t\t\t\t\t<\/div>\n\t\t\t\t<\/div>\n\t\t\t\t\t<\/div>\n\t\t\t\t<\/div>\n\t\t<div class=\"elementor-element elementor-element-8f5bafd e-flex e-con-boxed e-con e-parent\" data-id=\"8f5bafd\" data-element_type=\"container\" data-e-type=\"container\" data-settings=\"{&quot;background_background&quot;:&quot;gradient&quot;}\">\n\t\t\t\t\t<div class=\"e-con-inner\">\n\t\t\t\t<div class=\"elementor-element elementor-element-fff676f elementor-widget elementor-widget-heading\" data-id=\"fff676f\" data-element_type=\"widget\" data-e-type=\"widget\" data-widget_type=\"heading.default\">\n\t\t\t\t<div class=\"elementor-widget-container\">\n\t\t\t\t\t<h2 class=\"elementor-heading-title elementor-size-default\">D\u00e9 el Primer Paso hacia un Negocio m\u00e1s Inteligente<\/h2>\t\t\t\t<\/div>\n\t\t\t\t<\/div>\n\t\t\t\t<div class=\"elementor-element elementor-element-2545c98 elementor-widget elementor-widget-text-editor\" data-id=\"2545c98\" data-element_type=\"widget\" data-e-type=\"widget\" data-widget_type=\"text-editor.default\">\n\t\t\t\t<div class=\"elementor-widget-container\">\n\t\t\t\t\t\t\t\t\t<p>No permita que los procesos obsoletos lo detengan.<\/p><p>Cont\u00e1ctenos hoy para una consulta gratuita y descubra c\u00f3mo la automatizaci\u00f3n personalizada puede ahorrarle tiempo, reducir costos y abrir nuevas oportunidades de crecimiento. Sus competidores ya est\u00e1n automatizando \u2014 no se quede atr\u00e1s. <\/p>\t\t\t\t\t\t\t\t<\/div>\n\t\t\t\t<\/div>\n\t\t<div class=\"elementor-element elementor-element-34d1429 e-con-full e-flex e-con e-child\" data-id=\"34d1429\" data-element_type=\"container\" data-e-type=\"container\">\n\t\t\t\t<div class=\"elementor-element elementor-element-54b547f elementor-align-center elementor-widget elementor-widget-button\" data-id=\"54b547f\" data-element_type=\"widget\" data-e-type=\"widget\" data-widget_type=\"button.default\">\n\t\t\t\t<div class=\"elementor-widget-container\">\n\t\t\t\t\t\t\t\t\t<div class=\"elementor-button-wrapper\">\n\t\t\t\t\t<a class=\"elementor-button elementor-button-link elementor-size-sm\" href=\"#elementor-action%3Aaction%3Dpopup%3Aopen%26settings%3DeyJpZCI6NjgwNywidG9nZ2xlIjpmYWxzZX0%3D\">\n\t\t\t\t\t\t<span class=\"elementor-button-content-wrapper\">\n\t\t\t\t\t\t\t\t\t<span class=\"elementor-button-text\">SOLICITE UNA CONSULTA GRATUITA<\/span>\n\t\t\t\t\t<\/span>\n\t\t\t\t\t<\/a>\n\t\t\t\t<\/div>\n\t\t\t\t\t\t\t\t<\/div>\n\t\t\t\t<\/div>\n\t\t\t\t<\/div>\n\t\t\t\t\t<\/div>\n\t\t\t\t<\/div>\n\t\t<div class=\"elementor-element elementor-element-abd6b49 e-flex e-con-boxed e-con e-parent\" data-id=\"abd6b49\" data-element_type=\"container\" data-e-type=\"container\">\n\t\t\t\t\t<div class=\"e-con-inner\">\n\t\t\t\t<div class=\"elementor-element elementor-element-f85ee12 elementor-widget elementor-widget-spacer\" data-id=\"f85ee12\" data-element_type=\"widget\" data-e-type=\"widget\" data-widget_type=\"spacer.default\">\n\t\t\t\t<div class=\"elementor-widget-container\">\n\t\t\t\t\t\t\t<div class=\"elementor-spacer\">\n\t\t\t<div class=\"elementor-spacer-inner\"><\/div>\n\t\t<\/div>\n\t\t\t\t\t\t<\/div>\n\t\t\t\t<\/div>\n\t\t\t\t\t<\/div>\n\t\t\t\t<\/div>\n\t\t<div class=\"elementor-element elementor-element-119d5ef e-flex e-con-boxed e-con e-parent\" data-id=\"119d5ef\" data-element_type=\"container\" data-e-type=\"container\">\n\t\t\t\t\t<div class=\"e-con-inner\">\n\t\t\t\t<div class=\"elementor-element elementor-element-6e761d2 elementor-widget elementor-widget-spacer\" data-id=\"6e761d2\" data-element_type=\"widget\" data-e-type=\"widget\" data-widget_type=\"spacer.default\">\n\t\t\t\t<div class=\"elementor-widget-container\">\n\t\t\t\t\t\t\t<div class=\"elementor-spacer\">\n\t\t\t<div class=\"elementor-spacer-inner\"><\/div>\n\t\t<\/div>\n\t\t\t\t\t\t<\/div>\n\t\t\t\t<\/div>\n\t\t\t\t\t<\/div>\n\t\t\t\t<\/div>\n\t\t\t\t<\/div>\n\t\t","protected":false},"excerpt":{"rendered":"<p>Automatizaci\u00f3n Empresarial PersonalizadaSOLICITE UNA CONSULTA GRATUITA Automatizaci\u00f3n Empresarial Personalizada Impulse la eficiencia, reduzca costos y acelere el crecimiento \u2014 soluciones dise\u00f1adas para el \u00e9xito de su negocio. \u00bfSu empresa se ve frenada por tareas manuales repetitivas, procesos lentos u oportunidades perdidas?Desde la entrada interminable de datos hasta los seguimientos retrasados a clientes, los cuellos de [&hellip;]<\/p>\n","protected":false},"author":1,"featured_media":0,"parent":0,"menu_order":0,"comment_status":"closed","ping_status":"closed","template":"","meta":{"footnotes":""},"class_list":["post-6332","page","type-page","status-publish","hentry"],"yoast_head":"<!-- This site is optimized with the Yoast SEO plugin v27.0 - https:\/\/yoast.com\/product\/yoast-seo-wordpress\/ -->\n<title>Automatizaci\u00f3n Empresarial Personalizada - Baritech<\/title>\n<meta name=\"robots\" content=\"index, follow, max-snippet:-1, max-image-preview:large, max-video-preview:-1\" \/>\n<link rel=\"canonical\" href=\"https:\/\/baritech.com\/es\/automatizacion-empresarial-personalizada\/\" \/>\n<meta property=\"og:locale\" content=\"es_ES\" \/>\n<meta property=\"og:type\" content=\"article\" \/>\n<meta property=\"og:title\" content=\"Automatizaci\u00f3n Empresarial Personalizada - Baritech\" \/>\n<meta property=\"og:description\" content=\"Automatizaci\u00f3n Empresarial PersonalizadaSOLICITE UNA CONSULTA GRATUITA Automatizaci\u00f3n Empresarial Personalizada Impulse la eficiencia, reduzca costos y acelere el crecimiento \u2014 soluciones dise\u00f1adas para el \u00e9xito de su negocio. \u00bfSu empresa se ve frenada por tareas manuales repetitivas, procesos lentos u oportunidades perdidas?Desde la entrada interminable de datos hasta los seguimientos retrasados a clientes, los cuellos de [&hellip;]\" \/>\n<meta property=\"og:url\" content=\"https:\/\/baritech.com\/es\/automatizacion-empresarial-personalizada\/\" \/>\n<meta property=\"og:site_name\" content=\"Baritech\" \/>\n<meta property=\"article:publisher\" content=\"https:\/\/www.facebook.com\/baritech.la\/\" \/>\n<meta property=\"article:modified_time\" content=\"2025-10-28T00:33:24+00:00\" \/>\n<meta name=\"twitter:card\" content=\"summary_large_image\" \/>\n<meta name=\"twitter:site\" content=\"@baritechinfo\" \/>\n<meta name=\"twitter:label1\" content=\"Tiempo de lectura\" \/>\n\t<meta name=\"twitter:data1\" content=\"2 minutos\" \/>\n<script type=\"application\/ld+json\" class=\"yoast-schema-graph\">{\"@context\":\"https:\/\/schema.org\",\"@graph\":[{\"@type\":\"WebPage\",\"@id\":\"https:\/\/baritech.com\/es\/automatizacion-empresarial-personalizada\/\",\"url\":\"https:\/\/baritech.com\/es\/automatizacion-empresarial-personalizada\/\",\"name\":\"Automatizaci\u00f3n Empresarial Personalizada - Baritech\",\"isPartOf\":{\"@id\":\"https:\/\/baritech.com\/es\/#website\"},\"datePublished\":\"2025-08-08T15:56:36+00:00\",\"dateModified\":\"2025-10-28T00:33:24+00:00\",\"breadcrumb\":{\"@id\":\"https:\/\/baritech.com\/es\/automatizacion-empresarial-personalizada\/#breadcrumb\"},\"inLanguage\":\"es\",\"potentialAction\":[{\"@type\":\"ReadAction\",\"target\":[\"https:\/\/baritech.com\/es\/automatizacion-empresarial-personalizada\/\"]}]},{\"@type\":\"BreadcrumbList\",\"@id\":\"https:\/\/baritech.com\/es\/automatizacion-empresarial-personalizada\/#breadcrumb\",\"itemListElement\":[{\"@type\":\"ListItem\",\"position\":1,\"name\":\"Home\",\"item\":\"https:\/\/baritech.com\/es\/home-page\/\"},{\"@type\":\"ListItem\",\"position\":2,\"name\":\"Automatizaci\u00f3n Empresarial Personalizada\"}]},{\"@type\":\"WebSite\",\"@id\":\"https:\/\/baritech.com\/es\/#website\",\"url\":\"https:\/\/baritech.com\/es\/\",\"name\":\"Baritech\",\"description\":\"We Manage Your IT, so You Can Manage Your Business\",\"publisher\":{\"@id\":\"https:\/\/baritech.com\/es\/#organization\"},\"potentialAction\":[{\"@type\":\"SearchAction\",\"target\":{\"@type\":\"EntryPoint\",\"urlTemplate\":\"https:\/\/baritech.com\/es\/?s={search_term_string}\"},\"query-input\":{\"@type\":\"PropertyValueSpecification\",\"valueRequired\":true,\"valueName\":\"search_term_string\"}}],\"inLanguage\":\"es\"},{\"@type\":\"Organization\",\"@id\":\"https:\/\/baritech.com\/es\/#organization\",\"name\":\"Baritech\",\"url\":\"https:\/\/baritech.com\/es\/\",\"logo\":{\"@type\":\"ImageObject\",\"inLanguage\":\"es\",\"@id\":\"https:\/\/baritech.com\/es\/#\/schema\/logo\/image\/\",\"url\":\"https:\/\/baritech.com\/wp-content\/uploads\/2025\/03\/BaritechLogo-300x59-1.png\",\"contentUrl\":\"https:\/\/baritech.com\/wp-content\/uploads\/2025\/03\/BaritechLogo-300x59-1.png\",\"width\":300,\"height\":59,\"caption\":\"Baritech\"},\"image\":{\"@id\":\"https:\/\/baritech.com\/es\/#\/schema\/logo\/image\/\"},\"sameAs\":[\"https:\/\/www.facebook.com\/baritech.la\/\",\"https:\/\/x.com\/baritechinfo\",\"https:\/\/www.linkedin.com\/company\/baritechmsp\",\"https:\/\/www.youtube.com\/@BaritechMSP\"]}]}<\/script>\n<!-- \/ Yoast SEO plugin. -->","yoast_head_json":{"title":"Automatizaci\u00f3n Empresarial Personalizada - Baritech","robots":{"index":"index","follow":"follow","max-snippet":"max-snippet:-1","max-image-preview":"max-image-preview:large","max-video-preview":"max-video-preview:-1"},"canonical":"https:\/\/baritech.com\/es\/automatizacion-empresarial-personalizada\/","og_locale":"es_ES","og_type":"article","og_title":"Automatizaci\u00f3n Empresarial Personalizada - Baritech","og_description":"Automatizaci\u00f3n Empresarial PersonalizadaSOLICITE UNA CONSULTA GRATUITA Automatizaci\u00f3n Empresarial Personalizada Impulse la eficiencia, reduzca costos y acelere el crecimiento \u2014 soluciones dise\u00f1adas para el \u00e9xito de su negocio. \u00bfSu empresa se ve frenada por tareas manuales repetitivas, procesos lentos u oportunidades perdidas?Desde la entrada interminable de datos hasta los seguimientos retrasados a clientes, los cuellos de [&hellip;]","og_url":"https:\/\/baritech.com\/es\/automatizacion-empresarial-personalizada\/","og_site_name":"Baritech","article_publisher":"https:\/\/www.facebook.com\/baritech.la\/","article_modified_time":"2025-10-28T00:33:24+00:00","twitter_card":"summary_large_image","twitter_site":"@baritechinfo","twitter_misc":{"Tiempo de lectura":"2 minutos"},"schema":{"@context":"https:\/\/schema.org","@graph":[{"@type":"WebPage","@id":"https:\/\/baritech.com\/es\/automatizacion-empresarial-personalizada\/","url":"https:\/\/baritech.com\/es\/automatizacion-empresarial-personalizada\/","name":"Automatizaci\u00f3n Empresarial Personalizada - Baritech","isPartOf":{"@id":"https:\/\/baritech.com\/es\/#website"},"datePublished":"2025-08-08T15:56:36+00:00","dateModified":"2025-10-28T00:33:24+00:00","breadcrumb":{"@id":"https:\/\/baritech.com\/es\/automatizacion-empresarial-personalizada\/#breadcrumb"},"inLanguage":"es","potentialAction":[{"@type":"ReadAction","target":["https:\/\/baritech.com\/es\/automatizacion-empresarial-personalizada\/"]}]},{"@type":"BreadcrumbList","@id":"https:\/\/baritech.com\/es\/automatizacion-empresarial-personalizada\/#breadcrumb","itemListElement":[{"@type":"ListItem","position":1,"name":"Home","item":"https:\/\/baritech.com\/es\/home-page\/"},{"@type":"ListItem","position":2,"name":"Automatizaci\u00f3n Empresarial Personalizada"}]},{"@type":"WebSite","@id":"https:\/\/baritech.com\/es\/#website","url":"https:\/\/baritech.com\/es\/","name":"Baritech","description":"We Manage Your IT, so You Can Manage Your Business","publisher":{"@id":"https:\/\/baritech.com\/es\/#organization"},"potentialAction":[{"@type":"SearchAction","target":{"@type":"EntryPoint","urlTemplate":"https:\/\/baritech.com\/es\/?s={search_term_string}"},"query-input":{"@type":"PropertyValueSpecification","valueRequired":true,"valueName":"search_term_string"}}],"inLanguage":"es"},{"@type":"Organization","@id":"https:\/\/baritech.com\/es\/#organization","name":"Baritech","url":"https:\/\/baritech.com\/es\/","logo":{"@type":"ImageObject","inLanguage":"es","@id":"https:\/\/baritech.com\/es\/#\/schema\/logo\/image\/","url":"https:\/\/baritech.com\/wp-content\/uploads\/2025\/03\/BaritechLogo-300x59-1.png","contentUrl":"https:\/\/baritech.com\/wp-content\/uploads\/2025\/03\/BaritechLogo-300x59-1.png","width":300,"height":59,"caption":"Baritech"},"image":{"@id":"https:\/\/baritech.com\/es\/#\/schema\/logo\/image\/"},"sameAs":["https:\/\/www.facebook.com\/baritech.la\/","https:\/\/x.com\/baritechinfo","https:\/\/www.linkedin.com\/company\/baritechmsp","https:\/\/www.youtube.com\/@BaritechMSP"]}]}},"_links":{"self":[{"href":"https:\/\/baritech.com\/es\/wp-json\/wp\/v2\/pages\/6332","targetHints":{"allow":["GET"]}}],"collection":[{"href":"https:\/\/baritech.com\/es\/wp-json\/wp\/v2\/pages"}],"about":[{"href":"https:\/\/baritech.com\/es\/wp-json\/wp\/v2\/types\/page"}],"author":[{"embeddable":true,"href":"https:\/\/baritech.com\/es\/wp-json\/wp\/v2\/users\/1"}],"replies":[{"embeddable":true,"href":"https:\/\/baritech.com\/es\/wp-json\/wp\/v2\/comments?post=6332"}],"version-history":[{"count":12,"href":"https:\/\/baritech.com\/es\/wp-json\/wp\/v2\/pages\/6332\/revisions"}],"predecessor-version":[{"id":6932,"href":"https:\/\/baritech.com\/es\/wp-json\/wp\/v2\/pages\/6332\/revisions\/6932"}],"wp:attachment":[{"href":"https:\/\/baritech.com\/es\/wp-json\/wp\/v2\/media?parent=6332"}],"curies":[{"name":"wp","href":"https:\/\/api.w.org\/{rel}","templated":true}]}}