{"id":6323,"date":"2025-04-10T17:30:13","date_gmt":"2025-04-10T17:30:13","guid":{"rendered":"https:\/\/baritech.com\/educacion\/"},"modified":"2025-10-28T00:57:42","modified_gmt":"2025-10-28T00:57:42","slug":"educacion","status":"publish","type":"page","link":"https:\/\/baritech.com\/es\/educacion\/","title":{"rendered":"Educaci\u00f3n"},"content":{"rendered":"\t\t<div data-elementor-type=\"wp-page\" data-elementor-id=\"6323\" class=\"elementor elementor-6323 elementor-890\" data-elementor-post-type=\"page\">\n\t\t\t\t<div class=\"elementor-element elementor-element-3733f2e e-flex e-con-boxed e-con e-parent\" data-id=\"3733f2e\" data-element_type=\"container\" data-e-type=\"container\">\n\t\t\t\t\t<div class=\"e-con-inner\">\n\t\t\t\t<div class=\"elementor-element elementor-element-290be0c elementor--v-position-bottom elementor--h-position-center elementor-arrows-position-inside elementor-pagination-position-inside elementor-widget elementor-widget-slides\" data-id=\"290be0c\" data-element_type=\"widget\" data-e-type=\"widget\" data-settings=\"{&quot;navigation&quot;:&quot;both&quot;,&quot;autoplay&quot;:&quot;yes&quot;,&quot;pause_on_hover&quot;:&quot;yes&quot;,&quot;pause_on_interaction&quot;:&quot;yes&quot;,&quot;autoplay_speed&quot;:5000,&quot;infinite&quot;:&quot;yes&quot;,&quot;transition&quot;:&quot;slide&quot;,&quot;transition_speed&quot;:500}\" data-widget_type=\"slides.default\">\n\t\t\t\t<div class=\"elementor-widget-container\">\n\t\t\t\t\t\t\t\t\t<div class=\"elementor-swiper\">\n\t\t\t\t\t<div class=\"elementor-slides-wrapper elementor-main-swiper swiper\" role=\"region\" aria-roledescription=\"carousel\" aria-label=\"Slides\" dir=\"ltr\" data-animation=\"fadeInUp\">\n\t\t\t\t<div class=\"swiper-wrapper elementor-slides\">\n\t\t\t\t\t\t\t\t\t\t<div class=\"elementor-repeater-item-05ed0f6 swiper-slide\" role=\"group\" aria-roledescription=\"slide\"><div class=\"swiper-slide-bg elementor-ken-burns elementor-ken-burns--in\" role=\"img\" aria-label=\"Soluciones dei T, Servicios de Telecomunicaciones, Educaci\u00f3n, Industrias, Contabilidad, Impuestos, Servicios de IT\"><\/div><div class=\"elementor-background-overlay\"><\/div><a class=\"swiper-slide-inner\" href=\"#elementor-action%3Aaction%3Dpopup%3Aopen%26settings%3DeyJpZCI6IjY4MDciLCJ0b2dnbGUiOmZhbHNlfQ%3D%3D\"><div class=\"swiper-slide-contents\"><div class=\"elementor-slide-heading\">Educaci\u00f3n<\/div><div  class=\"elementor-button elementor-slide-button elementor-size-sm\">SOLICITE UNA CONSULTA GRATUITA<\/div><\/div><\/a><\/div>\t\t\t\t<\/div>\n\t\t\t\t\t\t\t<\/div>\n\t\t\t\t<\/div>\n\t\t\t\t\t\t\t\t<\/div>\n\t\t\t\t<\/div>\n\t\t\t\t\t<\/div>\n\t\t\t\t<\/div>\n\t\t<div class=\"elementor-element elementor-element-703a435 e-flex e-con-boxed e-con e-parent\" data-id=\"703a435\" data-element_type=\"container\" data-e-type=\"container\">\n\t\t\t\t\t<div class=\"e-con-inner\">\n\t\t\t\t<div class=\"elementor-element elementor-element-a70200c elementor-widget elementor-widget-heading\" data-id=\"a70200c\" data-element_type=\"widget\" data-e-type=\"widget\" data-widget_type=\"heading.default\">\n\t\t\t\t<div class=\"elementor-widget-container\">\n\t\t\t\t\t<h2 class=\"elementor-heading-title elementor-size-default\">Soluciones Tecnol\u00f3gicas para Escuelas e Instituciones Educativas<\/h2>\t\t\t\t<\/div>\n\t\t\t\t<\/div>\n\t\t\t\t<div class=\"elementor-element elementor-element-8a1406d elementor-widget elementor-widget-text-editor\" data-id=\"8a1406d\" data-element_type=\"widget\" data-e-type=\"widget\" data-widget_type=\"text-editor.default\">\n\t\t\t\t<div class=\"elementor-widget-container\">\n\t\t\t\t\t\t\t\t\t<h4 style=\"color: #12bfe9; text-align: center;\" data-start=\"829\" data-end=\"850\">Impulsando la educaci\u00f3n mediante tecnolog\u00eda segura, confiable y escalable<\/h4><p data-start=\"379\" data-end=\"830\">Entendemos los desaf\u00edos \u00fanicos que enfrentan las escuelas, colegios, academias y organizaciones educativas sin fines de lucro. Desde presupuestos limitados e infraestructura envejecida hasta el aumento de amenazas de ciberseguridad y la creciente demanda de aprendizaje h\u00edbrido, las instituciones educativas necesitan m\u00e1s que solo soporte de IT. Requieren un socio de confianza que pueda ofrecer soluciones tecnol\u00f3gicas inteligentes, seguras y rentables, adaptadas al entorno acad\u00e9mico.  <\/p>\t\t\t\t\t\t\t\t<\/div>\n\t\t\t\t<\/div>\n\t\t\t\t\t<\/div>\n\t\t\t\t<\/div>\n\t\t<div class=\"elementor-element elementor-element-13f7dcd e-flex e-con-boxed e-con e-parent\" data-id=\"13f7dcd\" data-element_type=\"container\" data-e-type=\"container\" data-settings=\"{&quot;background_background&quot;:&quot;gradient&quot;}\">\n\t\t\t\t\t<div class=\"e-con-inner\">\n\t\t\t\t<div class=\"elementor-element elementor-element-f84953c elementor-widget elementor-widget-heading\" data-id=\"f84953c\" data-element_type=\"widget\" data-e-type=\"widget\" data-widget_type=\"heading.default\">\n\t\t\t\t<div class=\"elementor-widget-container\">\n\t\t\t\t\t<h2 class=\"elementor-heading-title elementor-size-default\">Lo que ofrecemos para las Instituciones Educativas<\/h2>\t\t\t\t<\/div>\n\t\t\t\t<\/div>\n\t\t<div class=\"elementor-element elementor-element-e89ecda e-grid e-con-full e-con e-child\" data-id=\"e89ecda\" data-element_type=\"container\" data-e-type=\"container\">\n\t\t\t\t<div class=\"elementor-element elementor-element-da6ece2 elementor-widget elementor-widget-text-editor\" data-id=\"da6ece2\" data-element_type=\"widget\" data-e-type=\"widget\" data-widget_type=\"text-editor.default\">\n\t\t\t\t<div class=\"elementor-widget-container\">\n\t\t\t\t\t\t\t\t\t<h5 style=\"color: #12bfe9;\" data-start=\"829\" data-end=\"850\"><data-start=\"833\" data-end=\"850\">Servicios de IT Manejados <\/h5><br>Monitoreo proactivo, soporte t\u00e9cnico y mantenimiento para garantizar entornos de aprendizaje sin interrupciones.\t\t\t\t\t\t\t\t<\/div>\n\t\t\t\t<\/div>\n\t\t\t\t<div class=\"elementor-element elementor-element-af42e2f elementor-widget elementor-widget-text-editor\" data-id=\"af42e2f\" data-element_type=\"widget\" data-e-type=\"widget\" data-widget_type=\"text-editor.default\">\n\t\t\t\t<div class=\"elementor-widget-container\">\n\t\t\t\t\t\t\t\t\t<h5 style=\"color: #12bfe9;\" data-start=\"829\" data-end=\"850\"><data-start=\"833\" data-end=\"850\">Ciberseguridad y Cumplimiento de Normativas<\/h5><br>Proteja los datos de los estudiantes y cumpla con las leyes de privacidad FERPA, COPPA y las regulaciones espec\u00edficas de cada estado mediante firewalls, protecci\u00f3n de endpoints y copias de seguridad seguras.\t\t\t\t\t\t\t\t<\/div>\n\t\t\t\t<\/div>\n\t\t\t\t<div class=\"elementor-element elementor-element-a8c8d2d elementor-widget elementor-widget-text-editor\" data-id=\"a8c8d2d\" data-element_type=\"widget\" data-e-type=\"widget\" data-widget_type=\"text-editor.default\">\n\t\t\t\t<div class=\"elementor-widget-container\">\n\t\t\t\t\t\t\t\t\t<h5 style=\"color: #12bfe9;\" data-start=\"829\" data-end=\"850\"><data-start=\"833\" data-end=\"850\">Infraestructura Cableada e Inal\u00e1mbrica<\/h5><br>Internet de alta velocidad en todo el campus y Wi-Fi seguro para aulas, laboratorios, bibliotecas y oficinas.\t\t\t\t\t\t\t\t<\/div>\n\t\t\t\t<\/div>\n\t\t\t\t<div class=\"elementor-element elementor-element-21a98c1 elementor-widget elementor-widget-text-editor\" data-id=\"21a98c1\" data-element_type=\"widget\" data-e-type=\"widget\" data-widget_type=\"text-editor.default\">\n\t\t\t\t<div class=\"elementor-widget-container\">\n\t\t\t\t\t\t\t\t\t<h5 style=\"color: #12bfe9;\" data-start=\"829\" data-end=\"850\"><data-start=\"833\" data-end=\"850\">Soluciones en la Nube<x id=\"gid_0\"><\/x><br>Acceso sin interrupciones a archivos, aplicaciones y plataformas como Microsoft 365 o Google Workspace for Education.<x id=\"gid_1\"><\/x><br>\t\t\t\t\t\t\t\t<\/div>\n\t\t\t\t<\/div>\n\t\t\t\t<\/div>\n\t\t<div class=\"elementor-element elementor-element-a93fc78 e-grid e-con-full e-con e-child\" data-id=\"a93fc78\" data-element_type=\"container\" data-e-type=\"container\">\n\t\t\t\t<div class=\"elementor-element elementor-element-9eb28c7 elementor-widget elementor-widget-text-editor\" data-id=\"9eb28c7\" data-element_type=\"widget\" data-e-type=\"widget\" data-widget_type=\"text-editor.default\">\n\t\t\t\t<div class=\"elementor-widget-container\">\n\t\t\t\t\t\t\t\t\t<h5 style=\"color: #12bfe9;\" data-start=\"829\" data-end=\"850\"><data-start=\"833\" data-end=\"850\">Audio\/Video y Aulas Inteligentes<\/h5><br>Sistemas audiovisuales integrados para aulas modernas, aprendizaje a distancia y configuraciones de presentaciones en auditorios.\t\t\t\t\t\t\t\t<\/div>\n\t\t\t\t<\/div>\n\t\t\t\t<div class=\"elementor-element elementor-element-2aee916 elementor-widget elementor-widget-text-editor\" data-id=\"2aee916\" data-element_type=\"widget\" data-e-type=\"widget\" data-widget_type=\"text-editor.default\">\n\t\t\t\t<div class=\"elementor-widget-container\">\n\t\t\t\t\t\t\t\t\t<h5 style=\"color: #12bfe9;\" data-start=\"829\" data-end=\"850\"><data-start=\"833\" data-end=\"850\">Vigilancia y Seguridad F\u00edsicay<\/h5><br>Proteja a estudiantes y personal con sistemas de c\u00e1maras, control de acceso a puertas y monitoreo de incidentes.\t\t\t\t\t\t\t\t<\/div>\n\t\t\t\t<\/div>\n\t\t\t\t<div class=\"elementor-element elementor-element-62078ef elementor-widget elementor-widget-text-editor\" data-id=\"62078ef\" data-element_type=\"widget\" data-e-type=\"widget\" data-widget_type=\"text-editor.default\">\n\t\t\t\t<div class=\"elementor-widget-container\">\n\t\t\t\t\t\t\t\t\t<h5 style=\"color: #12bfe9;\" data-start=\"829\" data-end=\"850\"><data-start=\"833\" data-end=\"850\">Sistemas Telef\u00f3nicos VoIP<\/h5><br>Sistemas telef\u00f3nicos escalables y asequibles con intercomunicador, avisos por altavoz y funciones de respuesta ante emergencias.\t\t\t\t\t\t\t\t<\/div>\n\t\t\t\t<\/div>\n\t\t\t\t<div class=\"elementor-element elementor-element-e71c0c6 elementor-widget elementor-widget-text-editor\" data-id=\"e71c0c6\" data-element_type=\"widget\" data-e-type=\"widget\" data-widget_type=\"text-editor.default\">\n\t\t\t\t<div class=\"elementor-widget-container\">\n\t\t\t\t\t\t\t\t\t<h5 style=\"color: #12bfe9;\" data-start=\"829\" data-end=\"850\"><data-start=\"833\" data-end=\"850\">Planificaci\u00f3n Tecnol\u00f3gica y Asesor\u00eda Presupuestaria<\/h5><br>Ayudamos a las escuelas a elegir las tecnolog\u00edas adecuadas y aprovechar al m\u00e1ximo las subvenciones o fondos p\u00fablicos.\t\t\t\t\t\t\t\t<\/div>\n\t\t\t\t<\/div>\n\t\t\t\t<\/div>\n\t\t\t\t\t<\/div>\n\t\t\t\t<\/div>\n\t\t<div class=\"elementor-element elementor-element-8e6d3cc e-flex e-con-boxed e-con e-parent\" data-id=\"8e6d3cc\" data-element_type=\"container\" data-e-type=\"container\" data-settings=\"{&quot;background_background&quot;:&quot;gradient&quot;}\">\n\t\t\t\t\t<div class=\"e-con-inner\">\n\t\t\t\t<div class=\"elementor-element elementor-element-bb8437a elementor-widget elementor-widget-heading\" data-id=\"bb8437a\" data-element_type=\"widget\" data-e-type=\"widget\" data-widget_type=\"heading.default\">\n\t\t\t\t<div class=\"elementor-widget-container\">\n\t\t\t\t\t<h2 class=\"elementor-heading-title elementor-size-default\">Resolviendo los Problemas Tecnol\u00f3gicos Comunes en la Educaci\u00f3n<\/h2>\t\t\t\t<\/div>\n\t\t\t\t<\/div>\n\t\t<div class=\"elementor-element elementor-element-9b75f86 e-grid e-con-full e-con e-child\" data-id=\"9b75f86\" data-element_type=\"container\" data-e-type=\"container\">\n\t\t\t\t<div class=\"elementor-element elementor-element-639b4d1 elementor-widget elementor-widget-text-editor\" data-id=\"639b4d1\" data-element_type=\"widget\" data-e-type=\"widget\" data-widget_type=\"text-editor.default\">\n\t\t\t\t<div class=\"elementor-widget-container\">\n\t\t\t\t\t\t\t\t\t<p>\ud83c\udf93 <strong data-start=\"2070\" data-end=\"2112\">Equipos Obsoletos y Conectividad Deficiente<\/strong> \u2013 Modernizamos sistemas antiguos para satisfacer las demandas de los entornos educativos actuales.<br data-start=\"2198\" data-end=\"2201\"><br>\ud83d\udd12 <strong data-start=\"2204\" data-end=\"2237\">Seguridad de Datos de Estudiantes y Personal<\/strong> \u2013 Las escuelas son objetivos frecuentes de los ciberataques. Le ayudamos a mantenerse protegido y en cumplimiento con las normativas. <br data-start=\"2325\" data-end=\"2328\"><br>\ud83e\uddd1\u200d\ud83c\udfeb <strong data-start=\"2334\" data-end=\"2363\">Personal de TI Interno Limitado<\/strong> \u2013 Ya sea que necesite soporte completo o co-administrado, nos convertimos en una extensi\u00f3n de su equipo.<br data-start=\"2453\" data-end=\"2456\"><br>\ud83d\udcf6 <strong data-start=\"2459\" data-end=\"2503\">Zonas sin Wi-Fi en Aulas y \u00c1reas Exteriores<\/strong> \u2013 Garantizamos una cobertura fluida para respaldar el aprendizaje en todo el campus.<br data-start=\"2575\" data-end=\"2578\"><br>\ud83d\udcbb <strong data-start=\"2581\" data-end=\"2622\">Fatiga Tecnol\u00f3gica y Frustraci\u00f3n del Usuario<\/strong> \u2013 Brindamos soporte confiable y simplificamos el uso de la tecnolog\u00eda para educadores, personal y estudiantes.<\/p>\t\t\t\t\t\t\t\t<\/div>\n\t\t\t\t<\/div>\n\t\t\t\t<\/div>\n\t\t\t\t\t<\/div>\n\t\t\t\t<\/div>\n\t\t<div class=\"elementor-element elementor-element-c1a613f e-flex e-con-boxed e-con e-parent\" data-id=\"c1a613f\" data-element_type=\"container\" data-e-type=\"container\" data-settings=\"{&quot;background_background&quot;:&quot;gradient&quot;}\">\n\t\t\t\t\t<div class=\"e-con-inner\">\n\t\t\t\t<div class=\"elementor-element elementor-element-53a3b11 elementor-widget elementor-widget-heading\" data-id=\"53a3b11\" data-element_type=\"widget\" data-e-type=\"widget\" data-widget_type=\"heading.default\">\n\t\t\t\t<div class=\"elementor-widget-container\">\n\t\t\t\t\t<h2 class=\"elementor-heading-title elementor-size-default\">Cree un Entorno de Aprendizaje Preparado para el Futuro<\/h2>\t\t\t\t<\/div>\n\t\t\t\t<\/div>\n\t\t\t\t<div class=\"elementor-element elementor-element-08b390f elementor-widget elementor-widget-text-editor\" data-id=\"08b390f\" data-element_type=\"widget\" data-e-type=\"widget\" data-widget_type=\"text-editor.default\">\n\t\t\t\t<div class=\"elementor-widget-container\">\n\t\t\t\t\t\t\t\t\t<p>Perm\u00edtanos ayudar a su instituci\u00f3n educativa a evolucionar con tecnolog\u00eda que empodera a los estudiantes, apoya a los docentes y mantiene a todos seguros. Entendemos el sector educativo y estamos aqu\u00ed para guiarle con soluciones que funcionan hoy y crecen con usted ma\u00f1ana.<\/p><p>Entendemos el sector educativo y estamos aqu\u00ed para guiarle con soluciones que funcionan hoy y crecen con usted ma\u00f1ana.<\/p>\t\t\t\t\t\t\t\t<\/div>\n\t\t\t\t<\/div>\n\t\t\t\t\t<\/div>\n\t\t\t\t<\/div>\n\t\t<div class=\"elementor-element elementor-element-afe2e5f e-flex e-con-boxed e-con e-parent\" data-id=\"afe2e5f\" data-element_type=\"container\" data-e-type=\"container\">\n\t\t\t\t\t<div class=\"e-con-inner\">\n\t\t\t\t<div class=\"elementor-element elementor-element-427a709 elementor-align-center elementor-widget elementor-widget-button\" data-id=\"427a709\" data-element_type=\"widget\" data-e-type=\"widget\" data-widget_type=\"button.default\">\n\t\t\t\t<div class=\"elementor-widget-container\">\n\t\t\t\t\t\t\t\t\t<div class=\"elementor-button-wrapper\">\n\t\t\t\t\t<a class=\"elementor-button elementor-button-link elementor-size-sm\" href=\"#elementor-action%3Aaction%3Dpopup%3Aopen%26settings%3DeyJpZCI6NjgwNywidG9nZ2xlIjpmYWxzZX0%3D\">\n\t\t\t\t\t\t<span class=\"elementor-button-content-wrapper\">\n\t\t\t\t\t\t\t\t\t<span class=\"elementor-button-text\">SOLICITE AND CONSULTA GRATUITA<\/span>\n\t\t\t\t\t<\/span>\n\t\t\t\t\t<\/a>\n\t\t\t\t<\/div>\n\t\t\t\t\t\t\t\t<\/div>\n\t\t\t\t<\/div>\n\t\t\t\t<div class=\"elementor-element elementor-element-cbf18fb elementor-widget elementor-widget-spacer\" data-id=\"cbf18fb\" data-element_type=\"widget\" data-e-type=\"widget\" data-widget_type=\"spacer.default\">\n\t\t\t\t<div class=\"elementor-widget-container\">\n\t\t\t\t\t\t\t<div class=\"elementor-spacer\">\n\t\t\t<div class=\"elementor-spacer-inner\"><\/div>\n\t\t<\/div>\n\t\t\t\t\t\t<\/div>\n\t\t\t\t<\/div>\n\t\t\t\t\t<\/div>\n\t\t\t\t<\/div>\n\t\t\t\t<\/div>\n\t\t","protected":false},"excerpt":{"rendered":"<p>Educaci\u00f3nSOLICITE UNA CONSULTA GRATUITA Soluciones Tecnol\u00f3gicas para Escuelas e Instituciones Educativas Impulsando la educaci\u00f3n mediante tecnolog\u00eda segura, confiable y escalable Entendemos los desaf\u00edos \u00fanicos que enfrentan las escuelas, colegios, academias y organizaciones educativas sin fines de lucro. Desde presupuestos limitados e infraestructura envejecida hasta el aumento de amenazas de ciberseguridad y la creciente demanda de [&hellip;]<\/p>\n","protected":false},"author":1,"featured_media":0,"parent":0,"menu_order":0,"comment_status":"closed","ping_status":"closed","template":"","meta":{"footnotes":""},"class_list":["post-6323","page","type-page","status-publish","hentry"],"yoast_head":"<!-- This site is optimized with the Yoast SEO plugin v27.0 - https:\/\/yoast.com\/product\/yoast-seo-wordpress\/ -->\n<title>Educaci\u00f3n - Baritech<\/title>\n<meta name=\"robots\" content=\"index, follow, max-snippet:-1, max-image-preview:large, max-video-preview:-1\" \/>\n<link rel=\"canonical\" href=\"https:\/\/baritech.com\/es\/educacion\/\" \/>\n<meta property=\"og:locale\" content=\"es_ES\" \/>\n<meta property=\"og:type\" content=\"article\" \/>\n<meta property=\"og:title\" content=\"Educaci\u00f3n - Baritech\" \/>\n<meta property=\"og:description\" content=\"Educaci\u00f3nSOLICITE UNA CONSULTA GRATUITA Soluciones Tecnol\u00f3gicas para Escuelas e Instituciones Educativas Impulsando la educaci\u00f3n mediante tecnolog\u00eda segura, confiable y escalable Entendemos los desaf\u00edos \u00fanicos que enfrentan las escuelas, colegios, academias y organizaciones educativas sin fines de lucro. Desde presupuestos limitados e infraestructura envejecida hasta el aumento de amenazas de ciberseguridad y la creciente demanda de [&hellip;]\" \/>\n<meta property=\"og:url\" content=\"https:\/\/baritech.com\/es\/educacion\/\" \/>\n<meta property=\"og:site_name\" content=\"Baritech\" \/>\n<meta property=\"article:publisher\" content=\"https:\/\/www.facebook.com\/baritech.la\/\" \/>\n<meta property=\"article:modified_time\" content=\"2025-10-28T00:57:42+00:00\" \/>\n<meta name=\"twitter:card\" content=\"summary_large_image\" \/>\n<meta name=\"twitter:site\" content=\"@baritechinfo\" \/>\n<meta name=\"twitter:label1\" content=\"Tiempo de lectura\" \/>\n\t<meta name=\"twitter:data1\" content=\"2 minutos\" \/>\n<script type=\"application\/ld+json\" class=\"yoast-schema-graph\">{\"@context\":\"https:\/\/schema.org\",\"@graph\":[{\"@type\":\"WebPage\",\"@id\":\"https:\/\/baritech.com\/es\/educacion\/\",\"url\":\"https:\/\/baritech.com\/es\/educacion\/\",\"name\":\"Educaci\u00f3n - Baritech\",\"isPartOf\":{\"@id\":\"https:\/\/baritech.com\/es\/#website\"},\"datePublished\":\"2025-04-10T17:30:13+00:00\",\"dateModified\":\"2025-10-28T00:57:42+00:00\",\"breadcrumb\":{\"@id\":\"https:\/\/baritech.com\/es\/educacion\/#breadcrumb\"},\"inLanguage\":\"es\",\"potentialAction\":[{\"@type\":\"ReadAction\",\"target\":[\"https:\/\/baritech.com\/es\/educacion\/\"]}]},{\"@type\":\"BreadcrumbList\",\"@id\":\"https:\/\/baritech.com\/es\/educacion\/#breadcrumb\",\"itemListElement\":[{\"@type\":\"ListItem\",\"position\":1,\"name\":\"Home\",\"item\":\"https:\/\/baritech.com\/es\/home-page\/\"},{\"@type\":\"ListItem\",\"position\":2,\"name\":\"Educaci\u00f3n\"}]},{\"@type\":\"WebSite\",\"@id\":\"https:\/\/baritech.com\/es\/#website\",\"url\":\"https:\/\/baritech.com\/es\/\",\"name\":\"Baritech\",\"description\":\"We Manage Your IT, so You Can Manage Your Business\",\"publisher\":{\"@id\":\"https:\/\/baritech.com\/es\/#organization\"},\"potentialAction\":[{\"@type\":\"SearchAction\",\"target\":{\"@type\":\"EntryPoint\",\"urlTemplate\":\"https:\/\/baritech.com\/es\/?s={search_term_string}\"},\"query-input\":{\"@type\":\"PropertyValueSpecification\",\"valueRequired\":true,\"valueName\":\"search_term_string\"}}],\"inLanguage\":\"es\"},{\"@type\":\"Organization\",\"@id\":\"https:\/\/baritech.com\/es\/#organization\",\"name\":\"Baritech\",\"url\":\"https:\/\/baritech.com\/es\/\",\"logo\":{\"@type\":\"ImageObject\",\"inLanguage\":\"es\",\"@id\":\"https:\/\/baritech.com\/es\/#\/schema\/logo\/image\/\",\"url\":\"https:\/\/baritech.com\/wp-content\/uploads\/2025\/03\/BaritechLogo-300x59-1.png\",\"contentUrl\":\"https:\/\/baritech.com\/wp-content\/uploads\/2025\/03\/BaritechLogo-300x59-1.png\",\"width\":300,\"height\":59,\"caption\":\"Baritech\"},\"image\":{\"@id\":\"https:\/\/baritech.com\/es\/#\/schema\/logo\/image\/\"},\"sameAs\":[\"https:\/\/www.facebook.com\/baritech.la\/\",\"https:\/\/x.com\/baritechinfo\",\"https:\/\/www.linkedin.com\/company\/baritechmsp\",\"https:\/\/www.youtube.com\/@BaritechMSP\"]}]}<\/script>\n<!-- \/ Yoast SEO plugin. -->","yoast_head_json":{"title":"Educaci\u00f3n - Baritech","robots":{"index":"index","follow":"follow","max-snippet":"max-snippet:-1","max-image-preview":"max-image-preview:large","max-video-preview":"max-video-preview:-1"},"canonical":"https:\/\/baritech.com\/es\/educacion\/","og_locale":"es_ES","og_type":"article","og_title":"Educaci\u00f3n - Baritech","og_description":"Educaci\u00f3nSOLICITE UNA CONSULTA GRATUITA Soluciones Tecnol\u00f3gicas para Escuelas e Instituciones Educativas Impulsando la educaci\u00f3n mediante tecnolog\u00eda segura, confiable y escalable Entendemos los desaf\u00edos \u00fanicos que enfrentan las escuelas, colegios, academias y organizaciones educativas sin fines de lucro. Desde presupuestos limitados e infraestructura envejecida hasta el aumento de amenazas de ciberseguridad y la creciente demanda de [&hellip;]","og_url":"https:\/\/baritech.com\/es\/educacion\/","og_site_name":"Baritech","article_publisher":"https:\/\/www.facebook.com\/baritech.la\/","article_modified_time":"2025-10-28T00:57:42+00:00","twitter_card":"summary_large_image","twitter_site":"@baritechinfo","twitter_misc":{"Tiempo de lectura":"2 minutos"},"schema":{"@context":"https:\/\/schema.org","@graph":[{"@type":"WebPage","@id":"https:\/\/baritech.com\/es\/educacion\/","url":"https:\/\/baritech.com\/es\/educacion\/","name":"Educaci\u00f3n - Baritech","isPartOf":{"@id":"https:\/\/baritech.com\/es\/#website"},"datePublished":"2025-04-10T17:30:13+00:00","dateModified":"2025-10-28T00:57:42+00:00","breadcrumb":{"@id":"https:\/\/baritech.com\/es\/educacion\/#breadcrumb"},"inLanguage":"es","potentialAction":[{"@type":"ReadAction","target":["https:\/\/baritech.com\/es\/educacion\/"]}]},{"@type":"BreadcrumbList","@id":"https:\/\/baritech.com\/es\/educacion\/#breadcrumb","itemListElement":[{"@type":"ListItem","position":1,"name":"Home","item":"https:\/\/baritech.com\/es\/home-page\/"},{"@type":"ListItem","position":2,"name":"Educaci\u00f3n"}]},{"@type":"WebSite","@id":"https:\/\/baritech.com\/es\/#website","url":"https:\/\/baritech.com\/es\/","name":"Baritech","description":"We Manage Your IT, so You Can Manage Your Business","publisher":{"@id":"https:\/\/baritech.com\/es\/#organization"},"potentialAction":[{"@type":"SearchAction","target":{"@type":"EntryPoint","urlTemplate":"https:\/\/baritech.com\/es\/?s={search_term_string}"},"query-input":{"@type":"PropertyValueSpecification","valueRequired":true,"valueName":"search_term_string"}}],"inLanguage":"es"},{"@type":"Organization","@id":"https:\/\/baritech.com\/es\/#organization","name":"Baritech","url":"https:\/\/baritech.com\/es\/","logo":{"@type":"ImageObject","inLanguage":"es","@id":"https:\/\/baritech.com\/es\/#\/schema\/logo\/image\/","url":"https:\/\/baritech.com\/wp-content\/uploads\/2025\/03\/BaritechLogo-300x59-1.png","contentUrl":"https:\/\/baritech.com\/wp-content\/uploads\/2025\/03\/BaritechLogo-300x59-1.png","width":300,"height":59,"caption":"Baritech"},"image":{"@id":"https:\/\/baritech.com\/es\/#\/schema\/logo\/image\/"},"sameAs":["https:\/\/www.facebook.com\/baritech.la\/","https:\/\/x.com\/baritechinfo","https:\/\/www.linkedin.com\/company\/baritechmsp","https:\/\/www.youtube.com\/@BaritechMSP"]}]}},"_links":{"self":[{"href":"https:\/\/baritech.com\/es\/wp-json\/wp\/v2\/pages\/6323","targetHints":{"allow":["GET"]}}],"collection":[{"href":"https:\/\/baritech.com\/es\/wp-json\/wp\/v2\/pages"}],"about":[{"href":"https:\/\/baritech.com\/es\/wp-json\/wp\/v2\/types\/page"}],"author":[{"embeddable":true,"href":"https:\/\/baritech.com\/es\/wp-json\/wp\/v2\/users\/1"}],"replies":[{"embeddable":true,"href":"https:\/\/baritech.com\/es\/wp-json\/wp\/v2\/comments?post=6323"}],"version-history":[{"count":4,"href":"https:\/\/baritech.com\/es\/wp-json\/wp\/v2\/pages\/6323\/revisions"}],"predecessor-version":[{"id":6980,"href":"https:\/\/baritech.com\/es\/wp-json\/wp\/v2\/pages\/6323\/revisions\/6980"}],"wp:attachment":[{"href":"https:\/\/baritech.com\/es\/wp-json\/wp\/v2\/media?parent=6323"}],"curies":[{"name":"wp","href":"https:\/\/api.w.org\/{rel}","templated":true}]}}