{"id":6318,"date":"2025-04-10T17:29:52","date_gmt":"2025-04-10T17:29:52","guid":{"rendered":"https:\/\/baritech.com\/salud-farmacia-y-consultorios-medicos\/"},"modified":"2025-10-28T01:18:21","modified_gmt":"2025-10-28T01:18:21","slug":"salud-farmacia-y-consultorios-medicos","status":"publish","type":"page","link":"https:\/\/baritech.com\/es\/salud-farmacia-y-consultorios-medicos\/","title":{"rendered":"Salud, Farmacia y Consultorios M\u00e9dicos"},"content":{"rendered":"\t\t<div data-elementor-type=\"wp-page\" data-elementor-id=\"6318\" class=\"elementor elementor-6318 elementor-888\" data-elementor-post-type=\"page\">\n\t\t\t\t<div class=\"elementor-element elementor-element-b929746 e-flex e-con-boxed e-con e-parent\" data-id=\"b929746\" data-element_type=\"container\" data-e-type=\"container\">\n\t\t\t\t\t<div class=\"e-con-inner\">\n\t\t\t\t<div class=\"elementor-element elementor-element-331ee83 elementor--h-position-left elementor--v-position-bottom elementor-arrows-position-inside elementor-pagination-position-inside elementor-widget elementor-widget-slides\" data-id=\"331ee83\" data-element_type=\"widget\" data-e-type=\"widget\" data-settings=\"{&quot;navigation&quot;:&quot;both&quot;,&quot;autoplay&quot;:&quot;yes&quot;,&quot;pause_on_hover&quot;:&quot;yes&quot;,&quot;pause_on_interaction&quot;:&quot;yes&quot;,&quot;autoplay_speed&quot;:5000,&quot;infinite&quot;:&quot;yes&quot;,&quot;transition&quot;:&quot;slide&quot;,&quot;transition_speed&quot;:500}\" data-widget_type=\"slides.default\">\n\t\t\t\t<div class=\"elementor-widget-container\">\n\t\t\t\t\t\t\t\t\t<div class=\"elementor-swiper\">\n\t\t\t\t\t<div class=\"elementor-slides-wrapper elementor-main-swiper swiper\" role=\"region\" aria-roledescription=\"carousel\" aria-label=\"Slides\" dir=\"ltr\" data-animation=\"fadeInUp\">\n\t\t\t\t<div class=\"swiper-wrapper elementor-slides\">\n\t\t\t\t\t\t\t\t\t\t<div class=\"elementor-repeater-item-8e86a98 swiper-slide\" role=\"group\" aria-roledescription=\"slide\"><div class=\"swiper-slide-bg elementor-ken-burns elementor-ken-burns--in\" role=\"img\" aria-label=\"Soluciones de IT, Servicios de Telecomunicaciones, Servicios de Salud, M\u00e9dicos, Farmacias, Enfermeras, Hospitales, Educaci\u00f3n, Industrias, Contabilidad, Impuestos, Servicios de IT.\"><\/div><div class=\"elementor-background-overlay\"><\/div><a class=\"swiper-slide-inner\" href=\"#elementor-action%3Aaction%3Dpopup%3Aopen%26settings%3DeyJpZCI6IjY4MDciLCJ0b2dnbGUiOmZhbHNlfQ%3D%3D\"><div class=\"swiper-slide-contents\"><div class=\"elementor-slide-heading\">Salud, Farmacia y Consultorios M\u00e9dicos<\/div><div  class=\"elementor-button elementor-slide-button elementor-size-sm\">SOLICITE UNA CONSULTA GRATUITA<\/div><\/div><\/a><\/div>\t\t\t\t<\/div>\n\t\t\t\t\t\t\t<\/div>\n\t\t\t\t<\/div>\n\t\t\t\t\t\t\t\t<\/div>\n\t\t\t\t<\/div>\n\t\t\t\t\t<\/div>\n\t\t\t\t<\/div>\n\t\t<div class=\"elementor-element elementor-element-669814c e-flex e-con-boxed e-con e-parent\" data-id=\"669814c\" data-element_type=\"container\" data-e-type=\"container\">\n\t\t\t\t\t<div class=\"e-con-inner\">\n\t\t\t\t<div class=\"elementor-element elementor-element-245a98f elementor-widget elementor-widget-heading\" data-id=\"245a98f\" data-element_type=\"widget\" data-e-type=\"widget\" data-widget_type=\"heading.default\">\n\t\t\t\t<div class=\"elementor-widget-container\">\n\t\t\t\t\t<h2 class=\"elementor-heading-title elementor-size-default\">Soluciones de Tecnolog\u00eda y Telecomunicaciones para proveedores de Atenci\u00f3n M\u00e9dica<\/h2>\t\t\t\t<\/div>\n\t\t\t\t<\/div>\n\t\t\t\t<div class=\"elementor-element elementor-element-04420b1 elementor-widget elementor-widget-text-editor\" data-id=\"04420b1\" data-element_type=\"widget\" data-e-type=\"widget\" data-widget_type=\"text-editor.default\">\n\t\t\t\t<div class=\"elementor-widget-container\">\n\t\t\t\t\t\t\t\t\t<h4 style=\"color: #12bfe9; text-align: center;\" data-start=\"829\" data-end=\"850\"><data-start=\"833\" data-end=\"850\">Porque sus pacientes merecen algo mejor que el tiempo de inoperatividad<\/h4>\n<p data-start=\"356\" data-end=\"832\">En el entorno de atenci\u00f3n m\u00e9dica actual, la tecnolog\u00eda ya no es opcional: es fundamental para brindar un servicio r\u00e1pido, seguro y conforme a las normativas.<br>Nos especializamos en ofrecer Servicios de IT y Telecomunicaciones dise\u00f1ados espec\u00edficamente para cl\u00ednicas, farmacias y consultorios m\u00e9dicos. Desde optimizar las comunicaciones y proteger los datos de los pacientes hasta mejorar la experiencia del paciente mediante pantallas digitales, nuestras soluciones personalizadas mantienen su pr\u00e1ctica funcionando de manera fluida y segura.  <\/p>\t\t\t\t\t\t\t\t<\/div>\n\t\t\t\t<\/div>\n\t\t\t\t\t<\/div>\n\t\t\t\t<\/div>\n\t\t<div class=\"elementor-element elementor-element-da06878 e-flex e-con-boxed e-con e-parent\" data-id=\"da06878\" data-element_type=\"container\" data-e-type=\"container\" data-settings=\"{&quot;background_background&quot;:&quot;gradient&quot;}\">\n\t\t\t\t\t<div class=\"e-con-inner\">\n\t\t\t\t<div class=\"elementor-element elementor-element-252f20a elementor-widget elementor-widget-heading\" data-id=\"252f20a\" data-element_type=\"widget\" data-e-type=\"widget\" data-widget_type=\"heading.default\">\n\t\t\t\t<div class=\"elementor-widget-container\">\n\t\t\t\t\t<h2 class=\"elementor-heading-title elementor-size-default\">Lo que ofrecemos para el Sector de Salud, Farmacias y Consultorios M\u00e9dicos<br>\n  <br>\n    <br>\n  \n<\/h2>\t\t\t\t<\/div>\n\t\t\t\t<\/div>\n\t\t<div class=\"elementor-element elementor-element-8bb9430 e-grid e-con-full e-con e-child\" data-id=\"8bb9430\" data-element_type=\"container\" data-e-type=\"container\">\n\t\t\t\t<div class=\"elementor-element elementor-element-0a6a10e elementor-widget elementor-widget-text-editor\" data-id=\"0a6a10e\" data-element_type=\"widget\" data-e-type=\"widget\" data-widget_type=\"text-editor.default\">\n\t\t\t\t<div class=\"elementor-widget-container\">\n\t\t\t\t\t\t\t\t\t<h5 style=\"color: #12bfe9;\" data-end=\"850\"><data-start=\"833\" data-end=\"850\">Servicios de IT Administrados<\/h5>\nMonitoreo proactivo y soporte t\u00e9cnico que garantizan un tiempo de inactividad m\u00ednimo y la m\u00e1xima eficiencia.\t\t\t\t\t\t\t\t<\/div>\n\t\t\t\t<\/div>\n\t\t\t\t<div class=\"elementor-element elementor-element-bd92d6d elementor-widget elementor-widget-text-editor\" data-id=\"bd92d6d\" data-element_type=\"widget\" data-e-type=\"widget\" data-widget_type=\"text-editor.default\">\n\t\t\t\t<div class=\"elementor-widget-container\">\n\t\t\t\t\t\t\t\t\t<h5 style=\"color: #12bfe9;\" data-end=\"850\"><data-start=\"833\" data-end=\"850\">Ciberseguridad y Normativa de HIPAA.<\/h5>\nProteja los registros m\u00e9dicos electr\u00f3nicos (EHR), mantenga el cumplimiento de las normativas HIPAA\/HITECH y prot\u00e9jase contra las amenazas cibern\u00e9ticas.\t\t\t\t\t\t\t\t<\/div>\n\t\t\t\t<\/div>\n\t\t\t\t<div class=\"elementor-element elementor-element-afd5e2a elementor-widget elementor-widget-text-editor\" data-id=\"afd5e2a\" data-element_type=\"widget\" data-e-type=\"widget\" data-widget_type=\"text-editor.default\">\n\t\t\t\t<div class=\"elementor-widget-container\">\n\t\t\t\t\t\t\t\t\t<h5 style=\"color: #12bfe9;\" data-end=\"850\"><data-start=\"833\" data-end=\"850\">Sistemas telef\u00f3nicos VoIP para Cl\u00ednicas, Farmacias y Consultorios<\/h5>\nComunicaciones seguras, flexibles y escalables entre ubicaciones, con gesti\u00f3n inteligente de llamadas y redundancia en caso de fallas.\t\t\t\t\t\t\t\t<\/div>\n\t\t\t\t<\/div>\n\t\t\t\t<div class=\"elementor-element elementor-element-63ad080 elementor-widget elementor-widget-text-editor\" data-id=\"63ad080\" data-element_type=\"widget\" data-e-type=\"widget\" data-widget_type=\"text-editor.default\">\n\t\t\t\t<div class=\"elementor-widget-container\">\n\t\t\t\t\t\t\t\t\t<h5 style=\"color: #12bfe9;\" data-end=\"850\"><data-start=\"833\" data-end=\"850\">Internet de Alta Velocidad y Redundancia en caso de falla<\/h5><br>Conexiones confiables de banda ancha, inal\u00e1mbricas o satelitales para garantizar que los sistemas cr\u00edticos siempre permanezcan en l\u00ednea.\t\t\t\t\t\t\t\t<\/div>\n\t\t\t\t<\/div>\n\t\t\t\t<div class=\"elementor-element elementor-element-92469c5 elementor-widget elementor-widget-text-editor\" data-id=\"92469c5\" data-element_type=\"widget\" data-e-type=\"widget\" data-widget_type=\"text-editor.default\">\n\t\t\t\t<div class=\"elementor-widget-container\">\n\t\t\t\t\t\t\t\t\t<h5 style=\"color: #12bfe9;\" data-end=\"850\"><data-start=\"833\" data-end=\"850\">Servicios en la Nube y Copias de Seguridad<\/h5><br>Almacenamiento encriptado en la nube, respaldo de datos y soluciones de recuperaci\u00f3n r\u00e1pida para prevenir la p\u00e9rdida de informaci\u00f3n y la interrupci\u00f3n operativa..\t\t\t\t\t\t\t\t<\/div>\n\t\t\t\t<\/div>\n\t\t\t\t<div class=\"elementor-element elementor-element-0c3b16e elementor-widget elementor-widget-text-editor\" data-id=\"0c3b16e\" data-element_type=\"widget\" data-e-type=\"widget\" data-widget_type=\"text-editor.default\">\n\t\t\t\t<div class=\"elementor-widget-container\">\n\t\t\t\t\t\t\t\t\t<h5 style=\"color: #12bfe9;\" data-end=\"850\"><data-start=\"833\" data-end=\"850\">Cableado Estructurado e Infraestructura de Telecomunicaciones<\/h5><br>Soluciones de cableado certificadas para sistemas EMR, estaciones de trabajo, perif\u00e9ricos y m\u00e1s.\t\t\t\t\t\t\t\t<\/div>\n\t\t\t\t<\/div>\n\t\t\t\t<div class=\"elementor-element elementor-element-249106b elementor-widget elementor-widget-text-editor\" data-id=\"249106b\" data-element_type=\"widget\" data-e-type=\"widget\" data-widget_type=\"text-editor.default\">\n\t\t\t\t<div class=\"elementor-widget-container\">\n\t\t\t\t\t\t\t\t\t<h5 style=\"color: #12bfe9;\" data-end=\"850\"><data-start=\"833\" data-end=\"850\">Sistemas de Vigilancia<\/h5><br>C\u00e1maras de seguridad para interiores y exteriores con zonas, conformes a la normativas HIPAA para proteger a las personas y la propiedad.\t\t\t\t\t\t\t\t<\/div>\n\t\t\t\t<\/div>\n\t\t\t\t<div class=\"elementor-element elementor-element-0c043a2 elementor-widget elementor-widget-text-editor\" data-id=\"0c043a2\" data-element_type=\"widget\" data-e-type=\"widget\" data-widget_type=\"text-editor.default\">\n\t\t\t\t<div class=\"elementor-widget-container\">\n\t\t\t\t\t\t\t\t\t<h5 style=\"color: #12bfe9;\" data-end=\"850\"><data-start=\"833\" data-end=\"850\">Se\u00f1alizaci\u00f3n Digital y Soluciones de Video<\/h5>\nPantallas estrat\u00e9gicamente ubicadas para mostrar contenido educativo, sistemas de gesti\u00f3n de filas de pacientes, promociones de farmacia o se\u00f1alizaci\u00f3n direccional en salas de espera y cl\u00ednicas.\t\t\t\t\t\t\t\t<\/div>\n\t\t\t\t<\/div>\n\t\t\t\t<div class=\"elementor-element elementor-element-2fbf5a1 elementor-widget elementor-widget-text-editor\" data-id=\"2fbf5a1\" data-element_type=\"widget\" data-e-type=\"widget\" data-widget_type=\"text-editor.default\">\n\t\t\t\t<div class=\"elementor-widget-container\">\n\t\t\t\t\t\t\t\t\t<h5 style=\"color: #12bfe9;\" data-end=\"850\"><data-start=\"833\" data-end=\"850\">Adquisici\u00f3n de IT y Configuraci\u00f3n de Equipos<\/h5><br>Desde computadoras hasta hardware de red, obtenemos, configuramos y gestionamos las herramientas adecuadas para su entorno.\t\t\t\t\t\t\t\t<\/div>\n\t\t\t\t<\/div>\n\t\t\t\t<\/div>\n\t\t\t\t\t<\/div>\n\t\t\t\t<\/div>\n\t\t<div class=\"elementor-element elementor-element-e6e58cb e-flex e-con-boxed e-con e-parent\" data-id=\"e6e58cb\" data-element_type=\"container\" data-e-type=\"container\">\n\t\t\t\t\t<div class=\"e-con-inner\">\n\t\t\t\t<div class=\"elementor-element elementor-element-3b5a07e elementor-widget elementor-widget-heading\" data-id=\"3b5a07e\" data-element_type=\"widget\" data-e-type=\"widget\" data-widget_type=\"heading.default\">\n\t\t\t\t<div class=\"elementor-widget-container\">\n\t\t\t\t\t<h2 class=\"elementor-heading-title elementor-size-default\">Resolvemos los desaf\u00edos que enfrentan las instalaciones de atenci\u00f3n m\u00e9dica<\/h2>\t\t\t\t<\/div>\n\t\t\t\t<\/div>\n\t\t<div class=\"elementor-element elementor-element-7e39016 e-grid e-con-full e-con e-child\" data-id=\"7e39016\" data-element_type=\"container\" data-e-type=\"container\">\n\t\t\t\t<div class=\"elementor-element elementor-element-a62c89b elementor-widget elementor-widget-text-editor\" data-id=\"a62c89b\" data-element_type=\"widget\" data-e-type=\"widget\" data-widget_type=\"text-editor.default\">\n\t\t\t\t<div class=\"elementor-widget-container\">\n\t\t\t\t\t\t\t\t\t<p>\ud83e\ude7a <strong>Complejidad del Cumplimiento de HIPAA<\/strong> \u2013 We simplify it with tested tools, monitoring, and expert documentation.<\/p><p>\ud83d\udce1 <strong>Riesgos de Inoperatividad <\/strong> \u2013 La redundancia garantiza que las operaciones permanezcan en l\u00ednea, incluso durante interrupciones del proveedor de internet (ISP).<\/p><p>\ud83d\udcac <strong>Deficiencias en la Comunicaci\u00f3ns<\/strong>\u2013 Nuestros sistemas VoIP unifican las comunicaciones entre departamentos y ubicaciones.<\/p><p>\ud83d\udd10 <strong>Exposici\u00f3n de Datos Sensibles &#8211; <\/strong> Implementamos firewall, cortafuegos, protecci\u00f3n y respuesta de endpoint y encriptado para proteger la informaci\u00f3n de salud del paciente (PHI).<\/p><p>\ud83d\udcfd\ufe0f <strong>Salas de Espera Subutilizadas<\/strong> \u2013 Las pantallas de video ayudan a reducir la percepci\u00f3n del tiempo de espera, educar a los pacientes y promover los servicios internos.<\/p>\t\t\t\t\t\t\t\t<\/div>\n\t\t\t\t<\/div>\n\t\t\t\t<\/div>\n\t\t\t\t\t<\/div>\n\t\t\t\t<\/div>\n\t\t<div class=\"elementor-element elementor-element-7d6097c e-flex e-con-boxed e-con e-parent\" data-id=\"7d6097c\" data-element_type=\"container\" data-e-type=\"container\" data-settings=\"{&quot;background_background&quot;:&quot;gradient&quot;}\">\n\t\t\t\t\t<div class=\"e-con-inner\">\n\t\t\t\t<div class=\"elementor-element elementor-element-f246487 elementor-widget elementor-widget-heading\" data-id=\"f246487\" data-element_type=\"widget\" data-e-type=\"widget\" data-widget_type=\"heading.default\">\n\t\t\t\t<div class=\"elementor-widget-container\">\n\t\t\t\t\t<h2 class=\"elementor-heading-title elementor-size-default\">Asegure el futuro de su pr\u00e1ctica m\u00e9dica hoy mismo<\/h2>\t\t\t\t<\/div>\n\t\t\t\t<\/div>\n\t\t\t\t<div class=\"elementor-element elementor-element-9a54676 elementor-widget elementor-widget-text-editor\" data-id=\"9a54676\" data-element_type=\"widget\" data-e-type=\"widget\" data-widget_type=\"text-editor.default\">\n\t\t\t\t<div class=\"elementor-widget-container\">\n\t\t\t\t\t\t\t\t\t<p>La tecnolog\u00eda en el sector salud no debe ser una carga \u2014 sino una ventaja estrat\u00e9gica. Desde la seguridad de los datos hasta la interacci\u00f3n con los pacientes, le ayudamos a mantener su pr\u00e1ctica conforme a las normativas, conectada y competitiva. <br data-start=\"3117\" data-end=\"3120\"><strong data-start=\"3120\" data-end=\"3274\">\n  <br>Cont\u00e1ctenos hoy mismo para programar una consulta gratuita y conocer m\u00e1s sobre nuestros servicios especializados en atenci\u00f3n m\u00e9dica, dise\u00f1ados a la medida de sus necesidades.\n<\/strong><strong data-start=\"3120\" data-end=\"3274\"><br><\/strong><\/p>\t\t\t\t\t\t\t\t<\/div>\n\t\t\t\t<\/div>\n\t\t\t\t\t<\/div>\n\t\t\t\t<\/div>\n\t\t<div class=\"elementor-element elementor-element-30e579c e-flex e-con-boxed e-con e-parent\" data-id=\"30e579c\" data-element_type=\"container\" data-e-type=\"container\">\n\t\t\t\t\t<div class=\"e-con-inner\">\n\t\t\t\t<div class=\"elementor-element elementor-element-369a1d7 elementor-align-center elementor-widget elementor-widget-button\" data-id=\"369a1d7\" data-element_type=\"widget\" data-e-type=\"widget\" data-widget_type=\"button.default\">\n\t\t\t\t<div class=\"elementor-widget-container\">\n\t\t\t\t\t\t\t\t\t<div class=\"elementor-button-wrapper\">\n\t\t\t\t\t<a class=\"elementor-button elementor-button-link elementor-size-sm\" href=\"#elementor-action%3Aaction%3Dpopup%3Aopen%26settings%3DeyJpZCI6NjgwNywidG9nZ2xlIjpmYWxzZX0%3D\">\n\t\t\t\t\t\t<span class=\"elementor-button-content-wrapper\">\n\t\t\t\t\t\t\t\t\t<span class=\"elementor-button-text\">SOLICITE UNA CONSULTA GRATUITA<\/span>\n\t\t\t\t\t<\/span>\n\t\t\t\t\t<\/a>\n\t\t\t\t<\/div>\n\t\t\t\t\t\t\t\t<\/div>\n\t\t\t\t<\/div>\n\t\t\t\t<div class=\"elementor-element elementor-element-d07d113 elementor-widget elementor-widget-spacer\" data-id=\"d07d113\" data-element_type=\"widget\" data-e-type=\"widget\" data-widget_type=\"spacer.default\">\n\t\t\t\t<div class=\"elementor-widget-container\">\n\t\t\t\t\t\t\t<div class=\"elementor-spacer\">\n\t\t\t<div class=\"elementor-spacer-inner\"><\/div>\n\t\t<\/div>\n\t\t\t\t\t\t<\/div>\n\t\t\t\t<\/div>\n\t\t\t\t\t<\/div>\n\t\t\t\t<\/div>\n\t\t\t\t<\/div>\n\t\t","protected":false},"excerpt":{"rendered":"<p>Salud, Farmacia y Consultorios M\u00e9dicosSOLICITE UNA CONSULTA GRATUITA Soluciones de Tecnolog\u00eda y Telecomunicaciones para proveedores de Atenci\u00f3n M\u00e9dica Porque sus pacientes merecen algo mejor que el tiempo de inoperatividad En el entorno de atenci\u00f3n m\u00e9dica actual, la tecnolog\u00eda ya no es opcional: es fundamental para brindar un servicio r\u00e1pido, seguro y conforme a las normativas.Nos [&hellip;]<\/p>\n","protected":false},"author":1,"featured_media":0,"parent":0,"menu_order":0,"comment_status":"closed","ping_status":"closed","template":"","meta":{"footnotes":""},"class_list":["post-6318","page","type-page","status-publish","hentry"],"yoast_head":"<!-- This site is optimized with the Yoast SEO plugin v27.0 - https:\/\/yoast.com\/product\/yoast-seo-wordpress\/ -->\n<title>Salud, Farmacia y Consultorios M\u00e9dicos - Baritech<\/title>\n<meta name=\"robots\" content=\"index, follow, max-snippet:-1, max-image-preview:large, max-video-preview:-1\" \/>\n<link rel=\"canonical\" href=\"https:\/\/baritech.com\/es\/salud-farmacia-y-consultorios-medicos\/\" \/>\n<meta property=\"og:locale\" content=\"es_ES\" \/>\n<meta property=\"og:type\" content=\"article\" \/>\n<meta property=\"og:title\" content=\"Salud, Farmacia y Consultorios M\u00e9dicos - Baritech\" \/>\n<meta property=\"og:description\" content=\"Salud, Farmacia y Consultorios M\u00e9dicosSOLICITE UNA CONSULTA GRATUITA Soluciones de Tecnolog\u00eda y Telecomunicaciones para proveedores de Atenci\u00f3n M\u00e9dica Porque sus pacientes merecen algo mejor que el tiempo de inoperatividad En el entorno de atenci\u00f3n m\u00e9dica actual, la tecnolog\u00eda ya no es opcional: es fundamental para brindar un servicio r\u00e1pido, seguro y conforme a las normativas.Nos [&hellip;]\" \/>\n<meta property=\"og:url\" content=\"https:\/\/baritech.com\/es\/salud-farmacia-y-consultorios-medicos\/\" \/>\n<meta property=\"og:site_name\" content=\"Baritech\" \/>\n<meta property=\"article:publisher\" content=\"https:\/\/www.facebook.com\/baritech.la\/\" \/>\n<meta property=\"article:modified_time\" content=\"2025-10-28T01:18:21+00:00\" \/>\n<meta name=\"twitter:card\" content=\"summary_large_image\" \/>\n<meta name=\"twitter:site\" content=\"@baritechinfo\" \/>\n<meta name=\"twitter:label1\" content=\"Tiempo de lectura\" \/>\n\t<meta name=\"twitter:data1\" content=\"3 minutos\" \/>\n<script type=\"application\/ld+json\" class=\"yoast-schema-graph\">{\"@context\":\"https:\/\/schema.org\",\"@graph\":[{\"@type\":\"WebPage\",\"@id\":\"https:\/\/baritech.com\/es\/salud-farmacia-y-consultorios-medicos\/\",\"url\":\"https:\/\/baritech.com\/es\/salud-farmacia-y-consultorios-medicos\/\",\"name\":\"Salud, Farmacia y Consultorios M\u00e9dicos - Baritech\",\"isPartOf\":{\"@id\":\"https:\/\/baritech.com\/es\/#website\"},\"datePublished\":\"2025-04-10T17:29:52+00:00\",\"dateModified\":\"2025-10-28T01:18:21+00:00\",\"breadcrumb\":{\"@id\":\"https:\/\/baritech.com\/es\/salud-farmacia-y-consultorios-medicos\/#breadcrumb\"},\"inLanguage\":\"es\",\"potentialAction\":[{\"@type\":\"ReadAction\",\"target\":[\"https:\/\/baritech.com\/es\/salud-farmacia-y-consultorios-medicos\/\"]}]},{\"@type\":\"BreadcrumbList\",\"@id\":\"https:\/\/baritech.com\/es\/salud-farmacia-y-consultorios-medicos\/#breadcrumb\",\"itemListElement\":[{\"@type\":\"ListItem\",\"position\":1,\"name\":\"Home\",\"item\":\"https:\/\/baritech.com\/es\/home-page\/\"},{\"@type\":\"ListItem\",\"position\":2,\"name\":\"Salud, Farmacia y Consultorios M\u00e9dicos\"}]},{\"@type\":\"WebSite\",\"@id\":\"https:\/\/baritech.com\/es\/#website\",\"url\":\"https:\/\/baritech.com\/es\/\",\"name\":\"Baritech\",\"description\":\"We Manage Your IT, so You Can Manage Your Business\",\"publisher\":{\"@id\":\"https:\/\/baritech.com\/es\/#organization\"},\"potentialAction\":[{\"@type\":\"SearchAction\",\"target\":{\"@type\":\"EntryPoint\",\"urlTemplate\":\"https:\/\/baritech.com\/es\/?s={search_term_string}\"},\"query-input\":{\"@type\":\"PropertyValueSpecification\",\"valueRequired\":true,\"valueName\":\"search_term_string\"}}],\"inLanguage\":\"es\"},{\"@type\":\"Organization\",\"@id\":\"https:\/\/baritech.com\/es\/#organization\",\"name\":\"Baritech\",\"url\":\"https:\/\/baritech.com\/es\/\",\"logo\":{\"@type\":\"ImageObject\",\"inLanguage\":\"es\",\"@id\":\"https:\/\/baritech.com\/es\/#\/schema\/logo\/image\/\",\"url\":\"https:\/\/baritech.com\/wp-content\/uploads\/2025\/03\/BaritechLogo-300x59-1.png\",\"contentUrl\":\"https:\/\/baritech.com\/wp-content\/uploads\/2025\/03\/BaritechLogo-300x59-1.png\",\"width\":300,\"height\":59,\"caption\":\"Baritech\"},\"image\":{\"@id\":\"https:\/\/baritech.com\/es\/#\/schema\/logo\/image\/\"},\"sameAs\":[\"https:\/\/www.facebook.com\/baritech.la\/\",\"https:\/\/x.com\/baritechinfo\",\"https:\/\/www.linkedin.com\/company\/baritechmsp\",\"https:\/\/www.youtube.com\/@BaritechMSP\"]}]}<\/script>\n<!-- \/ Yoast SEO plugin. -->","yoast_head_json":{"title":"Salud, Farmacia y Consultorios M\u00e9dicos - Baritech","robots":{"index":"index","follow":"follow","max-snippet":"max-snippet:-1","max-image-preview":"max-image-preview:large","max-video-preview":"max-video-preview:-1"},"canonical":"https:\/\/baritech.com\/es\/salud-farmacia-y-consultorios-medicos\/","og_locale":"es_ES","og_type":"article","og_title":"Salud, Farmacia y Consultorios M\u00e9dicos - Baritech","og_description":"Salud, Farmacia y Consultorios M\u00e9dicosSOLICITE UNA CONSULTA GRATUITA Soluciones de Tecnolog\u00eda y Telecomunicaciones para proveedores de Atenci\u00f3n M\u00e9dica Porque sus pacientes merecen algo mejor que el tiempo de inoperatividad En el entorno de atenci\u00f3n m\u00e9dica actual, la tecnolog\u00eda ya no es opcional: es fundamental para brindar un servicio r\u00e1pido, seguro y conforme a las normativas.Nos [&hellip;]","og_url":"https:\/\/baritech.com\/es\/salud-farmacia-y-consultorios-medicos\/","og_site_name":"Baritech","article_publisher":"https:\/\/www.facebook.com\/baritech.la\/","article_modified_time":"2025-10-28T01:18:21+00:00","twitter_card":"summary_large_image","twitter_site":"@baritechinfo","twitter_misc":{"Tiempo de lectura":"3 minutos"},"schema":{"@context":"https:\/\/schema.org","@graph":[{"@type":"WebPage","@id":"https:\/\/baritech.com\/es\/salud-farmacia-y-consultorios-medicos\/","url":"https:\/\/baritech.com\/es\/salud-farmacia-y-consultorios-medicos\/","name":"Salud, Farmacia y Consultorios M\u00e9dicos - Baritech","isPartOf":{"@id":"https:\/\/baritech.com\/es\/#website"},"datePublished":"2025-04-10T17:29:52+00:00","dateModified":"2025-10-28T01:18:21+00:00","breadcrumb":{"@id":"https:\/\/baritech.com\/es\/salud-farmacia-y-consultorios-medicos\/#breadcrumb"},"inLanguage":"es","potentialAction":[{"@type":"ReadAction","target":["https:\/\/baritech.com\/es\/salud-farmacia-y-consultorios-medicos\/"]}]},{"@type":"BreadcrumbList","@id":"https:\/\/baritech.com\/es\/salud-farmacia-y-consultorios-medicos\/#breadcrumb","itemListElement":[{"@type":"ListItem","position":1,"name":"Home","item":"https:\/\/baritech.com\/es\/home-page\/"},{"@type":"ListItem","position":2,"name":"Salud, Farmacia y Consultorios M\u00e9dicos"}]},{"@type":"WebSite","@id":"https:\/\/baritech.com\/es\/#website","url":"https:\/\/baritech.com\/es\/","name":"Baritech","description":"We Manage Your IT, so You Can Manage Your Business","publisher":{"@id":"https:\/\/baritech.com\/es\/#organization"},"potentialAction":[{"@type":"SearchAction","target":{"@type":"EntryPoint","urlTemplate":"https:\/\/baritech.com\/es\/?s={search_term_string}"},"query-input":{"@type":"PropertyValueSpecification","valueRequired":true,"valueName":"search_term_string"}}],"inLanguage":"es"},{"@type":"Organization","@id":"https:\/\/baritech.com\/es\/#organization","name":"Baritech","url":"https:\/\/baritech.com\/es\/","logo":{"@type":"ImageObject","inLanguage":"es","@id":"https:\/\/baritech.com\/es\/#\/schema\/logo\/image\/","url":"https:\/\/baritech.com\/wp-content\/uploads\/2025\/03\/BaritechLogo-300x59-1.png","contentUrl":"https:\/\/baritech.com\/wp-content\/uploads\/2025\/03\/BaritechLogo-300x59-1.png","width":300,"height":59,"caption":"Baritech"},"image":{"@id":"https:\/\/baritech.com\/es\/#\/schema\/logo\/image\/"},"sameAs":["https:\/\/www.facebook.com\/baritech.la\/","https:\/\/x.com\/baritechinfo","https:\/\/www.linkedin.com\/company\/baritechmsp","https:\/\/www.youtube.com\/@BaritechMSP"]}]}},"_links":{"self":[{"href":"https:\/\/baritech.com\/es\/wp-json\/wp\/v2\/pages\/6318","targetHints":{"allow":["GET"]}}],"collection":[{"href":"https:\/\/baritech.com\/es\/wp-json\/wp\/v2\/pages"}],"about":[{"href":"https:\/\/baritech.com\/es\/wp-json\/wp\/v2\/types\/page"}],"author":[{"embeddable":true,"href":"https:\/\/baritech.com\/es\/wp-json\/wp\/v2\/users\/1"}],"replies":[{"embeddable":true,"href":"https:\/\/baritech.com\/es\/wp-json\/wp\/v2\/comments?post=6318"}],"version-history":[{"count":6,"href":"https:\/\/baritech.com\/es\/wp-json\/wp\/v2\/pages\/6318\/revisions"}],"predecessor-version":[{"id":6988,"href":"https:\/\/baritech.com\/es\/wp-json\/wp\/v2\/pages\/6318\/revisions\/6988"}],"wp:attachment":[{"href":"https:\/\/baritech.com\/es\/wp-json\/wp\/v2\/media?parent=6318"}],"curies":[{"name":"wp","href":"https:\/\/api.w.org\/{rel}","templated":true}]}}