{"id":5750,"date":"2025-08-10T19:40:19","date_gmt":"2025-08-10T19:40:19","guid":{"rendered":"https:\/\/baritech.com\/software-como-servicio\/"},"modified":"2025-10-28T00:51:13","modified_gmt":"2025-10-28T00:51:13","slug":"software-como-servicio","status":"publish","type":"page","link":"https:\/\/baritech.com\/es\/software-como-servicio\/","title":{"rendered":"Software como servicio"},"content":{"rendered":"\t\t<div data-elementor-type=\"wp-page\" data-elementor-id=\"5750\" class=\"elementor elementor-5750 elementor-4682\" data-elementor-post-type=\"page\">\n\t\t\t\t<div class=\"elementor-element elementor-element-0f2314a e-flex e-con-boxed e-con e-parent\" data-id=\"0f2314a\" data-element_type=\"container\" data-e-type=\"container\">\n\t\t\t\t\t<div class=\"e-con-inner\">\n\t\t\t\t<div class=\"elementor-element elementor-element-ffa3186 elementor--h-position-right elementor--v-position-bottom elementor-arrows-position-inside elementor-pagination-position-inside elementor-widget elementor-widget-slides\" data-id=\"ffa3186\" data-element_type=\"widget\" data-e-type=\"widget\" data-settings=\"{&quot;navigation&quot;:&quot;both&quot;,&quot;autoplay&quot;:&quot;yes&quot;,&quot;pause_on_hover&quot;:&quot;yes&quot;,&quot;pause_on_interaction&quot;:&quot;yes&quot;,&quot;autoplay_speed&quot;:5000,&quot;infinite&quot;:&quot;yes&quot;,&quot;transition&quot;:&quot;slide&quot;,&quot;transition_speed&quot;:500}\" data-widget_type=\"slides.default\">\n\t\t\t\t<div class=\"elementor-widget-container\">\n\t\t\t\t\t\t\t\t\t<div class=\"elementor-swiper\">\n\t\t\t\t\t<div class=\"elementor-slides-wrapper elementor-main-swiper swiper\" role=\"region\" aria-roledescription=\"carousel\" aria-label=\"Slides\" dir=\"ltr\" data-animation=\"fadeInUp\">\n\t\t\t\t<div class=\"swiper-wrapper elementor-slides\">\n\t\t\t\t\t\t\t\t\t\t<div class=\"elementor-repeater-item-7619284 swiper-slide\" role=\"group\" aria-roledescription=\"slide\"><div class=\"swiper-slide-bg elementor-ken-burns elementor-ken-burns--in\" role=\"img\" aria-label=\"Software como servicio servicios en la nube soluciones de IT\"><\/div><div class=\"elementor-background-overlay\"><\/div><a class=\"swiper-slide-inner\" href=\"#elementor-action%3Aaction%3Dpopup%3Aopen%26settings%3DeyJpZCI6IjY4MDciLCJ0b2dnbGUiOmZhbHNlfQ%3D%3D\"><div class=\"swiper-slide-contents\"><div class=\"elementor-slide-heading\">Software como servicio (SaaS)<\/div><div  class=\"elementor-button elementor-slide-button elementor-size-sm\">PROGRAMAR UNA CONSULTA GRATUITA<\/div><\/div><\/a><\/div>\t\t\t\t<\/div>\n\t\t\t\t\t\t\t<\/div>\n\t\t\t\t<\/div>\n\t\t\t\t\t\t\t\t<\/div>\n\t\t\t\t<\/div>\n\t\t\t\t\t<\/div>\n\t\t\t\t<\/div>\n\t\t<div class=\"elementor-element elementor-element-fd6770f e-flex e-con-boxed e-con e-parent\" data-id=\"fd6770f\" data-element_type=\"container\" data-e-type=\"container\">\n\t\t\t\t\t<div class=\"e-con-inner\">\n\t\t\t\t<div class=\"elementor-element elementor-element-3a4bb49 elementor-widget elementor-widget-heading\" data-id=\"3a4bb49\" data-element_type=\"widget\" data-e-type=\"widget\" data-widget_type=\"heading.default\">\n\t\t\t\t<div class=\"elementor-widget-container\">\n\t\t\t\t\t<h2 class=\"elementor-heading-title elementor-size-default\">Software como servicio (SaaS) <br> <br>Acceda a las herramientas que necesita, en cualquier momento y en cualquier lugar<\/h2>\t\t\t\t<\/div>\n\t\t\t\t<\/div>\n\t\t\t\t<div class=\"elementor-element elementor-element-cfb90a2 elementor-widget elementor-widget-text-editor\" data-id=\"cfb90a2\" data-element_type=\"widget\" data-e-type=\"widget\" data-widget_type=\"text-editor.default\">\n\t\t\t\t<div class=\"elementor-widget-container\">\n\t\t\t\t\t\t\t\t\t<p data-start=\"190\" data-end=\"634\">Diga adi\u00f3s a las instalaciones complejas, las actualizaciones costosas y los quebraderos de cabeza por la compatibilidad del software. Con el <g id=\"gid_0\">Software como servicio (SaaS)<\/g> de Baritech, su empresa obtiene acceso instant\u00e1neo a aplicaciones potentes, seguras y actualizadas, todo ello a trav\u00e9s de la nube. Tanto si gestiona el correo electr\u00f3nico, colabora en documentos, ejecuta an\u00e1lisis u opera software especializado del sector, le proporcionamos soluciones escalables que crecen con su negocio.  <\/p><p data-start=\"636\" data-end=\"891\">SaaS permite a su equipo trabajar desde cualquier lugar, en cualquier dispositivo, con la misma experiencia perfecta. Nuestros expertos se encargan de la implementaci\u00f3n, la configuraci\u00f3n, la administraci\u00f3n de usuarios, la seguridad y las actualizaciones continuas, para que pueda concentrarse en la gesti\u00f3n de su negocio, no en su software. <\/p>\t\t\t\t\t\t\t\t<\/div>\n\t\t\t\t<\/div>\n\t\t\t\t\t<\/div>\n\t\t\t\t<\/div>\n\t\t<div class=\"elementor-element elementor-element-ba356cc e-flex e-con-boxed e-con e-parent\" data-id=\"ba356cc\" data-element_type=\"container\" data-e-type=\"container\" data-settings=\"{&quot;background_background&quot;:&quot;gradient&quot;}\">\n\t\t\t\t\t<div class=\"e-con-inner\">\n\t\t\t\t<div class=\"elementor-element elementor-element-feed1d6 elementor-widget elementor-widget-heading\" data-id=\"feed1d6\" data-element_type=\"widget\" data-e-type=\"widget\" data-widget_type=\"heading.default\">\n\t\t\t\t<div class=\"elementor-widget-container\">\n\t\t\t\t\t<h2 class=\"elementor-heading-title elementor-size-default\">\u00bfPor qu\u00e9 elegir SaaS de BARITECH?<\/h2>\t\t\t\t<\/div>\n\t\t\t\t<\/div>\n\t\t<div class=\"elementor-element elementor-element-ed6a9dd e-grid e-con-full e-con e-child\" data-id=\"ed6a9dd\" data-element_type=\"container\" data-e-type=\"container\">\n\t\t\t\t<div class=\"elementor-element elementor-element-d0e9d70 elementor-widget elementor-widget-text-editor\" data-id=\"d0e9d70\" data-element_type=\"widget\" data-e-type=\"widget\" data-widget_type=\"text-editor.default\">\n\t\t\t\t<div class=\"elementor-widget-container\">\n\t\t\t\t\t\t\t\t\t<p data-start=\"939\" data-end=\"1556\">\ud83d\udd37 <strong data-start=\"942\" data-end=\"961\">Eficiencia de costes<\/strong>: pague solo por lo que usa con precios mensuales predecibles.<\/p><p data-start=\"939\" data-end=\"1556\">\ud83d\udd37 <strong data-start=\"1029\" data-end=\"1050\">Siempre actualizado<\/strong>: las actualizaciones autom\u00e1ticas le mantienen en las \u00faltimas versiones sin tiempo de inactividad.<\/p><p data-start=\"939\" data-end=\"1556\">\ud83d\udd37 <strong data-start=\"1139\" data-end=\"1172\">Accesibilidad y colaboraci\u00f3n<\/strong>: acceda a las aplicaciones desde cualquier dispositivo y habilite el trabajo en equipo en tiempo real.<\/p><p data-start=\"939\" data-end=\"1556\">\ud83d\udd37 <strong data-start=\"1247\" data-end=\"1268\">Seguridad mejorada<\/strong>: cifrado integrado, autenticaci\u00f3n multifactor y cumplimiento de HIPAA, NIST y GDPR.<\/p><p data-start=\"939\" data-end=\"1556\">\ud83d\udd37 <strong data-start=\"1369\" data-end=\"1392\">Escalable y flexible<\/strong>: agregue o elimine usuarios y funciones al instante para satisfacer las necesidades empresariales.<\/p><p data-start=\"939\" data-end=\"1556\">\ud83d\udd37 <strong data-start=\"1468\" data-end=\"1491\">Reducci\u00f3n de los gastos generales de TI<\/strong>: sin servidores locales ni requisitos de instalaci\u00f3n complejos.<\/p>\t\t\t\t\t\t\t\t<\/div>\n\t\t\t\t<\/div>\n\t\t\t\t<\/div>\n\t\t\t\t\t<\/div>\n\t\t\t\t<\/div>\n\t\t<div class=\"elementor-element elementor-element-6f7aba7 e-flex e-con-boxed e-con e-parent\" data-id=\"6f7aba7\" data-element_type=\"container\" data-e-type=\"container\">\n\t\t\t\t\t<div class=\"e-con-inner\">\n\t\t\t\t<div class=\"elementor-element elementor-element-843c1cd elementor-widget elementor-widget-heading\" data-id=\"843c1cd\" data-element_type=\"widget\" data-e-type=\"widget\" data-widget_type=\"heading.default\">\n\t\t\t\t<div class=\"elementor-widget-container\">\n\t\t\t\t\t<h2 class=\"elementor-heading-title elementor-size-default\">Soluciones SaaS populares que ofrecemos<\/h2>\t\t\t\t<\/div>\n\t\t\t\t<\/div>\n\t\t<div class=\"elementor-element elementor-element-668e9d1 e-grid e-con-full e-con e-child\" data-id=\"668e9d1\" data-element_type=\"container\" data-e-type=\"container\">\n\t\t\t\t<div class=\"elementor-element elementor-element-785d87d elementor-widget elementor-widget-image\" data-id=\"785d87d\" data-element_type=\"widget\" data-e-type=\"widget\" data-widget_type=\"image.default\">\n\t\t\t\t<div class=\"elementor-widget-container\">\n\t\t\t\t\t\t\t\t\t\t\t\t\t\t\t<img fetchpriority=\"high\" decoding=\"async\" width=\"800\" height=\"556\" src=\"https:\/\/baritech.com\/wp-content\/uploads\/2025\/08\/Software-as-a-Service-Cloud-Services-IT-Solutions-Disaster-Recovery-Telecom-Services.jpg\" class=\"attachment-large size-large wp-image-5755\" alt=\"\" srcset=\"https:\/\/baritech.com\/wp-content\/uploads\/2025\/08\/Software-as-a-Service-Cloud-Services-IT-Solutions-Disaster-Recovery-Telecom-Services.jpg 922w, https:\/\/baritech.com\/wp-content\/uploads\/2025\/08\/Software-as-a-Service-Cloud-Services-IT-Solutions-Disaster-Recovery-Telecom-Services-300x209.jpg 300w, https:\/\/baritech.com\/wp-content\/uploads\/2025\/08\/Software-as-a-Service-Cloud-Services-IT-Solutions-Disaster-Recovery-Telecom-Services-768x534.jpg 768w\" sizes=\"(max-width: 800px) 100vw, 800px\" \/>\t\t\t\t\t\t\t\t\t\t\t\t\t\t\t<\/div>\n\t\t\t\t<\/div>\n\t\t\t\t<div class=\"elementor-element elementor-element-844663c elementor-widget elementor-widget-text-editor\" data-id=\"844663c\" data-element_type=\"widget\" data-e-type=\"widget\" data-widget_type=\"text-editor.default\">\n\t\t\t\t<div class=\"elementor-widget-container\">\n\t\t\t\t\t\t\t\t\t<p data-start=\"1609\" data-end=\"1705\"><strong data-start=\"1609\" data-end=\"1645\">\ud83d\udd37 Microsoft 365 y Google Workspace<\/strong>: correo electr\u00f3nico, calendarios, uso compartido de archivos y herramientas de productividad.<\/p><p data-start=\"1708\" data-end=\"1789\"><strong data-start=\"1708\" data-end=\"1742\">\ud83d\udd37 Aplicaciones espec\u00edficas de la industria<\/strong>: desde software de contabilidad hasta plataformas CRM.<\/p><p data-start=\"1792\" data-end=\"1884\"><strong data-start=\"1792\" data-end=\"1815\">\ud83d\udd37 Herramientas de colaboraci\u00f3n<\/strong>: videoconferencias, plataformas de chat y aplicaciones de gesti\u00f3n de proyectos.<\/p><p data-start=\"1887\" data-end=\"1963\"><strong data-start=\"1887\" data-end=\"1918\">\ud83d\udd37 Herramientas de an\u00e1lisis e informes<\/strong>: convierta sus datos en informaci\u00f3n pr\u00e1ctica.<\/p>\t\t\t\t\t\t\t\t<\/div>\n\t\t\t\t<\/div>\n\t\t\t\t<\/div>\n\t\t\t\t\t<\/div>\n\t\t\t\t<\/div>\n\t\t<div class=\"elementor-element elementor-element-11fb824 e-flex e-con-boxed e-con e-parent\" data-id=\"11fb824\" data-element_type=\"container\" data-e-type=\"container\" data-settings=\"{&quot;background_background&quot;:&quot;gradient&quot;}\">\n\t\t\t\t\t<div class=\"e-con-inner\">\n\t\t\t\t<div class=\"elementor-element elementor-element-8d65b0c elementor-widget elementor-widget-heading\" data-id=\"8d65b0c\" data-element_type=\"widget\" data-e-type=\"widget\" data-widget_type=\"heading.default\">\n\t\t\t\t<div class=\"elementor-widget-container\">\n\t\t\t\t\t<h2 class=\"elementor-heading-title elementor-size-default\">Trabaje de forma m\u00e1s inteligente con las soluciones SaaS de BARITECH<\/h2>\t\t\t\t<\/div>\n\t\t\t\t<\/div>\n\t\t\t\t<div class=\"elementor-element elementor-element-d7e6f42 elementor-widget elementor-widget-text-editor\" data-id=\"d7e6f42\" data-element_type=\"widget\" data-e-type=\"widget\" data-widget_type=\"text-editor.default\">\n\t\t\t\t<div class=\"elementor-widget-container\">\n\t\t\t\t\t\t\t\t\t<p data-start=\"1970\" data-end=\"2186\">Con las ofertas de SaaS de Baritech, obtendr\u00e1 la flexibilidad, la fiabilidad y el rendimiento que su empresa necesita, sin los quebraderos de cabeza de la gesti\u00f3n tradicional del software.<\/p><p data-start=\"2188\" data-end=\"2353\"><strong data-start=\"2191\" data-end=\"2351\">P\u00f3ngase en contacto con nosotros<\/strong> para explorar toda nuestra cartera de servicios en la nube y vea c\u00f3mo nuestro SaaS puede ayudarle a optimizar las operaciones y aumentar la productividad.<\/p>\t\t\t\t\t\t\t\t<\/div>\n\t\t\t\t<\/div>\n\t\t\t\t\t<\/div>\n\t\t\t\t<\/div>\n\t\t<div class=\"elementor-element elementor-element-5586308 e-flex e-con-boxed e-con e-parent\" data-id=\"5586308\" data-element_type=\"container\" data-e-type=\"container\">\n\t\t\t\t\t<div class=\"e-con-inner\">\n\t\t\t\t<div class=\"elementor-element elementor-element-0526d5c elementor-align-center elementor-widget elementor-widget-button\" data-id=\"0526d5c\" data-element_type=\"widget\" data-e-type=\"widget\" data-widget_type=\"button.default\">\n\t\t\t\t<div class=\"elementor-widget-container\">\n\t\t\t\t\t\t\t\t\t<div class=\"elementor-button-wrapper\">\n\t\t\t\t\t<a class=\"elementor-button elementor-button-link elementor-size-sm\" href=\"#elementor-action%3Aaction%3Dpopup%3Aopen%26settings%3DeyJpZCI6NjgwNywidG9nZ2xlIjpmYWxzZX0%3D\">\n\t\t\t\t\t\t<span class=\"elementor-button-content-wrapper\">\n\t\t\t\t\t\t\t\t\t<span class=\"elementor-button-text\">SOLICITE UNA CONSULTA GRATUITA<\/span>\n\t\t\t\t\t<\/span>\n\t\t\t\t\t<\/a>\n\t\t\t\t<\/div>\n\t\t\t\t\t\t\t\t<\/div>\n\t\t\t\t<\/div>\n\t\t\t\t<div class=\"elementor-element elementor-element-19468ed elementor-widget elementor-widget-spacer\" data-id=\"19468ed\" data-element_type=\"widget\" data-e-type=\"widget\" data-widget_type=\"spacer.default\">\n\t\t\t\t<div class=\"elementor-widget-container\">\n\t\t\t\t\t\t\t<div class=\"elementor-spacer\">\n\t\t\t<div class=\"elementor-spacer-inner\"><\/div>\n\t\t<\/div>\n\t\t\t\t\t\t<\/div>\n\t\t\t\t<\/div>\n\t\t\t\t\t<\/div>\n\t\t\t\t<\/div>\n\t\t\t\t<\/div>\n\t\t","protected":false},"excerpt":{"rendered":"<p>Software como servicio (SaaS)PROGRAMAR UNA CONSULTA GRATUITA Software como servicio (SaaS) Acceda a las herramientas que necesita, en cualquier momento y en cualquier lugar Diga adi\u00f3s a las instalaciones complejas, las actualizaciones costosas y los quebraderos de cabeza por la compatibilidad del software. Con el Software como servicio (SaaS) de Baritech, su empresa obtiene acceso [&hellip;]<\/p>\n","protected":false},"author":1,"featured_media":0,"parent":0,"menu_order":0,"comment_status":"closed","ping_status":"closed","template":"","meta":{"footnotes":""},"class_list":["post-5750","page","type-page","status-publish","hentry"],"yoast_head":"<!-- This site is optimized with the Yoast SEO plugin v27.0 - https:\/\/yoast.com\/product\/yoast-seo-wordpress\/ -->\n<title>Software como servicio - Baritech<\/title>\n<meta name=\"robots\" content=\"index, follow, max-snippet:-1, max-image-preview:large, max-video-preview:-1\" \/>\n<link rel=\"canonical\" href=\"https:\/\/baritech.com\/es\/software-como-servicio\/\" \/>\n<meta property=\"og:locale\" content=\"es_ES\" \/>\n<meta property=\"og:type\" content=\"article\" \/>\n<meta property=\"og:title\" content=\"Software como servicio - Baritech\" \/>\n<meta property=\"og:description\" content=\"Software como servicio (SaaS)PROGRAMAR UNA CONSULTA GRATUITA Software como servicio (SaaS) Acceda a las herramientas que necesita, en cualquier momento y en cualquier lugar Diga adi\u00f3s a las instalaciones complejas, las actualizaciones costosas y los quebraderos de cabeza por la compatibilidad del software. Con el Software como servicio (SaaS) de Baritech, su empresa obtiene acceso [&hellip;]\" \/>\n<meta property=\"og:url\" content=\"https:\/\/baritech.com\/es\/software-como-servicio\/\" \/>\n<meta property=\"og:site_name\" content=\"Baritech\" \/>\n<meta property=\"article:publisher\" content=\"https:\/\/www.facebook.com\/baritech.la\/\" \/>\n<meta property=\"article:modified_time\" content=\"2025-10-28T00:51:13+00:00\" \/>\n<meta property=\"og:image\" content=\"https:\/\/baritech.com\/wp-content\/uploads\/2025\/08\/Software-as-a-Service-Cloud-Services-IT-Solutions-Disaster-Recovery-Telecom-Services.jpg\" \/>\n\t<meta property=\"og:image:width\" content=\"922\" \/>\n\t<meta property=\"og:image:height\" content=\"641\" \/>\n\t<meta property=\"og:image:type\" content=\"image\/jpeg\" \/>\n<meta name=\"twitter:card\" content=\"summary_large_image\" \/>\n<meta name=\"twitter:site\" content=\"@baritechinfo\" \/>\n<meta name=\"twitter:label1\" content=\"Tiempo de lectura\" \/>\n\t<meta name=\"twitter:data1\" content=\"2 minutos\" \/>\n<script type=\"application\/ld+json\" class=\"yoast-schema-graph\">{\"@context\":\"https:\/\/schema.org\",\"@graph\":[{\"@type\":\"WebPage\",\"@id\":\"https:\/\/baritech.com\/es\/software-como-servicio\/\",\"url\":\"https:\/\/baritech.com\/es\/software-como-servicio\/\",\"name\":\"Software como servicio - Baritech\",\"isPartOf\":{\"@id\":\"https:\/\/baritech.com\/es\/#website\"},\"primaryImageOfPage\":{\"@id\":\"https:\/\/baritech.com\/es\/software-como-servicio\/#primaryimage\"},\"image\":{\"@id\":\"https:\/\/baritech.com\/es\/software-como-servicio\/#primaryimage\"},\"thumbnailUrl\":\"https:\/\/baritech.com\/wp-content\/uploads\/2025\/08\/Software-as-a-Service-Cloud-Services-IT-Solutions-Disaster-Recovery-Telecom-Services.jpg\",\"datePublished\":\"2025-08-10T19:40:19+00:00\",\"dateModified\":\"2025-10-28T00:51:13+00:00\",\"breadcrumb\":{\"@id\":\"https:\/\/baritech.com\/es\/software-como-servicio\/#breadcrumb\"},\"inLanguage\":\"es\",\"potentialAction\":[{\"@type\":\"ReadAction\",\"target\":[\"https:\/\/baritech.com\/es\/software-como-servicio\/\"]}]},{\"@type\":\"ImageObject\",\"inLanguage\":\"es\",\"@id\":\"https:\/\/baritech.com\/es\/software-como-servicio\/#primaryimage\",\"url\":\"https:\/\/baritech.com\/wp-content\/uploads\/2025\/08\/Software-as-a-Service-Cloud-Services-IT-Solutions-Disaster-Recovery-Telecom-Services.jpg\",\"contentUrl\":\"https:\/\/baritech.com\/wp-content\/uploads\/2025\/08\/Software-as-a-Service-Cloud-Services-IT-Solutions-Disaster-Recovery-Telecom-Services.jpg\"},{\"@type\":\"BreadcrumbList\",\"@id\":\"https:\/\/baritech.com\/es\/software-como-servicio\/#breadcrumb\",\"itemListElement\":[{\"@type\":\"ListItem\",\"position\":1,\"name\":\"Home\",\"item\":\"https:\/\/baritech.com\/es\/home-page\/\"},{\"@type\":\"ListItem\",\"position\":2,\"name\":\"Software como servicio\"}]},{\"@type\":\"WebSite\",\"@id\":\"https:\/\/baritech.com\/es\/#website\",\"url\":\"https:\/\/baritech.com\/es\/\",\"name\":\"Baritech\",\"description\":\"We Manage Your IT, so You Can Manage Your Business\",\"publisher\":{\"@id\":\"https:\/\/baritech.com\/es\/#organization\"},\"potentialAction\":[{\"@type\":\"SearchAction\",\"target\":{\"@type\":\"EntryPoint\",\"urlTemplate\":\"https:\/\/baritech.com\/es\/?s={search_term_string}\"},\"query-input\":{\"@type\":\"PropertyValueSpecification\",\"valueRequired\":true,\"valueName\":\"search_term_string\"}}],\"inLanguage\":\"es\"},{\"@type\":\"Organization\",\"@id\":\"https:\/\/baritech.com\/es\/#organization\",\"name\":\"Baritech\",\"url\":\"https:\/\/baritech.com\/es\/\",\"logo\":{\"@type\":\"ImageObject\",\"inLanguage\":\"es\",\"@id\":\"https:\/\/baritech.com\/es\/#\/schema\/logo\/image\/\",\"url\":\"https:\/\/baritech.com\/wp-content\/uploads\/2025\/03\/BaritechLogo-300x59-1.png\",\"contentUrl\":\"https:\/\/baritech.com\/wp-content\/uploads\/2025\/03\/BaritechLogo-300x59-1.png\",\"width\":300,\"height\":59,\"caption\":\"Baritech\"},\"image\":{\"@id\":\"https:\/\/baritech.com\/es\/#\/schema\/logo\/image\/\"},\"sameAs\":[\"https:\/\/www.facebook.com\/baritech.la\/\",\"https:\/\/x.com\/baritechinfo\",\"https:\/\/www.linkedin.com\/company\/baritechmsp\",\"https:\/\/www.youtube.com\/@BaritechMSP\"]}]}<\/script>\n<!-- \/ Yoast SEO plugin. -->","yoast_head_json":{"title":"Software como servicio - Baritech","robots":{"index":"index","follow":"follow","max-snippet":"max-snippet:-1","max-image-preview":"max-image-preview:large","max-video-preview":"max-video-preview:-1"},"canonical":"https:\/\/baritech.com\/es\/software-como-servicio\/","og_locale":"es_ES","og_type":"article","og_title":"Software como servicio - Baritech","og_description":"Software como servicio (SaaS)PROGRAMAR UNA CONSULTA GRATUITA Software como servicio (SaaS) Acceda a las herramientas que necesita, en cualquier momento y en cualquier lugar Diga adi\u00f3s a las instalaciones complejas, las actualizaciones costosas y los quebraderos de cabeza por la compatibilidad del software. Con el Software como servicio (SaaS) de Baritech, su empresa obtiene acceso [&hellip;]","og_url":"https:\/\/baritech.com\/es\/software-como-servicio\/","og_site_name":"Baritech","article_publisher":"https:\/\/www.facebook.com\/baritech.la\/","article_modified_time":"2025-10-28T00:51:13+00:00","og_image":[{"width":922,"height":641,"url":"https:\/\/baritech.com\/wp-content\/uploads\/2025\/08\/Software-as-a-Service-Cloud-Services-IT-Solutions-Disaster-Recovery-Telecom-Services.jpg","type":"image\/jpeg"}],"twitter_card":"summary_large_image","twitter_site":"@baritechinfo","twitter_misc":{"Tiempo de lectura":"2 minutos"},"schema":{"@context":"https:\/\/schema.org","@graph":[{"@type":"WebPage","@id":"https:\/\/baritech.com\/es\/software-como-servicio\/","url":"https:\/\/baritech.com\/es\/software-como-servicio\/","name":"Software como servicio - Baritech","isPartOf":{"@id":"https:\/\/baritech.com\/es\/#website"},"primaryImageOfPage":{"@id":"https:\/\/baritech.com\/es\/software-como-servicio\/#primaryimage"},"image":{"@id":"https:\/\/baritech.com\/es\/software-como-servicio\/#primaryimage"},"thumbnailUrl":"https:\/\/baritech.com\/wp-content\/uploads\/2025\/08\/Software-as-a-Service-Cloud-Services-IT-Solutions-Disaster-Recovery-Telecom-Services.jpg","datePublished":"2025-08-10T19:40:19+00:00","dateModified":"2025-10-28T00:51:13+00:00","breadcrumb":{"@id":"https:\/\/baritech.com\/es\/software-como-servicio\/#breadcrumb"},"inLanguage":"es","potentialAction":[{"@type":"ReadAction","target":["https:\/\/baritech.com\/es\/software-como-servicio\/"]}]},{"@type":"ImageObject","inLanguage":"es","@id":"https:\/\/baritech.com\/es\/software-como-servicio\/#primaryimage","url":"https:\/\/baritech.com\/wp-content\/uploads\/2025\/08\/Software-as-a-Service-Cloud-Services-IT-Solutions-Disaster-Recovery-Telecom-Services.jpg","contentUrl":"https:\/\/baritech.com\/wp-content\/uploads\/2025\/08\/Software-as-a-Service-Cloud-Services-IT-Solutions-Disaster-Recovery-Telecom-Services.jpg"},{"@type":"BreadcrumbList","@id":"https:\/\/baritech.com\/es\/software-como-servicio\/#breadcrumb","itemListElement":[{"@type":"ListItem","position":1,"name":"Home","item":"https:\/\/baritech.com\/es\/home-page\/"},{"@type":"ListItem","position":2,"name":"Software como servicio"}]},{"@type":"WebSite","@id":"https:\/\/baritech.com\/es\/#website","url":"https:\/\/baritech.com\/es\/","name":"Baritech","description":"We Manage Your IT, so You Can Manage Your Business","publisher":{"@id":"https:\/\/baritech.com\/es\/#organization"},"potentialAction":[{"@type":"SearchAction","target":{"@type":"EntryPoint","urlTemplate":"https:\/\/baritech.com\/es\/?s={search_term_string}"},"query-input":{"@type":"PropertyValueSpecification","valueRequired":true,"valueName":"search_term_string"}}],"inLanguage":"es"},{"@type":"Organization","@id":"https:\/\/baritech.com\/es\/#organization","name":"Baritech","url":"https:\/\/baritech.com\/es\/","logo":{"@type":"ImageObject","inLanguage":"es","@id":"https:\/\/baritech.com\/es\/#\/schema\/logo\/image\/","url":"https:\/\/baritech.com\/wp-content\/uploads\/2025\/03\/BaritechLogo-300x59-1.png","contentUrl":"https:\/\/baritech.com\/wp-content\/uploads\/2025\/03\/BaritechLogo-300x59-1.png","width":300,"height":59,"caption":"Baritech"},"image":{"@id":"https:\/\/baritech.com\/es\/#\/schema\/logo\/image\/"},"sameAs":["https:\/\/www.facebook.com\/baritech.la\/","https:\/\/x.com\/baritechinfo","https:\/\/www.linkedin.com\/company\/baritechmsp","https:\/\/www.youtube.com\/@BaritechMSP"]}]}},"_links":{"self":[{"href":"https:\/\/baritech.com\/es\/wp-json\/wp\/v2\/pages\/5750","targetHints":{"allow":["GET"]}}],"collection":[{"href":"https:\/\/baritech.com\/es\/wp-json\/wp\/v2\/pages"}],"about":[{"href":"https:\/\/baritech.com\/es\/wp-json\/wp\/v2\/types\/page"}],"author":[{"embeddable":true,"href":"https:\/\/baritech.com\/es\/wp-json\/wp\/v2\/users\/1"}],"replies":[{"embeddable":true,"href":"https:\/\/baritech.com\/es\/wp-json\/wp\/v2\/comments?post=5750"}],"version-history":[{"count":14,"href":"https:\/\/baritech.com\/es\/wp-json\/wp\/v2\/pages\/5750\/revisions"}],"predecessor-version":[{"id":6960,"href":"https:\/\/baritech.com\/es\/wp-json\/wp\/v2\/pages\/5750\/revisions\/6960"}],"wp:attachment":[{"href":"https:\/\/baritech.com\/es\/wp-json\/wp\/v2\/media?parent=5750"}],"curies":[{"name":"wp","href":"https:\/\/api.w.org\/{rel}","templated":true}]}}